{"id":1073,"date":"2022-08-16T09:41:22","date_gmt":"2022-08-16T09:41:22","guid":{"rendered":"https:\/\/pure-divine-light.com\/?page_id=1073"},"modified":"2022-09-11T12:31:13","modified_gmt":"2022-09-11T12:31:13","slug":"bedeutung-der-anrufungen","status":"publish","type":"page","link":"https:\/\/pure-divine-light.com\/de\/bedeutung-der-anrufungen\/","title":{"rendered":"Bedeutung der Anrufungen"},"content":{"rendered":"\t\t<div data-elementor-type=\"wp-page\" data-elementor-id=\"1073\" class=\"elementor elementor-1073\">\n\t\t\t\t\t\t<section class=\"elementor-section elementor-top-section elementor-element elementor-element-1fa9822f elementor-section-height-min-height elementor-section-boxed elementor-section-height-default elementor-section-items-middle\" data-id=\"1fa9822f\" data-element_type=\"section\" data-e-type=\"section\" data-settings=\"{&quot;background_background&quot;:&quot;classic&quot;}\">\n\t\t\t\t\t\t\t<div class=\"elementor-background-overlay\"><\/div>\n\t\t\t\t\t\t\t<div class=\"elementor-container elementor-column-gap-wider\">\n\t\t\t\t\t<div class=\"elementor-column elementor-col-100 elementor-top-column elementor-element elementor-element-59ef9dd7\" data-id=\"59ef9dd7\" data-element_type=\"column\" data-e-type=\"column\">\n\t\t\t<div class=\"elementor-widget-wrap elementor-element-populated\">\n\t\t\t\t\t\t<div class=\"elementor-element elementor-element-70ee8a4f elementor-widget elementor-widget-heading\" data-id=\"70ee8a4f\" data-element_type=\"widget\" data-e-type=\"widget\" data-settings=\"{&quot;_animation&quot;:&quot;none&quot;}\" data-widget_type=\"heading.default\">\n\t\t\t\t<div class=\"elementor-widget-container\">\n\t\t\t\t\t<h1 class=\"elementor-heading-title elementor-size-default\">Bedeu&shy;tung der Anrufun&shy;gen<\/h1>\t\t\t\t<\/div>\n\t\t\t\t<\/div>\n\t\t\t\t\t<\/div>\n\t\t<\/div>\n\t\t\t\t\t<\/div>\n\t\t<\/section>\n\t\t\t\t<section class=\"elementor-section elementor-top-section elementor-element elementor-element-5f1ab41 elementor-section-boxed elementor-section-height-default elementor-section-height-default\" data-id=\"5f1ab41\" data-element_type=\"section\" data-e-type=\"section\">\n\t\t\t\t\t\t<div class=\"elementor-container elementor-column-gap-default\">\n\t\t\t\t\t<div class=\"elementor-column elementor-col-100 elementor-top-column elementor-element elementor-element-4fad5f8a\" data-id=\"4fad5f8a\" data-element_type=\"column\" data-e-type=\"column\">\n\t\t\t<div class=\"elementor-widget-wrap elementor-element-populated\">\n\t\t\t\t\t\t<div class=\"elementor-element elementor-element-66266ccd elementor-widget elementor-widget-spacer\" data-id=\"66266ccd\" data-element_type=\"widget\" data-e-type=\"widget\" data-widget_type=\"spacer.default\">\n\t\t\t\t<div class=\"elementor-widget-container\">\n\t\t\t\t\t\t\t<div class=\"elementor-spacer\">\n\t\t\t<div class=\"elementor-spacer-inner\"><\/div>\n\t\t<\/div>\n\t\t\t\t\t\t<\/div>\n\t\t\t\t<\/div>\n\t\t\t\t\t<\/div>\n\t\t<\/div>\n\t\t\t\t\t<\/div>\n\t\t<\/section>\n\t\t\t\t<section class=\"elementor-section elementor-top-section elementor-element elementor-element-e44ba30 elementor-section-boxed elementor-section-height-default elementor-section-height-default\" data-id=\"e44ba30\" data-element_type=\"section\" data-e-type=\"section\">\n\t\t\t\t\t\t<div class=\"elementor-container elementor-column-gap-default\">\n\t\t\t\t\t<div class=\"elementor-column elementor-col-100 elementor-top-column elementor-element elementor-element-01571ae\" data-id=\"01571ae\" data-element_type=\"column\" data-e-type=\"column\">\n\t\t\t<div class=\"elementor-widget-wrap elementor-element-populated\">\n\t\t\t\t\t\t<div class=\"elementor-element elementor-element-0c71b39 elementor-widget elementor-widget-heading\" data-id=\"0c71b39\" data-element_type=\"widget\" data-e-type=\"widget\" data-widget_type=\"heading.default\">\n\t\t\t\t<div class=\"elementor-widget-container\">\n\t\t\t\t\t<h2 class=\"elementor-heading-title elementor-size-default\">Gebete, Affirmationen, Anrufungen (Dekrete)  und Verf\u00fcgungen<\/h2>\t\t\t\t<\/div>\n\t\t\t\t<\/div>\n\t\t\t\t<div class=\"elementor-element elementor-element-610801f elementor-widget elementor-widget-text-editor\" data-id=\"610801f\" data-element_type=\"widget\" data-e-type=\"widget\" data-widget_type=\"text-editor.default\">\n\t\t\t\t<div class=\"elementor-widget-container\">\n\t\t\t\t\t\t\t\t\t<p><strong>Die Verwendung von Gebeten, Affirmationen, Anrufungen und Verf\u00fcgungen erh\u00f6ht unsere Schwingung wirkungsvoll und beschleunigt unsere Transformation.<\/strong> Es sind effektive Wege und Methoden, um die Energien der Liebe und des Lichtes in unseren K\u00f6rpern und in jedem Aspekt unseres Wesens anzureichern.<\/p><p>Wir sollten es zur t\u00e4glichen Gewohnheit machen, st\u00e4ndig mit GOTT zu sprechen und das Licht seiner Allgegenwart anzurufen, weil wir dadurch dauerhaft mit der Geistigen Welt und mit unserer geistigen <strong>Lichtquelle<\/strong> und <strong>Lichtfamilie<\/strong> angebunden sind.<\/p><p>Unser Bewusstsein ist normalerweise nicht auf die Vereinigung mit dem G\u00f6ttlichen ausgerichtet, weil wir in der Regel nur auf die Verstandes- und Sinnenwelt konditioniert sind. Jesus von Nazareth und viele andere Menschheitslehrer haben uns jedoch gelehrt, dass <strong>das Wesentliche<\/strong> nicht im Au\u00dfen, sondern im Inneren der Menschenseele zu finden ist. Das Himmelreich oder Reich Gottes ist <strong>in jedem Menschenherzen nur inwendig zu finden<\/strong>. Es ist der \u201eSchatz im Acker der Seele\u201c, wie Jesus es in seinen Gleichnissen genannt hat.<\/p><p>Das Ziel des geistigen Weges ist es, vom Unbewusstsein zum CHRISTUS-BEWUSSTSEIN zu gelangen; aus der Finsternis in das strahlende LICHT GOTTES, das unsterblich, unausl\u00f6schlich und ewig ist.<\/p><p>Mit Hilfe dieser geistigen \u201eWerkzeuge\u201c und der beharrlichen vertrauensvollen Anwendung der Gebete und Anrufungen k\u00f6nnen wir Schritt f\u00fcr Schritt unser Bewusstsein ausweiten in immer \u201eh\u00f6here geistige Dimensionen\u201c.<\/p><p><strong>Wichtig ist, dass wir Wort f\u00fcr Wort nicht nur mit dem Mund aussprechen, sondern vor allem und in erster Linie mit dem Herz f\u00fchlen und fest auf die Wirkung vertrauen! Denn so hei\u00dft das Kosmische Gesetz:<\/strong><\/p><p><span style=\"color: #4e00a8;\">Jedem geschieht gem\u00e4\u00df seinem Glauben und Vertrauen!<\/span><\/p><p>Die Geistigen Lehrer der Menschheit betonen immer wieder, wie wichtig solche Anrufungen und Dekrete, die jeder selbst mit seinem Geist formulieren kann, sind! Sie wirken sich unmittelbar auf das eigene Bewusstsein und auch die ganze Welt aus!<\/p><p>Der Planet Erde ist ein Planet des Freien Willens. <strong>Gem\u00e4\u00df diesem Gesetz des Freien Willens darf nur dann von geistiger Seite in unsere Angelegenheiten eingegriffen werden, wenn der Wille des Menschen es erbittet oder gar dar\u00fcber verf\u00fcgt!<\/strong><\/p><p>Gebete sind Bitten. Verf\u00fcgungen sind geistige Anordnungen mit der Kraft des ICH BIN Bewusstseins und wirken bedeutend machtvoller!<\/p><p>GOTT und seine himmlischen Diener wirken immer direkt aus einer f\u00fcr den Menschenverstand unfassbaren und unmittelbaren Allgegenwart heraus. Sie sind nicht an Zeit oder Raum gebunden!<\/p><p>ERZENGEL MICHAEL sagt, dass er niemals weiter als einen Herzensruf von uns entfernt ist. CHRISTUS spricht: \u201eICH BIN bei euch alle Tage.\u201c<\/p><p>Dasselbe gilt f\u00fcr alle Lichtwesen, die wir anrufen! Sie sind direkt \u00fcber das Licht der g\u00f6ttlichen Einheit in unseren Herzen mit uns verbunden!<\/p><p>Je aufrichtiger und ernsthafter wir sie aus unserer beschr\u00e4nkten 3-D-Dimension anrufen und mit ihnen sprechen, umso klarer und deutlicher k\u00f6nnen wir sie sp\u00fcren und zutiefst f\u00fchlen!<\/p><p>Die Belohnung f\u00fcr unseren Glauben und unser Vertrauen sind<\/p><p><strong><span style=\"color: #4e00a8;\">Erkenntnis und Erleuchtung.<\/span><\/strong><\/p>\t\t\t\t\t\t\t\t<\/div>\n\t\t\t\t<\/div>\n\t\t\t\t\t<\/div>\n\t\t<\/div>\n\t\t\t\t\t<\/div>\n\t\t<\/section>\n\t\t\t\t<section class=\"elementor-section elementor-top-section elementor-element elementor-element-480ecba elementor-section-boxed elementor-section-height-default elementor-section-height-default\" data-id=\"480ecba\" data-element_type=\"section\" data-e-type=\"section\">\n\t\t\t\t\t\t<div class=\"elementor-container elementor-column-gap-default\">\n\t\t\t\t\t<div class=\"elementor-column elementor-col-100 elementor-top-column elementor-element elementor-element-9b4b48f\" data-id=\"9b4b48f\" data-element_type=\"column\" data-e-type=\"column\">\n\t\t\t<div class=\"elementor-widget-wrap elementor-element-populated\">\n\t\t\t\t\t\t<div class=\"elementor-element elementor-element-62542a8 elementor-widget elementor-widget-spacer\" data-id=\"62542a8\" data-element_type=\"widget\" data-e-type=\"widget\" data-widget_type=\"spacer.default\">\n\t\t\t\t<div class=\"elementor-widget-container\">\n\t\t\t\t\t\t\t<div class=\"elementor-spacer\">\n\t\t\t<div class=\"elementor-spacer-inner\"><\/div>\n\t\t<\/div>\n\t\t\t\t\t\t<\/div>\n\t\t\t\t<\/div>\n\t\t\t\t\t<\/div>\n\t\t<\/div>\n\t\t\t\t\t<\/div>\n\t\t<\/section>\n\t\t\t\t<\/div>\n\t\t","protected":false},"excerpt":{"rendered":"<p>Bedeu&shy;tung der Anrufun&shy;gen Gebete, Affirmationen, Anrufungen (Dekrete) und Verf\u00fcgungen Die Verwendung von Gebeten, Affirmationen, Anrufungen und Verf\u00fcgungen erh\u00f6ht unsere Schwingung wirkungsvoll und beschleunigt unsere Transformation. Es sind effektive Wege und Methoden, um die Energien der Liebe und des Lichtes in unseren K\u00f6rpern und in jedem Aspekt unseres Wesens anzureichern. Wir sollten es zur t\u00e4glichen Gewohnheit [&hellip;]<\/p>\n","protected":false},"author":1,"featured_media":0,"parent":0,"menu_order":0,"comment_status":"closed","ping_status":"closed","template":"","meta":{"ocean_post_layout":"full-screen","ocean_both_sidebars_style":"","ocean_both_sidebars_content_width":0,"ocean_both_sidebars_sidebars_width":0,"ocean_sidebar":"0","ocean_second_sidebar":"0","ocean_disable_margins":"enable","ocean_add_body_class":"","ocean_shortcode_before_top_bar":"","ocean_shortcode_after_top_bar":"","ocean_shortcode_before_header":"","ocean_shortcode_after_header":"","ocean_has_shortcode":"","ocean_shortcode_after_title":"","ocean_shortcode_before_footer_widgets":"","ocean_shortcode_after_footer_widgets":"","ocean_shortcode_before_footer_bottom":"","ocean_shortcode_after_footer_bottom":"","ocean_display_top_bar":"off","ocean_display_header":"default","ocean_header_style":"","ocean_center_header_left_menu":"0","ocean_custom_header_template":"0","ocean_custom_logo":0,"ocean_custom_retina_logo":0,"ocean_custom_logo_max_width":0,"ocean_custom_logo_tablet_max_width":0,"ocean_custom_logo_mobile_max_width":0,"ocean_custom_logo_max_height":0,"ocean_custom_logo_tablet_max_height":0,"ocean_custom_logo_mobile_max_height":0,"ocean_header_custom_menu":"0","ocean_menu_typo_font_family":"0","ocean_menu_typo_font_subset":"","ocean_menu_typo_font_size":0,"ocean_menu_typo_font_size_tablet":0,"ocean_menu_typo_font_size_mobile":0,"ocean_menu_typo_font_size_unit":"px","ocean_menu_typo_font_weight":"","ocean_menu_typo_font_weight_tablet":"","ocean_menu_typo_font_weight_mobile":"","ocean_menu_typo_transform":"","ocean_menu_typo_transform_tablet":"","ocean_menu_typo_transform_mobile":"","ocean_menu_typo_line_height":0,"ocean_menu_typo_line_height_tablet":0,"ocean_menu_typo_line_height_mobile":0,"ocean_menu_typo_line_height_unit":"","ocean_menu_typo_spacing":0,"ocean_menu_typo_spacing_tablet":0,"ocean_menu_typo_spacing_mobile":0,"ocean_menu_typo_spacing_unit":"","ocean_menu_link_color":"","ocean_menu_link_color_hover":"","ocean_menu_link_color_active":"","ocean_menu_link_background":"","ocean_menu_link_hover_background":"","ocean_menu_link_active_background":"","ocean_menu_social_links_bg":"","ocean_menu_social_hover_links_bg":"","ocean_menu_social_links_color":"","ocean_menu_social_hover_links_color":"","ocean_disable_title":"on","ocean_disable_heading":"default","ocean_post_title":"","ocean_post_subheading":"","ocean_post_title_style":"","ocean_post_title_background_color":"","ocean_post_title_background":0,"ocean_post_title_bg_image_position":"","ocean_post_title_bg_image_attachment":"","ocean_post_title_bg_image_repeat":"","ocean_post_title_bg_image_size":"","ocean_post_title_height":0,"ocean_post_title_bg_overlay":0.5,"ocean_post_title_bg_overlay_color":"","ocean_disable_breadcrumbs":"default","ocean_breadcrumbs_color":"","ocean_breadcrumbs_separator_color":"","ocean_breadcrumbs_links_color":"","ocean_breadcrumbs_links_hover_color":"","ocean_display_footer_widgets":"off","ocean_display_footer_bottom":"on","ocean_custom_footer_template":"0","footnotes":""},"class_list":["post-1073","page","type-page","status-publish","hentry","entry"],"_links":{"self":[{"href":"https:\/\/pure-divine-light.com\/de\/wp-json\/wp\/v2\/pages\/1073","targetHints":{"allow":["GET"]}}],"collection":[{"href":"https:\/\/pure-divine-light.com\/de\/wp-json\/wp\/v2\/pages"}],"about":[{"href":"https:\/\/pure-divine-light.com\/de\/wp-json\/wp\/v2\/types\/page"}],"author":[{"embeddable":true,"href":"https:\/\/pure-divine-light.com\/de\/wp-json\/wp\/v2\/users\/1"}],"replies":[{"embeddable":true,"href":"https:\/\/pure-divine-light.com\/de\/wp-json\/wp\/v2\/comments?post=1073"}],"version-history":[{"count":0,"href":"https:\/\/pure-divine-light.com\/de\/wp-json\/wp\/v2\/pages\/1073\/revisions"}],"wp:attachment":[{"href":"https:\/\/pure-divine-light.com\/de\/wp-json\/wp\/v2\/media?parent=1073"}],"curies":[{"name":"wp","href":"https:\/\/api.w.org\/{rel}","templated":true}]}}