{"id":1127,"date":"2022-08-16T13:02:15","date_gmt":"2022-08-16T13:02:15","guid":{"rendered":"https:\/\/pure-divine-light.com\/?page_id=1127"},"modified":"2022-09-11T12:46:46","modified_gmt":"2022-09-11T12:46:46","slug":"grosse-weisse-bruderschaft","status":"publish","type":"page","link":"https:\/\/pure-divine-light.com\/de\/grosse-weisse-bruderschaft\/","title":{"rendered":"Gro\u00dfe wei\u00dfe Bruderschaft"},"content":{"rendered":"\t\t<div data-elementor-type=\"wp-page\" data-elementor-id=\"1127\" class=\"elementor elementor-1127\">\n\t\t\t\t\t\t<section class=\"elementor-section elementor-top-section elementor-element elementor-element-3f78c4b6 elementor-section-height-min-height elementor-section-boxed elementor-section-height-default elementor-section-items-middle\" data-id=\"3f78c4b6\" data-element_type=\"section\" data-e-type=\"section\" data-settings=\"{&quot;background_background&quot;:&quot;classic&quot;}\">\n\t\t\t\t\t\t\t<div class=\"elementor-background-overlay\"><\/div>\n\t\t\t\t\t\t\t<div class=\"elementor-container elementor-column-gap-wider\">\n\t\t\t\t\t<div class=\"elementor-column elementor-col-100 elementor-top-column elementor-element elementor-element-7f98afb6\" data-id=\"7f98afb6\" data-element_type=\"column\" data-e-type=\"column\">\n\t\t\t<div class=\"elementor-widget-wrap elementor-element-populated\">\n\t\t\t\t\t\t<div class=\"elementor-element elementor-element-6b5b6471 elementor-widget elementor-widget-heading\" data-id=\"6b5b6471\" data-element_type=\"widget\" data-e-type=\"widget\" data-settings=\"{&quot;_animation&quot;:&quot;none&quot;}\" data-widget_type=\"heading.default\">\n\t\t\t\t<div class=\"elementor-widget-container\">\n\t\t\t\t\t<h1 class=\"elementor-heading-title elementor-size-default\">Gro\u00dfe Wei\u00dfe Bruder&shy;schaft<\/h1>\t\t\t\t<\/div>\n\t\t\t\t<\/div>\n\t\t\t\t\t<\/div>\n\t\t<\/div>\n\t\t\t\t\t<\/div>\n\t\t<\/section>\n\t\t\t\t<section class=\"elementor-section elementor-top-section elementor-element elementor-element-7b246cd5 elementor-section-boxed elementor-section-height-default elementor-section-height-default\" data-id=\"7b246cd5\" data-element_type=\"section\" data-e-type=\"section\">\n\t\t\t\t\t\t<div class=\"elementor-container elementor-column-gap-default\">\n\t\t\t\t\t<div class=\"elementor-column elementor-col-100 elementor-top-column elementor-element elementor-element-60665b6e\" data-id=\"60665b6e\" data-element_type=\"column\" data-e-type=\"column\">\n\t\t\t<div class=\"elementor-widget-wrap elementor-element-populated\">\n\t\t\t\t\t\t<div class=\"elementor-element elementor-element-296b35b8 elementor-widget elementor-widget-spacer\" data-id=\"296b35b8\" data-element_type=\"widget\" data-e-type=\"widget\" data-widget_type=\"spacer.default\">\n\t\t\t\t<div class=\"elementor-widget-container\">\n\t\t\t\t\t\t\t<div class=\"elementor-spacer\">\n\t\t\t<div class=\"elementor-spacer-inner\"><\/div>\n\t\t<\/div>\n\t\t\t\t\t\t<\/div>\n\t\t\t\t<\/div>\n\t\t\t\t\t<\/div>\n\t\t<\/div>\n\t\t\t\t\t<\/div>\n\t\t<\/section>\n\t\t\t\t<section class=\"elementor-section elementor-top-section elementor-element elementor-element-d645323 elementor-section-boxed elementor-section-height-default elementor-section-height-default\" data-id=\"d645323\" data-element_type=\"section\" data-e-type=\"section\">\n\t\t\t\t\t\t<div class=\"elementor-container elementor-column-gap-default\">\n\t\t\t\t\t<div class=\"elementor-column elementor-col-100 elementor-top-column elementor-element elementor-element-6ccbc80\" data-id=\"6ccbc80\" data-element_type=\"column\" data-e-type=\"column\">\n\t\t\t<div class=\"elementor-widget-wrap elementor-element-populated\">\n\t\t\t\t\t\t<div class=\"elementor-element elementor-element-d05e308 elementor-widget elementor-widget-text-editor\" data-id=\"d05e308\" data-element_type=\"widget\" data-e-type=\"widget\" data-widget_type=\"text-editor.default\">\n\t\t\t\t<div class=\"elementor-widget-container\">\n\t\t\t\t\t\t\t\t\t<p><strong>Der Geist der Einheit der GWB (Gro\u00dfe Wei\u00dfe Bruderschaft) ist jener Teil des Himmels bzw. der Geistigen Hierarchie, der \u00fcber die Menschwerdung den sogenannten Aufstieg geschafft hat<\/strong> und sich nun jenseits des Schleiers unseres irdisch-menschlichen Bewusstseins in ausgesprochen liebendem Dienst um die geistige Entwicklung der Menschen auf der Erde bem\u00fcht.<\/p><p>Zu dieser Bruderschaft geh\u00f6ren sowohl <strong>alle Aufgestiegenen Meister<\/strong> wie auch alle Aufgestiegenen Meisterinnen, die auch gelegentlich als die \u201eSchwesternschaft der Rose\u201c genannt werden.<\/p><p>Es ist sozusagen die <strong>Gemeinschaft der aufgestiegenen Heiligen, also derjenigen, die das Rad der Wiedergeburten f\u00fcr immer verlassen und ihre geistige Entwicklung \u00fcber das Menschsein abgeschlossen haben.<\/strong><\/p><p>Sie sind also alle wie wir selbst durch ein oder mehrere Erdenleben gegangen und haben gezeigt und bewiesen, dass es jedem Menschen m\u00f6glich ist, die Energien zu meistern und zu beherrschen, mit denen wir t\u00e4glich konfrontiert sind.<\/p><p>Was ein Mensch jemals getan hat, das k\u00f6nnen alle tun!<\/p><p>Wer kennt nicht das ber\u00fchmte Zitat von Jesus: \u201eJeder, der an mich glaubt, wird das tun, was ich getan habe und sogar noch gr\u00f6\u00dfere Dinge wird er vollbringen k\u00f6nnen.\u201c<\/p><p>Jesus ist zwar wohl der bekannteste, aber eben nicht der einzige Mensch, der gezeigt und bewiesen hat, was ein wahrer spiritueller Meister ist. Seine Bestimmung als Jesus von Nazareth war es, den Menschen beispielhaft auf seine einzigartige individuelle Art und Weise den Weg des Christus zu zeigen, den jede verk\u00f6rperte Seele gehen kann und sogar einmal fr\u00fcher oder sp\u00e4ter selbst gehen muss, um sich wieder mit dem Ursprung oder unserer geistigen Quelle, die er \u201eVater im Himmel\u201c nannte, zu vereinigen.<\/p><p>Diejenigen, die gelernt haben, die Kosmischen Gesetze zu beherrschen und meisterhaft anzuwenden, werden auch die Meister der Weisheit und Vollkommenheit genannt. Sie sind die Weltenlehrer, Avatare und \u201e\u00e4lteren Schwester und Br\u00fcder der Menschheit\u201c.<\/p><p>Am Ziel ihres menschlichen Weges ist es ihnen allen gelungen, in ihren und unseren urspr\u00fcnglichen Zustand der G\u00f6ttlichkeit heimzukehren. Sie sind in den Zustand des Einsseins mit Gott aufgestiegen und k\u00f6nnen uns auf unserem Weg aus eigener Erfahrung hilfreich zur Seite stehen.<\/p><p>Im Unterschied zu uns haben sie das Christus-Bewusstsein erreicht und wissen, dass sie Gott oder die G\u00f6ttin sind!<\/p><p>Die meisten von uns sind diesen heutigen Aufgestiegenen Meistern in fr\u00fcheren Inkarnationen wohl schon begegnet und jetzt ist sozusagen unsere kosmische Stunde gekommen, die uns die Gelegenheiten bietet, ihnen zu folgen und auch aus dem Rad der Sterblichkeit auszusteigen.<\/p><p>Wer k\u00f6nnte mehr Verst\u00e4ndnis f\u00fcr unser menschliches Verhalten haben als jemand von ihnen?<\/p><p>Ihre unbegrenzte g\u00f6ttliche bedingungslose Liebe zu uns, ihren irdischen Geschwistern und Freunden, hat sie dazu bewogen, uns in diesem kritischen Entwicklungsstadium auf massive Art und Weise in \u00dcbereinstimmung mit dem Gro\u00dfen G\u00f6ttlichen Plan und einer Kosmischen Dispensation zu helfen und uns ihre geistigen H\u00e4nde entgegenzustrecken!<\/p><p>Es liegt an jedem von uns <strong>selbst<\/strong>, ob wir diese unsch\u00e4tzbar kostbare Hilfestellung von der Geistigen Hierarchie annehmen.<\/p><p>Je mehr Menschenseelen jetzt <strong>bereit<\/strong> sind, sich gem\u00e4\u00df ihrem Beispiel in den Dienst des G\u00f6ttlichen Willens zu stellen, umso eher kann der KOSMISCHE PLAN DES LICHTS sich erf\u00fcllen und die Erde in einen Stern des Lichtes und der gegenseitigen Achtung und Liebe verwandeln.<\/p><p><span style=\"color: #4e00a8;\"><strong>Einige Aufgestiegene Meister und Meisterinnen<\/strong><\/span><\/p><p>Wie bereits erw\u00e4hnt, ist <strong>Jesus von Nazareth<\/strong>, der uns im Westen bekannteste Aufgestiegene Meister. Auch<strong> Maria<\/strong>, seine damalige Mutter, tr\u00e4gt heute ein wesentliches Amt in der Geistigen Hierarchie. Sein damaliger Vater <strong>Josef<\/strong> ist heute der Aufgestiegene Meister Saint Germain und gilt als der geistige Regent des Wassermannzeitalters! Auch <strong>Maria Magdalena<\/strong>, die eine Verk\u00f6rperung von Lady Nada war, tr\u00e4gt heute ein hohes Kosmisches Amt und ist bem\u00fcht mit <strong>Lady Quan Yin<\/strong>, die im Osten als die G\u00f6ttin der Barmherzigkeit verehrt wird, die urspr\u00fcngliche Bedeutung der Frauen wieder zu erneuern.<\/p><p>Viele Apostel sind auch aufgestiegen. <strong>Paulus von Tarsus<\/strong> ist heute der Aufgestiegene Meister <strong>Hilarion<\/strong> und dient als der Chohan (geistige Lenker) des Gr\u00fcnen Strahls.<\/p><p>Die sogenannten \u201eDrei Heiligen K\u00f6nige\u201c waren Verk\u00f6rperungen von <strong>EL Morya (Melchior), Kuthumi (Balthasar, sp\u00e4ter Franz von Assisi) und Djwhal Khul (Kaspar).<\/strong><\/p><p><strong>Siddharta Gautama<\/strong> ist heute in Shamballah der \u201eHerr der Welt\u201c und diente bis um 1957 als \u201eBuddha\u201c. Sein Nachfolger im Amt des Buddha ist<strong> Lord Divino (Maitreya)<\/strong>, der damalige geistige Lehrer von Jesus. In der \u00dcberlieferung gilt Lord Maitreya (\u201eder Freundliche\u201c) als der letzte Buddha vor dem Beginn des Neuen Goldenen Zeitalters auf dem Planeten Erde!<\/p><p>Jeanne D`Arc und die \u201eHeilige Bernadette\u201c von Lourdes waren Verk\u00f6rperungen von <strong>Lady Rowena<\/strong>, der Lenkerin des Rosa Strahls der Liebe.<\/p><p><strong>Moses<\/strong> ist heute der Aufgestiegene Meister Ling und arbeitet eng mit Gautama in Shamballah zusammen.<\/p><p><strong>Ramtha<\/strong> stieg vor bereits 35000 Jahren im damaligen Lemurien als Meister in die h\u00f6chsten Dimensionen auf und versprach genau wie Jesus und einige andere seine Wiederkunft am \u201eEnde der Zeit\u201c, die wir nun als \u201eWENDEZEIT\u201c von der Finsternis ins Licht miterleben d\u00fcrfen!<\/p><p>Das ist nur eine kleine Auswahl! Diese gro\u00dfen Wesenheiten waren zum Teil sehr oft inkarniert, um die Evolution positiv zu beeinflussen. Doch leider sind sie schon sehr bald im Bewusstsein der Menschheit zu Idolen und Heiligenfiguren verk\u00fcmmert. Die menschlichen Institutionen haben den Graben zwischen Gott und Mensch immer tiefer gemacht. Doch Ramtha sagt, dass der Mensch nicht eher aus dem Kreislauf der Wiedergeburten herauskommt, bis er seine inwendige G\u00f6ttlichkeit wieder entdeckt hat!<\/p><p>Es gibt keine stellvertretenden Erl\u00f6ser. Kein Heiland oder Messias wird wiederkommen, um unseren Weg zu gehen oder uns die Verantwortung f\u00fcr unser Tun abzunehmen. Wozu h\u00e4tte GOTT uns sonst <strong>selbst das Leben<\/strong> gegeben?<\/p><p><a name=\"Bookmark\"><\/a>Es gibt keinen anderen <strong>Weg zu GOTT<\/strong>, als den der <strong>Selbst-(Be-) Meisterung<\/strong>! ICH BIN der Weg, die Wahrheit und das Leben. Niemand kommt zum Vater au\u00dfer durch sich SELBST\u2026<\/p>\t\t\t\t\t\t\t\t<\/div>\n\t\t\t\t<\/div>\n\t\t\t\t\t<\/div>\n\t\t<\/div>\n\t\t\t\t\t<\/div>\n\t\t<\/section>\n\t\t\t\t<section class=\"elementor-section elementor-top-section elementor-element elementor-element-b6b3de5 elementor-section-boxed elementor-section-height-default elementor-section-height-default\" data-id=\"b6b3de5\" data-element_type=\"section\" data-e-type=\"section\">\n\t\t\t\t\t\t<div class=\"elementor-container elementor-column-gap-default\">\n\t\t\t\t\t<div class=\"elementor-column elementor-col-100 elementor-top-column elementor-element elementor-element-5b4027d\" data-id=\"5b4027d\" data-element_type=\"column\" data-e-type=\"column\">\n\t\t\t<div class=\"elementor-widget-wrap elementor-element-populated\">\n\t\t\t\t\t\t<div class=\"elementor-element elementor-element-880d85f elementor-widget elementor-widget-spacer\" data-id=\"880d85f\" data-element_type=\"widget\" data-e-type=\"widget\" data-widget_type=\"spacer.default\">\n\t\t\t\t<div class=\"elementor-widget-container\">\n\t\t\t\t\t\t\t<div class=\"elementor-spacer\">\n\t\t\t<div class=\"elementor-spacer-inner\"><\/div>\n\t\t<\/div>\n\t\t\t\t\t\t<\/div>\n\t\t\t\t<\/div>\n\t\t\t\t\t<\/div>\n\t\t<\/div>\n\t\t\t\t\t<\/div>\n\t\t<\/section>\n\t\t\t\t<\/div>\n\t\t","protected":false},"excerpt":{"rendered":"<p>Gro\u00dfe Wei\u00dfe Bruder&shy;schaft Der Geist der Einheit der GWB (Gro\u00dfe Wei\u00dfe Bruderschaft) ist jener Teil des Himmels bzw. der Geistigen Hierarchie, der \u00fcber die Menschwerdung den sogenannten Aufstieg geschafft hat und sich nun jenseits des Schleiers unseres irdisch-menschlichen Bewusstseins in ausgesprochen liebendem Dienst um die geistige Entwicklung der Menschen auf der Erde bem\u00fcht. Zu dieser [&hellip;]<\/p>\n","protected":false},"author":1,"featured_media":0,"parent":0,"menu_order":0,"comment_status":"closed","ping_status":"closed","template":"","meta":{"ocean_post_layout":"full-screen","ocean_both_sidebars_style":"","ocean_both_sidebars_content_width":0,"ocean_both_sidebars_sidebars_width":0,"ocean_sidebar":"0","ocean_second_sidebar":"0","ocean_disable_margins":"enable","ocean_add_body_class":"","ocean_shortcode_before_top_bar":"","ocean_shortcode_after_top_bar":"","ocean_shortcode_before_header":"","ocean_shortcode_after_header":"","ocean_has_shortcode":"","ocean_shortcode_after_title":"","ocean_shortcode_before_footer_widgets":"","ocean_shortcode_after_footer_widgets":"","ocean_shortcode_before_footer_bottom":"","ocean_shortcode_after_footer_bottom":"","ocean_display_top_bar":"off","ocean_display_header":"default","ocean_header_style":"","ocean_center_header_left_menu":"0","ocean_custom_header_template":"0","ocean_custom_logo":0,"ocean_custom_retina_logo":0,"ocean_custom_logo_max_width":0,"ocean_custom_logo_tablet_max_width":0,"ocean_custom_logo_mobile_max_width":0,"ocean_custom_logo_max_height":0,"ocean_custom_logo_tablet_max_height":0,"ocean_custom_logo_mobile_max_height":0,"ocean_header_custom_menu":"0","ocean_menu_typo_font_family":"0","ocean_menu_typo_font_subset":"","ocean_menu_typo_font_size":0,"ocean_menu_typo_font_size_tablet":0,"ocean_menu_typo_font_size_mobile":0,"ocean_menu_typo_font_size_unit":"px","ocean_menu_typo_font_weight":"","ocean_menu_typo_font_weight_tablet":"","ocean_menu_typo_font_weight_mobile":"","ocean_menu_typo_transform":"","ocean_menu_typo_transform_tablet":"","ocean_menu_typo_transform_mobile":"","ocean_menu_typo_line_height":0,"ocean_menu_typo_line_height_tablet":0,"ocean_menu_typo_line_height_mobile":0,"ocean_menu_typo_line_height_unit":"","ocean_menu_typo_spacing":0,"ocean_menu_typo_spacing_tablet":0,"ocean_menu_typo_spacing_mobile":0,"ocean_menu_typo_spacing_unit":"","ocean_menu_link_color":"","ocean_menu_link_color_hover":"","ocean_menu_link_color_active":"","ocean_menu_link_background":"","ocean_menu_link_hover_background":"","ocean_menu_link_active_background":"","ocean_menu_social_links_bg":"","ocean_menu_social_hover_links_bg":"","ocean_menu_social_links_color":"","ocean_menu_social_hover_links_color":"","ocean_disable_title":"on","ocean_disable_heading":"default","ocean_post_title":"","ocean_post_subheading":"","ocean_post_title_style":"","ocean_post_title_background_color":"","ocean_post_title_background":0,"ocean_post_title_bg_image_position":"","ocean_post_title_bg_image_attachment":"","ocean_post_title_bg_image_repeat":"","ocean_post_title_bg_image_size":"","ocean_post_title_height":0,"ocean_post_title_bg_overlay":0.5,"ocean_post_title_bg_overlay_color":"","ocean_disable_breadcrumbs":"default","ocean_breadcrumbs_color":"","ocean_breadcrumbs_separator_color":"","ocean_breadcrumbs_links_color":"","ocean_breadcrumbs_links_hover_color":"","ocean_display_footer_widgets":"off","ocean_display_footer_bottom":"on","ocean_custom_footer_template":"0","footnotes":""},"class_list":["post-1127","page","type-page","status-publish","hentry","entry"],"_links":{"self":[{"href":"https:\/\/pure-divine-light.com\/de\/wp-json\/wp\/v2\/pages\/1127","targetHints":{"allow":["GET"]}}],"collection":[{"href":"https:\/\/pure-divine-light.com\/de\/wp-json\/wp\/v2\/pages"}],"about":[{"href":"https:\/\/pure-divine-light.com\/de\/wp-json\/wp\/v2\/types\/page"}],"author":[{"embeddable":true,"href":"https:\/\/pure-divine-light.com\/de\/wp-json\/wp\/v2\/users\/1"}],"replies":[{"embeddable":true,"href":"https:\/\/pure-divine-light.com\/de\/wp-json\/wp\/v2\/comments?post=1127"}],"version-history":[{"count":0,"href":"https:\/\/pure-divine-light.com\/de\/wp-json\/wp\/v2\/pages\/1127\/revisions"}],"wp:attachment":[{"href":"https:\/\/pure-divine-light.com\/de\/wp-json\/wp\/v2\/media?parent=1127"}],"curies":[{"name":"wp","href":"https:\/\/api.w.org\/{rel}","templated":true}]}}