{"id":12,"date":"2022-08-08T06:15:42","date_gmt":"2022-08-08T06:15:42","guid":{"rendered":"https:\/\/pure-divine-light.com\/?page_id=12"},"modified":"2024-01-22T15:16:03","modified_gmt":"2024-01-22T15:16:03","slug":"ueber-uns","status":"publish","type":"page","link":"https:\/\/pure-divine-light.com\/de\/ueber-uns\/","title":{"rendered":"\u00dcber uns"},"content":{"rendered":"\t\t<div data-elementor-type=\"wp-page\" data-elementor-id=\"12\" class=\"elementor elementor-12\">\n\t\t\t\t\t\t<section class=\"elementor-section elementor-top-section elementor-element elementor-element-1accdb69 elementor-section-height-min-height elementor-section-boxed elementor-section-height-default elementor-section-items-middle\" data-id=\"1accdb69\" data-element_type=\"section\" data-e-type=\"section\" data-settings=\"{&quot;background_background&quot;:&quot;classic&quot;}\">\n\t\t\t\t\t\t\t<div class=\"elementor-background-overlay\"><\/div>\n\t\t\t\t\t\t\t<div class=\"elementor-container elementor-column-gap-wider\">\n\t\t\t\t\t<div class=\"elementor-column elementor-col-100 elementor-top-column elementor-element elementor-element-5a975637\" data-id=\"5a975637\" data-element_type=\"column\" data-e-type=\"column\">\n\t\t\t<div class=\"elementor-widget-wrap elementor-element-populated\">\n\t\t\t\t\t\t<div class=\"elementor-element elementor-element-9d9bc5b elementor-widget elementor-widget-heading\" data-id=\"9d9bc5b\" data-element_type=\"widget\" data-e-type=\"widget\" data-widget_type=\"heading.default\">\n\t\t\t\t<div class=\"elementor-widget-container\">\n\t\t\t\t\t<h2 class=\"elementor-heading-title elementor-size-default\">\u00dcber uns<\/h2>\t\t\t\t<\/div>\n\t\t\t\t<\/div>\n\t\t\t\t\t<\/div>\n\t\t<\/div>\n\t\t\t\t\t<\/div>\n\t\t<\/section>\n\t\t\t\t<section class=\"elementor-section elementor-top-section elementor-element elementor-element-b6f4647 elementor-section-boxed elementor-section-height-default elementor-section-height-default\" data-id=\"b6f4647\" data-element_type=\"section\" data-e-type=\"section\">\n\t\t\t\t\t\t<div class=\"elementor-container elementor-column-gap-default\">\n\t\t\t\t\t<div class=\"elementor-column elementor-col-100 elementor-top-column elementor-element elementor-element-61b2118\" data-id=\"61b2118\" data-element_type=\"column\" data-e-type=\"column\">\n\t\t\t<div class=\"elementor-widget-wrap elementor-element-populated\">\n\t\t\t\t\t\t<div class=\"elementor-element elementor-element-95a6425 elementor-widget elementor-widget-spacer\" data-id=\"95a6425\" data-element_type=\"widget\" data-e-type=\"widget\" data-widget_type=\"spacer.default\">\n\t\t\t\t<div class=\"elementor-widget-container\">\n\t\t\t\t\t\t\t<div class=\"elementor-spacer\">\n\t\t\t<div class=\"elementor-spacer-inner\"><\/div>\n\t\t<\/div>\n\t\t\t\t\t\t<\/div>\n\t\t\t\t<\/div>\n\t\t\t\t\t<\/div>\n\t\t<\/div>\n\t\t\t\t\t<\/div>\n\t\t<\/section>\n\t\t\t\t<section class=\"elementor-section elementor-top-section elementor-element elementor-element-16d046a elementor-section-boxed elementor-section-height-default elementor-section-height-default\" data-id=\"16d046a\" data-element_type=\"section\" data-e-type=\"section\">\n\t\t\t\t\t\t<div class=\"elementor-container elementor-column-gap-wider\">\n\t\t\t\t\t<div class=\"elementor-column elementor-col-33 elementor-top-column elementor-element elementor-element-49a4775\" data-id=\"49a4775\" data-element_type=\"column\" data-e-type=\"column\">\n\t\t\t<div class=\"elementor-widget-wrap elementor-element-populated\">\n\t\t\t\t\t\t<div class=\"elementor-element elementor-element-fdfb23f elementor-widget elementor-widget-heading\" data-id=\"fdfb23f\" data-element_type=\"widget\" data-e-type=\"widget\" data-widget_type=\"heading.default\">\n\t\t\t\t<div class=\"elementor-widget-container\">\n\t\t\t\t\t<h2 class=\"elementor-heading-title elementor-size-default\">ICH BIN Gabriele<\/h2>\t\t\t\t<\/div>\n\t\t\t\t<\/div>\n\t\t\t\t<div class=\"elementor-element elementor-element-6ec18c3 elementor-widget elementor-widget-text-editor\" data-id=\"6ec18c3\" data-element_type=\"widget\" data-e-type=\"widget\" data-widget_type=\"text-editor.default\">\n\t\t\t\t<div class=\"elementor-widget-container\">\n\t\t\t\t\t\t\t\t\t<p>Ich geh\u00f6re zu den Menschen, die ihrer inneren Stimme noch nicht in jungen Jahren gefolgt sind, weil ich sie damals einfach noch nicht vernehmen konnte. Ich wusste nur, dass das, was ich in dem katholischen Elternhaus, in der Kirche und im Religionsunterricht gelehrt bekam, nicht stimmig ist.<\/p><p><a name=\"Bookmark\"><\/a>Ich wei\u00df nicht mehr, wann ich zum ersten Mal von Reinkarnation geh\u00f6rt habe, doch das war als richtig in meinem Inneren offensichtlich verankert. Ich war auch offen f\u00fcr \u00f6stliche Lehren wie Ayurveda und Feng Shui, habe beides aktiv in mein Leben gelassen. Bei einer Ayurvedakur in Sri Lanka wurde ich \u201aerweckt\u2018, eine nach Feng Shui ausgerichtete Wirkungsst\u00e4tte gab mir die Kraft, mein altes Leben mit 49 Jahren zu verlassen, v\u00f6llig neu zu beginnen und mich ganz dem spirituellen Weg und meiner geistigen F\u00fchrung zu \u00f6ffnen, die schlie\u00dflich zu der Begegnung mit meinem Seelenpartner Michael f\u00fchrte.<\/p><p>Zweimal in meinem Leben h\u00f6rte ich meine innere Stimme so stark, dass ich sie nicht \u00fcberh\u00f6ren konnte. Beim ersten Mal habe ich sie zwar vernommen, doch innerlich verdr\u00e4ngt. Zwei Jahre sp\u00e4ter h\u00f6rte ich sie erneut und dieses Mal so eindringlich, dass ein Verdr\u00e4ngen nicht mehr m\u00f6glich war. Den Satz \u201eWenn du jetzt nichts \u00e4nderst, wirst du krank\u201c, konnte ich nicht mehr ignorieren, weil ich wusste, dass es so kommen w\u00fcrde.<\/p><p>Heute, mehr als zwanzig Jahre sp\u00e4ter, kann ich r\u00fcckblickend nur unendlich dankbar daf\u00fcr sein, was der gro\u00dfe Schritt zur vollst\u00e4ndigen Ver\u00e4nderung meines Lebens mir alles geschenkt hat. Als besonders intensiv und begl\u00fcckend empfinde ich die Zeit, nachdem ich zun\u00e4chst ein Kanal f\u00fcr Pallas Athene und sp\u00e4ter f\u00fcr weitere Mitglieder der Geistigen Hierarchie geworden bin.<\/p>\t\t\t\t\t\t\t\t<\/div>\n\t\t\t\t<\/div>\n\t\t\t\t\t<\/div>\n\t\t<\/div>\n\t\t\t\t<div class=\"elementor-column elementor-col-33 elementor-top-column elementor-element elementor-element-069dbfe\" data-id=\"069dbfe\" data-element_type=\"column\" data-e-type=\"column\">\n\t\t\t<div class=\"elementor-widget-wrap elementor-element-populated\">\n\t\t\t\t\t\t<div class=\"elementor-element elementor-element-4fdef8e elementor-widget elementor-widget-heading\" data-id=\"4fdef8e\" data-element_type=\"widget\" data-e-type=\"widget\" data-widget_type=\"heading.default\">\n\t\t\t\t<div class=\"elementor-widget-container\">\n\t\t\t\t\t<h2 class=\"elementor-heading-title elementor-size-default\">ICH BIN Michael<\/h2>\t\t\t\t<\/div>\n\t\t\t\t<\/div>\n\t\t\t\t<div class=\"elementor-element elementor-element-309ecb5 elementor-widget elementor-widget-text-editor\" data-id=\"309ecb5\" data-element_type=\"widget\" data-e-type=\"widget\" data-widget_type=\"text-editor.default\">\n\t\t\t\t<div class=\"elementor-widget-container\">\n\t\t\t\t\t\t\t\t\t<p>und habe schon von Kindheit an mit den Engeln gesprochen wie mit Freunden und Geschwistern. Mein zuversichtlicher Glauben und tiefes Gottvertrauen f\u00fchrten mich durch jede Krise. Mit 16 Jahren hatte ich meine erste Begegnung mit Jesus, der mir die Augen f\u00fcr die Geistige Welt immer weiter \u00f6ffnete.<\/p><p>Mit der Harmonischen Konvergenz im Sp\u00e4tsommer 1987 wurde ich dann auf eine ganz neue Lebensbahn gef\u00fchrt und musste mich von vielen alten liebgewonnenen Gewohnheiten trennen.<\/p><p>Im Jahr 2002 f\u00fcgten es meine geistigen Freunde und Wegbegleiter, dass wir mit einigen spirituell ge\u00f6ffneten Lebensstr\u00f6men eine Gruppe bildeten, deren Ziel und Absicht es war, den Kontakt mit der Lichtwelt immer weiter auszudehnen. In diesem Jahr wurde mein Herzkanal f\u00fcr viele Botschaften der Aufgestiegenen Meister und Meisterinnen ge\u00f6ffnet, die mir dann immer n\u00e4her kamen und zwei Jahre sp\u00e4ter auch die Verbindung mit Gabriele f\u00fcgten.<\/p><p>Seitdem gibt es nur noch eine Absicht und ein Ziel: die Vereinigung mit dem inneren Hohen SELBST und die Verwirklichung der individuellen g\u00f6ttlichen Bestimmung. Dieser Weg ist unbeschreiblich sch\u00f6n und mit zahlreichen Wundern und wunderbaren F\u00fcgungen gepflastert. Immer mehr Seelen d\u00fcrfen wir begegnen, die sich an ihrer geistigen Schwingung und ihrem Bewusstsein wiedererkennen.<\/p>\t\t\t\t\t\t\t\t<\/div>\n\t\t\t\t<\/div>\n\t\t\t\t\t<\/div>\n\t\t<\/div>\n\t\t\t\t<div class=\"elementor-column elementor-col-33 elementor-top-column elementor-element elementor-element-63a8ee5\" data-id=\"63a8ee5\" data-element_type=\"column\" data-e-type=\"column\">\n\t\t\t<div class=\"elementor-widget-wrap elementor-element-populated\">\n\t\t\t\t\t\t<div class=\"elementor-element elementor-element-6bfc770 elementor-widget elementor-widget-image\" data-id=\"6bfc770\" data-element_type=\"widget\" data-e-type=\"widget\" data-widget_type=\"image.default\">\n\t\t\t\t<div class=\"elementor-widget-container\">\n\t\t\t\t\t\t\t\t\t\t\t\t\t\t\t<img fetchpriority=\"high\" decoding=\"async\" width=\"404\" height=\"642\" src=\"https:\/\/pure-divine-light.com\/wp-content\/uploads\/2022\/08\/Wir-zwei.jpg\" class=\"attachment-large size-large wp-image-70\" alt=\"\" srcset=\"https:\/\/pure-divine-light.com\/wp-content\/uploads\/2022\/08\/Wir-zwei.jpg 404w, https:\/\/pure-divine-light.com\/wp-content\/uploads\/2022\/08\/Wir-zwei-189x300.jpg 189w, https:\/\/pure-divine-light.com\/wp-content\/uploads\/2022\/08\/Wir-zwei-8x12.jpg 8w\" sizes=\"(max-width: 404px) 100vw, 404px\" \/>\t\t\t\t\t\t\t\t\t\t\t\t\t\t\t<\/div>\n\t\t\t\t<\/div>\n\t\t\t\t\t<\/div>\n\t\t<\/div>\n\t\t\t\t\t<\/div>\n\t\t<\/section>\n\t\t\t\t<section class=\"elementor-section elementor-top-section elementor-element elementor-element-99d2ce5 elementor-section-boxed elementor-section-height-default elementor-section-height-default\" data-id=\"99d2ce5\" data-element_type=\"section\" data-e-type=\"section\">\n\t\t\t\t\t\t<div class=\"elementor-container elementor-column-gap-default\">\n\t\t\t\t\t<div class=\"elementor-column elementor-col-100 elementor-top-column elementor-element elementor-element-3a44b48\" data-id=\"3a44b48\" data-element_type=\"column\" data-e-type=\"column\">\n\t\t\t<div class=\"elementor-widget-wrap elementor-element-populated\">\n\t\t\t\t\t\t<div class=\"elementor-element elementor-element-729b0fc elementor-widget elementor-widget-spacer\" data-id=\"729b0fc\" data-element_type=\"widget\" data-e-type=\"widget\" data-widget_type=\"spacer.default\">\n\t\t\t\t<div class=\"elementor-widget-container\">\n\t\t\t\t\t\t\t<div class=\"elementor-spacer\">\n\t\t\t<div class=\"elementor-spacer-inner\"><\/div>\n\t\t<\/div>\n\t\t\t\t\t\t<\/div>\n\t\t\t\t<\/div>\n\t\t\t\t\t<\/div>\n\t\t<\/div>\n\t\t\t\t\t<\/div>\n\t\t<\/section>\n\t\t\t\t<\/div>\n\t\t","protected":false},"excerpt":{"rendered":"<p>\u00dcber uns ICH BIN Gabriele Ich geh\u00f6re zu den Menschen, die ihrer inneren Stimme noch nicht in jungen Jahren gefolgt sind, weil ich sie damals einfach noch nicht vernehmen konnte. Ich wusste nur, dass das, was ich in dem katholischen Elternhaus, in der Kirche und im Religionsunterricht gelehrt bekam, nicht stimmig ist. Ich wei\u00df nicht [&hellip;]<\/p>\n","protected":false},"author":1,"featured_media":0,"parent":0,"menu_order":0,"comment_status":"closed","ping_status":"closed","template":"","meta":{"ocean_post_layout":"full-screen","ocean_both_sidebars_style":"","ocean_both_sidebars_content_width":0,"ocean_both_sidebars_sidebars_width":0,"ocean_sidebar":"0","ocean_second_sidebar":"0","ocean_disable_margins":"enable","ocean_add_body_class":"","ocean_shortcode_before_top_bar":"","ocean_shortcode_after_top_bar":"","ocean_shortcode_before_header":"","ocean_shortcode_after_header":"","ocean_has_shortcode":"","ocean_shortcode_after_title":"","ocean_shortcode_before_footer_widgets":"","ocean_shortcode_after_footer_widgets":"","ocean_shortcode_before_footer_bottom":"","ocean_shortcode_after_footer_bottom":"","ocean_display_top_bar":"off","ocean_display_header":"default","ocean_header_style":"","ocean_center_header_left_menu":"0","ocean_custom_header_template":"0","ocean_custom_logo":0,"ocean_custom_retina_logo":0,"ocean_custom_logo_max_width":0,"ocean_custom_logo_tablet_max_width":0,"ocean_custom_logo_mobile_max_width":0,"ocean_custom_logo_max_height":0,"ocean_custom_logo_tablet_max_height":0,"ocean_custom_logo_mobile_max_height":0,"ocean_header_custom_menu":"0","ocean_menu_typo_font_family":"0","ocean_menu_typo_font_subset":"","ocean_menu_typo_font_size":0,"ocean_menu_typo_font_size_tablet":0,"ocean_menu_typo_font_size_mobile":0,"ocean_menu_typo_font_size_unit":"px","ocean_menu_typo_font_weight":"","ocean_menu_typo_font_weight_tablet":"","ocean_menu_typo_font_weight_mobile":"","ocean_menu_typo_transform":"","ocean_menu_typo_transform_tablet":"","ocean_menu_typo_transform_mobile":"","ocean_menu_typo_line_height":0,"ocean_menu_typo_line_height_tablet":0,"ocean_menu_typo_line_height_mobile":0,"ocean_menu_typo_line_height_unit":"","ocean_menu_typo_spacing":0,"ocean_menu_typo_spacing_tablet":0,"ocean_menu_typo_spacing_mobile":0,"ocean_menu_typo_spacing_unit":"","ocean_menu_link_color":"","ocean_menu_link_color_hover":"","ocean_menu_link_color_active":"","ocean_menu_link_background":"","ocean_menu_link_hover_background":"","ocean_menu_link_active_background":"","ocean_menu_social_links_bg":"","ocean_menu_social_hover_links_bg":"","ocean_menu_social_links_color":"","ocean_menu_social_hover_links_color":"","ocean_disable_title":"on","ocean_disable_heading":"default","ocean_post_title":"","ocean_post_subheading":"","ocean_post_title_style":"","ocean_post_title_background_color":"","ocean_post_title_background":0,"ocean_post_title_bg_image_position":"","ocean_post_title_bg_image_attachment":"","ocean_post_title_bg_image_repeat":"","ocean_post_title_bg_image_size":"","ocean_post_title_height":0,"ocean_post_title_bg_overlay":0.5,"ocean_post_title_bg_overlay_color":"","ocean_disable_breadcrumbs":"default","ocean_breadcrumbs_color":"","ocean_breadcrumbs_separator_color":"","ocean_breadcrumbs_links_color":"","ocean_breadcrumbs_links_hover_color":"","ocean_display_footer_widgets":"off","ocean_display_footer_bottom":"on","ocean_custom_footer_template":"0","footnotes":""},"class_list":["post-12","page","type-page","status-publish","hentry","entry"],"_links":{"self":[{"href":"https:\/\/pure-divine-light.com\/de\/wp-json\/wp\/v2\/pages\/12","targetHints":{"allow":["GET"]}}],"collection":[{"href":"https:\/\/pure-divine-light.com\/de\/wp-json\/wp\/v2\/pages"}],"about":[{"href":"https:\/\/pure-divine-light.com\/de\/wp-json\/wp\/v2\/types\/page"}],"author":[{"embeddable":true,"href":"https:\/\/pure-divine-light.com\/de\/wp-json\/wp\/v2\/users\/1"}],"replies":[{"embeddable":true,"href":"https:\/\/pure-divine-light.com\/de\/wp-json\/wp\/v2\/comments?post=12"}],"version-history":[{"count":0,"href":"https:\/\/pure-divine-light.com\/de\/wp-json\/wp\/v2\/pages\/12\/revisions"}],"wp:attachment":[{"href":"https:\/\/pure-divine-light.com\/de\/wp-json\/wp\/v2\/media?parent=12"}],"curies":[{"name":"wp","href":"https:\/\/api.w.org\/{rel}","templated":true}]}}