{"id":1228,"date":"2022-08-17T14:27:35","date_gmt":"2022-08-17T14:27:35","guid":{"rendered":"https:\/\/pure-divine-light.com\/?page_id=1228"},"modified":"2022-09-11T12:56:34","modified_gmt":"2022-09-11T12:56:34","slug":"woher-kommen-die-botschaften","status":"publish","type":"page","link":"https:\/\/pure-divine-light.com\/de\/woher-kommen-die-botschaften\/","title":{"rendered":"Woher kommen die Botschaften? (Michael)"},"content":{"rendered":"\t\t<div data-elementor-type=\"wp-page\" data-elementor-id=\"1228\" class=\"elementor elementor-1228\">\n\t\t\t\t\t\t<section class=\"elementor-section elementor-top-section elementor-element elementor-element-2d575983 elementor-section-height-min-height elementor-section-boxed elementor-section-height-default elementor-section-items-middle\" data-id=\"2d575983\" data-element_type=\"section\" data-e-type=\"section\" data-settings=\"{&quot;background_background&quot;:&quot;classic&quot;}\">\n\t\t\t\t\t\t\t<div class=\"elementor-background-overlay\"><\/div>\n\t\t\t\t\t\t\t<div class=\"elementor-container elementor-column-gap-wider\">\n\t\t\t\t\t<div class=\"elementor-column elementor-col-100 elementor-top-column elementor-element elementor-element-2c0f8eea\" data-id=\"2c0f8eea\" data-element_type=\"column\" data-e-type=\"column\">\n\t\t\t<div class=\"elementor-widget-wrap elementor-element-populated\">\n\t\t\t\t\t\t<div class=\"elementor-element elementor-element-70b31e8c elementor-widget elementor-widget-heading\" data-id=\"70b31e8c\" data-element_type=\"widget\" data-e-type=\"widget\" data-settings=\"{&quot;_animation&quot;:&quot;none&quot;}\" data-widget_type=\"heading.default\">\n\t\t\t\t<div class=\"elementor-widget-container\">\n\t\t\t\t\t<h1 class=\"elementor-heading-title elementor-size-default\">Woher kommen die Botschaf&shy;ten?<\/h1>\t\t\t\t<\/div>\n\t\t\t\t<\/div>\n\t\t\t\t\t<\/div>\n\t\t<\/div>\n\t\t\t\t\t<\/div>\n\t\t<\/section>\n\t\t\t\t<section class=\"elementor-section elementor-top-section elementor-element elementor-element-7685b81e elementor-section-boxed elementor-section-height-default elementor-section-height-default\" data-id=\"7685b81e\" data-element_type=\"section\" data-e-type=\"section\">\n\t\t\t\t\t\t<div class=\"elementor-container elementor-column-gap-default\">\n\t\t\t\t\t<div class=\"elementor-column elementor-col-100 elementor-top-column elementor-element elementor-element-26b3ef86\" data-id=\"26b3ef86\" data-element_type=\"column\" data-e-type=\"column\">\n\t\t\t<div class=\"elementor-widget-wrap elementor-element-populated\">\n\t\t\t\t\t\t<div class=\"elementor-element elementor-element-55564b88 elementor-widget elementor-widget-spacer\" data-id=\"55564b88\" data-element_type=\"widget\" data-e-type=\"widget\" data-widget_type=\"spacer.default\">\n\t\t\t\t<div class=\"elementor-widget-container\">\n\t\t\t\t\t\t\t<div class=\"elementor-spacer\">\n\t\t\t<div class=\"elementor-spacer-inner\"><\/div>\n\t\t<\/div>\n\t\t\t\t\t\t<\/div>\n\t\t\t\t<\/div>\n\t\t\t\t\t<\/div>\n\t\t<\/div>\n\t\t\t\t\t<\/div>\n\t\t<\/section>\n\t\t\t\t<section class=\"elementor-section elementor-top-section elementor-element elementor-element-473292c elementor-section-boxed elementor-section-height-default elementor-section-height-default\" data-id=\"473292c\" data-element_type=\"section\" data-e-type=\"section\">\n\t\t\t\t\t\t<div class=\"elementor-container elementor-column-gap-default\">\n\t\t\t\t\t<div class=\"elementor-column elementor-col-100 elementor-top-column elementor-element elementor-element-d8bff18\" data-id=\"d8bff18\" data-element_type=\"column\" data-e-type=\"column\">\n\t\t\t<div class=\"elementor-widget-wrap elementor-element-populated\">\n\t\t\t\t\t\t<div class=\"elementor-element elementor-element-598ccf4 elementor-widget elementor-widget-text-editor\" data-id=\"598ccf4\" data-element_type=\"widget\" data-e-type=\"widget\" data-widget_type=\"text-editor.default\">\n\t\t\t\t<div class=\"elementor-widget-container\">\n\t\t\t\t\t\t\t\t\t<p><span style=\"font-size: large;\">Es begann im M\u00e4rz des Jahres 2003.<\/span><\/p><p><span style=\"font-size: large;\">Eines Morgens hatte ich ein ganz normales Telefongespr\u00e4ch. In dem Augenblick, als ich den H\u00f6rer auflegte, stand eine ganz seltsame unbeschreibliche Energie im Flur. <strong>Irgendetwas hatte mich pl\u00f6tzlich und unerwartet so sehr und so tief ber\u00fchrt, dass mir augenblicklich Tr\u00e4nen der Ergriffenheit flossen.<\/strong><\/span><\/p><p><span style=\"font-size: large;\">Ich kann mich heute noch genau daran erinnern, dass ich dann leise dachte: <\/span><strong><span style=\"font-size: large;\">\u201eWem <\/span><span style=\"font-size: large;\">n\u00fctzen denn meine vielen Tr\u00e4nen? Verwandelt bitte diese Energie IN WORTE, die ich dann f\u00fcr meine Freunde aufschreiben kann.\u201c<\/span><\/strong><\/p><p><span style=\"font-size: large;\">Daraufhin nahm ich mir ein Blatt Papier und schrieb die Gedanken auf, die mir kamen. Diese las ich bei einem Gruppen-Treffen dann vor. Mit der Reaktion hatte ich \u00fcberhaupt nicht gerechnet: \u201cWei\u00dft du was das ist? Das ist eine Botschaft von Lady Nada!\u201c <\/span><\/p><p><span style=\"font-size: large;\">Ich hatte zwar schon viel davon geh\u00f6rt, dass es solche Botschaften aus der Geistigen Welt gibt, aber niemals daran gedacht, dass mir selbst so etwas einmal geschehen k\u00f6nnte oder w\u00fcrde! <\/span><\/p><p><span style=\"font-size: large;\">In der Stille bedankte ich mich zuhause dann ganz herzlich bei Lady Nada, und als Antwort f\u00fcr mein herzliches Dankesch\u00f6n erhielt ich am Ostermontag, den 21. April 2003 &#8211; mittags um 12:00 Uhr &#8211; eine Botschaft von Gott f\u00fcr meine spirituellen Freunde anl\u00e4sslich einer Gartenfeier. <\/span><\/p><p><span style=\"font-size: large;\">Von da an war mein Herz f\u00fcr weitere Botschaften aus dem Himmelreich, das in jeder Seele inwendig zu finden ist, weit ge\u00f6ffnet! <\/span><\/p><p><a name=\"Bookmark\"><\/a><span style=\"font-size: large;\">Die n\u00e4chste Botschaft schenkte uns Mutter Maria zu einem Lichtdienst am 24. August 2003. <strong>Bis heute treffen wir uns ungef\u00e4hr viermal j\u00e4hrlich an einem Samstagnachmittag, wo wir gemeinsam mit den Aufgestiegenen Meistern und anderen Repr\u00e4sentanten der Geistigen Welt DIE EINHEIT ALLEN SEINS feiern und erleben k\u00f6nnen.<\/strong> <\/span><\/p><p><span style=\"font-size: large; color: #345bf4;\">In tiefer Dankbarkeit und Freude m\u00f6chten wir diese Homepage allen Freunden widmen, die genauso wie wir auf dem Weg des CHRISTUS sind &#8211; dem INNEREN LICHT DER ALLGEGENWART GOTTES.<\/span><\/p><p><span style=\"font-size: large;\">Mein Dank gilt ganz besonders nat\u00fcrlich Jesus, dem Christus, und seiner g\u00f6ttlichen Zwillingsflamme Lady Nada, die u.a. auch als Maria Magdalena mit ihm als Mensch verk\u00f6rpert war, und meinen Herzkanal ge\u00f6ffnet hat. <\/span><\/p><p><span style=\"font-size: large;\">Von Anfang an wurden wir auch von Pallas Athene, Erzengel Michael und unserer g\u00f6ttlichen Mutter und Schwester Maria begleitet, beh\u00fctet, inspiriert und besch\u00fctzt. <\/span><\/p><p><span style=\"font-size: large;\">Nach wie vor legt auch unser ewiger Freund und Vater Josef von damals, der heutige geistige Regent des Wassermannzeitalters: Saint Germain seinen (Violetten) Mantel der G\u00fcte und Barmherzigkeit um unsere Schultern und steht stets an unserer Seite. Ich hoffe, als Michael Josef, auch seiner magischen ICH BIN Gegenwart ein guter Diener und treuer Freund zu sein. <\/span><\/p>\t\t\t\t\t\t\t\t<\/div>\n\t\t\t\t<\/div>\n\t\t\t\t\t<\/div>\n\t\t<\/div>\n\t\t\t\t\t<\/div>\n\t\t<\/section>\n\t\t\t\t<section class=\"elementor-section elementor-top-section elementor-element elementor-element-639f73d elementor-section-boxed elementor-section-height-default elementor-section-height-default\" data-id=\"639f73d\" data-element_type=\"section\" data-e-type=\"section\">\n\t\t\t\t\t\t<div class=\"elementor-container elementor-column-gap-default\">\n\t\t\t\t\t<div class=\"elementor-column elementor-col-100 elementor-top-column elementor-element elementor-element-6920040\" data-id=\"6920040\" data-element_type=\"column\" data-e-type=\"column\">\n\t\t\t<div class=\"elementor-widget-wrap elementor-element-populated\">\n\t\t\t\t\t\t<div class=\"elementor-element elementor-element-7d0e242 elementor-widget elementor-widget-spacer\" data-id=\"7d0e242\" data-element_type=\"widget\" data-e-type=\"widget\" data-widget_type=\"spacer.default\">\n\t\t\t\t<div class=\"elementor-widget-container\">\n\t\t\t\t\t\t\t<div class=\"elementor-spacer\">\n\t\t\t<div class=\"elementor-spacer-inner\"><\/div>\n\t\t<\/div>\n\t\t\t\t\t\t<\/div>\n\t\t\t\t<\/div>\n\t\t\t\t\t<\/div>\n\t\t<\/div>\n\t\t\t\t\t<\/div>\n\t\t<\/section>\n\t\t\t\t<\/div>\n\t\t","protected":false},"excerpt":{"rendered":"<p>Woher kommen die Botschaf&shy;ten? Es begann im M\u00e4rz des Jahres 2003. Eines Morgens hatte ich ein ganz normales Telefongespr\u00e4ch. In dem Augenblick, als ich den H\u00f6rer auflegte, stand eine ganz seltsame unbeschreibliche Energie im Flur. Irgendetwas hatte mich pl\u00f6tzlich und unerwartet so sehr und so tief ber\u00fchrt, dass mir augenblicklich Tr\u00e4nen der Ergriffenheit flossen. Ich [&hellip;]<\/p>\n","protected":false},"author":1,"featured_media":0,"parent":0,"menu_order":0,"comment_status":"closed","ping_status":"closed","template":"","meta":{"ocean_post_layout":"full-screen","ocean_both_sidebars_style":"","ocean_both_sidebars_content_width":0,"ocean_both_sidebars_sidebars_width":0,"ocean_sidebar":"0","ocean_second_sidebar":"0","ocean_disable_margins":"enable","ocean_add_body_class":"","ocean_shortcode_before_top_bar":"","ocean_shortcode_after_top_bar":"","ocean_shortcode_before_header":"","ocean_shortcode_after_header":"","ocean_has_shortcode":"","ocean_shortcode_after_title":"","ocean_shortcode_before_footer_widgets":"","ocean_shortcode_after_footer_widgets":"","ocean_shortcode_before_footer_bottom":"","ocean_shortcode_after_footer_bottom":"","ocean_display_top_bar":"off","ocean_display_header":"default","ocean_header_style":"","ocean_center_header_left_menu":"0","ocean_custom_header_template":"0","ocean_custom_logo":0,"ocean_custom_retina_logo":0,"ocean_custom_logo_max_width":0,"ocean_custom_logo_tablet_max_width":0,"ocean_custom_logo_mobile_max_width":0,"ocean_custom_logo_max_height":0,"ocean_custom_logo_tablet_max_height":0,"ocean_custom_logo_mobile_max_height":0,"ocean_header_custom_menu":"0","ocean_menu_typo_font_family":"0","ocean_menu_typo_font_subset":"","ocean_menu_typo_font_size":0,"ocean_menu_typo_font_size_tablet":0,"ocean_menu_typo_font_size_mobile":0,"ocean_menu_typo_font_size_unit":"px","ocean_menu_typo_font_weight":"","ocean_menu_typo_font_weight_tablet":"","ocean_menu_typo_font_weight_mobile":"","ocean_menu_typo_transform":"","ocean_menu_typo_transform_tablet":"","ocean_menu_typo_transform_mobile":"","ocean_menu_typo_line_height":0,"ocean_menu_typo_line_height_tablet":0,"ocean_menu_typo_line_height_mobile":0,"ocean_menu_typo_line_height_unit":"","ocean_menu_typo_spacing":0,"ocean_menu_typo_spacing_tablet":0,"ocean_menu_typo_spacing_mobile":0,"ocean_menu_typo_spacing_unit":"","ocean_menu_link_color":"","ocean_menu_link_color_hover":"","ocean_menu_link_color_active":"","ocean_menu_link_background":"","ocean_menu_link_hover_background":"","ocean_menu_link_active_background":"","ocean_menu_social_links_bg":"","ocean_menu_social_hover_links_bg":"","ocean_menu_social_links_color":"","ocean_menu_social_hover_links_color":"","ocean_disable_title":"on","ocean_disable_heading":"default","ocean_post_title":"","ocean_post_subheading":"","ocean_post_title_style":"","ocean_post_title_background_color":"","ocean_post_title_background":0,"ocean_post_title_bg_image_position":"","ocean_post_title_bg_image_attachment":"","ocean_post_title_bg_image_repeat":"","ocean_post_title_bg_image_size":"","ocean_post_title_height":0,"ocean_post_title_bg_overlay":0.5,"ocean_post_title_bg_overlay_color":"","ocean_disable_breadcrumbs":"default","ocean_breadcrumbs_color":"","ocean_breadcrumbs_separator_color":"","ocean_breadcrumbs_links_color":"","ocean_breadcrumbs_links_hover_color":"","ocean_display_footer_widgets":"off","ocean_display_footer_bottom":"on","ocean_custom_footer_template":"0","footnotes":""},"class_list":["post-1228","page","type-page","status-publish","hentry","entry"],"_links":{"self":[{"href":"https:\/\/pure-divine-light.com\/de\/wp-json\/wp\/v2\/pages\/1228","targetHints":{"allow":["GET"]}}],"collection":[{"href":"https:\/\/pure-divine-light.com\/de\/wp-json\/wp\/v2\/pages"}],"about":[{"href":"https:\/\/pure-divine-light.com\/de\/wp-json\/wp\/v2\/types\/page"}],"author":[{"embeddable":true,"href":"https:\/\/pure-divine-light.com\/de\/wp-json\/wp\/v2\/users\/1"}],"replies":[{"embeddable":true,"href":"https:\/\/pure-divine-light.com\/de\/wp-json\/wp\/v2\/comments?post=1228"}],"version-history":[{"count":0,"href":"https:\/\/pure-divine-light.com\/de\/wp-json\/wp\/v2\/pages\/1228\/revisions"}],"wp:attachment":[{"href":"https:\/\/pure-divine-light.com\/de\/wp-json\/wp\/v2\/media?parent=1228"}],"curies":[{"name":"wp","href":"https:\/\/api.w.org\/{rel}","templated":true}]}}