{"id":1358,"date":"2022-08-18T14:26:06","date_gmt":"2022-08-18T14:26:06","guid":{"rendered":"https:\/\/pure-divine-light.com\/?page_id=1358"},"modified":"2022-09-11T12:37:16","modified_gmt":"2022-09-11T12:37:16","slug":"botschaft-von-mutter-maria","status":"publish","type":"page","link":"https:\/\/pure-divine-light.com\/de\/botschaft-von-mutter-maria\/","title":{"rendered":"Botschaft von Mutter Maria"},"content":{"rendered":"\t\t<div data-elementor-type=\"wp-page\" data-elementor-id=\"1358\" class=\"elementor elementor-1358\">\n\t\t\t\t\t\t<section class=\"elementor-section elementor-top-section elementor-element elementor-element-2fbf348b elementor-section-height-min-height elementor-section-boxed elementor-section-height-default elementor-section-items-middle\" data-id=\"2fbf348b\" data-element_type=\"section\" data-e-type=\"section\" data-settings=\"{&quot;background_background&quot;:&quot;classic&quot;}\">\n\t\t\t\t\t\t\t<div class=\"elementor-background-overlay\"><\/div>\n\t\t\t\t\t\t\t<div class=\"elementor-container elementor-column-gap-wider\">\n\t\t\t\t\t<div class=\"elementor-column elementor-col-100 elementor-top-column elementor-element elementor-element-3b22ec0a\" data-id=\"3b22ec0a\" data-element_type=\"column\" data-e-type=\"column\">\n\t\t\t<div class=\"elementor-widget-wrap elementor-element-populated\">\n\t\t\t\t\t\t<div class=\"elementor-element elementor-element-43abb86f elementor-widget elementor-widget-heading\" data-id=\"43abb86f\" data-element_type=\"widget\" data-e-type=\"widget\" data-settings=\"{&quot;_animation&quot;:&quot;none&quot;}\" data-widget_type=\"heading.default\">\n\t\t\t\t<div class=\"elementor-widget-container\">\n\t\t\t\t\t<h1 class=\"elementor-heading-title elementor-size-default\">MUTTER MARIA zu unserem 100. Licht&shy;dienst am 26. M\u00e4rz 2022<\/h1>\t\t\t\t<\/div>\n\t\t\t\t<\/div>\n\t\t\t\t\t<\/div>\n\t\t<\/div>\n\t\t\t\t\t<\/div>\n\t\t<\/section>\n\t\t\t\t<section class=\"elementor-section elementor-top-section elementor-element elementor-element-6c44d07 elementor-section-boxed elementor-section-height-default elementor-section-height-default\" data-id=\"6c44d07\" data-element_type=\"section\" data-e-type=\"section\">\n\t\t\t\t\t\t<div class=\"elementor-container elementor-column-gap-default\">\n\t\t\t\t\t<div class=\"elementor-column elementor-col-100 elementor-top-column elementor-element elementor-element-2e1913e7\" data-id=\"2e1913e7\" data-element_type=\"column\" data-e-type=\"column\">\n\t\t\t<div class=\"elementor-widget-wrap elementor-element-populated\">\n\t\t\t\t\t\t<div class=\"elementor-element elementor-element-233093e5 elementor-widget elementor-widget-spacer\" data-id=\"233093e5\" data-element_type=\"widget\" data-e-type=\"widget\" data-widget_type=\"spacer.default\">\n\t\t\t\t<div class=\"elementor-widget-container\">\n\t\t\t\t\t\t\t<div class=\"elementor-spacer\">\n\t\t\t<div class=\"elementor-spacer-inner\"><\/div>\n\t\t<\/div>\n\t\t\t\t\t\t<\/div>\n\t\t\t\t<\/div>\n\t\t\t\t\t<\/div>\n\t\t<\/div>\n\t\t\t\t\t<\/div>\n\t\t<\/section>\n\t\t\t\t<section class=\"elementor-section elementor-top-section elementor-element elementor-element-543f4e8 elementor-section-boxed elementor-section-height-default elementor-section-height-default\" data-id=\"543f4e8\" data-element_type=\"section\" data-e-type=\"section\">\n\t\t\t\t\t\t<div class=\"elementor-container elementor-column-gap-default\">\n\t\t\t\t\t<div class=\"elementor-column elementor-col-100 elementor-top-column elementor-element elementor-element-ea4c159\" data-id=\"ea4c159\" data-element_type=\"column\" data-e-type=\"column\">\n\t\t\t<div class=\"elementor-widget-wrap elementor-element-populated\">\n\t\t\t\t\t\t<div class=\"elementor-element elementor-element-1e0d045 elementor-widget elementor-widget-text-editor\" data-id=\"1e0d045\" data-element_type=\"widget\" data-e-type=\"widget\" data-widget_type=\"text-editor.default\">\n\t\t\t\t<div class=\"elementor-widget-container\">\n\t\t\t\t\t\t\t\t\t<p align=\"CENTER\">Geliebte Schwestern und Br\u00fcder, welche heute hier an dieser Lichtfeier physisch und auch geistig anwesend sind!<strong> Es ist mir eine gro\u00dfe Ehre, dass Ich als \u201eMUTTER MARIA\u201c zu diesem 100. Lichtdienst f\u00fcr die Geistige Hierarchie dieses Sonnensystems von HELIOS UND VESTA zu eurem Geist und zu euren Herzen sprechen darf.<\/strong><\/p><p align=\"CENTER\">Ich spreche zu euch am liebsten wie eine Schwester anl\u00e4sslich dieser Gelegenheit. Denn auch ihr habt alle sowohl als Mutter, als Vater, als Tochter oder Sohn einmal dem Licht der Allgegenwart Gottes auf Erden und auch anderen Planeten gedient.<\/p><p align=\"CENTER\">Wir sind uns sogar mehr als einmal von Mensch zu Mensch auf der Erde begegnet. Doch nun seid ihr alle auf dem Heimweg zu eurer G\u00f6ttlichkeit und d\u00fcrft euch von allen Rollen in menschlicher Gestalt langsam aber sicher verabschieden.<\/p><p align=\"CENTER\">Ihr k\u00f6nnt Mich zwar noch nicht von Angesicht zu Angesicht durch den Schleier, der die verschiedenen Dimensionen noch eine Zeit trennen wird, sehen, doch euer inwendiger Geist wei\u00df, dass WIR IN GOTT EINS SIND.<\/p><p align=\"CENTER\"><strong>Schon wiederholt habe Ich euch gesagt, dass es h\u00f6chste Zeit ist, nun immer mehr g\u00f6ttlich zu denken und zu f\u00fchlen.<\/strong> Heute kann Ich alles aus der Sicht Gottes mit den Augen einer Mutter und Schwester sehen. Doch Ich kann Mich auch noch sehr gut an alles erinnern, was Ich in menschlicher Verk\u00f6rperung erlebt habe.<\/p><p align=\"CENTER\">ICH BIN genauso wie alle Aufgestiegenen Meister und Meisterinnen in der besonderen Lage, das Leben auf der Erde mit dem Leben im Himmel aus eigener Erfahrung zu verbinden und durch euren Beistand zu vereinigen.<\/p><p align=\"CENTER\"><strong>Als Mitglied des Karmischen Rates kenne ich eure gesamte Akasha-Chronik und habe f\u00fcr euch die geistige Patenschaft f\u00fcr diese so wesentliche Inkarnation \u00fcbernommen.<\/strong><\/p><p align=\"CENTER\"><img fetchpriority=\"high\" decoding=\"async\" class=\"alignnone size-medium wp-image-1363\" src=\"https:\/\/pure-divine-light.com\/wp-content\/uploads\/2022\/08\/11-300x263.jpg\" alt=\"\" width=\"300\" height=\"263\" srcset=\"https:\/\/pure-divine-light.com\/wp-content\/uploads\/2022\/08\/11-300x263.jpg 300w, https:\/\/pure-divine-light.com\/wp-content\/uploads\/2022\/08\/11-768x674.jpg 768w, https:\/\/pure-divine-light.com\/wp-content\/uploads\/2022\/08\/11-14x12.jpg 14w, https:\/\/pure-divine-light.com\/wp-content\/uploads\/2022\/08\/11.jpg 820w\" sizes=\"(max-width: 300px) 100vw, 300px\" \/><\/p><p align=\"CENTER\">Nat\u00fcrlich tragt ihr wie jede verk\u00f6rperte Seele in Menschengestalt noch das Band des Vergessens. <strong>Doch euer beharrlicher Dienst f\u00fcr DAS LICHT DES CHRISTUS erm\u00f6glicht es uns, dieses Band allm\u00e4hlich immer mehr aufzul\u00f6sen, bis ihr schlie\u00dflich eure g\u00f6ttliche Bestimmung noch in dieser Zeit deutlich sehen und erkennen k\u00f6nnt.<\/strong><\/p><p align=\"CENTER\"><strong>Diese besondere Gnade des Himmels wird nun allen Lichtarbeitern auf der Erde gem\u00e4\u00df ihrer Absicht und Entschlossenheit gew\u00e4hrt.<\/strong> Ihr seid inzwischen soweit spirituell herangereift, dass euer wahres unsterbliches CHRISTUS-SELBST \u00fcber das beschr\u00e4nkte sterbliche menschliche ego hinausgewachsen ist, und euch keine pers\u00f6nliche \u00dcberheblichkeit oder Arroganz mehr von eurem Ziel ablenken kann.<\/p><p align=\"CENTER\"><strong>Ihr habt jetzt wahrlich die letzten Stufen in der menschlichen Entfaltung zu G\u00f6ttern und G\u00f6ttinnen erreicht.<\/strong> Ich w\u00fcrde euch das nicht sagen, wenn Ich es nicht an dem Licht in euren Herzen sehen k\u00f6nnte!<\/p><p align=\"CENTER\">Nat\u00fcrlich tragt ihr alle noch die Schatten eines menschlichen Egos mit seinen unvollkommenen Gewohnheitsmustern hinter der Maske eurer Pers\u00f6nlichkeit. Doch diese werdet ihr mit der Hilfe eurer geistigen Freunde und Lehrer in absehbarer Zeit durch die allm\u00e4chtige Lichtkraft eures ICH BIN gel\u00f6scht und unsch\u00e4dlich gemacht haben.<\/p><p align=\"CENTER\"><strong>Das bedeutet, dass ihr keine sogenannten \u201eKarmischen Schulden\u201c mehr in einer weiteren Inkarnation begleichen m\u00fcsst<\/strong> und gem\u00e4\u00df eurer inneren Entscheidung auf Unserer Seite weiter dem universellen Leben und Dasein individuell dienen k\u00f6nnt.<\/p><p align=\"CENTER\">Nat\u00fcrlich steht es einem \u201eaufgestiegenen\u201c Lichtwesen dann frei, ob es doch noch einmal auf der Neuen Erde inkarnieren m\u00f6chte, um eine beh\u00fctende Funktion in Fleisch und Blut auszu\u00fcben.<\/p><p align=\"CENTER\">Auch wenn dies heute eine relativ kurze Botschaft zu sein scheint, ist sie umso bedeutender f\u00fcr eure kommenden Tage, in denen das Licht von ALPHA UND OMEGA, der Gro\u00dfen Zentralsonne, immer intensiver auf diesen Planeten und damit in die ganze Menschheit einfuten wird und alle Ausl\u00e4ufer der zu Ende gehenden Nacht des geistigen Schlafes bereinigt und verzehrt.<\/p><p align=\"CENTER\">Ihr seid wahrlich die spirituellen Fr\u00fchaufsteher und Fr\u00fchbl\u00fcher des NEUEN GOLDENEN LICHTZEITALTERS!<\/p><p align=\"CENTER\">Das allm\u00e4chtige ICH BIN verbindet alles Leben und bl\u00fcht nun in jedem von euch individuell auf!<\/p><p align=\"CENTER\">K\u00f6nnt ihr das verstehen, dass ihr alle genauso wie JESUS, LADY NADA, die ihr auch als MARIA MAGDALENA kennt, JOSEF und so viele andere eine ganz besonders einmalige g\u00f6ttliche Bl\u00fcte seid?<\/p><p align=\"CENTER\">Im Garten Gottes IST ALLES LEBEN EINS und zutiefst miteinander verbunden. Die unbegrenzte Vielfalt der Lebensformen ist Ausdruck des einen Gottes ICH BIN.<\/p><p align=\"CENTER\"><strong>Jetzt seid ihr da angekommen, wo ihr geistig gesehen wieder EINS MIT UNS SEID.<\/strong><\/p><p align=\"CENTER\">Darum kann Ich auch durch Michael sprechen, wie ein Herz und eine Seele.<\/p><p align=\"CENTER\">In Gott gibt es keine Trennung. GOTT ist die Allmacht und Allgegenwart der Einen LIEBE, die unsere Seelen und Herzen direkt miteinander verbindet!<\/p><p align=\"CENTER\">Trennung existiert nur im menschlichen Denken und dem pers\u00f6nlichen Verstand. Der Verstand trennt, doch das Herz heilt und vereint wieder alles!<\/p><p align=\"CENTER\">So m\u00f6chte Ich euch heute f\u00fcr immer in den Mantel Meiner g\u00f6ttlichen Liebe einh\u00fcllen und euch bitten, unsere Herzensflammen miteinander zu vereinen, damit DAS G\u00d6TTLICHE durch jeden Einzelnen von euch, die Meine Worte empfangen k\u00f6nnen, zur vollen Bl\u00fcte gedeihen kann.<\/p><p align=\"CENTER\"><strong>Freut euch, denn der Weg in das Licht der Einheit allen Lebens ist nun frei!<\/strong><\/p><p align=\"CENTER\">Lasst die Schatten los, die euch noch von dem neuen Tag und dem ewigen Fr\u00fchling der Herzen trennen wollen.<\/p><p align=\"CENTER\">Sollten euch dennoch in diesen kritischen Tagen, den letzten Tagen der alten Welt, Sorgen und Probleme belasten in Form von Gedanken oder Gef\u00fchlen, dann ruft Meine g\u00f6ttliche Gegenwart herbei, um euren Geist zu tr\u00f6sten und eure Seele zu heilen.<\/p><p align=\"CENTER\"><strong>ICH BIN eure himmlische Schwester und Mutter MARIA<\/strong><\/p>\t\t\t\t\t\t\t\t<\/div>\n\t\t\t\t<\/div>\n\t\t\t\t\t<\/div>\n\t\t<\/div>\n\t\t\t\t\t<\/div>\n\t\t<\/section>\n\t\t\t\t<section class=\"elementor-section elementor-top-section elementor-element elementor-element-c8fbfad elementor-section-boxed elementor-section-height-default elementor-section-height-default\" data-id=\"c8fbfad\" data-element_type=\"section\" data-e-type=\"section\">\n\t\t\t\t\t\t<div class=\"elementor-container elementor-column-gap-default\">\n\t\t\t\t\t<div class=\"elementor-column elementor-col-100 elementor-top-column elementor-element elementor-element-beb1539\" data-id=\"beb1539\" data-element_type=\"column\" data-e-type=\"column\">\n\t\t\t<div class=\"elementor-widget-wrap elementor-element-populated\">\n\t\t\t\t\t\t<div class=\"elementor-element elementor-element-eb84345 elementor-widget elementor-widget-spacer\" data-id=\"eb84345\" data-element_type=\"widget\" data-e-type=\"widget\" data-widget_type=\"spacer.default\">\n\t\t\t\t<div class=\"elementor-widget-container\">\n\t\t\t\t\t\t\t<div class=\"elementor-spacer\">\n\t\t\t<div class=\"elementor-spacer-inner\"><\/div>\n\t\t<\/div>\n\t\t\t\t\t\t<\/div>\n\t\t\t\t<\/div>\n\t\t\t\t\t<\/div>\n\t\t<\/div>\n\t\t\t\t\t<\/div>\n\t\t<\/section>\n\t\t\t\t<\/div>\n\t\t","protected":false},"excerpt":{"rendered":"<p>MUTTER MARIA zu unserem 100. Licht&shy;dienst am 26. M\u00e4rz 2022 Geliebte Schwestern und Br\u00fcder, welche heute hier an dieser Lichtfeier physisch und auch geistig anwesend sind! Es ist mir eine gro\u00dfe Ehre, dass Ich als \u201eMUTTER MARIA\u201c zu diesem 100. Lichtdienst f\u00fcr die Geistige Hierarchie dieses Sonnensystems von HELIOS UND VESTA zu eurem Geist und [&hellip;]<\/p>\n","protected":false},"author":1,"featured_media":0,"parent":0,"menu_order":0,"comment_status":"closed","ping_status":"closed","template":"","meta":{"ocean_post_layout":"full-screen","ocean_both_sidebars_style":"","ocean_both_sidebars_content_width":0,"ocean_both_sidebars_sidebars_width":0,"ocean_sidebar":"0","ocean_second_sidebar":"0","ocean_disable_margins":"enable","ocean_add_body_class":"","ocean_shortcode_before_top_bar":"","ocean_shortcode_after_top_bar":"","ocean_shortcode_before_header":"","ocean_shortcode_after_header":"","ocean_has_shortcode":"","ocean_shortcode_after_title":"","ocean_shortcode_before_footer_widgets":"","ocean_shortcode_after_footer_widgets":"","ocean_shortcode_before_footer_bottom":"","ocean_shortcode_after_footer_bottom":"","ocean_display_top_bar":"off","ocean_display_header":"default","ocean_header_style":"","ocean_center_header_left_menu":"0","ocean_custom_header_template":"0","ocean_custom_logo":0,"ocean_custom_retina_logo":0,"ocean_custom_logo_max_width":0,"ocean_custom_logo_tablet_max_width":0,"ocean_custom_logo_mobile_max_width":0,"ocean_custom_logo_max_height":0,"ocean_custom_logo_tablet_max_height":0,"ocean_custom_logo_mobile_max_height":0,"ocean_header_custom_menu":"0","ocean_menu_typo_font_family":"0","ocean_menu_typo_font_subset":"","ocean_menu_typo_font_size":0,"ocean_menu_typo_font_size_tablet":0,"ocean_menu_typo_font_size_mobile":0,"ocean_menu_typo_font_size_unit":"px","ocean_menu_typo_font_weight":"","ocean_menu_typo_font_weight_tablet":"","ocean_menu_typo_font_weight_mobile":"","ocean_menu_typo_transform":"","ocean_menu_typo_transform_tablet":"","ocean_menu_typo_transform_mobile":"","ocean_menu_typo_line_height":0,"ocean_menu_typo_line_height_tablet":0,"ocean_menu_typo_line_height_mobile":0,"ocean_menu_typo_line_height_unit":"","ocean_menu_typo_spacing":0,"ocean_menu_typo_spacing_tablet":0,"ocean_menu_typo_spacing_mobile":0,"ocean_menu_typo_spacing_unit":"","ocean_menu_link_color":"","ocean_menu_link_color_hover":"","ocean_menu_link_color_active":"","ocean_menu_link_background":"","ocean_menu_link_hover_background":"","ocean_menu_link_active_background":"","ocean_menu_social_links_bg":"","ocean_menu_social_hover_links_bg":"","ocean_menu_social_links_color":"","ocean_menu_social_hover_links_color":"","ocean_disable_title":"on","ocean_disable_heading":"default","ocean_post_title":"","ocean_post_subheading":"","ocean_post_title_style":"","ocean_post_title_background_color":"","ocean_post_title_background":0,"ocean_post_title_bg_image_position":"","ocean_post_title_bg_image_attachment":"","ocean_post_title_bg_image_repeat":"","ocean_post_title_bg_image_size":"","ocean_post_title_height":0,"ocean_post_title_bg_overlay":0.5,"ocean_post_title_bg_overlay_color":"","ocean_disable_breadcrumbs":"default","ocean_breadcrumbs_color":"","ocean_breadcrumbs_separator_color":"","ocean_breadcrumbs_links_color":"","ocean_breadcrumbs_links_hover_color":"","ocean_display_footer_widgets":"off","ocean_display_footer_bottom":"on","ocean_custom_footer_template":"0","footnotes":""},"class_list":["post-1358","page","type-page","status-publish","hentry","entry"],"_links":{"self":[{"href":"https:\/\/pure-divine-light.com\/de\/wp-json\/wp\/v2\/pages\/1358","targetHints":{"allow":["GET"]}}],"collection":[{"href":"https:\/\/pure-divine-light.com\/de\/wp-json\/wp\/v2\/pages"}],"about":[{"href":"https:\/\/pure-divine-light.com\/de\/wp-json\/wp\/v2\/types\/page"}],"author":[{"embeddable":true,"href":"https:\/\/pure-divine-light.com\/de\/wp-json\/wp\/v2\/users\/1"}],"replies":[{"embeddable":true,"href":"https:\/\/pure-divine-light.com\/de\/wp-json\/wp\/v2\/comments?post=1358"}],"version-history":[{"count":0,"href":"https:\/\/pure-divine-light.com\/de\/wp-json\/wp\/v2\/pages\/1358\/revisions"}],"wp:attachment":[{"href":"https:\/\/pure-divine-light.com\/de\/wp-json\/wp\/v2\/media?parent=1358"}],"curies":[{"name":"wp","href":"https:\/\/api.w.org\/{rel}","templated":true}]}}