{"id":1380,"date":"2022-08-19T06:28:10","date_gmt":"2022-08-19T06:28:10","guid":{"rendered":"https:\/\/pure-divine-light.com\/?page_id=1380"},"modified":"2022-09-12T09:20:16","modified_gmt":"2022-09-12T09:20:16","slug":"botschaft-von-hilarion","status":"publish","type":"page","link":"https:\/\/pure-divine-light.com\/de\/botschaft-von-hilarion\/","title":{"rendered":"Botschaft von Hilarion"},"content":{"rendered":"\t\t<div data-elementor-type=\"wp-page\" data-elementor-id=\"1380\" class=\"elementor elementor-1380\">\n\t\t\t\t\t\t<section class=\"elementor-section elementor-top-section elementor-element elementor-element-43bdf897 elementor-section-height-min-height elementor-section-boxed elementor-section-height-default elementor-section-items-middle\" data-id=\"43bdf897\" data-element_type=\"section\" data-e-type=\"section\" data-settings=\"{&quot;background_background&quot;:&quot;classic&quot;}\">\n\t\t\t\t\t\t\t<div class=\"elementor-background-overlay\"><\/div>\n\t\t\t\t\t\t\t<div class=\"elementor-container elementor-column-gap-wider\">\n\t\t\t\t\t<div class=\"elementor-column elementor-col-100 elementor-top-column elementor-element elementor-element-6fc27cf1\" data-id=\"6fc27cf1\" data-element_type=\"column\" data-e-type=\"column\">\n\t\t\t<div class=\"elementor-widget-wrap elementor-element-populated\">\n\t\t\t\t\t\t<div class=\"elementor-element elementor-element-580186a4 elementor-widget elementor-widget-heading\" data-id=\"580186a4\" data-element_type=\"widget\" data-e-type=\"widget\" data-settings=\"{&quot;_animation&quot;:&quot;none&quot;}\" data-widget_type=\"heading.default\">\n\t\t\t\t<div class=\"elementor-widget-container\">\n\t\t\t\t\t<h1 class=\"elementor-heading-title elementor-size-default\">Botschaft von HILARION f\u00fcr unseren Licht&shy;dienst<\/h1>\t\t\t\t<\/div>\n\t\t\t\t<\/div>\n\t\t\t\t\t<\/div>\n\t\t<\/div>\n\t\t\t\t\t<\/div>\n\t\t<\/section>\n\t\t\t\t<section class=\"elementor-section elementor-top-section elementor-element elementor-element-6d13c147 elementor-section-boxed elementor-section-height-default elementor-section-height-default\" data-id=\"6d13c147\" data-element_type=\"section\" data-e-type=\"section\">\n\t\t\t\t\t\t<div class=\"elementor-container elementor-column-gap-default\">\n\t\t\t\t\t<div class=\"elementor-column elementor-col-100 elementor-top-column elementor-element elementor-element-609781bc\" data-id=\"609781bc\" data-element_type=\"column\" data-e-type=\"column\">\n\t\t\t<div class=\"elementor-widget-wrap elementor-element-populated\">\n\t\t\t\t\t\t<div class=\"elementor-element elementor-element-37a8a8d0 elementor-widget elementor-widget-spacer\" data-id=\"37a8a8d0\" data-element_type=\"widget\" data-e-type=\"widget\" data-widget_type=\"spacer.default\">\n\t\t\t\t<div class=\"elementor-widget-container\">\n\t\t\t\t\t\t\t<div class=\"elementor-spacer\">\n\t\t\t<div class=\"elementor-spacer-inner\"><\/div>\n\t\t<\/div>\n\t\t\t\t\t\t<\/div>\n\t\t\t\t<\/div>\n\t\t\t\t\t<\/div>\n\t\t<\/div>\n\t\t\t\t\t<\/div>\n\t\t<\/section>\n\t\t\t\t<section class=\"elementor-section elementor-top-section elementor-element elementor-element-e132d4a elementor-section-boxed elementor-section-height-default elementor-section-height-default\" data-id=\"e132d4a\" data-element_type=\"section\" data-e-type=\"section\">\n\t\t\t\t\t\t<div class=\"elementor-container elementor-column-gap-default\">\n\t\t\t\t\t<div class=\"elementor-column elementor-col-100 elementor-top-column elementor-element elementor-element-102f91c\" data-id=\"102f91c\" data-element_type=\"column\" data-e-type=\"column\">\n\t\t\t<div class=\"elementor-widget-wrap elementor-element-populated\">\n\t\t\t\t\t\t<div class=\"elementor-element elementor-element-079b8a3 elementor-widget elementor-widget-text-editor\" data-id=\"079b8a3\" data-element_type=\"widget\" data-e-type=\"widget\" data-widget_type=\"text-editor.default\">\n\t\t\t\t<div class=\"elementor-widget-container\">\n\t\t\t\t\t\t\t\t\t<p align=\"CENTER\"><span style=\"font-size: large;\">Empfangen auf KRETA<\/span><\/p><p align=\"CENTER\"><span style=\"font-size: large;\">Geliebte Schwestern und Br\u00fcder auf dem Heimweg in das Licht. Heute kann ich als euer Freund und Bruder Hilarion wieder einige Worte aus dem Kraftfeld des Tempels der Wahrheit und Heilung hier \u00fcber der Insel Kreta in euer Herz legen. Nat\u00fcrlich ist in meinen Worten auch die heilende und segensreiche Energie von PALLAS ATHENE, der G\u00f6ttin der Wahrheit und von ERZENGEL RAPHAEL, dem Erzengel der Heilung und G\u00f6ttlichen Hingabe enthalten. Dar\u00fcber hinaus seid ihr genau jetzt von all euren himmlischen Geschwistern, zu denen sowohl ENGEL wie auch ehemalige Weggef\u00e4hrten geh\u00f6ren und mit mir <\/span><span style=\"font-size: large;\"><b>hier<\/b><\/span><span style=\"font-size: large;\"> in der <\/span><span style=\"font-size: large;\"><b>Bruderschaft von Kreta<\/b><\/span><span style=\"font-size: large;\"> dienen, in bedingungslose Liebe eingeh\u00fcllt.<\/span><\/p><p align=\"CENTER\"><img fetchpriority=\"high\" decoding=\"async\" class=\"alignnone size-full wp-image-3497\" src=\"https:\/\/pure-divine-light.com\/wp-content\/uploads\/2022\/09\/Baum.jpg\" alt=\"\" width=\"300\" height=\"198\" srcset=\"https:\/\/pure-divine-light.com\/wp-content\/uploads\/2022\/09\/Baum.jpg 300w, https:\/\/pure-divine-light.com\/wp-content\/uploads\/2022\/09\/Baum-150x99.jpg 150w, https:\/\/pure-divine-light.com\/wp-content\/uploads\/2022\/09\/Baum-18x12.jpg 18w\" sizes=\"(max-width: 300px) 100vw, 300px\" \/><\/p>\t\t\t\t\t\t\t\t<\/div>\n\t\t\t\t<\/div>\n\t\t\t\t\t<\/div>\n\t\t<\/div>\n\t\t\t\t\t<\/div>\n\t\t<\/section>\n\t\t\t\t<section class=\"elementor-section elementor-top-section elementor-element elementor-element-45254c5 elementor-section-boxed elementor-section-height-default elementor-section-height-default\" data-id=\"45254c5\" data-element_type=\"section\" data-e-type=\"section\">\n\t\t\t\t\t\t<div class=\"elementor-container elementor-column-gap-default\">\n\t\t\t\t\t<div class=\"elementor-column elementor-col-100 elementor-top-column elementor-element elementor-element-935f0a4\" data-id=\"935f0a4\" data-element_type=\"column\" data-e-type=\"column\">\n\t\t\t<div class=\"elementor-widget-wrap elementor-element-populated\">\n\t\t\t\t\t\t<div class=\"elementor-element elementor-element-4cde907 elementor-widget elementor-widget-text-editor\" data-id=\"4cde907\" data-element_type=\"widget\" data-e-type=\"widget\" data-widget_type=\"text-editor.default\">\n\t\t\t\t<div class=\"elementor-widget-container\">\n\t\t\t\t\t\t\t\t\t<p align=\"CENTER\"><span style=\"font-size: large;\">Geliebte, allein an euch liegt es, wie weit ihr aufnahmebereit f\u00fcr <\/span><span style=\"font-size: large;\"><b>unsere Gegenwart<\/b><\/span><span style=\"font-size: large;\"> seid!<\/span><\/p><p align=\"CENTER\"><span style=\"font-size: large;\">Ich bitte euch deshalb noch einmal mit meiner ganzen Liebe zu euch, in dieser Zeit eure gesamte Aufmerksamkeit auf das G\u00f6ttliche, auf das Vollkommene, zu richten. Nehmt die Gegenwart Gottes vor allem auch <\/span><span style=\"font-size: large;\"><b>in euch Selbst<\/b><\/span><span style=\"font-size: large;\"> an und versucht mit alle eurer euch zur Verf\u00fcgung stehenden geistigen Kraft und Entschlossenheit den g\u00f6ttlichen Funken in euren Herzen zu entz\u00fcnden und immer weiter auszudehnen.<\/span><\/p><p align=\"CENTER\"><span style=\"font-size: large;\">Wisst und erkennt, dass ihr als G\u00f6tter und G\u00f6ttinnen, als T\u00f6chter und S\u00f6hne des EINEN GOTTES ICH BIN in diese Welt gesendet worden seid, um die Menschen an ihren himmlischen Ursprung zu erinnern. ICH BIN es, der heute im Auftrag von Pallas Athene und von Erzengel Raphael zu euch sprechen darf, weil ich einst genauso wie ihr als Mensch verk\u00f6rpert \u00fcber diese kostbare Erde wandelte. <\/span><\/p><p align=\"CENTER\"><span style=\"font-size: large;\">Eines Tages gelang es mir auch mit Hilfe des Beistandes von JESUS CHRISTUS die Illusionen der irdischen Pers\u00f6nlichkeit zu erkennen und mit der inneren <\/span><span style=\"font-size: large;\">Entschlossenheit meines wahren und ewigen geistigen Selbstes zu \u00fcberwinden. Heute BIN ICH da angekommen, wo ihr bald alle gem\u00e4\u00df eurer inneren Absicht und Beharrlichkeit sein k\u00f6nnt.<\/span><\/p><p align=\"CENTER\"><span style=\"font-size: large;\">Doch die Zeit auf der Erde l\u00e4uft immer schneller ab. Darum ermahnen WIR die Menschen, die UNS um Hilfe und Beistand bitten, keine Zeit mehr zu verschwenden! Die Masse der Menschheit zeigt sich nicht in der Lage, die vielen Gelegenheiten wahrzunehmen, die mit jedem neuen Tag gew\u00e4hrt werden. Doch ihr seid alle viele Lebenszeiten auf diese <\/span><span style=\"font-size: large;\"><b>Wendezeit<\/b><\/span><span style=\"font-size: large;\"> vorbereitet worden, die genau <\/span><span style=\"font-size: large;\"><b>jetzt<\/b><\/span><span style=\"font-size: large;\"> auf der Erde geschieht. <\/span><\/p><p style=\"text-align: center;\"><span style=\"font-size: large;\">\u00d6ffnet bitte eure geistigen Augen und Ohren f\u00fcr diese kostbaren Gelegenheiten, um endlich \u201eam Ende der Zeit\u201c zu eurer <\/span><span style=\"font-size: large;\"><b>eingeborenen G\u00f6ttlichkeit zu erwachen<\/b><\/span><span style=\"font-size: large;\">!<\/span><\/p><p align=\"CENTER\"><span style=\"font-size: large;\">Ja, \u00f6ffnet euer Herz und eure Seele f\u00fcr das strahlende GOLDENE LICHT DER NEUEN ZEIT, die geistig schon angebrochen ist f\u00fcr diejenigen , die ganz auf GOTT vertrauen und sich Seiner liebenden geistigen Gegenwart hingegeben haben. Alle Botschafter aus den hohen geistigen Ebenen betonen, wie wichtig es ist, sich dem G\u00f6ttlichen mit ganzer Seele und mit ganzem Herzen hinzugeben, und bereit zu sein, die alte irdische Pers\u00f6nlichkeit mit allen ihren Verhaftungen an die von dunklen Kr\u00e4ften geschaffene Matrix und ihren auferlegten mentalen Beschr\u00e4nkungen loszulassen und zu begraben.<\/span><\/p><p align=\"CENTER\"><span style=\"font-size: large;\">Wisst und begreift, dass die sogenannte Transformationsenergie nun t\u00e4glich, ja st\u00fcndlich, zunimmt. Die Verwandlung und Reinigung des menschlichen Bewusstseins und der Menschenherzen geschieht auf Hochtouren, bis dass die Wahrheit in allen Belangen und auf allen Ebenen des Bewusstseins ans Licht kommt. Haltet euch bereit f\u00fcr noch sehr viele Enth\u00fcllungen und zieht eure un\u00fcberwindliche R\u00fcstung des Glaubens und Vertrauens an, die euch sicher besch\u00fctzen wird. In Wahrheit ist es jetzt allerh\u00f6chste Zeit, sich von seinem alten sterblichen Ego zu befreien und sich seinem urspr\u00fcnglichen wahren und ewigen Selbst, das eins mit GOTT ist, wieder zuzuwenden und ihm seine ganze Lebensenergie zu weihen. Es gibt keinen anderen Weg zu Gott, als den \u00fcber sein eigenes inwendiges selbst, das ICH BIN!<\/span><\/p><p align=\"CENTER\"><span style=\"font-size: large;\">Das ist die ewig wahre Bedeutung und der Sinn dieser Aussage: ICH BIN DER WEG, DIE WAHRHEIT UND DAS EWIGE LEBEN.<\/span><\/p><p align=\"CENTER\"><span style=\"font-size: large;\">Atmet diese m\u00e4chtigen und wahren Worte mit jedem Atemzug ein und aus, bis dass jede Zelle eures K\u00f6rpers und jede Faser eures Seins damit erf\u00fcllt und aufgeladen ist.<\/span><\/p><p align=\"CENTER\"><span style=\"font-size: large;\">F\u00fcrchtet euch nicht vor den vor\u00fcbergehenden Ereignissen und Erscheinungen in einer Welt voller L\u00fcgengeb\u00e4ude und inszenierter Irrlehren. Seht doch, in welchem Zustand sich diese einst vollkommen erschaffene Erde und diese Menschheit sich befinden. Seht und erkennt wie r\u00fccksichtslos ihr zum Teil selbst mit eurem K\u00f6rper umgeht, der eigentlich ein vollkommenes und hilfreiches Instrument auf eurem Lichtweg sein soll, um die g\u00f6ttliche Gegenwart zum Ausdruck zu bringen.<\/span><\/p><p align=\"CENTER\"><span style=\"font-size: large;\">Geliebte Herzen, ihr k\u00f6nnt jederzeit wieder vollkommene Heilung erhalten und euch auf den geistigen Heimweg begeben, wenn ihr es zutiefst wirklich wollt. <\/span><\/p><p align=\"CENTER\"><span style=\"font-size: large;\">Die Wahrheit eurer Absicht macht den Weg zu uns frei!<\/span><\/p><p align=\"CENTER\"><span style=\"font-size: large;\">Mit jedem Tag entscheidet ihr selbst \u00fcber die Richtung eures Weges. Folgt ihr dem Weg der irdischen Verg\u00e4nglichkeit bzw. dem Weg der menschlichen Pers\u00f6nlichkeit oder dem Weg eures geistigen unsichtbaren aber wahren Inneren CHRISTUS-SELBST, das euch <\/span><span style=\"font-size: large;\"><b>in das Licht der Vollkommenheit und Unsterblichkeit<\/b><\/span> <span style=\"font-size: large;\"><b>heim f\u00fchrt\u2026<\/b><\/span><\/p><p align=\"CENTER\"><span style=\"font-size: large;\">ICH BIN, wie alle eure heimgekehrten Schwestern und Br\u00fcder, die ihre geistige Entwicklung auf dieser herrlichen Erde abgeschlossen haben, wieder in dem Zustand angekommen, den ihr die <\/span><span style=\"font-size: large;\"><b>Ewigkeit<\/b><\/span><span style=\"font-size: large;\"> nennt, d.h. dass wir nicht mehr an Raum und Zeit gebunden sind. Wir k\u00f6nnen euch deshalb in dem Licht eurer Herzen <\/span><span style=\"font-size: large;\"><b>immer und \u00fcberall <\/b><\/span><span style=\"font-size: large;\">mit unserer liebenden Gegenwart begegnen und erreichen, wenn ihr es so wollt! Das ist <\/span><span style=\"font-size: large;\"><b>das Gesetz der Liebe<\/b><\/span><span style=\"font-size: large;\">.<\/span><\/p><p align=\"CENTER\"><span style=\"font-size: large;\">\u00a0Heute spreche ICH zu euch aus dem Licht der geistigen Einheit und dem Ewigen Licht der Wahrheit, die wir im \u00c4therreich \u00fcber der Insel Kreta h\u00fcten und den Menschen, die aufrichtig danach suchen, lehren und so gut es geht \u00fcbermitteln, so wie bei dieser Gelegenheit.<\/span><\/p><p align=\"CENTER\"><img decoding=\"async\" class=\"alignnone size-full wp-image-3498\" src=\"https:\/\/pure-divine-light.com\/wp-content\/uploads\/2022\/09\/Kreta.jpg\" alt=\"\" width=\"320\" height=\"180\" srcset=\"https:\/\/pure-divine-light.com\/wp-content\/uploads\/2022\/09\/Kreta.jpg 320w, https:\/\/pure-divine-light.com\/wp-content\/uploads\/2022\/09\/Kreta-150x84.jpg 150w, https:\/\/pure-divine-light.com\/wp-content\/uploads\/2022\/09\/Kreta-18x10.jpg 18w\" sizes=\"(max-width: 320px) 100vw, 320px\" \/><\/p>\t\t\t\t\t\t\t\t<\/div>\n\t\t\t\t<\/div>\n\t\t\t\t\t<\/div>\n\t\t<\/div>\n\t\t\t\t\t<\/div>\n\t\t<\/section>\n\t\t\t\t<section class=\"elementor-section elementor-top-section elementor-element elementor-element-c552938 elementor-section-boxed elementor-section-height-default elementor-section-height-default\" data-id=\"c552938\" data-element_type=\"section\" data-e-type=\"section\">\n\t\t\t\t\t\t<div class=\"elementor-container elementor-column-gap-default\">\n\t\t\t\t\t<div class=\"elementor-column elementor-col-100 elementor-top-column elementor-element elementor-element-5d96d4c\" data-id=\"5d96d4c\" data-element_type=\"column\" data-e-type=\"column\">\n\t\t\t<div class=\"elementor-widget-wrap elementor-element-populated\">\n\t\t\t\t\t\t<div class=\"elementor-element elementor-element-d6f9900 elementor-widget elementor-widget-text-editor\" data-id=\"d6f9900\" data-element_type=\"widget\" data-e-type=\"widget\" data-widget_type=\"text-editor.default\">\n\t\t\t\t<div class=\"elementor-widget-container\">\n\t\t\t\t\t\t\t\t\t<p align=\"CENTER\">Geliebte Lichtgeschwister, die ihr diese Worte auf der Erde h\u00f6rt oder lest, bleibt der ewigen Wahrheit treu und haltet an der Verbindung mit unserem Reich und eurer geistigen Heimat fest. Noch nie waren Menschen dem Himmel so nah und noch nie waren so viele Menschenseelen ihrem geistigen Ursprung und der Quelle allen Lebens so fern wie kurz vor dem Ende der alten Zeit.<\/p><p align=\"CENTER\">Ich danke und segne euch f\u00fcr eure Aufmerksamkeit und alle eure geistigen Bem\u00fchungen, das G\u00f6ttliche zum Ausdruck zu bringen.<\/p><p align=\"CENTER\">So r\u00fcstet euren Geist mit noch mehr Geduld, Vertrauen und Entschlossenheit, damit ihr zu jenen geh\u00f6rt, die schon baldigst ihre Verkl\u00e4rung erleben und erfahren k\u00f6nnen und sollen.<\/p><p align=\"CENTER\">ICH BIN HILARION, H\u00fcter des Strahls der Wahrheit, der geistigen Heilung und der zuversichtlichen Hingabe an das G\u00f6ttliche und freue mich mit euch auf das Gro\u00dfe Kosmische Event, das da f\u00fcr den erfolgreichen Aufstieg der Erde und alle Mitsch\u00f6pfer des wahrlich Goldenen Zeitalters vorgesehen ist\u2026<\/p><p align=\"CENTER\">So zieht nun alle, die ihr diese Botschaft mit euren Herzen vernehmt, das geistige Gewand des CHRISTUS-BEWUSSTSEINS an und legt das alte Kleid eurer irdischen Pers\u00f6nlichkeit mit den ausgedienten Mustern in die Hand eures Hohen SELBST.<\/p><p align=\"CENTER\">Und das soll euch als Zeichen dienen:<\/p><p align=\"CENTER\">Bevor etwas NEU geboren wird, muss es zuerst <b>im Inneren<\/b>, d.h. im Verborgenen, wachsen und gedeihen!<\/p><p align=\"CENTER\">In ewiger Liebe, Wahrheit und geistiger Verbundenheit habe ich euch diese Worte ins Herz geschrieben.<\/p><p align=\"CENTER\"><strong>ICH BIN Hilarion<\/strong><\/p>\t\t\t\t\t\t\t\t<\/div>\n\t\t\t\t<\/div>\n\t\t\t\t\t<\/div>\n\t\t<\/div>\n\t\t\t\t\t<\/div>\n\t\t<\/section>\n\t\t\t\t<section class=\"elementor-section elementor-top-section elementor-element elementor-element-3b74359 elementor-section-boxed elementor-section-height-default elementor-section-height-default\" data-id=\"3b74359\" data-element_type=\"section\" data-e-type=\"section\">\n\t\t\t\t\t\t<div class=\"elementor-container elementor-column-gap-default\">\n\t\t\t\t\t<div class=\"elementor-column elementor-col-100 elementor-top-column elementor-element elementor-element-3b1c7d1\" data-id=\"3b1c7d1\" data-element_type=\"column\" data-e-type=\"column\">\n\t\t\t<div class=\"elementor-widget-wrap elementor-element-populated\">\n\t\t\t\t\t\t<div class=\"elementor-element elementor-element-ebd503d elementor-widget elementor-widget-spacer\" data-id=\"ebd503d\" data-element_type=\"widget\" data-e-type=\"widget\" data-widget_type=\"spacer.default\">\n\t\t\t\t<div class=\"elementor-widget-container\">\n\t\t\t\t\t\t\t<div class=\"elementor-spacer\">\n\t\t\t<div class=\"elementor-spacer-inner\"><\/div>\n\t\t<\/div>\n\t\t\t\t\t\t<\/div>\n\t\t\t\t<\/div>\n\t\t\t\t\t<\/div>\n\t\t<\/div>\n\t\t\t\t\t<\/div>\n\t\t<\/section>\n\t\t\t\t<\/div>\n\t\t","protected":false},"excerpt":{"rendered":"<p>Botschaft von HILARION f\u00fcr unseren Licht&shy;dienst Empfangen auf KRETA Geliebte Schwestern und Br\u00fcder auf dem Heimweg in das Licht. Heute kann ich als euer Freund und Bruder Hilarion wieder einige Worte aus dem Kraftfeld des Tempels der Wahrheit und Heilung hier \u00fcber der Insel Kreta in euer Herz legen. Nat\u00fcrlich ist in meinen Worten auch [&hellip;]<\/p>\n","protected":false},"author":1,"featured_media":0,"parent":0,"menu_order":0,"comment_status":"closed","ping_status":"closed","template":"","meta":{"ocean_post_layout":"full-screen","ocean_both_sidebars_style":"","ocean_both_sidebars_content_width":0,"ocean_both_sidebars_sidebars_width":0,"ocean_sidebar":"0","ocean_second_sidebar":"0","ocean_disable_margins":"enable","ocean_add_body_class":"","ocean_shortcode_before_top_bar":"","ocean_shortcode_after_top_bar":"","ocean_shortcode_before_header":"","ocean_shortcode_after_header":"","ocean_has_shortcode":"","ocean_shortcode_after_title":"","ocean_shortcode_before_footer_widgets":"","ocean_shortcode_after_footer_widgets":"","ocean_shortcode_before_footer_bottom":"","ocean_shortcode_after_footer_bottom":"","ocean_display_top_bar":"off","ocean_display_header":"default","ocean_header_style":"","ocean_center_header_left_menu":"0","ocean_custom_header_template":"0","ocean_custom_logo":0,"ocean_custom_retina_logo":0,"ocean_custom_logo_max_width":0,"ocean_custom_logo_tablet_max_width":0,"ocean_custom_logo_mobile_max_width":0,"ocean_custom_logo_max_height":0,"ocean_custom_logo_tablet_max_height":0,"ocean_custom_logo_mobile_max_height":0,"ocean_header_custom_menu":"0","ocean_menu_typo_font_family":"0","ocean_menu_typo_font_subset":"","ocean_menu_typo_font_size":0,"ocean_menu_typo_font_size_tablet":0,"ocean_menu_typo_font_size_mobile":0,"ocean_menu_typo_font_size_unit":"px","ocean_menu_typo_font_weight":"","ocean_menu_typo_font_weight_tablet":"","ocean_menu_typo_font_weight_mobile":"","ocean_menu_typo_transform":"","ocean_menu_typo_transform_tablet":"","ocean_menu_typo_transform_mobile":"","ocean_menu_typo_line_height":0,"ocean_menu_typo_line_height_tablet":0,"ocean_menu_typo_line_height_mobile":0,"ocean_menu_typo_line_height_unit":"","ocean_menu_typo_spacing":0,"ocean_menu_typo_spacing_tablet":0,"ocean_menu_typo_spacing_mobile":0,"ocean_menu_typo_spacing_unit":"","ocean_menu_link_color":"","ocean_menu_link_color_hover":"","ocean_menu_link_color_active":"","ocean_menu_link_background":"","ocean_menu_link_hover_background":"","ocean_menu_link_active_background":"","ocean_menu_social_links_bg":"","ocean_menu_social_hover_links_bg":"","ocean_menu_social_links_color":"","ocean_menu_social_hover_links_color":"","ocean_disable_title":"on","ocean_disable_heading":"default","ocean_post_title":"","ocean_post_subheading":"","ocean_post_title_style":"","ocean_post_title_background_color":"","ocean_post_title_background":0,"ocean_post_title_bg_image_position":"","ocean_post_title_bg_image_attachment":"","ocean_post_title_bg_image_repeat":"","ocean_post_title_bg_image_size":"","ocean_post_title_height":0,"ocean_post_title_bg_overlay":0.5,"ocean_post_title_bg_overlay_color":"","ocean_disable_breadcrumbs":"default","ocean_breadcrumbs_color":"","ocean_breadcrumbs_separator_color":"","ocean_breadcrumbs_links_color":"","ocean_breadcrumbs_links_hover_color":"","ocean_display_footer_widgets":"off","ocean_display_footer_bottom":"on","ocean_custom_footer_template":"0","footnotes":""},"class_list":["post-1380","page","type-page","status-publish","hentry","entry"],"_links":{"self":[{"href":"https:\/\/pure-divine-light.com\/de\/wp-json\/wp\/v2\/pages\/1380","targetHints":{"allow":["GET"]}}],"collection":[{"href":"https:\/\/pure-divine-light.com\/de\/wp-json\/wp\/v2\/pages"}],"about":[{"href":"https:\/\/pure-divine-light.com\/de\/wp-json\/wp\/v2\/types\/page"}],"author":[{"embeddable":true,"href":"https:\/\/pure-divine-light.com\/de\/wp-json\/wp\/v2\/users\/1"}],"replies":[{"embeddable":true,"href":"https:\/\/pure-divine-light.com\/de\/wp-json\/wp\/v2\/comments?post=1380"}],"version-history":[{"count":0,"href":"https:\/\/pure-divine-light.com\/de\/wp-json\/wp\/v2\/pages\/1380\/revisions"}],"wp:attachment":[{"href":"https:\/\/pure-divine-light.com\/de\/wp-json\/wp\/v2\/media?parent=1380"}],"curies":[{"name":"wp","href":"https:\/\/api.w.org\/{rel}","templated":true}]}}