{"id":1470,"date":"2022-08-19T11:29:49","date_gmt":"2022-08-19T11:29:49","guid":{"rendered":"https:\/\/pure-divine-light.com\/?page_id=1470"},"modified":"2022-09-11T12:32:47","modified_gmt":"2022-09-11T12:32:47","slug":"botschaft-von-erzengel-gabriel","status":"publish","type":"page","link":"https:\/\/pure-divine-light.com\/de\/botschaft-von-erzengel-gabriel\/","title":{"rendered":"Botschaft von Erzengel Gabriel"},"content":{"rendered":"\t\t<div data-elementor-type=\"wp-page\" data-elementor-id=\"1470\" class=\"elementor elementor-1470\">\n\t\t\t\t\t\t<section class=\"elementor-section elementor-top-section elementor-element elementor-element-3179454c elementor-section-height-min-height elementor-section-boxed elementor-section-height-default elementor-section-items-middle\" data-id=\"3179454c\" data-element_type=\"section\" data-e-type=\"section\" data-settings=\"{&quot;background_background&quot;:&quot;classic&quot;}\">\n\t\t\t\t\t\t\t<div class=\"elementor-background-overlay\"><\/div>\n\t\t\t\t\t\t\t<div class=\"elementor-container elementor-column-gap-wider\">\n\t\t\t\t\t<div class=\"elementor-column elementor-col-100 elementor-top-column elementor-element elementor-element-4529c13b\" data-id=\"4529c13b\" data-element_type=\"column\" data-e-type=\"column\">\n\t\t\t<div class=\"elementor-widget-wrap elementor-element-populated\">\n\t\t\t\t\t\t<div class=\"elementor-element elementor-element-284ec2df elementor-widget elementor-widget-heading\" data-id=\"284ec2df\" data-element_type=\"widget\" data-e-type=\"widget\" data-settings=\"{&quot;_animation&quot;:&quot;none&quot;}\" data-widget_type=\"heading.default\">\n\t\t\t\t<div class=\"elementor-widget-container\">\n\t\t\t\t\t<h1 class=\"elementor-heading-title elementor-size-default\">Botschaft von ERZ&shy;ENGEL GABRIEL<\/h1>\t\t\t\t<\/div>\n\t\t\t\t<\/div>\n\t\t\t\t\t<\/div>\n\t\t<\/div>\n\t\t\t\t\t<\/div>\n\t\t<\/section>\n\t\t\t\t<section class=\"elementor-section elementor-top-section elementor-element elementor-element-36e52488 elementor-section-boxed elementor-section-height-default elementor-section-height-default\" data-id=\"36e52488\" data-element_type=\"section\" data-e-type=\"section\">\n\t\t\t\t\t\t<div class=\"elementor-container elementor-column-gap-default\">\n\t\t\t\t\t<div class=\"elementor-column elementor-col-100 elementor-top-column elementor-element elementor-element-762a4e66\" data-id=\"762a4e66\" data-element_type=\"column\" data-e-type=\"column\">\n\t\t\t<div class=\"elementor-widget-wrap elementor-element-populated\">\n\t\t\t\t\t\t<div class=\"elementor-element elementor-element-4048e3ea elementor-widget elementor-widget-spacer\" data-id=\"4048e3ea\" data-element_type=\"widget\" data-e-type=\"widget\" data-widget_type=\"spacer.default\">\n\t\t\t\t<div class=\"elementor-widget-container\">\n\t\t\t\t\t\t\t<div class=\"elementor-spacer\">\n\t\t\t<div class=\"elementor-spacer-inner\"><\/div>\n\t\t<\/div>\n\t\t\t\t\t\t<\/div>\n\t\t\t\t<\/div>\n\t\t\t\t\t<\/div>\n\t\t<\/div>\n\t\t\t\t\t<\/div>\n\t\t<\/section>\n\t\t\t\t<section class=\"elementor-section elementor-top-section elementor-element elementor-element-8f9fd8f elementor-section-boxed elementor-section-height-default elementor-section-height-default\" data-id=\"8f9fd8f\" data-element_type=\"section\" data-e-type=\"section\">\n\t\t\t\t\t\t<div class=\"elementor-container elementor-column-gap-default\">\n\t\t\t\t\t<div class=\"elementor-column elementor-col-100 elementor-top-column elementor-element elementor-element-e32b395\" data-id=\"e32b395\" data-element_type=\"column\" data-e-type=\"column\">\n\t\t\t<div class=\"elementor-widget-wrap elementor-element-populated\">\n\t\t\t\t\t\t<div class=\"elementor-element elementor-element-bbb66dd elementor-widget elementor-widget-text-editor\" data-id=\"bbb66dd\" data-element_type=\"widget\" data-e-type=\"widget\" data-widget_type=\"text-editor.default\">\n\t\t\t\t<div class=\"elementor-widget-container\">\n\t\t\t\t\t\t\t\t\t<p><span style=\"font-size: medium;\"><strong>Alles<\/strong><b> geschieht zur richtigen Zeit<\/b><\/span><span style=\"font-size: medium;\">! <\/span><b> <\/b><\/p><p><span style=\"font-size: medium;\">Seid gegr\u00fc\u00dft aus dem Reich des Lichtes Gottes, das niemals versagt und alle erwachten Menschenseelen jetzt in ihre urspr\u00fcngliche geistige Heimat ruft! <\/span><\/p><p><span style=\"font-size: medium;\"><strong>ICH BIN GABRIEL, der Erzengel des Kristallin-Wei\u00dfen Strahls<\/strong>, und diene mit dem Aufgestiegenen Meister SERAPIS BEY der Menschheit bei ihrer Auferstehung und ihrem Aufstieg in die 5. Dimension. Das hei\u00dft, dass Ich euch noch eine Weile an Meiner G\u00f6ttlichen Hand halte, wenn ihr es wollt. <\/span><\/p><p><span style=\"font-size: medium;\">In Wahrheit seid ihr alle T\u00f6chter und S\u00f6hne des allm\u00e4chtigen Gottes ICH BIN! Ihr seid geboren worden, um als das Ebenbild eurer Kosmischen Eltern den Willen Gottes und die bedingungslose Liebe als CHRISTUS IN T\u00c4TIGKEIT auf der Erde in Reinheit zum Ausdruck zu bringen, genauso wie euer Bruder JESUS von Nazareth es in seiner menschlichen Verk\u00f6rperung getan hat als ein Vorbild f\u00fcr alle Menschen.<\/span><\/p><p><span style=\"font-size: medium;\"><strong>Wieder komme Ich zu euch, um euch aufzurufen, die innere Herrlichkeit zum Ruhme Gottes und zum Segen f\u00fcr eure Mitmenschen mit eurer ganzen Kraft und Entschlossenheit zum Ausdruck zu bringen!<\/strong> Ja, es ist allerh\u00f6chste Zeit, eure individuelle Bestimmung, f\u00fcr die ihr noch einmal \u201eals Mensch\u201c geboren worden seid, zu vollenden.<\/span><\/p><p><span style=\"font-size: medium;\">Alle M\u00e4chte des Himmels breiten in diesen Tagen Ihre Arme weit aus, um euch zur Meisterschaft des Geistes zu motivieren und mit eurem Beistand die Menschheit auf die Ebene des G\u00f6ttlichen Lichtes ohne Schatten zu erheben.<\/span><\/p><p><span style=\"font-size: medium;\">Heute m\u00f6chte Ich zu euch \u00fcber die HARMONIE DES GEISTES sprechen, denn Harmonie ist die Schwingungst\u00e4tigkeit des Himmels! <strong>Wenn ihr mit dem Leben in Harmonie seid, dann befindet ihr euch auch im ZUSTAND DER GNADE!<\/strong><\/span><\/p><p><span style=\"font-size: medium;\">In diesem Zustand seid ihr wahrlich unpers\u00f6nlich, d.h. unber\u00fchrt von der Entit\u00e4t der irdischen Pers\u00f6nlichkeit! <\/span><\/p><p><span style=\"font-size: medium;\"><strong>Bittet t\u00e4glich darum, eure begrenzte konditionierte Pers\u00f6nlichkeit durch diese Kosmische Bewusstseinsschwingung ersetzen zu lassen.<\/strong> Auch wenn es viele nicht h\u00f6ren wollen, doch die Entit\u00e4t des pers\u00f6nlichen Egos ist es, die euch solange von eurer inneren Gottgegenwart und eurem eingeborenen unsterblichen CHRISTUS-SELBST getrennt und somit davon abgehalten hat, euren G\u00f6ttlichen Plan zu erf\u00fcllen und endlich zu vollenden.<\/span><\/p><p><span style=\"font-size: medium;\">Lasst euch nie mehr von dem \u00e4u\u00dferen Missklang der Erde beeindrucken oder beeinflussen, sondern strahlt nur noch das souver\u00e4ne Licht unseres gemeinsamen g\u00f6ttlichen Lichtes aus! Die Zeit der Krisen in der \u00c4u\u00dferen Welt ist die Zeit der Geburtswehen f\u00fcr die Auferstehung eurer G\u00f6ttlichkeit. <\/span><\/p><p><span style=\"font-size: medium;\">Seid euch t\u00e4glich und st\u00fcndlich <\/span><span style=\"font-size: medium;\"><b>bewusst<\/b><\/span><span style=\"font-size: medium;\">, dass ihr nur im <\/span><span style=\"font-size: medium;\"><b>Zustand der Harmonie<\/b><\/span><span style=\"font-size: medium;\"> dauerhaft EINS mit der GEGENWART GOTTES und dem gesamten Himmelreich sein und bleiben k\u00f6nnt.<\/span><\/p><p><span style=\"font-size: medium;\">So seid und bleibt im st\u00e4ndigen Zustand der Wachsamkeit, Harmonie , Toleranz und Aufmerksamkeit, um mit euren himmlischen Schwestern und Br\u00fcdern und allen Mitgliedern der Geistigen Hierarchie angebunden zu sein. Auf diese Weise kann Uns nichts mehr voneinander trennen! <\/span><\/p><p><span style=\"font-size: medium;\">Wisst, dass Ihr ein wesentlicher Teil des solaren g\u00f6ttlichen Plans seid! Es ist nur eine Frage der Annahme eures g\u00f6ttlichen Funkens, in dem alle Macht und Herrlichkeit des Universums und eurer Kosmischen Eltern angelegt ist<\/span><\/p><p><span style=\"font-size: medium;\">Ich verf\u00fcge nun mit der Energie, welche in diesen <\/span><span style=\"font-size: medium;\"><b>WORTEN<\/b><\/span><span style=\"font-size: medium;\"> und in dieser <\/span><span style=\"font-size: medium;\"><b>BOTSCHAFT<\/b><\/span><span style=\"font-size: medium;\"> enthalten ist, dass ihr <\/span><span style=\"font-size: medium;\"><b>JETZT FREI SEID<\/b><\/span><span style=\"font-size: medium;\"> von allem, was Uns solange voneinander scheinbar getrennt hat, und Ich werde alles f\u00fcr euch tun und f\u00fcgen, wenn ihr Mich zu eurem Freund und geistigen Besch\u00fctzer erw\u00e4hlt.<\/span><\/p><p><span style=\"font-size: medium;\">Je mehr ihr euch von den Str\u00f6men eurer sinnlichen Anbindung an die \u00e4u\u00dferen Erscheinungen in eurer menschlichen Welt l\u00f6st und euch auf euer <\/span><span style=\"font-size: medium;\"><b>inneres g\u00f6ttliches Sein<\/b><\/span><span style=\"font-size: medium;\"> ausrichtet, umso schneller <\/span><span style=\"font-size: medium;\"><b>seid ihr frei<\/b><\/span><span style=\"font-size: medium;\"> von den T\u00e4uschungen, Verstrickungen und Illusionen der menschlichen Pers\u00f6nlichkeit.<\/span><\/p><p><span style=\"font-size: medium;\">ICH m\u00f6chte euch davon \u00fcberzeugen, dass ihr in Wahrheit durch das Innere Licht G\u00f6tter und G\u00f6ttinnen seid, denen das ganze Universum offen steht!<\/span><\/p><p><img fetchpriority=\"high\" decoding=\"async\" class=\"size-medium wp-image-1479 alignright\" src=\"https:\/\/pure-divine-light.com\/wp-content\/uploads\/2022\/08\/Engel-198x300.jpg\" alt=\"\" width=\"198\" height=\"300\" srcset=\"https:\/\/pure-divine-light.com\/wp-content\/uploads\/2022\/08\/Engel-198x300.jpg 198w, https:\/\/pure-divine-light.com\/wp-content\/uploads\/2022\/08\/Engel-8x12.jpg 8w, https:\/\/pure-divine-light.com\/wp-content\/uploads\/2022\/08\/Engel.jpg 375w\" sizes=\"(max-width: 198px) 100vw, 198px\" \/><\/p><p><span style=\"font-size: medium;\">Als <\/span><span style=\"font-size: medium;\"><b>\u201eDER ENGEL DER AUFERSTEHUNG\u201c <\/b><\/span><span style=\"font-size: medium;\">bin Ich in der Lage, auch euren K\u00f6rper aus der Sterblichkeit in die Unsterblichkeit eines Meisters oder einer Meisterin zu f\u00fchren! Bittet und ihr werdet empfangen!<\/span><\/p><p><span style=\"font-size: medium;\">Ich komme zu den Menschen, um sie von den Ketten der menschlichen Matrix zu befreien und in die Freiheit ihrer eingeborenen G\u00f6ttlichkeit zu f\u00fchren.<\/span><\/p><p><span style=\"font-size: medium;\"><b>Ruft die Flamme der Auferstehung herbei<\/b><\/span><span style=\"font-size: medium;\">, und lasst euch durch die Allmacht des Ewigen ICH BIN in eurem Herzen in die Herrlichkeit Gottes erheben. <\/span><\/p><p><span style=\"font-size: medium;\">Wisst, dass diese eure ernsthafte innere Absicht, dieser Wille in euch, das Dasein bestimmt, welches ihr an Unserer Seite f\u00fchren werdet, nachdem ihr das Rad der Wiedergeburten glorreich \u00fcberwunden habt! <\/span><\/p><p><span style=\"font-size: medium;\">ICH BIN GABRIEL und stehe genauso wie ERZENGEL MICHAEL vor dem THRON GOTTES IN EUREM HERZEN, um eurem <\/span><span style=\"font-size: medium;\"><b>geistigen Selbst<\/b><\/span><span style=\"font-size: medium;\"> den Heimweg zu bereiten, um f\u00fcr ewig wieder Eins mit eurem himmlischen Vater, dem Ursprung, und eurer kosmischen Mutter, der Quelle, zu sein und euren Platz als CHRISTUS IM HIMMEL einzunehmen.<\/span><\/p><p><span style=\"font-size: medium;\">PFINGSTEN ist das Fest des Heiligen Geistes. Heute habe Ich als der Geist von ERZENGEL GABRIEL zu eurem Herz gesprochen und erleuchte euer Bewusstsein f\u00fcr den Rest der Tage, die ihr zum Segen eurer Mitmenschen noch in einer physischen Gestalt die Oberfl\u00e4che der Erde bewohnt und wie euer Bruder JESUS, jetzt SELBST der CHRISTUS in einem physischen K\u00f6rper sein sollt. <\/span><\/p><p><span style=\"font-size: medium;\">So geht entschlossen, un\u00fcberwindlich und beharrlich weiter und tragt das ewige Licht eurer inwendigen G\u00f6ttlichkeit in die Welt der Menschen, die sich so sehr in der Finsternis des Unglaubens und den Netzen der T\u00e4uschung und Illusion verstrickt und verirrt haben.<\/span><\/p><p><span style=\"font-size: medium;\"><b>JETZT SEID IHR DAS LICHT DER WELT<\/b><\/span><span style=\"font-size: medium;\"> und die wahren unsterblichen Botschafter Gottes als Seine T\u00f6chter und S\u00f6hne in Menschengestalt.<\/span><\/p><p><span style=\"font-size: medium;\">So sei es hiermit verf\u00fcgt durch das LICHT DER GNADE UND DIE KRAFT DER AUFSTIEGSFLAMME, die da lodert und lodert und lodert, wie niemals zuvor in der Geschichte dieses Planeten!<\/span><\/p><p><span style=\"font-size: medium;\">Selig, die auf Meine Gegenwart und Liebe in dieser Pfingstbotschaft vertrauen! Selig, die da glauben mit der KRAFT VON ERZENGEL MICHAEL und wie eure himmlische Schwester und g\u00f6ttliche Mutter MARIA, die Neue Erde jetzt geistig geb\u00e4ren. <\/span><\/p><p><span style=\"font-size: medium;\">ICH BIN ERZENGEL GABRIEL und gie\u00dfe Meinen Geist in diesen Tagen wieder aus \u00fcber alle Menschen, die ihre Herzenst\u00fcren weit und voller Zuversicht ge\u00f6ffnet haben, so wie es in den heiligen Schriften \u00fcberliefert ist!<\/span><\/p><p><span style=\"font-size: medium;\"><b>SEID BEREIT<\/b><\/span><span style=\"font-size: medium;\">, um eure geistige individuelle Bestimmung und den G\u00f6ttlichen Plan f\u00fcr dieses zu Ende gehende Zeitalter zu vollenden! <\/span><span style=\"font-size: medium;\"><b>F\u00fcrchtet euch nicht<\/b><\/span><span style=\"font-size: medium;\">, denn ihr seid alle sicher besch\u00fctzt und beh\u00fctet durch Meine Engellegionen und die Engellegionen von ERZENGEL MICHAEL, der hier mit Mir in eurem Herzen steht!<\/span><\/p><p><span style=\"font-size: medium;\">Der Friede Gottes und die grenzenlose Gnade des Himmels sind in eure Herzen und euer Bewusstsein ausgegossen, bis wir uns wiedersehen von Angesicht zu Angesicht!<\/span><\/p><p><span style=\"font-size: medium;\">ICH BIN GABRIEL und lade den Kelch eures Bewusstseins gem\u00e4\u00df eurem Vertrauen auf mit dem ewigen Feuer Meiner geistigen Freundschaft und Liebe.<\/span><\/p><p><span style=\"font-size: medium;\">Danke f\u00fcr eure Hingabe und Konzentration auf das LICHT GOTTES, das ICH BIN<\/span><\/p><p align=\"CENTER\"><span style=\"font-size: medium;\">GABRIEL<\/span><\/p>\t\t\t\t\t\t\t\t<\/div>\n\t\t\t\t<\/div>\n\t\t\t\t\t<\/div>\n\t\t<\/div>\n\t\t\t\t\t<\/div>\n\t\t<\/section>\n\t\t\t\t<section class=\"elementor-section elementor-top-section elementor-element elementor-element-b2134e2 elementor-section-boxed elementor-section-height-default elementor-section-height-default\" data-id=\"b2134e2\" data-element_type=\"section\" data-e-type=\"section\">\n\t\t\t\t\t\t<div class=\"elementor-container elementor-column-gap-default\">\n\t\t\t\t\t<div class=\"elementor-column elementor-col-100 elementor-top-column elementor-element elementor-element-cf8b11f\" data-id=\"cf8b11f\" data-element_type=\"column\" data-e-type=\"column\">\n\t\t\t<div class=\"elementor-widget-wrap elementor-element-populated\">\n\t\t\t\t\t\t<div class=\"elementor-element elementor-element-6969c87 elementor-widget elementor-widget-spacer\" data-id=\"6969c87\" data-element_type=\"widget\" data-e-type=\"widget\" data-widget_type=\"spacer.default\">\n\t\t\t\t<div class=\"elementor-widget-container\">\n\t\t\t\t\t\t\t<div class=\"elementor-spacer\">\n\t\t\t<div class=\"elementor-spacer-inner\"><\/div>\n\t\t<\/div>\n\t\t\t\t\t\t<\/div>\n\t\t\t\t<\/div>\n\t\t\t\t\t<\/div>\n\t\t<\/div>\n\t\t\t\t\t<\/div>\n\t\t<\/section>\n\t\t\t\t<\/div>\n\t\t","protected":false},"excerpt":{"rendered":"<p>Botschaft von ERZ&shy;ENGEL GABRIEL Alles geschieht zur richtigen Zeit! Seid gegr\u00fc\u00dft aus dem Reich des Lichtes Gottes, das niemals versagt und alle erwachten Menschenseelen jetzt in ihre urspr\u00fcngliche geistige Heimat ruft! ICH BIN GABRIEL, der Erzengel des Kristallin-Wei\u00dfen Strahls, und diene mit dem Aufgestiegenen Meister SERAPIS BEY der Menschheit bei ihrer Auferstehung und ihrem Aufstieg [&hellip;]<\/p>\n","protected":false},"author":1,"featured_media":0,"parent":0,"menu_order":0,"comment_status":"closed","ping_status":"closed","template":"","meta":{"ocean_post_layout":"full-screen","ocean_both_sidebars_style":"","ocean_both_sidebars_content_width":0,"ocean_both_sidebars_sidebars_width":0,"ocean_sidebar":"0","ocean_second_sidebar":"0","ocean_disable_margins":"enable","ocean_add_body_class":"","ocean_shortcode_before_top_bar":"","ocean_shortcode_after_top_bar":"","ocean_shortcode_before_header":"","ocean_shortcode_after_header":"","ocean_has_shortcode":"","ocean_shortcode_after_title":"","ocean_shortcode_before_footer_widgets":"","ocean_shortcode_after_footer_widgets":"","ocean_shortcode_before_footer_bottom":"","ocean_shortcode_after_footer_bottom":"","ocean_display_top_bar":"off","ocean_display_header":"default","ocean_header_style":"","ocean_center_header_left_menu":"0","ocean_custom_header_template":"0","ocean_custom_logo":0,"ocean_custom_retina_logo":0,"ocean_custom_logo_max_width":0,"ocean_custom_logo_tablet_max_width":0,"ocean_custom_logo_mobile_max_width":0,"ocean_custom_logo_max_height":0,"ocean_custom_logo_tablet_max_height":0,"ocean_custom_logo_mobile_max_height":0,"ocean_header_custom_menu":"0","ocean_menu_typo_font_family":"0","ocean_menu_typo_font_subset":"","ocean_menu_typo_font_size":0,"ocean_menu_typo_font_size_tablet":0,"ocean_menu_typo_font_size_mobile":0,"ocean_menu_typo_font_size_unit":"px","ocean_menu_typo_font_weight":"","ocean_menu_typo_font_weight_tablet":"","ocean_menu_typo_font_weight_mobile":"","ocean_menu_typo_transform":"","ocean_menu_typo_transform_tablet":"","ocean_menu_typo_transform_mobile":"","ocean_menu_typo_line_height":0,"ocean_menu_typo_line_height_tablet":0,"ocean_menu_typo_line_height_mobile":0,"ocean_menu_typo_line_height_unit":"","ocean_menu_typo_spacing":0,"ocean_menu_typo_spacing_tablet":0,"ocean_menu_typo_spacing_mobile":0,"ocean_menu_typo_spacing_unit":"","ocean_menu_link_color":"","ocean_menu_link_color_hover":"","ocean_menu_link_color_active":"","ocean_menu_link_background":"","ocean_menu_link_hover_background":"","ocean_menu_link_active_background":"","ocean_menu_social_links_bg":"","ocean_menu_social_hover_links_bg":"","ocean_menu_social_links_color":"","ocean_menu_social_hover_links_color":"","ocean_disable_title":"on","ocean_disable_heading":"default","ocean_post_title":"","ocean_post_subheading":"","ocean_post_title_style":"","ocean_post_title_background_color":"","ocean_post_title_background":0,"ocean_post_title_bg_image_position":"","ocean_post_title_bg_image_attachment":"","ocean_post_title_bg_image_repeat":"","ocean_post_title_bg_image_size":"","ocean_post_title_height":0,"ocean_post_title_bg_overlay":0.5,"ocean_post_title_bg_overlay_color":"","ocean_disable_breadcrumbs":"default","ocean_breadcrumbs_color":"","ocean_breadcrumbs_separator_color":"","ocean_breadcrumbs_links_color":"","ocean_breadcrumbs_links_hover_color":"","ocean_display_footer_widgets":"off","ocean_display_footer_bottom":"on","ocean_custom_footer_template":"0","footnotes":""},"class_list":["post-1470","page","type-page","status-publish","hentry","entry"],"_links":{"self":[{"href":"https:\/\/pure-divine-light.com\/de\/wp-json\/wp\/v2\/pages\/1470","targetHints":{"allow":["GET"]}}],"collection":[{"href":"https:\/\/pure-divine-light.com\/de\/wp-json\/wp\/v2\/pages"}],"about":[{"href":"https:\/\/pure-divine-light.com\/de\/wp-json\/wp\/v2\/types\/page"}],"author":[{"embeddable":true,"href":"https:\/\/pure-divine-light.com\/de\/wp-json\/wp\/v2\/users\/1"}],"replies":[{"embeddable":true,"href":"https:\/\/pure-divine-light.com\/de\/wp-json\/wp\/v2\/comments?post=1470"}],"version-history":[{"count":0,"href":"https:\/\/pure-divine-light.com\/de\/wp-json\/wp\/v2\/pages\/1470\/revisions"}],"wp:attachment":[{"href":"https:\/\/pure-divine-light.com\/de\/wp-json\/wp\/v2\/media?parent=1470"}],"curies":[{"name":"wp","href":"https:\/\/api.w.org\/{rel}","templated":true}]}}