{"id":1498,"date":"2022-08-19T11:43:32","date_gmt":"2022-08-19T11:43:32","guid":{"rendered":"https:\/\/pure-divine-light.com\/?page_id=1498"},"modified":"2022-09-11T12:35:20","modified_gmt":"2022-09-11T12:35:20","slug":"botschaft-von-lady-nada","status":"publish","type":"page","link":"https:\/\/pure-divine-light.com\/de\/botschaft-von-lady-nada\/","title":{"rendered":"Botschaft von Lady Nada"},"content":{"rendered":"\t\t<div data-elementor-type=\"wp-page\" data-elementor-id=\"1498\" class=\"elementor elementor-1498\">\n\t\t\t\t\t\t<section class=\"elementor-section elementor-top-section elementor-element elementor-element-15cb5874 elementor-section-height-min-height elementor-section-boxed elementor-section-height-default elementor-section-items-middle\" data-id=\"15cb5874\" data-element_type=\"section\" data-e-type=\"section\" data-settings=\"{&quot;background_background&quot;:&quot;classic&quot;}\">\n\t\t\t\t\t\t\t<div class=\"elementor-background-overlay\"><\/div>\n\t\t\t\t\t\t\t<div class=\"elementor-container elementor-column-gap-wider\">\n\t\t\t\t\t<div class=\"elementor-column elementor-col-100 elementor-top-column elementor-element elementor-element-37588f96\" data-id=\"37588f96\" data-element_type=\"column\" data-e-type=\"column\">\n\t\t\t<div class=\"elementor-widget-wrap elementor-element-populated\">\n\t\t\t\t\t\t<div class=\"elementor-element elementor-element-706f3d35 elementor-widget elementor-widget-heading\" data-id=\"706f3d35\" data-element_type=\"widget\" data-e-type=\"widget\" data-settings=\"{&quot;_animation&quot;:&quot;none&quot;}\" data-widget_type=\"heading.default\">\n\t\t\t\t<div class=\"elementor-widget-container\">\n\t\t\t\t\t<h1 class=\"elementor-heading-title elementor-size-default\">LADY NADA spricht zu unserem Licht&shy;dienst<\/h1>\t\t\t\t<\/div>\n\t\t\t\t<\/div>\n\t\t\t\t\t<\/div>\n\t\t<\/div>\n\t\t\t\t\t<\/div>\n\t\t<\/section>\n\t\t\t\t<section class=\"elementor-section elementor-top-section elementor-element elementor-element-4e4043be elementor-section-boxed elementor-section-height-default elementor-section-height-default\" data-id=\"4e4043be\" data-element_type=\"section\" data-e-type=\"section\">\n\t\t\t\t\t\t<div class=\"elementor-container elementor-column-gap-default\">\n\t\t\t\t\t<div class=\"elementor-column elementor-col-100 elementor-top-column elementor-element elementor-element-79c0c6c\" data-id=\"79c0c6c\" data-element_type=\"column\" data-e-type=\"column\">\n\t\t\t<div class=\"elementor-widget-wrap elementor-element-populated\">\n\t\t\t\t\t\t<div class=\"elementor-element elementor-element-49420e51 elementor-widget elementor-widget-spacer\" data-id=\"49420e51\" data-element_type=\"widget\" data-e-type=\"widget\" data-widget_type=\"spacer.default\">\n\t\t\t\t<div class=\"elementor-widget-container\">\n\t\t\t\t\t\t\t<div class=\"elementor-spacer\">\n\t\t\t<div class=\"elementor-spacer-inner\"><\/div>\n\t\t<\/div>\n\t\t\t\t\t\t<\/div>\n\t\t\t\t<\/div>\n\t\t\t\t\t<\/div>\n\t\t<\/div>\n\t\t\t\t\t<\/div>\n\t\t<\/section>\n\t\t\t\t<section class=\"elementor-section elementor-top-section elementor-element elementor-element-f7a26d3 elementor-section-boxed elementor-section-height-default elementor-section-height-default\" data-id=\"f7a26d3\" data-element_type=\"section\" data-e-type=\"section\">\n\t\t\t\t\t\t<div class=\"elementor-container elementor-column-gap-default\">\n\t\t\t\t\t<div class=\"elementor-column elementor-col-100 elementor-top-column elementor-element elementor-element-320b481\" data-id=\"320b481\" data-element_type=\"column\" data-e-type=\"column\">\n\t\t\t<div class=\"elementor-widget-wrap elementor-element-populated\">\n\t\t\t\t\t\t<div class=\"elementor-element elementor-element-74c3e02 elementor-widget elementor-widget-text-editor\" data-id=\"74c3e02\" data-element_type=\"widget\" data-e-type=\"widget\" data-widget_type=\"text-editor.default\">\n\t\t\t\t<div class=\"elementor-widget-container\">\n\t\t\t\t\t\t\t\t\t<p align=\"CENTER\"><strong><span style=\"font-size: medium;\">Das G\u00f6ttliche, das ICH BIN gr\u00fc\u00dft DIE GEGENWART GOTTES, die ihr seid!<\/span><\/strong><\/p><p align=\"CENTER\"><span style=\"font-size: medium;\">Ja ICH BIN es, die hier und jetzt bei dieser Gelegenheit zu eurem Bewusstsein sprechen darf, weil euer und Mein Bruder Michael Mir die T\u00fcr in eure Welt ge\u00f6ffnet hat. Ich bin eure Schwester NADA und m\u00f6chte, dass ihr Mir heute gut zuh\u00f6rt, denn wie ihr von PALLAS ATHENE schon geh\u00f6rt habt, befindet ihr euch jetzt so wie die gesamte Menschheit in der entscheidenden Phase des Aufstiegs.<\/span><\/p><p align=\"CENTER\"><span style=\"font-size: medium;\"><strong>ICH BIN sozusagen zu euch gekommen als die weibliche Seelenh\u00e4lfte von JESUS und Meine Worte sind auch Seine Worte!<\/strong> In Seiner Mission als JESUS, der CHRISTUS, aufgewachsen in Nazareth &#8211; als der Sohn von MARIA und JOSEF &#8211; habe Ich Ihn begleitet in der Gestalt von MARIA MAGDALENA.<\/span><\/p><p align=\"CENTER\"><span style=\"font-size: medium;\">Heute m\u00f6chte Ich euch bis zu eurem endg\u00fcltigen Aufstieg begleiten und bin darum auf jeden Herzensanruf sofort an eurer Seite. Euer Geist sollte nun soweit fortgeschritten sein, dass ihr vieles wahrnehmen und begreifen k\u00f6nnt, was der Welt nicht bewusst ist.<\/span><\/p><p align=\"CENTER\"><span style=\"font-size: medium;\">Das Himmelreich ist wahrlich in euch selbst! Deshalb k\u00f6nnen WIR aus dem Himmelreich auch sofort und unmittelbar mit eurem Herzen \u00fcber euer Bewusstsein kommunizieren, wenn ihr Uns mit eurem Vertrauen eure Herzenst\u00fcren ge\u00f6ffnet haltet!<\/span><\/p><p align=\"CENTER\"><span style=\"font-size: medium;\"><strong>Immer und immer wieder wurden die Menschen belehrt, dass es der Glaube und das Vertrauen sind, die ihnen den Weg bereiten und ihre Erfahrungen bestimmen.<\/strong> <\/span><\/p><p align=\"CENTER\"><span style=\"font-size: medium;\">Gem\u00e4\u00df dem Glauben und Vertrauen der Menschen wird ihnen geschehen. Das ist ein Kosmisches Gesetz, das von der Masse nach wie vor nicht beachtet, sondern meistens ignoriert wird. <\/span><\/p><p align=\"CENTER\"><span style=\"font-size: medium;\">Einige unter euch k\u00f6nnen es immer noch richtig fassen oder begreifen, wie <\/span><span style=\"font-size: medium;\"><b>nahe<\/b><\/span><span style=\"font-size: medium;\"> Wir aus der Geistigen Hierarchie den Menschen kommen k\u00f6nnen, die ihre geistigen H\u00e4nde in Unsere gelegt haben! Wenn eure Freunde w\u00fcssten, was diese <\/span><span style=\"font-size: medium;\"><b>LICHTDIENSTE <\/b><\/span><span style=\"font-size: medium;\">in Wahrheit bedeuten, w\u00fcrden sie keine solche Gelegenheit vers\u00e4umen wollen. Doch dazu hat euch LADY PORTIA, die Sprecherin des KARMISCHEN RATES als \u201edie G\u00f6ttin der Gelegenheit und Gerechtigkeit\u201c schon klare und deutliche Worte mitgeteilt!<\/span><\/p><p align=\"CENTER\"><span style=\"font-size: medium;\">Ihr seid nun ein Teil der Kosmischen FAMILIE DES LICHTES! Als solche werdet ihr gem\u00e4\u00df eurer Absicht, Entschlossenheit und Beharrlichkeit t\u00e4glich mit dem LICHT und der ENERGIE des Allm\u00e4chtigen Gottes ICH BIN versorgt.<\/span><\/p><p align=\"CENTER\"><span style=\"font-size: medium;\"><strong>Es geht nun sehr schnell aufw\u00e4rts! LADY GAIA ist f\u00fcr den AUFSTIEG vorbereitet<\/strong> und LORD KRONOS, der Lenker der Elemente und \u201eVATER NATUR\u201c hat die Autorit\u00e4t, diesen Planeten von allem zu reinigen, was die Erde an ihrem Aufstieg behindern w\u00fcrde.<\/span><\/p><p align=\"CENTER\"><span style=\"font-size: medium;\">Gerne weise ich euch noch einmal bei dieser heutigen Gelegenheit daraufhin, dass ihr so oft wie m\u00f6glich <\/span><span style=\"font-size: medium;\"><b>in die Natur<\/b><\/span> <span style=\"font-size: medium;\"><b>gehen<\/b><\/span><span style=\"font-size: medium;\"> sollt, um euch dort mit der nat\u00fcrlichen Reinheit und dem Segen der Naturgeister aufzuladen.<\/span><\/p><p align=\"CENTER\"><span style=\"font-size: medium;\">Gebt Acht, wenn ihr eure Aufmerksamkeit den weltlichen T\u00e4uschungen und Unwahrheiten der gesteuerten Medien zuwendet. Denn <\/span><span style=\"font-size: medium;\"><b>eure Aufmerksamkeit bestimmt euer Bewusstsein! <\/b><\/span><span style=\"font-size: medium;\">Es herrscht eine sehr spannungsvolle Konfrontation von Angst und Vertrauen in dieser Zeit. Schaut genau auf die Fr\u00fcchte, die sich euch zeigen. Dazu braucht ihr <\/span><span style=\"font-size: medium;\"><b>Weisheit<\/b><\/span><span style=\"font-size: medium;\">, um sie zu unterscheiden. Bittet um viel mehr Weisheit und ihr werdet sie empfangen!<\/span><\/p><p align=\"CENTER\"><img fetchpriority=\"high\" decoding=\"async\" class=\"size-medium wp-image-1478 aligncenter\" src=\"https:\/\/pure-divine-light.com\/wp-content\/uploads\/2022\/08\/Rose-300x225.jpg\" alt=\"\" width=\"300\" height=\"225\" srcset=\"https:\/\/pure-divine-light.com\/wp-content\/uploads\/2022\/08\/Rose-300x225.jpg 300w, https:\/\/pure-divine-light.com\/wp-content\/uploads\/2022\/08\/Rose-16x12.jpg 16w, https:\/\/pure-divine-light.com\/wp-content\/uploads\/2022\/08\/Rose.jpg 482w\" sizes=\"(max-width: 300px) 100vw, 300px\" \/><\/p><p align=\"CENTER\"><span style=\"font-size: medium;\">Ich habe diese Lichtdienste mit Meiner m\u00e4nnlichen Seelenh\u00e4lfte, die ihr als JESUS CHRISTUS kennt, ins Leben gerufen. Seitdem ist schon sehr viel geschehen. Seelen sind gegangen und neue Seelen dazugekommen. Euer Lichtkreis ist viel gr\u00f6\u00dfer als euer menschliches Bewusstsein es wahrnimmt!<\/span><\/p><p align=\"CENTER\"><span style=\"font-size: medium;\">F\u00fcr UNS gibt es den Schleier der T\u00e4uschungen, der auch das Diesseits vom Jenseits trennt, nicht mehr. Aus der G\u00f6ttlichen Sicht ist <\/span><span style=\"font-size: medium;\"><b>alles eins<\/b><\/span><span style=\"font-size: medium;\"> und alle eure Wegbegleiter auf der irdischen Seelenreise sind von Uns aus gesehen alle da. Wir wissen, wo sich jede Seele aufh\u00e4lt und kennen ihre AKASHA-Chronik. Auch eure!<\/span><\/p><p align=\"CENTER\"><span style=\"font-size: medium;\">ICH BIN Mitglied im sogenannten Karmischen Rat, ebenso wie PALLAS ATHENE, MUTTER MARIA, LADY RODINA, LADY QUAN YIN, LADY PORTIA u.a. <\/span><\/p><p align=\"CENTER\"><span style=\"font-size: medium;\">Schon bald werden WIR \u00fcber die Situation der Menschheit auf diesem Planeten beraten und den PLAN DES G\u00d6TTLICHEN LICHTES f\u00fcr das kommende Halbjahr festlegen und bestimmen.<\/span><\/p><p align=\"CENTER\"><span style=\"font-size: medium;\">Jedem, der heute hier anwesend ist oder zu einer anderen Gelegenheit Meine Worte aufliest (von lesen), wird die verdiente Gnade zuteil, \u00fcber die Wir als G\u00f6tter und G\u00f6ttinnen in der Hierarchie von HELIOS UND VESTA, verf\u00fcgen. Ihr sollt unsere Botschafter sein und als gesegnete Freunde des Lichts den Menschen, die ihr ber\u00fchrt, unsere Liebe und Weisheit \u00fcbertragen, wenn sie daf\u00fcr aufgeschlossen sind.<\/span><\/p><p align=\"CENTER\"><span style=\"font-size: medium;\"><b>Wir <\/b><\/span><span style=\"font-size: medium;\">werden durch euch wandeln und den Segen aus dem Reich Gottes durch euch <\/span><span style=\"font-size: medium;\"><b>wirken <\/b><\/span><span style=\"font-size: medium;\">lassen! GOTT SELBST, der das geistige Feuer in Unseren Herzen ist, ist auch das <\/span><span style=\"font-size: medium;\"><b>geistige ewige<\/b><\/span> <span style=\"font-size: medium;\"><b>Band, das uns alle miteinander verbindet<\/b><\/span><span style=\"font-size: medium;\">.<\/span><\/p><p align=\"CENTER\"><strong><span style=\"font-size: medium;\">Nun seid ihr in der Zeit angekommen, wo sich alle Menschen entscheiden m\u00fcssen, ob sie dem alten gewohnten Weg ihrer begrenzten irdischen Pers\u00f6nlichkeit oder dem Weg der eingeborenen G\u00f6ttlichkeit &#8211; dem Weg des Christus &#8211; folgen wollen.<\/span><\/strong><\/p><p align=\"CENTER\"><a name=\"Bookmark\"><\/a><span style=\"font-size: medium;\">Ich bin nur eine von vielen Schwestern, die ihr G\u00f6ttliches Christus-Gewand f\u00fcr immer tragen und euch \u00fcberall, wo ihr seid, in Meine Liebe und G\u00fcte h\u00fcllen.<\/span><\/p><p align=\"CENTER\"><span style=\"font-size: medium;\">Passt auf euer Bewusstsein auf und wenn m\u00f6glich, lasst auch euren Geist und eure Seele das lodernde Licht Gottes <\/span><span style=\"font-size: medium;\"><b>\u201eals CHRISTUS in Menschengestalt\u201c<\/b><\/span><span style=\"font-size: medium;\"> in Raum und Zeit strahlen und leuchten.<\/span><\/p><p align=\"CENTER\"><span style=\"font-size: medium;\">Wenn ihr w\u00fcsstet wie geliebt ihr alle seid, dann w\u00fcrdet ihr f\u00fcr den Rest eures irdischen Daseins jeden Tag zu einem Freudentag machen! <\/span><\/p><p align=\"CENTER\"><span style=\"font-size: medium;\">So soll es sein f\u00fcr jedes Herz, das Mir seine T\u00fcren \u00f6ffnet!<\/span><\/p><p align=\"CENTER\"><strong><span style=\"font-size: medium;\">In Liebe eure Schwester und Freundin Nada<\/span><\/strong><\/p>\t\t\t\t\t\t\t\t<\/div>\n\t\t\t\t<\/div>\n\t\t\t\t\t<\/div>\n\t\t<\/div>\n\t\t\t\t\t<\/div>\n\t\t<\/section>\n\t\t\t\t<section class=\"elementor-section elementor-top-section elementor-element elementor-element-583b42e elementor-section-boxed elementor-section-height-default elementor-section-height-default\" data-id=\"583b42e\" data-element_type=\"section\" data-e-type=\"section\">\n\t\t\t\t\t\t<div class=\"elementor-container elementor-column-gap-default\">\n\t\t\t\t\t<div class=\"elementor-column elementor-col-100 elementor-top-column elementor-element elementor-element-b7b54ea\" data-id=\"b7b54ea\" data-element_type=\"column\" data-e-type=\"column\">\n\t\t\t<div class=\"elementor-widget-wrap elementor-element-populated\">\n\t\t\t\t\t\t<div class=\"elementor-element elementor-element-74423d0 elementor-widget elementor-widget-spacer\" data-id=\"74423d0\" data-element_type=\"widget\" data-e-type=\"widget\" data-widget_type=\"spacer.default\">\n\t\t\t\t<div class=\"elementor-widget-container\">\n\t\t\t\t\t\t\t<div class=\"elementor-spacer\">\n\t\t\t<div class=\"elementor-spacer-inner\"><\/div>\n\t\t<\/div>\n\t\t\t\t\t\t<\/div>\n\t\t\t\t<\/div>\n\t\t\t\t\t<\/div>\n\t\t<\/div>\n\t\t\t\t\t<\/div>\n\t\t<\/section>\n\t\t\t\t<\/div>\n\t\t","protected":false},"excerpt":{"rendered":"<p>LADY NADA spricht zu unserem Licht&shy;dienst Das G\u00f6ttliche, das ICH BIN gr\u00fc\u00dft DIE GEGENWART GOTTES, die ihr seid! Ja ICH BIN es, die hier und jetzt bei dieser Gelegenheit zu eurem Bewusstsein sprechen darf, weil euer und Mein Bruder Michael Mir die T\u00fcr in eure Welt ge\u00f6ffnet hat. Ich bin eure Schwester NADA und m\u00f6chte, [&hellip;]<\/p>\n","protected":false},"author":1,"featured_media":0,"parent":0,"menu_order":0,"comment_status":"closed","ping_status":"closed","template":"","meta":{"ocean_post_layout":"full-screen","ocean_both_sidebars_style":"","ocean_both_sidebars_content_width":0,"ocean_both_sidebars_sidebars_width":0,"ocean_sidebar":"0","ocean_second_sidebar":"0","ocean_disable_margins":"enable","ocean_add_body_class":"","ocean_shortcode_before_top_bar":"","ocean_shortcode_after_top_bar":"","ocean_shortcode_before_header":"","ocean_shortcode_after_header":"","ocean_has_shortcode":"","ocean_shortcode_after_title":"","ocean_shortcode_before_footer_widgets":"","ocean_shortcode_after_footer_widgets":"","ocean_shortcode_before_footer_bottom":"","ocean_shortcode_after_footer_bottom":"","ocean_display_top_bar":"off","ocean_display_header":"default","ocean_header_style":"","ocean_center_header_left_menu":"0","ocean_custom_header_template":"0","ocean_custom_logo":0,"ocean_custom_retina_logo":0,"ocean_custom_logo_max_width":0,"ocean_custom_logo_tablet_max_width":0,"ocean_custom_logo_mobile_max_width":0,"ocean_custom_logo_max_height":0,"ocean_custom_logo_tablet_max_height":0,"ocean_custom_logo_mobile_max_height":0,"ocean_header_custom_menu":"0","ocean_menu_typo_font_family":"0","ocean_menu_typo_font_subset":"","ocean_menu_typo_font_size":0,"ocean_menu_typo_font_size_tablet":0,"ocean_menu_typo_font_size_mobile":0,"ocean_menu_typo_font_size_unit":"px","ocean_menu_typo_font_weight":"","ocean_menu_typo_font_weight_tablet":"","ocean_menu_typo_font_weight_mobile":"","ocean_menu_typo_transform":"","ocean_menu_typo_transform_tablet":"","ocean_menu_typo_transform_mobile":"","ocean_menu_typo_line_height":0,"ocean_menu_typo_line_height_tablet":0,"ocean_menu_typo_line_height_mobile":0,"ocean_menu_typo_line_height_unit":"","ocean_menu_typo_spacing":0,"ocean_menu_typo_spacing_tablet":0,"ocean_menu_typo_spacing_mobile":0,"ocean_menu_typo_spacing_unit":"","ocean_menu_link_color":"","ocean_menu_link_color_hover":"","ocean_menu_link_color_active":"","ocean_menu_link_background":"","ocean_menu_link_hover_background":"","ocean_menu_link_active_background":"","ocean_menu_social_links_bg":"","ocean_menu_social_hover_links_bg":"","ocean_menu_social_links_color":"","ocean_menu_social_hover_links_color":"","ocean_disable_title":"on","ocean_disable_heading":"default","ocean_post_title":"","ocean_post_subheading":"","ocean_post_title_style":"","ocean_post_title_background_color":"","ocean_post_title_background":0,"ocean_post_title_bg_image_position":"","ocean_post_title_bg_image_attachment":"","ocean_post_title_bg_image_repeat":"","ocean_post_title_bg_image_size":"","ocean_post_title_height":0,"ocean_post_title_bg_overlay":0.5,"ocean_post_title_bg_overlay_color":"","ocean_disable_breadcrumbs":"default","ocean_breadcrumbs_color":"","ocean_breadcrumbs_separator_color":"","ocean_breadcrumbs_links_color":"","ocean_breadcrumbs_links_hover_color":"","ocean_display_footer_widgets":"off","ocean_display_footer_bottom":"on","ocean_custom_footer_template":"0","footnotes":""},"class_list":["post-1498","page","type-page","status-publish","hentry","entry"],"_links":{"self":[{"href":"https:\/\/pure-divine-light.com\/de\/wp-json\/wp\/v2\/pages\/1498","targetHints":{"allow":["GET"]}}],"collection":[{"href":"https:\/\/pure-divine-light.com\/de\/wp-json\/wp\/v2\/pages"}],"about":[{"href":"https:\/\/pure-divine-light.com\/de\/wp-json\/wp\/v2\/types\/page"}],"author":[{"embeddable":true,"href":"https:\/\/pure-divine-light.com\/de\/wp-json\/wp\/v2\/users\/1"}],"replies":[{"embeddable":true,"href":"https:\/\/pure-divine-light.com\/de\/wp-json\/wp\/v2\/comments?post=1498"}],"version-history":[{"count":0,"href":"https:\/\/pure-divine-light.com\/de\/wp-json\/wp\/v2\/pages\/1498\/revisions"}],"wp:attachment":[{"href":"https:\/\/pure-divine-light.com\/de\/wp-json\/wp\/v2\/media?parent=1498"}],"curies":[{"name":"wp","href":"https:\/\/api.w.org\/{rel}","templated":true}]}}