{"id":1533,"date":"2022-08-19T12:36:31","date_gmt":"2022-08-19T12:36:31","guid":{"rendered":"https:\/\/pure-divine-light.com\/?page_id=1533"},"modified":"2022-09-11T12:37:58","modified_gmt":"2022-09-11T12:37:58","slug":"botschaft-von-sanat-kumara","status":"publish","type":"page","link":"https:\/\/pure-divine-light.com\/de\/botschaft-von-sanat-kumara\/","title":{"rendered":"Botschaft von Sanat Kumara"},"content":{"rendered":"\t\t<div data-elementor-type=\"wp-page\" data-elementor-id=\"1533\" class=\"elementor elementor-1533\">\n\t\t\t\t\t\t<section class=\"elementor-section elementor-top-section elementor-element elementor-element-48912501 elementor-section-height-min-height elementor-section-boxed elementor-section-height-default elementor-section-items-middle\" data-id=\"48912501\" data-element_type=\"section\" data-e-type=\"section\" data-settings=\"{&quot;background_background&quot;:&quot;classic&quot;}\">\n\t\t\t\t\t\t\t<div class=\"elementor-background-overlay\"><\/div>\n\t\t\t\t\t\t\t<div class=\"elementor-container elementor-column-gap-wider\">\n\t\t\t\t\t<div class=\"elementor-column elementor-col-100 elementor-top-column elementor-element elementor-element-2af537f9\" data-id=\"2af537f9\" data-element_type=\"column\" data-e-type=\"column\">\n\t\t\t<div class=\"elementor-widget-wrap elementor-element-populated\">\n\t\t\t\t\t\t<div class=\"elementor-element elementor-element-cf4191b elementor-widget elementor-widget-heading\" data-id=\"cf4191b\" data-element_type=\"widget\" data-e-type=\"widget\" data-settings=\"{&quot;_animation&quot;:&quot;none&quot;}\" data-widget_type=\"heading.default\">\n\t\t\t\t<div class=\"elementor-widget-container\">\n\t\t\t\t\t<h1 class=\"elementor-heading-title elementor-size-default\">Eine Botschaft von SANAT KUMARA f\u00fcr den Licht&shy;dienst<\/h1>\t\t\t\t<\/div>\n\t\t\t\t<\/div>\n\t\t\t\t\t<\/div>\n\t\t<\/div>\n\t\t\t\t\t<\/div>\n\t\t<\/section>\n\t\t\t\t<section class=\"elementor-section elementor-top-section elementor-element elementor-element-53bc9f99 elementor-section-boxed elementor-section-height-default elementor-section-height-default\" data-id=\"53bc9f99\" data-element_type=\"section\" data-e-type=\"section\">\n\t\t\t\t\t\t<div class=\"elementor-container elementor-column-gap-default\">\n\t\t\t\t\t<div class=\"elementor-column elementor-col-100 elementor-top-column elementor-element elementor-element-493ff4c6\" data-id=\"493ff4c6\" data-element_type=\"column\" data-e-type=\"column\">\n\t\t\t<div class=\"elementor-widget-wrap elementor-element-populated\">\n\t\t\t\t\t\t<div class=\"elementor-element elementor-element-6a4d7a2e elementor-widget elementor-widget-spacer\" data-id=\"6a4d7a2e\" data-element_type=\"widget\" data-e-type=\"widget\" data-widget_type=\"spacer.default\">\n\t\t\t\t<div class=\"elementor-widget-container\">\n\t\t\t\t\t\t\t<div class=\"elementor-spacer\">\n\t\t\t<div class=\"elementor-spacer-inner\"><\/div>\n\t\t<\/div>\n\t\t\t\t\t\t<\/div>\n\t\t\t\t<\/div>\n\t\t\t\t\t<\/div>\n\t\t<\/div>\n\t\t\t\t\t<\/div>\n\t\t<\/section>\n\t\t\t\t<section class=\"elementor-section elementor-top-section elementor-element elementor-element-77d602c elementor-section-boxed elementor-section-height-default elementor-section-height-default\" data-id=\"77d602c\" data-element_type=\"section\" data-e-type=\"section\">\n\t\t\t\t\t\t<div class=\"elementor-container elementor-column-gap-default\">\n\t\t\t\t\t<div class=\"elementor-column elementor-col-100 elementor-top-column elementor-element elementor-element-e0511b9\" data-id=\"e0511b9\" data-element_type=\"column\" data-e-type=\"column\">\n\t\t\t<div class=\"elementor-widget-wrap elementor-element-populated\">\n\t\t\t\t\t\t<div class=\"elementor-element elementor-element-2d9bf89 elementor-widget elementor-widget-text-editor\" data-id=\"2d9bf89\" data-element_type=\"widget\" data-e-type=\"widget\" data-widget_type=\"text-editor.default\">\n\t\t\t\t<div class=\"elementor-widget-container\">\n\t\t\t\t\t\t\t\t\t<p align=\"CENTER\"><span style=\"font-size: large;\">Heilung und Segen <\/span><span style=\"font-size: large;\"><b>von der Venus<\/b><\/span><span style=\"font-size: large;\"> sind \u00fcber euch ausgegossen durch diese Worte meine geliebten Schwestern und Br\u00fcder im Licht des Allm\u00e4chtigen ICH BIN. <\/span><\/p><p align=\"CENTER\"><span style=\"font-size: large;\">ICH komme durch diese Worte zu euch und allen, die diese Botschaft mit dem Goldenen Kelch ihres Herzens tief aufnehmen und den geistigen Nektar der Liebe meiner Gegenwart mit ihrem Bewusstsein verschmelzen m\u00f6chten. <\/span><\/p><p align=\"CENTER\"><span style=\"font-size: large;\"><b>ICH BIN SANAT KUMARA <\/b><\/span><span style=\"font-size: large;\">und freue mich immer wieder darauf, wenn jemand von der Erde nach mir ruft!<\/span><\/p><p align=\"CENTER\"><span style=\"font-size: large;\">Es sind euer Glauben und euer Vertrauen, die alle Grenzen des irdisch-menschlichen Verstandes \u00fcberwinden und auf diese Weise mit jedem bewussten Lichtwesen \u2013 auch von anderen Planeten und Sternen &#8211; in liebevollen Kontakt treten k\u00f6nnen, gem\u00e4\u00df ihrer reinen und klaren Herzensabsicht.<\/span><\/p><p align=\"CENTER\"><span style=\"font-size: large;\">Deshalb sage ich \u201ein liebevollen Kontakt\u201c, weil die Liebe GOTT ist. <\/span><\/p><p align=\"CENTER\"><span style=\"font-size: large;\">Es ist der FREIE WILLE, den GOTT jeder menschlichen Seele gegeben hat, um sich frei zu entfalten. Noch einmal betone ich das Gesetz: <\/span><span style=\"font-size: large;\"><b>Eure Absicht und euer Wille bestimmen auch euer geistiges Ziel!<\/b><\/span><\/p><p align=\"CENTER\"><span style=\"font-size: large;\">So BIN ICH gem\u00e4\u00df eurem Willen und der Absicht unserer beiden Botschafter jetzt in eure Herzens-Mitte gekommen, um euch geistig in Raum und Zeit zu ber\u00fchren.<\/span><\/p><p align=\"CENTER\"><span style=\"font-size: large;\">Da bin Ich auch schon beim Thema \u201eRaum und Zeit\u201c.<\/span><\/p><p align=\"CENTER\"><span style=\"font-size: large;\">K\u00f6nnt ihr euch vorstellen, dass ihr Selbst mehr oder weniger freiwillig auf diese Erde gekommen seid, um den Menschen, die ihr g\u00f6ttliches Bewusstsein verloren haben, den Weg zur\u00fcck in ihre Seelen-Heimat zu weisen?!<\/span><\/p><p align=\"CENTER\"><span style=\"font-size: large;\">In diesen Tagen haben sich im \u00fcbertragenen Sinn f\u00fcr die Menschheit \u201eviele dunkle Wolken von noch unerl\u00f6ster Energie\u201c zusammengezogen. Seit langer Zeit wurde es \u00fcberliefert, dass es eine <\/span><span style=\"font-size: large;\"><b>Wendezeit<\/b><\/span><span style=\"font-size: large;\"> und auch eine <\/span><span style=\"font-size: large;\"><b>Reinigung<\/b><\/span><span style=\"font-size: large;\"> gibt, bevor die NEUE ZEIT endlich f\u00fcr alle sichtbar und erfahrbar wird, die sich so sehr danach sehnen. Doch kaum jemand war auf diese Intensit\u00e4t der Transformation und Reinigung wirklich vorbereitet.<\/span><\/p><p align=\"CENTER\"><span style=\"font-size: large;\">Geliebte Lichtherzen, die ihr in diesen Tagen durch diesen m\u00e4chtigen intensiven Transformationsprozess geht und mit jedem Tag einen Schritt der G\u00f6ttlichen Ordnung und Wahrheit n\u00e4her kommt, wisst, dass euch gro\u00dfe Hilfe und Beistand auch von euren Sternengeschwistern gem\u00e4\u00df eurem Glauben und Vertrauen zu Teil wird.<\/span><\/p><p align=\"CENTER\"><span style=\"font-size: large;\"><b>Ihr seid angekommen<\/b><\/span><span style=\"font-size: large;\"> in der Zeit, auf die ihr Inkarnation f\u00fcr Inkarnation auf der Erde und auch auf der Venus oder anderen Planeten und Sternen vorbereitet worden seid. Besonders hinter dem Schleier eurer zahlreichen Verk\u00f6rperungen seid ihr unmittelbar im Licht eurer inneren Lehrer, Freunde und Seelengeschwister belehrt worden.<\/span><\/p><p align=\"CENTER\"><span style=\"font-size: large;\">Sobald ihr mit dem Band des Vergessens wieder in die begrenzte Dritte Dimension von Raum und Zeit hinabgestiegen seid, um als unsere <\/span><span style=\"font-size: large;\"><b>Botschafter und Wegbereiter<\/b><\/span><span style=\"font-size: large;\"> f\u00fcr eure Mitmenschen zu dienen, wurdet ihr von der Geistigen Welt besch\u00fctzt und begleitet.<\/span><\/p><p align=\"CENTER\"><span style=\"font-size: large;\">Durch die erhebliche Kosmische Schwingungserh\u00f6hung, durch welche der Schleier, der uns noch voneinander scheinbar trennt, t\u00e4glich mehr durchlichtet wird, k\u00f6nnen Wir euer <\/span><span style=\"font-size: large;\"><b>Bewusstsein<\/b><\/span><span style=\"font-size: large;\"> besser ber\u00fchren und den so weit ge\u00f6ffneten Kelch eures Herzens mit der <\/span><span style=\"font-size: large;\"><b>Erinnerung <\/b><\/span><span style=\"font-size: large;\">an eure inwendige G\u00f6ttlichkeit aufladen.<\/span><\/p><p align=\"CENTER\"><img fetchpriority=\"high\" decoding=\"async\" class=\"alignnone wp-image-1540\" src=\"https:\/\/pure-divine-light.com\/wp-content\/uploads\/2022\/08\/Sanat-Kumara-300x171.jpg\" alt=\"\" width=\"332\" height=\"190\" srcset=\"https:\/\/pure-divine-light.com\/wp-content\/uploads\/2022\/08\/Sanat-Kumara-300x171.jpg 300w, https:\/\/pure-divine-light.com\/wp-content\/uploads\/2022\/08\/Sanat-Kumara-18x10.jpg 18w, https:\/\/pure-divine-light.com\/wp-content\/uploads\/2022\/08\/Sanat-Kumara.jpg 574w\" sizes=\"(max-width: 332px) 100vw, 332px\" \/><\/p><p align=\"CENTER\"><span style=\"font-size: large;\">Ohne euren Glauben und euer Vertrauen k\u00f6nnte Ich euch kaum geistig so ber\u00fchren wie im Hier und Jetzt. Durch eure <\/span><span style=\"font-size: large;\"><b>Aufmerksamkeit <\/b><\/span><span style=\"font-size: large;\">stellen eure Seelen einen wertvollen unsch\u00e4tzbaren Lichtkanal f\u00fcr die Geistige Welt dar!<\/span><\/p><p align=\"CENTER\"><span style=\"font-size: large;\">Schon immer wurden den Menschen durch ihre Propheten, Seher und Lehrer die KOSMISCHEN GESETZE und Lebensgebote \u00fcbermittelt. Dazu geh\u00f6ren zum Beispiel das grundlegende Gesetz: <\/span><\/p><p align=\"CENTER\">\u201e<span style=\"font-size: large;\"><b>Gem\u00e4\u00df eurem Glauben und Vertrauen wird euch geschehen!\u201c<\/b><\/span><span style=\"font-size: large;\"> und das Gebot: \u201eDu sollst nicht t\u00f6ten!\u201c.<\/span><\/p><p align=\"CENTER\"><span style=\"font-size: large;\">Doch nur relativ Wenige halten sich in der Menschheit daran. Deshalb sind eure Erfahrungen auf der Erde auch noch so weit von den h\u00f6heren Schwingungs-Ebenen und geistigen Dimensionen entfernt. Zweifel und \u00c4ngste beherrschen noch immer das Geschehen auf der Oberfl\u00e4che eures Planeten. Das wird sich nun rasch \u00e4ndern. Indem der Mensch sich wieder mehr und mehr der Natur und der Sch\u00f6pfung ERDE in Liebe und Achtsamkeit zuwendet, wird er auch erkennen, dass der Genuss des Fleisches von Tieren nicht dem Willen des Sch\u00f6pfers entspricht. <\/span><\/p><p align=\"CENTER\"><span style=\"font-size: large;\"><b>Die Tiere sind eurer Liebe und Verantwortung anvertraut. Sie sind nicht zum Essen da.<\/b><\/span><\/p><p align=\"CENTER\"><span style=\"font-size: large;\">In diesem Haus ist ein m\u00e4chtiges Kraftfeld des Vertrauens durch eure Lichtdienste und Anrufungen verankert. Somit handelt es sich in diesem \u201eAltarraum\u201c buchst\u00e4blich um einen <\/span><span style=\"font-size: large;\"><b>Fokus von ERZENGEL MICHAEL<\/b><\/span><span style=\"font-size: large;\"> und Seinen Blauen Engellegionen mit der R\u00fcstung und den Flammenschwertern des G\u00f6ttlichen Willens und Schutzes.<\/span><\/p><p align=\"CENTER\"><span style=\"font-size: large;\">Bei dieser Gelegenheit m\u00f6chte Ich euch auch noch einmal empfehlen und raten, in diesen Tagen nicht ohne die un\u00fcberwindliche R\u00fcstung des Blauen Strahls \u201enach drau\u00dfen\u201c zu gehen. Es gen\u00fcgt, wenn ihr euch dieser <\/span><span style=\"font-size: large;\"><b>Lichtr\u00fcstung <\/b><\/span><span style=\"font-size: large;\">bewusst seid.<\/span><\/p><p align=\"CENTER\"><span style=\"font-size: large;\">Es ist nicht das erste Mal, dass ihr in diesem Raum Kontakt mit der Energie der V\u00f6lker von der Venus habt. Doch es ist hoffentlich das erste Mal, dass jeder von euch endlich mit seinem ganzen Herzen und seiner Seele auf diesen Kontakt reagiert. Das bedeutet, dass ihr nach bester Kraft und Entschlossenheit die Schwingen eures Seelen-Bewusstseins immer weiter \u00fcber die engen Begrenzungen eurer bisherigen starren konditionierten Meinungen und Konzepte ausdehnt und eurem inwendigen <\/span><span style=\"font-size: large;\"><b>Licht des CHRISTUS-BEWUSSTSEINS<\/b><\/span><span style=\"font-size: large;\"> Ausdruck verleiht.<\/span><\/p><p align=\"CENTER\"><span style=\"font-size: large;\">ICH BIN auch deshalb zu euch gekommen, um jeden daran zu erinnern, dass <\/span><span style=\"font-size: large;\"><b>GOTT und die<\/b><\/span> <span style=\"font-size: large;\"><b>Geistige Hierarchie Seines Lichtes<\/b><\/span><span style=\"font-size: large;\"> dringend Leuchtt\u00fcrme und verk\u00f6rperte Brennpunkte auf der Erde ben\u00f6tigen! Es klingt f\u00fcr eure menschlichen Ohren vielleicht seltsam, aber GOTT braucht K\u00f6rper, um Sein \u201eZelt\u201c wieder neu auf der Erde zu errichten und Seine Allgegenwart \u201emitten unter den Menschen\u201c zu offenbaren, so wie es in den Schriften der Propheten \u00fcberliefert worden ist.<\/span><\/p><p align=\"CENTER\"><span style=\"font-size: large;\">Wisst, dass ihr in dieser turbulenten Wendezeit st\u00e4ndig von euren unsichtbaren Freunden aus dem Engelreich und dem Geist der Einheit aller M\u00e4chte des Lichtes begleitet und beh\u00fctet seid. Wir sind immer an eurer Seite und beobachten jeden Schritt, den ihr macht in <\/span><span style=\"font-size: large;\"><b>eine unbeschreiblich sch\u00f6ne Neue Zeit<\/b><\/span><span style=\"font-size: large;\">! Seid versichert, dass alle Ereignisse und Geschehnisse auf dem Weg zu einem g\u00f6ttlichen Abschluss sind.<\/span><\/p><p align=\"CENTER\"><span style=\"font-size: large;\">Angesichts der vielen Verz\u00f6gerungen und Entt\u00e4uschungen seit dem Jahr 2012 m\u00f6gen die pl\u00f6tzlichen radikalen Ver\u00e4nderungen auch tief verankerte \u00c4ngste und Sorgen an die Oberfl\u00e4che eures Seins bringen.<\/span><\/p><p align=\"CENTER\"><span style=\"font-size: large;\">Darum benutzt sooft ihr daran denkt <\/span><span style=\"font-size: large;\"><b>die Violette Flamme der Umwandlung<\/b><\/span><span style=\"font-size: large;\">, die euch den Weg frei macht und alle \u00c4ngste und Sorgen in Zuversicht und Vertrauen transformiert.<\/span><\/p><p align=\"CENTER\"><span style=\"font-size: large;\">Vertraut einfach auf euer <\/span><span style=\"font-size: large;\"><b>H\u00f6heres Geistiges Selbst<\/b><\/span><span style=\"font-size: large;\">, das G\u00f6ttliche Licht, das in jedem Seelengrund ewig fest verankert ist und euch <\/span><span style=\"font-size: large;\"><b>immer mit der Quelle allen Seins<\/b><\/span><span style=\"font-size: large;\"> versorgt. <\/span><\/p><p align=\"CENTER\"><span style=\"font-size: large;\">Bittet, und ihr werdet alles empfangen, was ihr f\u00fcr euren weiteren Weg braucht als Christus in T\u00e4tigkeit!<\/span><\/p><p align=\"CENTER\"><span style=\"font-size: large;\">Meine Liebe ist immer mit euch und wenn ihr an Mich oder Meine geliebte VENUS denkt\u2026 sind wir augenblicklich von Herz zu Herz miteinander vereinigt und lassen den Segen des ALLLM\u00c4CHTIGEN GOTTTES ICH BIN durch eure Gegenwart in das Leben auf der Erde str\u00f6men.<\/span><\/p><p align=\"CENTER\"><span style=\"font-size: large;\">ICH BIN SANAT KUMARA und bedanke Mich im Namen des Lichtes der Liebe und Sch\u00f6nheit der Sch\u00f6pfung f\u00fcr euer Vertrauen, f\u00fcr eure Entschlossenheit und f\u00fcr eure Aufmerksamkeit.<\/span><\/p><p align=\"CENTER\"><span style=\"font-size: large;\">NAMASTE!<\/span><\/p>\t\t\t\t\t\t\t\t<\/div>\n\t\t\t\t<\/div>\n\t\t\t\t\t<\/div>\n\t\t<\/div>\n\t\t\t\t\t<\/div>\n\t\t<\/section>\n\t\t\t\t<section class=\"elementor-section elementor-top-section elementor-element elementor-element-8612208 elementor-section-boxed elementor-section-height-default elementor-section-height-default\" data-id=\"8612208\" data-element_type=\"section\" data-e-type=\"section\">\n\t\t\t\t\t\t<div class=\"elementor-container elementor-column-gap-default\">\n\t\t\t\t\t<div class=\"elementor-column elementor-col-100 elementor-top-column elementor-element elementor-element-b5d4ab6\" data-id=\"b5d4ab6\" data-element_type=\"column\" data-e-type=\"column\">\n\t\t\t<div class=\"elementor-widget-wrap elementor-element-populated\">\n\t\t\t\t\t\t<div class=\"elementor-element elementor-element-e4ed2d5 elementor-widget elementor-widget-spacer\" data-id=\"e4ed2d5\" data-element_type=\"widget\" data-e-type=\"widget\" data-widget_type=\"spacer.default\">\n\t\t\t\t<div class=\"elementor-widget-container\">\n\t\t\t\t\t\t\t<div class=\"elementor-spacer\">\n\t\t\t<div class=\"elementor-spacer-inner\"><\/div>\n\t\t<\/div>\n\t\t\t\t\t\t<\/div>\n\t\t\t\t<\/div>\n\t\t\t\t\t<\/div>\n\t\t<\/div>\n\t\t\t\t\t<\/div>\n\t\t<\/section>\n\t\t\t\t<\/div>\n\t\t","protected":false},"excerpt":{"rendered":"<p>Eine Botschaft von SANAT KUMARA f\u00fcr den Licht&shy;dienst Heilung und Segen von der Venus sind \u00fcber euch ausgegossen durch diese Worte meine geliebten Schwestern und Br\u00fcder im Licht des Allm\u00e4chtigen ICH BIN. ICH komme durch diese Worte zu euch und allen, die diese Botschaft mit dem Goldenen Kelch ihres Herzens tief aufnehmen und den geistigen [&hellip;]<\/p>\n","protected":false},"author":1,"featured_media":0,"parent":0,"menu_order":0,"comment_status":"closed","ping_status":"closed","template":"","meta":{"ocean_post_layout":"full-screen","ocean_both_sidebars_style":"","ocean_both_sidebars_content_width":0,"ocean_both_sidebars_sidebars_width":0,"ocean_sidebar":"0","ocean_second_sidebar":"0","ocean_disable_margins":"enable","ocean_add_body_class":"","ocean_shortcode_before_top_bar":"","ocean_shortcode_after_top_bar":"","ocean_shortcode_before_header":"","ocean_shortcode_after_header":"","ocean_has_shortcode":"","ocean_shortcode_after_title":"","ocean_shortcode_before_footer_widgets":"","ocean_shortcode_after_footer_widgets":"","ocean_shortcode_before_footer_bottom":"","ocean_shortcode_after_footer_bottom":"","ocean_display_top_bar":"off","ocean_display_header":"default","ocean_header_style":"","ocean_center_header_left_menu":"0","ocean_custom_header_template":"0","ocean_custom_logo":0,"ocean_custom_retina_logo":0,"ocean_custom_logo_max_width":0,"ocean_custom_logo_tablet_max_width":0,"ocean_custom_logo_mobile_max_width":0,"ocean_custom_logo_max_height":0,"ocean_custom_logo_tablet_max_height":0,"ocean_custom_logo_mobile_max_height":0,"ocean_header_custom_menu":"0","ocean_menu_typo_font_family":"0","ocean_menu_typo_font_subset":"","ocean_menu_typo_font_size":0,"ocean_menu_typo_font_size_tablet":0,"ocean_menu_typo_font_size_mobile":0,"ocean_menu_typo_font_size_unit":"px","ocean_menu_typo_font_weight":"","ocean_menu_typo_font_weight_tablet":"","ocean_menu_typo_font_weight_mobile":"","ocean_menu_typo_transform":"","ocean_menu_typo_transform_tablet":"","ocean_menu_typo_transform_mobile":"","ocean_menu_typo_line_height":0,"ocean_menu_typo_line_height_tablet":0,"ocean_menu_typo_line_height_mobile":0,"ocean_menu_typo_line_height_unit":"","ocean_menu_typo_spacing":0,"ocean_menu_typo_spacing_tablet":0,"ocean_menu_typo_spacing_mobile":0,"ocean_menu_typo_spacing_unit":"","ocean_menu_link_color":"","ocean_menu_link_color_hover":"","ocean_menu_link_color_active":"","ocean_menu_link_background":"","ocean_menu_link_hover_background":"","ocean_menu_link_active_background":"","ocean_menu_social_links_bg":"","ocean_menu_social_hover_links_bg":"","ocean_menu_social_links_color":"","ocean_menu_social_hover_links_color":"","ocean_disable_title":"on","ocean_disable_heading":"default","ocean_post_title":"","ocean_post_subheading":"","ocean_post_title_style":"","ocean_post_title_background_color":"","ocean_post_title_background":0,"ocean_post_title_bg_image_position":"","ocean_post_title_bg_image_attachment":"","ocean_post_title_bg_image_repeat":"","ocean_post_title_bg_image_size":"","ocean_post_title_height":0,"ocean_post_title_bg_overlay":0.5,"ocean_post_title_bg_overlay_color":"","ocean_disable_breadcrumbs":"default","ocean_breadcrumbs_color":"","ocean_breadcrumbs_separator_color":"","ocean_breadcrumbs_links_color":"","ocean_breadcrumbs_links_hover_color":"","ocean_display_footer_widgets":"off","ocean_display_footer_bottom":"on","ocean_custom_footer_template":"0","footnotes":""},"class_list":["post-1533","page","type-page","status-publish","hentry","entry"],"_links":{"self":[{"href":"https:\/\/pure-divine-light.com\/de\/wp-json\/wp\/v2\/pages\/1533","targetHints":{"allow":["GET"]}}],"collection":[{"href":"https:\/\/pure-divine-light.com\/de\/wp-json\/wp\/v2\/pages"}],"about":[{"href":"https:\/\/pure-divine-light.com\/de\/wp-json\/wp\/v2\/types\/page"}],"author":[{"embeddable":true,"href":"https:\/\/pure-divine-light.com\/de\/wp-json\/wp\/v2\/users\/1"}],"replies":[{"embeddable":true,"href":"https:\/\/pure-divine-light.com\/de\/wp-json\/wp\/v2\/comments?post=1533"}],"version-history":[{"count":0,"href":"https:\/\/pure-divine-light.com\/de\/wp-json\/wp\/v2\/pages\/1533\/revisions"}],"wp:attachment":[{"href":"https:\/\/pure-divine-light.com\/de\/wp-json\/wp\/v2\/media?parent=1533"}],"curies":[{"name":"wp","href":"https:\/\/api.w.org\/{rel}","templated":true}]}}