{"id":2073,"date":"2022-08-23T11:56:26","date_gmt":"2022-08-23T11:56:26","guid":{"rendered":"https:\/\/pure-divine-light.com\/?page_id=2073"},"modified":"2022-09-11T12:36:38","modified_gmt":"2022-09-11T12:36:38","slug":"botschaft-von-lord-poseidon","status":"publish","type":"page","link":"https:\/\/pure-divine-light.com\/de\/botschaft-von-lord-poseidon\/","title":{"rendered":"Botschaft von Lord Poseidon"},"content":{"rendered":"\t\t<div data-elementor-type=\"wp-page\" data-elementor-id=\"2073\" class=\"elementor elementor-2073\">\n\t\t\t\t\t\t<section class=\"elementor-section elementor-top-section elementor-element elementor-element-2e2b3bd8 elementor-section-height-min-height elementor-section-boxed elementor-section-height-default elementor-section-items-middle\" data-id=\"2e2b3bd8\" data-element_type=\"section\" data-e-type=\"section\" data-settings=\"{&quot;background_background&quot;:&quot;classic&quot;}\">\n\t\t\t\t\t\t\t<div class=\"elementor-background-overlay\"><\/div>\n\t\t\t\t\t\t\t<div class=\"elementor-container elementor-column-gap-wider\">\n\t\t\t\t\t<div class=\"elementor-column elementor-col-100 elementor-top-column elementor-element elementor-element-7b1e1176\" data-id=\"7b1e1176\" data-element_type=\"column\" data-e-type=\"column\">\n\t\t\t<div class=\"elementor-widget-wrap elementor-element-populated\">\n\t\t\t\t\t\t<div class=\"elementor-element elementor-element-312b9cea elementor-widget elementor-widget-heading\" data-id=\"312b9cea\" data-element_type=\"widget\" data-e-type=\"widget\" data-settings=\"{&quot;_animation&quot;:&quot;none&quot;}\" data-widget_type=\"heading.default\">\n\t\t\t\t<div class=\"elementor-widget-container\">\n\t\t\t\t\t<h1 class=\"elementor-heading-title elementor-size-default\">Botschaft von LORD POSEI&shy;DON<\/h1>\t\t\t\t<\/div>\n\t\t\t\t<\/div>\n\t\t\t\t\t<\/div>\n\t\t<\/div>\n\t\t\t\t\t<\/div>\n\t\t<\/section>\n\t\t\t\t<section class=\"elementor-section elementor-top-section elementor-element elementor-element-5be584d elementor-section-boxed elementor-section-height-default elementor-section-height-default\" data-id=\"5be584d\" data-element_type=\"section\" data-e-type=\"section\">\n\t\t\t\t\t\t<div class=\"elementor-container elementor-column-gap-default\">\n\t\t\t\t\t<div class=\"elementor-column elementor-col-100 elementor-top-column elementor-element elementor-element-7db342a0\" data-id=\"7db342a0\" data-element_type=\"column\" data-e-type=\"column\">\n\t\t\t<div class=\"elementor-widget-wrap elementor-element-populated\">\n\t\t\t\t\t\t<div class=\"elementor-element elementor-element-4c57c6a6 elementor-widget elementor-widget-spacer\" data-id=\"4c57c6a6\" data-element_type=\"widget\" data-e-type=\"widget\" data-widget_type=\"spacer.default\">\n\t\t\t\t<div class=\"elementor-widget-container\">\n\t\t\t\t\t\t\t<div class=\"elementor-spacer\">\n\t\t\t<div class=\"elementor-spacer-inner\"><\/div>\n\t\t<\/div>\n\t\t\t\t\t\t<\/div>\n\t\t\t\t<\/div>\n\t\t\t\t\t<\/div>\n\t\t<\/div>\n\t\t\t\t\t<\/div>\n\t\t<\/section>\n\t\t\t\t<section class=\"elementor-section elementor-top-section elementor-element elementor-element-bb669c9 elementor-section-boxed elementor-section-height-default elementor-section-height-default\" data-id=\"bb669c9\" data-element_type=\"section\" data-e-type=\"section\">\n\t\t\t\t\t\t<div class=\"elementor-container elementor-column-gap-default\">\n\t\t\t\t\t<div class=\"elementor-column elementor-col-100 elementor-top-column elementor-element elementor-element-dd47d06\" data-id=\"dd47d06\" data-element_type=\"column\" data-e-type=\"column\">\n\t\t\t<div class=\"elementor-widget-wrap elementor-element-populated\">\n\t\t\t\t\t\t<div class=\"elementor-element elementor-element-a2ec9f8 elementor-widget elementor-widget-text-editor\" data-id=\"a2ec9f8\" data-element_type=\"widget\" data-e-type=\"widget\" data-widget_type=\"text-editor.default\">\n\t\t\t\t<div class=\"elementor-widget-container\">\n\t\t\t\t\t\t\t\t\t<p style=\"text-align: center;\">Bitte entnehme nur das aus diesem Text, was mit deinem Herz in Einklang ist. Alles andere \u00fcbergib deinem hohen SELBST, das deinen individuellen Weg kennt und dir alles zur richtigen Zeit enth\u00fcllt!<\/p><p style=\"text-align: center;\">LORD POSEIDON, der Gott des Meeres und des Wasserelements, spricht zu unseren Herzen:<\/p><p style=\"text-align: center;\" align=\"CENTER\">Das G\u00f6ttliche, das ICH BIN, gr\u00fc\u00dft die Allm\u00e4chtige GEGENWART GOTTES in euch!<\/p><p style=\"text-align: center;\" align=\"CENTER\"><span style=\"color: #345bf4;\"><strong>ICH BIN POSEIDON, dem die Menschheit schon viele verschiedene Namen gegeben hat. Ihr kennt mich seit uralten Zeiten als den Gott des Meeres.<\/strong><\/span><\/p><p style=\"text-align: center;\" align=\"CENTER\">Einige verehren Mich als den \u201eGott des Wassers\u201c Neptun und haben sogar einen Planeten nach Mir wegen seiner tiefblauen Farbe benannt.<\/p><p style=\"text-align: center;\" align=\"CENTER\">Andere kennen Mich unter dem Namen OZEANUS und nennen Meine G\u00f6ttliche Erg\u00e4nzung LADY MARE.<\/p><p style=\"text-align: center;\" align=\"CENTER\">Mein Element ist das Wasser und Ich habe die gro\u00dfe Mir von dem einen GOTT ICH BIN geschenkte Ehre und Bestimmung das Wasser der Erde und alle Wesen, die damit verbunden sind, also auch eure K\u00f6rper, die im Wesentlichen aus Wasser bestehen, zu segnen und zu h\u00fcten.<\/p><p style=\"text-align: center;\" align=\"CENTER\">Alle Naturwesen, die dem Element Wasser zugeordnet sind, sind im wahrsten Sinne des Wortes Meine geliebten Untertanen und dienen gemeinsam mit Mir und Meiner Zwillingsflamme LADY LUNARA (MARE) der Bestimmung, <b>die g\u00f6ttliche Ordnung des Universums<\/b> gem\u00e4\u00df dem WILLEN GOTTES aufrechtzuerhalten.<\/p><p style=\"text-align: center;\" align=\"CENTER\">Es ist sehr selten, dass Menschen sich Meiner Gegenwart bewusst zuwenden und Mich sogar \u201epers\u00f6nlich\u201c anrufen wie einen Freund und nicht wie jemanden, vor dem man sich f\u00fcrchten muss. Im Licht der g\u00f6ttlichen Einheit und Liebe braucht sich niemand zu f\u00fcrchten!<\/p><p style=\"text-align: center;\" align=\"CENTER\">Zur Liebe Gottes geh\u00f6ren jedoch auch Seine Allmacht und Seine unbestechlichen <b>Kosmischen<\/b> <b>Gesetze<\/b>, die Pfeiler und vollkommenen S\u00e4ulen, auf welche alles Leben und die ganze Sch\u00f6pfung im Gro\u00dfen wie im Kleinen, im Mikro- und im Makrokosmos aufgebaut ist.<\/p><p style=\"text-align: center;\" align=\"CENTER\"><strong>So wie ein Mensch seine kleine pers\u00f6nliche Welt in Ordnung halten muss, so muss ICH Mich darum k\u00fcmmern, dass alles, was Wasser ist, sauber und rein zu erhalten.<\/strong> Doch auf der Erde gilt das Gesetz des Freien Willens, und Ich brauche euch bestimmt nicht zu sagen, wie weit sich diese Menschheit von dem Willen Gottes entfernt hat!<\/p><p style=\"text-align: center;\" align=\"CENTER\">Nur die Menschenseelen, die schon viele, viele Erfahrungen in Raum und Zeit gemacht und gespeichert haben, sind in der Lage, das Unbegrenzte zu sehen und zu erkennen, was sie weit \u00fcber die Schranken und Grenzen des konditionierten Denkens und F\u00fchlens hinausf\u00fchrt!<\/p><p style=\"text-align: center;\" align=\"CENTER\">So spreche Ich heute zu jedem von euch in der Hoffnung, dass ihr zu diesen erwachten Seelen geh\u00f6rt, die \u00fcber den Tellerrand des irdischen Status Quo und die Matrix dieser Welt hinausschauen wollen und k\u00f6nnen.<\/p><p style=\"text-align: center;\" align=\"CENTER\">Wollt ihr das wirklich und seid ihr bereit, Botschafter und Sprachrohre des Reiches Gottes in einer Welt zu SEIN, die sich bis heute vehement gegen alles wehrt, was mit g\u00f6ttlicher Wahrheit und kosmischer Ordnung zu tun hat?<\/p><p style=\"text-align: center;\" align=\"CENTER\">Viele Botschafter aus der Geistigen Welt jenseits des astralen Schleiers, der von falschem Denken und falschem Tun erschaffen worden ist, kamen mit der Hoffnung und dem Mut der Liebe Gottes zu ihren Geschwistern auf die Erde und wurden ausgelacht, als Propheten verfolgt und oft get\u00f6tet, weil diese ihnen nicht glauben wollten und eher den T\u00e4uschern und Machthabern einer gottlosen Gesellschaft folgten.<\/p><p style=\"text-align: center;\" align=\"CENTER\"><strong>Doch nun ist die Zeit der Wiederkehr DES CHRISTUS-BEWUSSTSEINS und auch die Zeit der R\u00fcckkehr der G\u00f6tter und G\u00f6ttinnen zu dem Planet Erde, der einmal als ein Stern f\u00fcr das ganze Universum vorgesehen war und noch immer ist.<\/strong> Denn diese Erde ist eine Schule f\u00fcr die S\u00f6hne und T\u00f6chter GOTTES in Menschengestalt, die alle einen K\u00f6rper aus den <b>vier Elementen<\/b> tragen: das Feuer des Geistes, das Wasser des Lebens, die Erde, um zu wachsen und zu gedeihen und die Luft, um die Allmacht des Geistes Gottes einzuatmen und auszudehnen.<\/p><p align=\"CENTER\"><img fetchpriority=\"high\" decoding=\"async\" class=\"alignnone  wp-image-2112\" src=\"https:\/\/pure-divine-light.com\/wp-content\/uploads\/2022\/08\/Poseidon-300x225.jpg\" alt=\"\" width=\"313\" height=\"235\" srcset=\"https:\/\/pure-divine-light.com\/wp-content\/uploads\/2022\/08\/Poseidon-300x225.jpg 300w, https:\/\/pure-divine-light.com\/wp-content\/uploads\/2022\/08\/Poseidon-768x576.jpg 768w, https:\/\/pure-divine-light.com\/wp-content\/uploads\/2022\/08\/Poseidon-16x12.jpg 16w, https:\/\/pure-divine-light.com\/wp-content\/uploads\/2022\/08\/Poseidon.jpg 791w\" sizes=\"(max-width: 313px) 100vw, 313px\" \/><\/p><p style=\"text-align: center;\" align=\"CENTER\"><strong>H\u00f6rt bitte aufmerksam zu:<\/strong> Je mehr ihr als heranwachsende T\u00f6chter und S\u00f6hne Gottes die Wesen der Elemente segnet, desto mehr k\u00f6nnen sie f\u00fcr euch tun! Eure Liebe und Achtsamkeit, die ihr den kleinen und gro\u00dfen Elementarwesen, den sichtbaren und unsichtbaren, schenkt, wird dazu beitragen, um eure geistige Auferstehung und euer geistiges Gedeihen zu unterst\u00fctzen und sicherzustellen, dass ihr alle Notwendigkeiten und Annehmlichkeiten habt, die die ihr euch w\u00fcnscht und in eurem Leben ben\u00f6tigt, um allem Leben auf der Erde Harmonie und Gl\u00fcck zu bringen, Freude, Freiheit und Erf\u00fcllung, nach der sich alles Leben und alle Herzen so sehr sehnen!<\/p><p style=\"text-align: center;\" align=\"CENTER\"><strong>Ruft m\u00f6glichst oft die Violette Flamme der Reinigung und Transformation herbei, um bei der Reinigung des Wasserelements in euren emotionalen K\u00f6rpern, physischen K\u00f6rpern und der ganzen Atmosph\u00e4re euren individuellen Beistand zu leisten!<\/strong><\/p><p style=\"text-align: center;\" align=\"CENTER\">Das Wasser ist ein wichtiger elektrischer Leiter! Wenn es beispielsweise regnet, kommt oft auch eine gewisse Menge von Blitzen mit dem Regen. Darin ist die elektronische Kosmische Kraft des Blauen Blitzes, des Wei\u00dfen Blitzes, des Violetten Blitzes und des Rosa Blitzes, um die Atmosph\u00e4re der Erde zu reinigen! Vielleicht schaut ihr mal bewusst auf die Farbe der Blitze! Wer die Sieben Gro\u00dfen Elohim kennt, m\u00f6ge auch Sie mit seinem Herzen anrufen, um mit der machtvollen Lichtessenz der Gro\u00dfen Zentralsonne die Atmosph\u00e4re von der Verunreinigung durch negative Gedanken- und Gef\u00fchlsformen zu befreien.<\/p><p style=\"text-align: center;\" align=\"CENTER\">Ich helfe euch gerne dabei, eure Beziehung zu den Wesen des Wasserelements, die eine enorme Kraft elektronischer Energie reiner g\u00f6ttlicher Liebe in sich tragen, wieder neu zu qualifizieren!<\/p><p style=\"text-align: center;\" align=\"CENTER\"><strong><span style=\"color: #345bf4;\">Ihr k\u00f6nnt euch auch reines fl\u00fcssiges Licht visualisieren und dann trinken.<\/span> <span style=\"color: #345bf4;\">In relativ kurzer Zeit w\u00fcrde euer physisches Gewand von dem Inneren Licht immer mehr durchlichtet und schlie\u00dflich selbstleuchtend sein mit einer wundersch\u00f6nen Aura um ihn herum!<\/span><\/strong><\/p><p style=\"text-align: center;\" align=\"CENTER\">ICH BIN POSEIDON, Neptun und Ozeanus in Einem. Du sollst erfahren, was Ich durch deine Hingabe an deine G\u00f6ttliche Gegenwart, die auch eins mit mir ist, f\u00fcr dich tun kann. M\u00f6ge das Wasser des Lebens dich unsterblich, jugendlich, sch\u00f6n und neu in diesem kommenden Goldenen Zeitalter machen!<\/p><p style=\"text-align: center;\" align=\"CENTER\"><strong>Werdet euch bewusst, dass Wasser eine Kondensation von Substanzen eurer Zentralsonne ist!<\/strong> Wasser ist ein heiliges Element der Reinigung und Erneuerung eures K\u00f6rpers und eures Geistes. Vergesst das nie mehr und geht immer bewusster damit um! Segnet und dankt dem Wasser \u00fcberall, wo ihr daran denkt und ihm begegnet. Dankt dem Wasser aus der Dusche und dankt dem Wasser, wenn ihr darin badet oder schwimmt. Sendet Dankbarkeit und Liebe aus f\u00fcr alle Regentropfen, um die Erde damit zu tr\u00e4nken und zu segnen. Visualisiert dabei das Violette Feuer und seine Flammen, wie es mit dem Regen auch in die Erde gelangt. Eure Vorstellungskraft ist eure Sch\u00f6pferkraft!<\/p><p style=\"text-align: center;\" align=\"CENTER\">Ich spreche diese Botschaft aus dem Zentrum des Lichtes der Wahrheit im Herzen von PALLAS ATHENE, der G\u00f6ttin der Wahrheit und der W\u00e4chterin der Weisheit Griechenlands!<\/p><p style=\"text-align: center;\" align=\"CENTER\">Hier sind jetzt f\u00fcnf Botschafter des Friedens und der geistigen Erneuerung in ihrem physischen K\u00f6rper anwesend, um auf der Insel der G\u00f6tter und G\u00f6ttinnen in Unser geistiges Licht einzutauchen und im Wasser des Meeres zu baden. In dem Wasser, das die Heimat von unz\u00e4hligen Meerjungfrauen, Delfinen, Walen, Schildkr\u00f6ten und anderen Meereslebewesen ist.<\/p><p style=\"text-align: center;\" align=\"CENTER\">Zu Meinen Aufgaben geh\u00f6rt es auch, die Undinen anzuweisen, um das Salz bereitzustellen, welches das Luftelement in der unteren Atmosph\u00e4re der Erde verankert, um den Sylphen der Luft zu helfen und zu dienen, damit diese sich von der Verschmutzung der Erde erheben k\u00f6nnen, wo sie gezwungen sind, dem Leben zu dienen.<\/p><p style=\"text-align: center;\" align=\"CENTER\"><strong>Abschlie\u00dfend bitte Ich euch im Namen der Liebe und G\u00fcte Gottes und Seines Universellen Reiches darum, eure geistige Entschlossenheit und Beharrlichkeit noch mehr zu verst\u00e4rken und durch die Anwendung der Violetten Reinigungsflamme das Wasser und alle Gew\u00e4sser und Wasserwesen dieser Erde intensiv mit der Macht eures g\u00f6ttlichen Herzens zu erneuern, um alle Unreinheiten und Krankheiten f\u00fcr immer zu beseitigen.<\/strong><\/p><p style=\"text-align: center;\" align=\"CENTER\"><a name=\"Bookmark\"><\/a> M\u00f6ge das Wasser in euren K\u00f6rpern und in eurer Welt das G\u00f6ttliche Licht der Zentralsonne wieder in jede Zelle, in jedes Molek\u00fcl und in jedes Organ hineinfluten lassen, um euch in einem kristallinen vollkommen gereinigten und gesunden K\u00f6rper auf die Neue Erde und in den Neuen Himmel aufsteigen zu lassen, wo wieder alles Leben in Freude und Gl\u00fcckseligkeit miteinander tanzt und schwingt.<\/p><p style=\"text-align: center;\" align=\"CENTER\">In ewiger Freundschaft BIN ICH euer geistiger Bruder im Licht der Liebe Gottes,<\/p><p style=\"text-align: center;\" align=\"CENTER\">das alles Leben und alle Herzen zutiefst vereinigt,<\/p><p style=\"text-align: center;\" align=\"CENTER\"><strong><span style=\"color: #345bf4;\">Poseidon<\/span><\/strong><\/p><p style=\"text-align: center;\" align=\"CENTER\">Danke f\u00fcr deine Aufmerksamkeit!<\/p>\t\t\t\t\t\t\t\t<\/div>\n\t\t\t\t<\/div>\n\t\t\t\t\t<\/div>\n\t\t<\/div>\n\t\t\t\t\t<\/div>\n\t\t<\/section>\n\t\t\t\t<section class=\"elementor-section elementor-top-section elementor-element elementor-element-d3f68e1 elementor-section-boxed elementor-section-height-default elementor-section-height-default\" data-id=\"d3f68e1\" data-element_type=\"section\" data-e-type=\"section\">\n\t\t\t\t\t\t<div class=\"elementor-container elementor-column-gap-default\">\n\t\t\t\t\t<div class=\"elementor-column elementor-col-100 elementor-top-column elementor-element elementor-element-b055ea3\" data-id=\"b055ea3\" data-element_type=\"column\" data-e-type=\"column\">\n\t\t\t<div class=\"elementor-widget-wrap elementor-element-populated\">\n\t\t\t\t\t\t<div class=\"elementor-element elementor-element-e1b3953 elementor-widget elementor-widget-spacer\" data-id=\"e1b3953\" data-element_type=\"widget\" data-e-type=\"widget\" data-widget_type=\"spacer.default\">\n\t\t\t\t<div class=\"elementor-widget-container\">\n\t\t\t\t\t\t\t<div class=\"elementor-spacer\">\n\t\t\t<div class=\"elementor-spacer-inner\"><\/div>\n\t\t<\/div>\n\t\t\t\t\t\t<\/div>\n\t\t\t\t<\/div>\n\t\t\t\t\t<\/div>\n\t\t<\/div>\n\t\t\t\t\t<\/div>\n\t\t<\/section>\n\t\t\t\t<\/div>\n\t\t","protected":false},"excerpt":{"rendered":"<p>Botschaft von LORD POSEI&shy;DON Bitte entnehme nur das aus diesem Text, was mit deinem Herz in Einklang ist. Alles andere \u00fcbergib deinem hohen SELBST, das deinen individuellen Weg kennt und dir alles zur richtigen Zeit enth\u00fcllt! LORD POSEIDON, der Gott des Meeres und des Wasserelements, spricht zu unseren Herzen: Das G\u00f6ttliche, das ICH BIN, gr\u00fc\u00dft [&hellip;]<\/p>\n","protected":false},"author":1,"featured_media":0,"parent":0,"menu_order":0,"comment_status":"closed","ping_status":"closed","template":"","meta":{"ocean_post_layout":"full-screen","ocean_both_sidebars_style":"","ocean_both_sidebars_content_width":0,"ocean_both_sidebars_sidebars_width":0,"ocean_sidebar":"0","ocean_second_sidebar":"0","ocean_disable_margins":"enable","ocean_add_body_class":"","ocean_shortcode_before_top_bar":"","ocean_shortcode_after_top_bar":"","ocean_shortcode_before_header":"","ocean_shortcode_after_header":"","ocean_has_shortcode":"","ocean_shortcode_after_title":"","ocean_shortcode_before_footer_widgets":"","ocean_shortcode_after_footer_widgets":"","ocean_shortcode_before_footer_bottom":"","ocean_shortcode_after_footer_bottom":"","ocean_display_top_bar":"off","ocean_display_header":"default","ocean_header_style":"","ocean_center_header_left_menu":"0","ocean_custom_header_template":"0","ocean_custom_logo":0,"ocean_custom_retina_logo":0,"ocean_custom_logo_max_width":0,"ocean_custom_logo_tablet_max_width":0,"ocean_custom_logo_mobile_max_width":0,"ocean_custom_logo_max_height":0,"ocean_custom_logo_tablet_max_height":0,"ocean_custom_logo_mobile_max_height":0,"ocean_header_custom_menu":"0","ocean_menu_typo_font_family":"0","ocean_menu_typo_font_subset":"","ocean_menu_typo_font_size":0,"ocean_menu_typo_font_size_tablet":0,"ocean_menu_typo_font_size_mobile":0,"ocean_menu_typo_font_size_unit":"px","ocean_menu_typo_font_weight":"","ocean_menu_typo_font_weight_tablet":"","ocean_menu_typo_font_weight_mobile":"","ocean_menu_typo_transform":"","ocean_menu_typo_transform_tablet":"","ocean_menu_typo_transform_mobile":"","ocean_menu_typo_line_height":0,"ocean_menu_typo_line_height_tablet":0,"ocean_menu_typo_line_height_mobile":0,"ocean_menu_typo_line_height_unit":"","ocean_menu_typo_spacing":0,"ocean_menu_typo_spacing_tablet":0,"ocean_menu_typo_spacing_mobile":0,"ocean_menu_typo_spacing_unit":"","ocean_menu_link_color":"","ocean_menu_link_color_hover":"","ocean_menu_link_color_active":"","ocean_menu_link_background":"","ocean_menu_link_hover_background":"","ocean_menu_link_active_background":"","ocean_menu_social_links_bg":"","ocean_menu_social_hover_links_bg":"","ocean_menu_social_links_color":"","ocean_menu_social_hover_links_color":"","ocean_disable_title":"on","ocean_disable_heading":"default","ocean_post_title":"","ocean_post_subheading":"","ocean_post_title_style":"","ocean_post_title_background_color":"","ocean_post_title_background":0,"ocean_post_title_bg_image_position":"","ocean_post_title_bg_image_attachment":"","ocean_post_title_bg_image_repeat":"","ocean_post_title_bg_image_size":"","ocean_post_title_height":0,"ocean_post_title_bg_overlay":0.5,"ocean_post_title_bg_overlay_color":"","ocean_disable_breadcrumbs":"default","ocean_breadcrumbs_color":"","ocean_breadcrumbs_separator_color":"","ocean_breadcrumbs_links_color":"","ocean_breadcrumbs_links_hover_color":"","ocean_display_footer_widgets":"off","ocean_display_footer_bottom":"on","ocean_custom_footer_template":"0","footnotes":""},"class_list":["post-2073","page","type-page","status-publish","hentry","entry"],"_links":{"self":[{"href":"https:\/\/pure-divine-light.com\/de\/wp-json\/wp\/v2\/pages\/2073","targetHints":{"allow":["GET"]}}],"collection":[{"href":"https:\/\/pure-divine-light.com\/de\/wp-json\/wp\/v2\/pages"}],"about":[{"href":"https:\/\/pure-divine-light.com\/de\/wp-json\/wp\/v2\/types\/page"}],"author":[{"embeddable":true,"href":"https:\/\/pure-divine-light.com\/de\/wp-json\/wp\/v2\/users\/1"}],"replies":[{"embeddable":true,"href":"https:\/\/pure-divine-light.com\/de\/wp-json\/wp\/v2\/comments?post=2073"}],"version-history":[{"count":0,"href":"https:\/\/pure-divine-light.com\/de\/wp-json\/wp\/v2\/pages\/2073\/revisions"}],"wp:attachment":[{"href":"https:\/\/pure-divine-light.com\/de\/wp-json\/wp\/v2\/media?parent=2073"}],"curies":[{"name":"wp","href":"https:\/\/api.w.org\/{rel}","templated":true}]}}