{"id":231,"date":"2022-08-10T11:32:54","date_gmt":"2022-08-10T11:32:54","guid":{"rendered":"https:\/\/pure-divine-light.com\/?page_id=231"},"modified":"2022-09-11T12:49:11","modified_gmt":"2022-09-11T12:49:11","slug":"ich-bin","status":"publish","type":"page","link":"https:\/\/pure-divine-light.com\/de\/ich-bin\/","title":{"rendered":"ICH BIN"},"content":{"rendered":"\t\t<div data-elementor-type=\"wp-page\" data-elementor-id=\"231\" class=\"elementor elementor-231\">\n\t\t\t\t\t\t<section class=\"elementor-section elementor-top-section elementor-element elementor-element-5cdb5e14 elementor-section-height-min-height elementor-section-boxed elementor-section-height-default elementor-section-items-middle\" data-id=\"5cdb5e14\" data-element_type=\"section\" data-e-type=\"section\" data-settings=\"{&quot;background_background&quot;:&quot;classic&quot;}\">\n\t\t\t\t\t\t\t<div class=\"elementor-background-overlay\"><\/div>\n\t\t\t\t\t\t\t<div class=\"elementor-container elementor-column-gap-wider\">\n\t\t\t\t\t<div class=\"elementor-column elementor-col-100 elementor-top-column elementor-element elementor-element-65c40e4\" data-id=\"65c40e4\" data-element_type=\"column\" data-e-type=\"column\">\n\t\t\t<div class=\"elementor-widget-wrap elementor-element-populated\">\n\t\t\t\t\t\t<div class=\"elementor-element elementor-element-19f29d41 elementor-widget elementor-widget-heading\" data-id=\"19f29d41\" data-element_type=\"widget\" data-e-type=\"widget\" data-settings=\"{&quot;_animation&quot;:&quot;none&quot;}\" data-widget_type=\"heading.default\">\n\t\t\t\t<div class=\"elementor-widget-container\">\n\t\t\t\t\t<h1 class=\"elementor-heading-title elementor-size-default\">ICH BIN<\/h1>\t\t\t\t<\/div>\n\t\t\t\t<\/div>\n\t\t\t\t\t<\/div>\n\t\t<\/div>\n\t\t\t\t\t<\/div>\n\t\t<\/section>\n\t\t\t\t<section class=\"elementor-section elementor-top-section elementor-element elementor-element-55b49ae7 elementor-section-boxed elementor-section-height-default elementor-section-height-default\" data-id=\"55b49ae7\" data-element_type=\"section\" data-e-type=\"section\">\n\t\t\t\t\t\t<div class=\"elementor-container elementor-column-gap-default\">\n\t\t\t\t\t<div class=\"elementor-column elementor-col-100 elementor-top-column elementor-element elementor-element-6bb15db8\" data-id=\"6bb15db8\" data-element_type=\"column\" data-e-type=\"column\">\n\t\t\t<div class=\"elementor-widget-wrap elementor-element-populated\">\n\t\t\t\t\t\t<div class=\"elementor-element elementor-element-482cc8ae elementor-widget elementor-widget-spacer\" data-id=\"482cc8ae\" data-element_type=\"widget\" data-e-type=\"widget\" data-widget_type=\"spacer.default\">\n\t\t\t\t<div class=\"elementor-widget-container\">\n\t\t\t\t\t\t\t<div class=\"elementor-spacer\">\n\t\t\t<div class=\"elementor-spacer-inner\"><\/div>\n\t\t<\/div>\n\t\t\t\t\t\t<\/div>\n\t\t\t\t<\/div>\n\t\t\t\t\t<\/div>\n\t\t<\/div>\n\t\t\t\t\t<\/div>\n\t\t<\/section>\n\t\t\t\t<section class=\"elementor-section elementor-top-section elementor-element elementor-element-aa3beb8 elementor-section-boxed elementor-section-height-default elementor-section-height-default\" data-id=\"aa3beb8\" data-element_type=\"section\" data-e-type=\"section\">\n\t\t\t\t\t\t<div class=\"elementor-container elementor-column-gap-default\">\n\t\t\t\t\t<div class=\"elementor-column elementor-col-100 elementor-top-column elementor-element elementor-element-03b28ba\" data-id=\"03b28ba\" data-element_type=\"column\" data-e-type=\"column\">\n\t\t\t<div class=\"elementor-widget-wrap elementor-element-populated\">\n\t\t\t\t\t\t<div class=\"elementor-element elementor-element-d92aa8a elementor-widget elementor-widget-text-editor\" data-id=\"d92aa8a\" data-element_type=\"widget\" data-e-type=\"widget\" data-widget_type=\"text-editor.default\">\n\t\t\t\t<div class=\"elementor-widget-container\">\n\t\t\t\t\t\t\t\t\t<p>Das gro\u00dfe<strong> ICH BIN<\/strong> ist ganz einfach formuliert die <strong>Allgegenwart Gottes<\/strong>, die in jedem menschlichen Herzen und seiner Seele eingeboren ist.<\/p><p>Man kann auch sagen, dass es <strong>der g\u00f6ttliche Funke in jedem Bewusstsein<\/strong> ist. Je mehr dieser Funke durch tiefen Glauben und unersch\u00fctterliches Gottvertrauen angewendet, benutzt und aktiviert wird, umso eher findet ein geistiger Prozess statt, der die Seele immer mehr zu ihrer urspr\u00fcnglichen Vollkommenheit f\u00fchrt.<\/p><p>Im Unterschied zu der sterblichen H\u00fclle des Menschen ist die Seele unsterblich und ewig. Mit zunehmender Erkenntnis durch das Ausdehnen des inneren Lichts auf dem sogenannten \u201eLichtweg\u201c wird das individuelle Bewusstsein mit immer mehr Licht durchflutet bis hin zur Erleuchtung.<\/p><p>DIE G\u00d6TTLICHE GEGENWART IST VOLLKOMMEN, und <strong>darum darf das ICH BIN niemals negativ benutzt werden! <\/strong><\/p><p>Es hat nichts mit dem kleinen verg\u00e4nglichen Ego der sterblichen irdischen Pers\u00f6nlichkeit zu tun! Darum sage niemals ICH BIN krank, arm oder dumm\u2026denn das w\u00e4re eine L\u00fcge und hat nichts mit der Wahrheit zu tun!<\/p><p>Das g\u00f6ttliche ICH BIN oder HOHE SELBST ist immer vollkommen und darf daher nur mit positiven Tugenden und Qualit\u00e4ten ausgesprochen werden, z.B. ICH BIN gesund, gl\u00fccklich, reich, sch\u00f6n usw.<\/p><p>Die Aufgestiegenen Meister weisen immer wieder daraufhin, dass es nichts Wichtigeres gibt, als stets \u00fcber das ICH BIN als der m\u00e4chtigen schaffenden Gegenwart Gottes in uns nachzusinnen. Es ist reine wirkende g\u00f6ttliche Sch\u00f6pferkraft, die ein verantwortungsvolles Bewusstsein erfordert.<\/p><p>JESUS von Nazareth, der \u00fcber das volle Christus-Bewusstsein verf\u00fcgt hat (\u201eJesus Christus\u201c), benutzte das ICH BIN sehr bewusst und oft in seinen Belehrungen und Reden:<\/p><p><span style=\"color: #345bf4;\">\u201eICH BIN die Auferstehung und das Leben.\u201c <\/span><\/p><p><span style=\"color: #345bf4;\">\u201eICH BIN das Licht der Welt, das jedem Menschen, der in diese Welt kommt, leuchtet.\u201c<\/span><\/p><p><span style=\"color: #345bf4;\">\u201eICH BIN das Wasser des ewigen Lebens. Wer davon trinkt, der wird niemals mehr d\u00fcrsten oder sterben.\u201c <\/span><\/p><p><span style=\"color: #345bf4;\">\u201eICH BIN die offene T\u00fcr ins Licht.\u201c<\/span><\/p><p><a name=\"Bookmark\"><\/a> JESUS stellte gerne jedem lebenswichtigen Satz diese magischen Worte ICH BIN voran. Doch im Gegensatz zu der \u00fcblichen Lehrmeinung der weltlichen Institutionen und Kirchen meinte er damit nicht seine \u00e4u\u00dfere Gestalt, sondern die Allm\u00e4chtige Magische Gegenwart Gottes in seinem Inneren, die er auch den \u201eVATER IN UNS\u201c oder \u201eVATER IM HIMMEL\u201c nannte.<\/p><p>\u201eAus mir selber kann ich nichts vollbringen. Es ist der Vater in mir, das ICH BIN, das alle Werke tut und vollbringt!\u201c<\/p><p><strong>\u201eICH und DER VATER sind EINS!<\/strong> Darum kann auch jeder die Werke vollbringen, die ich getan habe. Und ihr werdet noch mehr tun, wenn ihr den Vater in euch erkannt habt, denn ER wird durch euch wirken\u2026 und alles neu machen!\u201c<\/p><p>\u201eSiehe! ICH BIN es, der alles neu macht!\u201c<\/p><p>Der Aufgestiegene Meister SAINT GERMAIN (der damals als Josef, der Vater von Jesus, verk\u00f6rpert war) sagt in seinem \u00fcbermittelten Buch \u201eReden \u00fcber ICH BIN\u201c: <strong>\u201eBetrachtet ihr ICH BIN als alles, was ihr zu sein w\u00fcnscht, so ist dies eins der m\u00e4chtigsten Mittel, um die innere KRAFT, WEISHEIT, LIEBE UND WAHRHEIT freizusetzen und in die \u00e4u\u00dfere Erfahrung zu bringen.\u201c<\/strong><\/p>\t\t\t\t\t\t\t\t<\/div>\n\t\t\t\t<\/div>\n\t\t\t\t\t<\/div>\n\t\t<\/div>\n\t\t\t\t\t<\/div>\n\t\t<\/section>\n\t\t\t\t<section class=\"elementor-section elementor-top-section elementor-element elementor-element-28d4870 elementor-section-boxed elementor-section-height-default elementor-section-height-default\" data-id=\"28d4870\" data-element_type=\"section\" data-e-type=\"section\">\n\t\t\t\t\t\t<div class=\"elementor-container elementor-column-gap-default\">\n\t\t\t\t\t<div class=\"elementor-column elementor-col-100 elementor-top-column elementor-element elementor-element-761a657\" data-id=\"761a657\" data-element_type=\"column\" data-e-type=\"column\">\n\t\t\t<div class=\"elementor-widget-wrap elementor-element-populated\">\n\t\t\t\t\t\t<div class=\"elementor-element elementor-element-5575c6b elementor-widget elementor-widget-spacer\" data-id=\"5575c6b\" data-element_type=\"widget\" data-e-type=\"widget\" data-widget_type=\"spacer.default\">\n\t\t\t\t<div class=\"elementor-widget-container\">\n\t\t\t\t\t\t\t<div class=\"elementor-spacer\">\n\t\t\t<div class=\"elementor-spacer-inner\"><\/div>\n\t\t<\/div>\n\t\t\t\t\t\t<\/div>\n\t\t\t\t<\/div>\n\t\t\t\t\t<\/div>\n\t\t<\/div>\n\t\t\t\t\t<\/div>\n\t\t<\/section>\n\t\t\t\t<\/div>\n\t\t","protected":false},"excerpt":{"rendered":"<p>ICH BIN Das gro\u00dfe ICH BIN ist ganz einfach formuliert die Allgegenwart Gottes, die in jedem menschlichen Herzen und seiner Seele eingeboren ist. Man kann auch sagen, dass es der g\u00f6ttliche Funke in jedem Bewusstsein ist. Je mehr dieser Funke durch tiefen Glauben und unersch\u00fctterliches Gottvertrauen angewendet, benutzt und aktiviert wird, umso eher findet ein [&hellip;]<\/p>\n","protected":false},"author":1,"featured_media":0,"parent":0,"menu_order":0,"comment_status":"closed","ping_status":"closed","template":"","meta":{"ocean_post_layout":"full-screen","ocean_both_sidebars_style":"","ocean_both_sidebars_content_width":0,"ocean_both_sidebars_sidebars_width":0,"ocean_sidebar":"0","ocean_second_sidebar":"0","ocean_disable_margins":"enable","ocean_add_body_class":"","ocean_shortcode_before_top_bar":"","ocean_shortcode_after_top_bar":"","ocean_shortcode_before_header":"","ocean_shortcode_after_header":"","ocean_has_shortcode":"","ocean_shortcode_after_title":"","ocean_shortcode_before_footer_widgets":"","ocean_shortcode_after_footer_widgets":"","ocean_shortcode_before_footer_bottom":"","ocean_shortcode_after_footer_bottom":"","ocean_display_top_bar":"off","ocean_display_header":"default","ocean_header_style":"","ocean_center_header_left_menu":"0","ocean_custom_header_template":"0","ocean_custom_logo":0,"ocean_custom_retina_logo":0,"ocean_custom_logo_max_width":0,"ocean_custom_logo_tablet_max_width":0,"ocean_custom_logo_mobile_max_width":0,"ocean_custom_logo_max_height":0,"ocean_custom_logo_tablet_max_height":0,"ocean_custom_logo_mobile_max_height":0,"ocean_header_custom_menu":"0","ocean_menu_typo_font_family":"0","ocean_menu_typo_font_subset":"","ocean_menu_typo_font_size":0,"ocean_menu_typo_font_size_tablet":0,"ocean_menu_typo_font_size_mobile":0,"ocean_menu_typo_font_size_unit":"px","ocean_menu_typo_font_weight":"","ocean_menu_typo_font_weight_tablet":"","ocean_menu_typo_font_weight_mobile":"","ocean_menu_typo_transform":"","ocean_menu_typo_transform_tablet":"","ocean_menu_typo_transform_mobile":"","ocean_menu_typo_line_height":0,"ocean_menu_typo_line_height_tablet":0,"ocean_menu_typo_line_height_mobile":0,"ocean_menu_typo_line_height_unit":"","ocean_menu_typo_spacing":0,"ocean_menu_typo_spacing_tablet":0,"ocean_menu_typo_spacing_mobile":0,"ocean_menu_typo_spacing_unit":"","ocean_menu_link_color":"","ocean_menu_link_color_hover":"","ocean_menu_link_color_active":"","ocean_menu_link_background":"","ocean_menu_link_hover_background":"","ocean_menu_link_active_background":"","ocean_menu_social_links_bg":"","ocean_menu_social_hover_links_bg":"","ocean_menu_social_links_color":"","ocean_menu_social_hover_links_color":"","ocean_disable_title":"on","ocean_disable_heading":"default","ocean_post_title":"","ocean_post_subheading":"","ocean_post_title_style":"","ocean_post_title_background_color":"","ocean_post_title_background":0,"ocean_post_title_bg_image_position":"","ocean_post_title_bg_image_attachment":"","ocean_post_title_bg_image_repeat":"","ocean_post_title_bg_image_size":"","ocean_post_title_height":0,"ocean_post_title_bg_overlay":0.5,"ocean_post_title_bg_overlay_color":"","ocean_disable_breadcrumbs":"default","ocean_breadcrumbs_color":"","ocean_breadcrumbs_separator_color":"","ocean_breadcrumbs_links_color":"","ocean_breadcrumbs_links_hover_color":"","ocean_display_footer_widgets":"off","ocean_display_footer_bottom":"on","ocean_custom_footer_template":"0","footnotes":""},"class_list":["post-231","page","type-page","status-publish","hentry","entry"],"_links":{"self":[{"href":"https:\/\/pure-divine-light.com\/de\/wp-json\/wp\/v2\/pages\/231","targetHints":{"allow":["GET"]}}],"collection":[{"href":"https:\/\/pure-divine-light.com\/de\/wp-json\/wp\/v2\/pages"}],"about":[{"href":"https:\/\/pure-divine-light.com\/de\/wp-json\/wp\/v2\/types\/page"}],"author":[{"embeddable":true,"href":"https:\/\/pure-divine-light.com\/de\/wp-json\/wp\/v2\/users\/1"}],"replies":[{"embeddable":true,"href":"https:\/\/pure-divine-light.com\/de\/wp-json\/wp\/v2\/comments?post=231"}],"version-history":[{"count":0,"href":"https:\/\/pure-divine-light.com\/de\/wp-json\/wp\/v2\/pages\/231\/revisions"}],"wp:attachment":[{"href":"https:\/\/pure-divine-light.com\/de\/wp-json\/wp\/v2\/media?parent=231"}],"curies":[{"name":"wp","href":"https:\/\/api.w.org\/{rel}","templated":true}]}}