{"id":233,"date":"2022-08-10T11:34:09","date_gmt":"2022-08-10T11:34:09","guid":{"rendered":"https:\/\/pure-divine-light.com\/?page_id=233"},"modified":"2022-09-11T12:45:52","modified_gmt":"2022-09-11T12:45:52","slug":"geistige-hierarchie","status":"publish","type":"page","link":"https:\/\/pure-divine-light.com\/de\/geistige-hierarchie\/","title":{"rendered":"Geistige Hierarchie"},"content":{"rendered":"\t\t<div data-elementor-type=\"wp-page\" data-elementor-id=\"233\" class=\"elementor elementor-233\">\n\t\t\t\t\t\t<section class=\"elementor-section elementor-top-section elementor-element elementor-element-3c643a35 elementor-section-height-min-height elementor-section-boxed elementor-section-height-default elementor-section-items-middle\" data-id=\"3c643a35\" data-element_type=\"section\" data-e-type=\"section\" data-settings=\"{&quot;background_background&quot;:&quot;classic&quot;}\">\n\t\t\t\t\t\t\t<div class=\"elementor-background-overlay\"><\/div>\n\t\t\t\t\t\t\t<div class=\"elementor-container elementor-column-gap-wider\">\n\t\t\t\t\t<div class=\"elementor-column elementor-col-100 elementor-top-column elementor-element elementor-element-279a528e\" data-id=\"279a528e\" data-element_type=\"column\" data-e-type=\"column\">\n\t\t\t<div class=\"elementor-widget-wrap elementor-element-populated\">\n\t\t\t\t\t\t<div class=\"elementor-element elementor-element-41c6b179 elementor-widget elementor-widget-heading\" data-id=\"41c6b179\" data-element_type=\"widget\" data-e-type=\"widget\" data-settings=\"{&quot;_animation&quot;:&quot;none&quot;}\" data-widget_type=\"heading.default\">\n\t\t\t\t<div class=\"elementor-widget-container\">\n\t\t\t\t\t<h1 class=\"elementor-heading-title elementor-size-default\">Die Geistige Hierarchie<\/h1>\t\t\t\t<\/div>\n\t\t\t\t<\/div>\n\t\t\t\t\t<\/div>\n\t\t<\/div>\n\t\t\t\t\t<\/div>\n\t\t<\/section>\n\t\t\t\t<section class=\"elementor-section elementor-top-section elementor-element elementor-element-24cfaf98 elementor-section-boxed elementor-section-height-default elementor-section-height-default\" data-id=\"24cfaf98\" data-element_type=\"section\" data-e-type=\"section\">\n\t\t\t\t\t\t<div class=\"elementor-container elementor-column-gap-default\">\n\t\t\t\t\t<div class=\"elementor-column elementor-col-100 elementor-top-column elementor-element elementor-element-11134147\" data-id=\"11134147\" data-element_type=\"column\" data-e-type=\"column\">\n\t\t\t<div class=\"elementor-widget-wrap elementor-element-populated\">\n\t\t\t\t\t\t<div class=\"elementor-element elementor-element-2b6bcdea elementor-widget elementor-widget-spacer\" data-id=\"2b6bcdea\" data-element_type=\"widget\" data-e-type=\"widget\" data-widget_type=\"spacer.default\">\n\t\t\t\t<div class=\"elementor-widget-container\">\n\t\t\t\t\t\t\t<div class=\"elementor-spacer\">\n\t\t\t<div class=\"elementor-spacer-inner\"><\/div>\n\t\t<\/div>\n\t\t\t\t\t\t<\/div>\n\t\t\t\t<\/div>\n\t\t\t\t\t<\/div>\n\t\t<\/div>\n\t\t\t\t\t<\/div>\n\t\t<\/section>\n\t\t\t\t<section class=\"elementor-section elementor-top-section elementor-element elementor-element-459715e elementor-section-boxed elementor-section-height-default elementor-section-height-default\" data-id=\"459715e\" data-element_type=\"section\" data-e-type=\"section\">\n\t\t\t\t\t\t<div class=\"elementor-container elementor-column-gap-default\">\n\t\t\t\t\t<div class=\"elementor-column elementor-col-100 elementor-top-column elementor-element elementor-element-1ea51a9\" data-id=\"1ea51a9\" data-element_type=\"column\" data-e-type=\"column\">\n\t\t\t<div class=\"elementor-widget-wrap elementor-element-populated\">\n\t\t\t\t\t\t<div class=\"elementor-element elementor-element-0d073ba elementor-widget elementor-widget-text-editor\" data-id=\"0d073ba\" data-element_type=\"widget\" data-e-type=\"widget\" data-widget_type=\"text-editor.default\">\n\t\t\t\t<div class=\"elementor-widget-container\">\n\t\t\t\t\t\t\t\t\t<p><span style=\"font-family: Arial, serif;\"><span style=\"font-size: large;\">Der Gedanke und das Wissen von einer geistigen Regierung unseres Planeten Erde ist seit Beginn der Menschheit allen V\u00f6lkern mehr oder weniger vertraut und teilweise \u00fcberliefert.<\/span><\/span><\/p><p><span style=\"font-family: Arial, serif;\"><span style=\"font-size: large;\">Die asiatischen V\u00f6lker wussten schon lange, dass es so etwas wie einen \u201eHerr der Welt\u201c gibt und dieser vom sagenhaften <\/span><\/span><span style=\"font-family: Arial, serif;\"><span style=\"font-size: large;\"><b>Shamballah<\/b><\/span><\/span><span style=\"font-family: Arial, serif;\"><span style=\"font-size: large;\"> aus, dem Sitz der Hierarchie, mit einem spirituellen Rat regiert, um die Geschicke der Menschheit gem\u00e4\u00df dem G\u00f6ttlichen Plan zu lenken. <\/span><\/span><\/p><p><span style=\"font-family: Arial, serif;\"><span style=\"font-size: large;\">Das geistige Wissen offenbarte sich immer im Verlauf der Geschichte der Menschheit nach den Gesetzen der Zeit. Es gab sehr hohe Kulturen, die von gro\u00dfen kosmischen Meistern regiert wurden und denen sp\u00e4ter ziemlich dunkle Epochen von Dekadenz, Unwissenheit und moralisch-sittlichem Verfall folgten&#8230;<\/span><\/span><\/p><p><span style=\"font-family: Arial, serif;\"><span style=\"font-size: large;\">Besonders Indien, \u00c4gypten, Atlantis und Griechenland waren einst einmal bl\u00fchende Hochkulturen. Durch b\u00f6swillige Zerst\u00f6rung und au\u00dferirdische Invasoren fiel das einst hohe Bewusstsein der urspr\u00fcnglichen Bewohner der Erde immer tiefer und fast alle Erinnerungen wurden in einen regelrechten geistigen Tiefschlaf versetzt. <\/span><\/span><\/p><p><span style=\"font-family: Arial, serif;\"><span style=\"font-size: large;\">Doch niemals konnte die Erinnerung ganz ausgel\u00f6scht werden! Denn immer wieder wurden sogenannte <\/span><\/span><span style=\"font-family: Arial, serif;\"><span style=\"font-size: large;\"><b>Avatare<\/b><\/span><\/span><span style=\"font-family: Arial, serif;\"><span style=\"font-size: large;\"> zur Menschheit ausgesandt, um die Menschen an ihren G\u00f6ttlichen Funken bzw. ihre inwendige G\u00f6ttlichkeit zu erinnern. Die bekanntesten Menschheitslehrer sind KRISHNA, RAMTHA, HERMES TRISMEGISTOS, PTAHOTEP, SIDDHARTA GAUTAMA, MOSES, JESUS und BABAJI, um nur einige zu nennen. Doch es gibt noch viele andere, von denen wir kaum etwas wissen. Denn in einem dunklen Zeitalter, das jetzt zu Ende geht, ist ihre Lehre unerw\u00fcnscht! <\/span><\/span><\/p><p><span style=\"font-family: Arial, serif;\"><span style=\"font-size: large;\">Erst <\/span><\/span><span style=\"font-family: Arial, serif;\"><span style=\"font-size: large;\"><b>das Licht der Wahrheit<\/b><\/span><\/span><span style=\"font-family: Arial, serif;\"><span style=\"font-size: large;\"> wird die Menschheit und den Planeten Erde wieder von der jahrtausendealten Finsternis befreien und die Erinnerung an die <\/span><\/span><span style=\"font-family: Arial, serif;\"><span style=\"font-size: large;\">wahre Bestimmung des Menschen<\/span><\/span><span style=\"font-family: Arial, serif;\"><span style=\"font-size: large;\"> zur\u00fcckbringen!<\/span><\/span><\/p><p><span style=\"color: #345bf4;\"><b><span style=\"font-family: Arial, serif;\"><span style=\"font-size: large;\">DAS IST DER G\u00d6TTLICHE PLAN DES LICHTS!<\/span><\/span><\/b><\/span><\/p><p><span style=\"font-family: Arial, serif;\"><span style=\"font-size: large;\">Wir leben jetzt am \u00dcbergang der Zeiten, d.h. die Zeit der Finsternis macht einem <\/span><\/span><span style=\"font-family: Arial, serif;\"><span style=\"font-size: large;\"><b>Goldenen Zeitalter der Weisheit und Erkenntnis<\/b><\/span><\/span><span style=\"font-family: Arial, serif;\"><span style=\"font-size: large;\"> Platz! Die alte Nacht der Unwissenheit wird von einem neuen Tag des Christus-Bewusstseins ersetzt. Das bedeutet, dass die geistige Hierarchie unseres Planeten Erde von dem Licht der Gro\u00dfen Zentralsonne und der kosmischen Regierung unserer gesamten Galaxie Hilfe und Beistand bekommt. Das nennt man den Plan des Lichts, der nicht mehr aufzuhalten ist! <\/span><\/span><\/p><p><span style=\"font-family: Arial, serif;\"><span style=\"font-size: large;\">Denn <\/span><\/span><span style=\"font-family: Arial, serif;\"><span style=\"font-size: large;\"><b>alles unterliegt kosmischen Gesetzen<\/b><\/span><\/span><span style=\"font-family: Arial, serif;\"><span style=\"font-size: large;\">,<\/span><\/span><span style=\"font-family: Arial, serif;\"><span style=\"font-size: large;\"> im Kleinen wie im Gro\u00dfen! <\/span><\/span><\/p><p><span style=\"font-family: Arial, serif;\"><span style=\"font-size: large;\">Es wird nun offenbar und enth\u00fcllt, was bisher streng geh\u00fctet und unterbunden worden ist von M\u00e4chten, die nichts von Gott und seinen kosmischen Gesetzen und Geboten wissen wollten!<\/span><\/span><\/p><p><span style=\"font-family: Arial, serif;\"><span style=\"font-size: large;\">So wird <\/span><\/span><span style=\"font-family: Arial, serif;\"><span style=\"font-size: large;\"><b>das Licht der Wahrheit<\/b><\/span><\/span><span style=\"font-family: Arial, serif;\"><span style=\"font-size: large;\"> wieder strahlend hell leuchten und den Geist der Menschen erneuern! Nat\u00fcrlich scheint es der Masse ganz neu zu sein, als w\u00fcrde es<\/span><\/span> <span style=\"font-family: Arial, serif;\"><span style=\"font-size: large;\">das erste Mal geschehen. Doch gem\u00e4\u00df den Weisheitslehren gibt<\/span><\/span> <span style=\"font-family: Arial, serif;\"><span style=\"font-size: large;\">es das Wissen von Anbeginn der Menschheit an, und die<\/span><\/span> <span style=\"font-family: Arial, serif;\"><span style=\"font-size: large;\">gro\u00dfen Lehrer, welche es vermitteln, werden als die Geistige Hierarchie des Lichts bezeichnet. <\/span><\/span><\/p><p><a name=\"Bookmark\"><\/a><span style=\"font-family: Arial, serif;\"><span style=\"font-size: large;\">JESUS von Nazareth hat diese Zeit schon vor 2000 Jahren verk\u00fcndet und ist jetzt als einer der Repr\u00e4sentanten dieser Hierarchie \u201eauf den Wolken des Himmels\u201c auch in das Bewusstsein vieler Menschenseelen zur\u00fcckgekehrt\u2026 ebenso wie KRISHNA, RAMTHA, BABAJI, MARIA, ROWENA, MARIA MAGDALENA und ganz viele andere Menschen, die inzwischen ihren Inkarnationszyklus auf der Erde schon lange abgeschlossen haben und nun als <\/span><\/span><span style=\"font-family: Arial, serif;\"><span style=\"font-size: large;\"><b>Aufgestiegene Meister und Meisterinnen<\/b><\/span><\/span><span style=\"font-family: Arial, serif;\"><span style=\"font-size: large;\"> einen m\u00e4chtigen Arm der Hierarchie bilden. Der Aufgestiegene Meister SAINT GERMAIN ist der \u201eRegent des Goldenen Zeitalters und der Lenker des Violetten Strahls der Freiheit und Transformation (Siehe: \u201eAufgestiegene Meister\u201c).<\/span><\/span><\/p><p><span style=\"font-family: Arial, serif;\"><span style=\"font-size: large;\">Zu der <strong>Geistigen Planetarischen Hierarchie<\/strong> geh\u00f6ren au\u00dfer den Aufgestiegenen Meistern auch DIE ERZENGEL, DIE ELOHIM (\u201eWeltensch\u00f6pfer\u201c), SANAT KUMARA (\u201eDer Kosmische Christus\u201c \/\u201cRetter der Erde\u201c) und seine Zwillingsflamme LADY VENUS; die Mitglieder des karmischen Rates: PALLAS ATHENE (\u201eDie G\u00f6ttin der Wahrheit\u201c), MUTTER MARIA, LADY NADA (Maria Magdalena), LADY PORTIA (\u201eG\u00f6ttin der Gerechtigkeit\u201c), LADY QUAN YIN (\u201eG\u00f6ttin der Barmherzigkeit\u201c) , LADY RODINA (\u201eG\u00f6ttin der Freiheit\u201c), LORD SAITHRU (\u201eDer G\u00f6ttliche Direktor\u201c), ELOAH VISTA (\u201eDas Allsehende Auge Gottes\u201c) und JESUS (\u201eDer Christus\u201c).<\/span><\/span><\/p><p><span style=\"font-family: Arial, serif;\"><span style=\"font-size: large;\"><b>An der Spitze unseres Sonnensystems<\/b><\/span><\/span><span style=\"font-family: Arial, serif;\"><span style=\"font-size: large;\"> herrschen unsere \u201eSonneneltern\u201c LADY VESTA und LORD HELIOS (RA), die DAS LICHT DER ENERGIE von ALPHA UND OMEGA (\u201eGro\u00dfe Zentralsonne\u201c) erhalten und an unsere Geschwister-Planeten weiterleiten.<\/span><\/span><\/p><p><span style=\"font-family: Arial, serif;\"><span style=\"font-size: large;\">Nat\u00fcrlich geh\u00f6ren auch MUTTER ERDE (Lady Terra), VATER NATUR oder LORD KRONOS (\u201eHerr der Elemente\u201c) und alle \u201eStillen W\u00e4chterinnen\u201c der Erde dazu wie auch die F\u00fcrsten der Elemente Feuer (PELE), LUFT (ARIES), WASSER (POSEIDON\/ MARE) und ERDE (GAIA).<\/span><\/span><\/p><p><span style=\"font-family: Arial, serif;\"><span style=\"font-size: large;\">Wer sein Herz weit \u00f6ffnet, kann auch Kontakt mit noch weiteren \u201eLichtwesen\u201c bekommen! \u201eDer Himmel und der Geist der Einheit allen Lebens\u201c wartet auf uns, damit wir uns wieder dem urspr\u00fcnglichen Heimatlicht unserer Seele zuwenden.<\/span><\/span><\/p><p><span style=\"font-family: Arial, serif;\"><span style=\"font-size: large;\"><b>Gott ist das ewige Liebesband<\/b><\/span><\/span><span style=\"font-family: Arial, serif;\"><span style=\"font-size: large;\">, das alle unsere Herzen miteinander vereinigt! M\u00f6gen wir uns in seinem Licht ICH BIN wiederfinden und wiedertreffen nachdem wir alle auf unsere individuelle Art und Weise zum siegreichen Gelingen des gro\u00dfen Plans f\u00fcr diese Erde beigetragen haben. Vertraue darauf, dass jeder aufrichtige \u201eLichtsch\u00fcler\u201c zum <\/span><\/span><span style=\"font-family: Arial, serif;\"><span style=\"font-size: large;\"><b>Sieg des Lichts<\/b><\/span><\/span><span style=\"font-family: Arial, serif;\"><span style=\"font-size: large;\"> bestimmt ist.<\/span><\/span><\/p><p><span style=\"font-family: Arial, serif;\"><span style=\"font-size: large;\">So geschehe es im allerheiligsten Namen Gottes <\/span><\/span><\/p><p><span style=\"color: #345bf4;\"><strong><span style=\"font-family: Arial, serif;\"><span style=\"font-size: large;\">ICH BIN<\/span><\/span><\/strong><\/span><\/p>\t\t\t\t\t\t\t\t<\/div>\n\t\t\t\t<\/div>\n\t\t\t\t\t<\/div>\n\t\t<\/div>\n\t\t\t\t\t<\/div>\n\t\t<\/section>\n\t\t\t\t<section class=\"elementor-section elementor-top-section elementor-element elementor-element-cbc73af elementor-section-boxed elementor-section-height-default elementor-section-height-default\" data-id=\"cbc73af\" data-element_type=\"section\" data-e-type=\"section\">\n\t\t\t\t\t\t<div class=\"elementor-container elementor-column-gap-default\">\n\t\t\t\t\t<div class=\"elementor-column elementor-col-100 elementor-top-column elementor-element elementor-element-6ba3702\" data-id=\"6ba3702\" data-element_type=\"column\" data-e-type=\"column\">\n\t\t\t<div class=\"elementor-widget-wrap elementor-element-populated\">\n\t\t\t\t\t\t<div class=\"elementor-element elementor-element-d9ee4a3 elementor-widget elementor-widget-spacer\" data-id=\"d9ee4a3\" data-element_type=\"widget\" data-e-type=\"widget\" data-widget_type=\"spacer.default\">\n\t\t\t\t<div class=\"elementor-widget-container\">\n\t\t\t\t\t\t\t<div class=\"elementor-spacer\">\n\t\t\t<div class=\"elementor-spacer-inner\"><\/div>\n\t\t<\/div>\n\t\t\t\t\t\t<\/div>\n\t\t\t\t<\/div>\n\t\t\t\t\t<\/div>\n\t\t<\/div>\n\t\t\t\t\t<\/div>\n\t\t<\/section>\n\t\t\t\t<\/div>\n\t\t","protected":false},"excerpt":{"rendered":"<p>Die Geistige Hierarchie Der Gedanke und das Wissen von einer geistigen Regierung unseres Planeten Erde ist seit Beginn der Menschheit allen V\u00f6lkern mehr oder weniger vertraut und teilweise \u00fcberliefert. Die asiatischen V\u00f6lker wussten schon lange, dass es so etwas wie einen \u201eHerr der Welt\u201c gibt und dieser vom sagenhaften Shamballah aus, dem Sitz der Hierarchie, [&hellip;]<\/p>\n","protected":false},"author":1,"featured_media":0,"parent":0,"menu_order":0,"comment_status":"closed","ping_status":"closed","template":"","meta":{"ocean_post_layout":"full-screen","ocean_both_sidebars_style":"","ocean_both_sidebars_content_width":0,"ocean_both_sidebars_sidebars_width":0,"ocean_sidebar":"0","ocean_second_sidebar":"0","ocean_disable_margins":"enable","ocean_add_body_class":"","ocean_shortcode_before_top_bar":"","ocean_shortcode_after_top_bar":"","ocean_shortcode_before_header":"","ocean_shortcode_after_header":"","ocean_has_shortcode":"","ocean_shortcode_after_title":"","ocean_shortcode_before_footer_widgets":"","ocean_shortcode_after_footer_widgets":"","ocean_shortcode_before_footer_bottom":"","ocean_shortcode_after_footer_bottom":"","ocean_display_top_bar":"off","ocean_display_header":"default","ocean_header_style":"","ocean_center_header_left_menu":"0","ocean_custom_header_template":"0","ocean_custom_logo":0,"ocean_custom_retina_logo":0,"ocean_custom_logo_max_width":0,"ocean_custom_logo_tablet_max_width":0,"ocean_custom_logo_mobile_max_width":0,"ocean_custom_logo_max_height":0,"ocean_custom_logo_tablet_max_height":0,"ocean_custom_logo_mobile_max_height":0,"ocean_header_custom_menu":"0","ocean_menu_typo_font_family":"0","ocean_menu_typo_font_subset":"","ocean_menu_typo_font_size":0,"ocean_menu_typo_font_size_tablet":0,"ocean_menu_typo_font_size_mobile":0,"ocean_menu_typo_font_size_unit":"px","ocean_menu_typo_font_weight":"","ocean_menu_typo_font_weight_tablet":"","ocean_menu_typo_font_weight_mobile":"","ocean_menu_typo_transform":"","ocean_menu_typo_transform_tablet":"","ocean_menu_typo_transform_mobile":"","ocean_menu_typo_line_height":0,"ocean_menu_typo_line_height_tablet":0,"ocean_menu_typo_line_height_mobile":0,"ocean_menu_typo_line_height_unit":"","ocean_menu_typo_spacing":0,"ocean_menu_typo_spacing_tablet":0,"ocean_menu_typo_spacing_mobile":0,"ocean_menu_typo_spacing_unit":"","ocean_menu_link_color":"","ocean_menu_link_color_hover":"","ocean_menu_link_color_active":"","ocean_menu_link_background":"","ocean_menu_link_hover_background":"","ocean_menu_link_active_background":"","ocean_menu_social_links_bg":"","ocean_menu_social_hover_links_bg":"","ocean_menu_social_links_color":"","ocean_menu_social_hover_links_color":"","ocean_disable_title":"on","ocean_disable_heading":"default","ocean_post_title":"","ocean_post_subheading":"","ocean_post_title_style":"","ocean_post_title_background_color":"","ocean_post_title_background":0,"ocean_post_title_bg_image_position":"","ocean_post_title_bg_image_attachment":"","ocean_post_title_bg_image_repeat":"","ocean_post_title_bg_image_size":"","ocean_post_title_height":0,"ocean_post_title_bg_overlay":0.5,"ocean_post_title_bg_overlay_color":"","ocean_disable_breadcrumbs":"default","ocean_breadcrumbs_color":"","ocean_breadcrumbs_separator_color":"","ocean_breadcrumbs_links_color":"","ocean_breadcrumbs_links_hover_color":"","ocean_display_footer_widgets":"off","ocean_display_footer_bottom":"on","ocean_custom_footer_template":"0","footnotes":""},"class_list":["post-233","page","type-page","status-publish","hentry","entry"],"_links":{"self":[{"href":"https:\/\/pure-divine-light.com\/de\/wp-json\/wp\/v2\/pages\/233","targetHints":{"allow":["GET"]}}],"collection":[{"href":"https:\/\/pure-divine-light.com\/de\/wp-json\/wp\/v2\/pages"}],"about":[{"href":"https:\/\/pure-divine-light.com\/de\/wp-json\/wp\/v2\/types\/page"}],"author":[{"embeddable":true,"href":"https:\/\/pure-divine-light.com\/de\/wp-json\/wp\/v2\/users\/1"}],"replies":[{"embeddable":true,"href":"https:\/\/pure-divine-light.com\/de\/wp-json\/wp\/v2\/comments?post=233"}],"version-history":[{"count":0,"href":"https:\/\/pure-divine-light.com\/de\/wp-json\/wp\/v2\/pages\/233\/revisions"}],"wp:attachment":[{"href":"https:\/\/pure-divine-light.com\/de\/wp-json\/wp\/v2\/media?parent=233"}],"curies":[{"name":"wp","href":"https:\/\/api.w.org\/{rel}","templated":true}]}}