{"id":239,"date":"2022-08-10T11:37:27","date_gmt":"2022-08-10T11:37:27","guid":{"rendered":"https:\/\/pure-divine-light.com\/?page_id=239"},"modified":"2022-09-11T12:53:47","modified_gmt":"2022-09-11T12:53:47","slug":"selbstliebe","status":"publish","type":"page","link":"https:\/\/pure-divine-light.com\/de\/selbstliebe\/","title":{"rendered":"Selbstliebe"},"content":{"rendered":"\t\t<div data-elementor-type=\"wp-page\" data-elementor-id=\"239\" class=\"elementor elementor-239\">\n\t\t\t\t\t\t<section class=\"elementor-section elementor-top-section elementor-element elementor-element-21fd2e38 elementor-section-height-min-height elementor-section-boxed elementor-section-height-default elementor-section-items-middle\" data-id=\"21fd2e38\" data-element_type=\"section\" data-e-type=\"section\" data-settings=\"{&quot;background_background&quot;:&quot;classic&quot;}\">\n\t\t\t\t\t\t\t<div class=\"elementor-background-overlay\"><\/div>\n\t\t\t\t\t\t\t<div class=\"elementor-container elementor-column-gap-wider\">\n\t\t\t\t\t<div class=\"elementor-column elementor-col-100 elementor-top-column elementor-element elementor-element-14b7e67c\" data-id=\"14b7e67c\" data-element_type=\"column\" data-e-type=\"column\">\n\t\t\t<div class=\"elementor-widget-wrap elementor-element-populated\">\n\t\t\t\t\t\t<div class=\"elementor-element elementor-element-6d6e2bfe elementor-widget elementor-widget-heading\" data-id=\"6d6e2bfe\" data-element_type=\"widget\" data-e-type=\"widget\" data-settings=\"{&quot;_animation&quot;:&quot;none&quot;}\" data-widget_type=\"heading.default\">\n\t\t\t\t<div class=\"elementor-widget-container\">\n\t\t\t\t\t<h1 class=\"elementor-heading-title elementor-size-default\">Die bedin&shy;gungslose Selbst&shy;liebe und ihre besondere Bedeu&shy;tung in der heutigen und zuk\u00fcnfti&shy;gen Zeit <\/h1>\t\t\t\t<\/div>\n\t\t\t\t<\/div>\n\t\t\t\t\t<\/div>\n\t\t<\/div>\n\t\t\t\t\t<\/div>\n\t\t<\/section>\n\t\t\t\t<section class=\"elementor-section elementor-top-section elementor-element elementor-element-38f2fb60 elementor-section-boxed elementor-section-height-default elementor-section-height-default\" data-id=\"38f2fb60\" data-element_type=\"section\" data-e-type=\"section\">\n\t\t\t\t\t\t<div class=\"elementor-container elementor-column-gap-default\">\n\t\t\t\t\t<div class=\"elementor-column elementor-col-100 elementor-top-column elementor-element elementor-element-1f3d9a59\" data-id=\"1f3d9a59\" data-element_type=\"column\" data-e-type=\"column\">\n\t\t\t<div class=\"elementor-widget-wrap elementor-element-populated\">\n\t\t\t\t\t\t<div class=\"elementor-element elementor-element-220470a4 elementor-widget elementor-widget-spacer\" data-id=\"220470a4\" data-element_type=\"widget\" data-e-type=\"widget\" data-widget_type=\"spacer.default\">\n\t\t\t\t<div class=\"elementor-widget-container\">\n\t\t\t\t\t\t\t<div class=\"elementor-spacer\">\n\t\t\t<div class=\"elementor-spacer-inner\"><\/div>\n\t\t<\/div>\n\t\t\t\t\t\t<\/div>\n\t\t\t\t<\/div>\n\t\t\t\t\t<\/div>\n\t\t<\/div>\n\t\t\t\t\t<\/div>\n\t\t<\/section>\n\t\t\t\t<section class=\"elementor-section elementor-top-section elementor-element elementor-element-22bd3d4 elementor-section-boxed elementor-section-height-default elementor-section-height-default\" data-id=\"22bd3d4\" data-element_type=\"section\" data-e-type=\"section\">\n\t\t\t\t\t\t<div class=\"elementor-container elementor-column-gap-default\">\n\t\t\t\t\t<div class=\"elementor-column elementor-col-100 elementor-top-column elementor-element elementor-element-16b28a4\" data-id=\"16b28a4\" data-element_type=\"column\" data-e-type=\"column\">\n\t\t\t<div class=\"elementor-widget-wrap elementor-element-populated\">\n\t\t\t\t\t\t<div class=\"elementor-element elementor-element-9fba616 elementor-widget elementor-widget-text-editor\" data-id=\"9fba616\" data-element_type=\"widget\" data-e-type=\"widget\" data-widget_type=\"text-editor.default\">\n\t\t\t\t<div class=\"elementor-widget-container\">\n\t\t\t\t\t\t\t\t\t<p><a name=\"Bookmark\"><\/a> <strong><em>Ein Essay von unserem lieben Freund und Seelenbruder Robert Alexander<\/em><\/strong><\/p><p>Ziel des menschlichen Lebens ist es, ein Leben nach eigener Wahl zu gestalten, d.h. selbstsch\u00f6pferisch t\u00e4tig zu werden. Wie funktioniert das in der Praxis?<\/p><p>Wir k\u00f6nnen dies tun durch unsere Gedanken, Worte, Taten, Gef\u00fchle, Vorstellungen, Glaubenss\u00e4tze und Affirmationen. Das ist Bewusstsein, bzw. Schwingungen, die unser Leben bestimmen, in dem sie ins Universum flie\u00dfen und von dort wieder zu uns zur\u00fcck. Anders ausgedr\u00fcckt: <strong>Was der Mensch s\u00e4t, das wird er ernten.<\/strong> Es ist eine klare, verst\u00e4ndliche Aussage, die uns auffordert, zu \u00fcberlegen, ob wir unsere Saat auch als Ernte erleben wollen.<\/p><p>Das erfordert eine st\u00e4ndige Aufmerksamkeit und Achtsamkeit obigen Aktivit\u00e4ten gegen\u00fcber, insbesondere der Worte, die wir benutzen und aussprechen. Waren es wirklich die Worte, die wir sprechen wollten oder waren es Worte mit Arroganz, Hochmut, L\u00fcge aus Angst, Neid, Eifersucht oder verletzende, die wir, wenn wir achtsam gewesen w\u00e4ren, niemals gesagt h\u00e4tten. Was war das Motiv dieser Worte? Wollen wir sie nicht durch liebevolle Worte ersetzen, die achten, ehren und wertsch\u00e4tzen?<\/p><p>Dieser Prozess braucht nat\u00fcrlich seine Zeit. <strong>Gottes Aufgabe dabei ist es, nicht die Umst\u00e4nde oder Beziehungen des menschlichen Lebens zu beeinflussen, die durch unsere Saat entstanden ist, vielmehr ist es unsere Aufgabe, die Verantwortung diesbez\u00fcglich selbst zu \u00fcbernehmen.<\/strong> Gott w\u00fcrde gegen unseren freien Willen versto\u00dfen, wenn er sich in unsere Sch\u00f6pfung einmischt. Die menschliche Frage \u201eWie konnte Gott dies zulassen?\u201c verkennt also die Beziehung zwischen Gott und seinen Gesch\u00f6pfen. Gott erkl\u00e4rt uns nur die Folgen unseres Verhaltens.<\/p><p><img fetchpriority=\"high\" decoding=\"async\" class=\" wp-image-1218 alignright\" src=\"https:\/\/pure-divine-light.com\/wp-content\/uploads\/2022\/08\/Haende1-300x190.jpg\" alt=\"\" width=\"290\" height=\"183\" srcset=\"https:\/\/pure-divine-light.com\/wp-content\/uploads\/2022\/08\/Haende1-300x190.jpg 300w, https:\/\/pure-divine-light.com\/wp-content\/uploads\/2022\/08\/Haende1-18x12.jpg 18w, https:\/\/pure-divine-light.com\/wp-content\/uploads\/2022\/08\/Haende1.jpg 562w\" sizes=\"(max-width: 290px) 100vw, 290px\" \/><\/p><p>Er hat den Menschen geschaffen nach seinem Ebenbild. Den Rest hat der Mensch selbst geschaffen durch die sch\u00f6pferische Macht des S\u00e4ens. Gott hat den Menschen auch die freie Wahl gegeben, mit seinem Leben nach eigenem Willen zu verfahren. Er hat hierbei keine Pr\u00e4ferenzen. Im obigen Sinne stimmen damit Gottes Wille und Menschenwille \u00fcberein, und das hat etwas mit der bedingungslosen Liebe Gottes den Menschen gegen\u00fcber zu tun.<\/p><p>Manchmal kann es hart sein, wenn der Mensch die Verantwortung f\u00fcr seine Saat \u00fcbernehmen muss.<\/p><p>Der Mensch ist die bemerkenswerteste, herrlichste und glanzvollste Sch\u00f6pfung, die je von Gott erschaffen wurde. Wenn ihr das w\u00fcsstet und verinnerlichen k\u00f6nntet, w\u00fcrdet ihr euch nicht mehr \u00e4ngstigen und den Tod nicht f\u00fcrchten. Ihr w\u00fcsstet auch, dass ihr bedingungslose Liebe seid, wie Gott euer Sch\u00f6pfer es auch ist \u2013 der Mensch ist ein Ebenbild Gottes. Nicht einmal Gott selbst k\u00f6nnte an seinem Ebenbild etwas auszusetzen haben, denn <strong>Gott ist vollkommen und seine Sch\u00f6pfung ebenso.<\/strong><\/p><p><strong>Aber woher hat der Mensch die Vorstellung, dass er viel weniger gro\u00dfartig w\u00e4re?<\/strong> Meistens von den Menschen, die er am meisten liebt, von seinen Eltern, und die haben es wiederum von ihren Eltern \u00fcbernommen. Hier sind wir zu laut, da zu leise, f\u00fcr sie gewesen. Das geht ja gar nicht, und das andere macht man nicht, sagen sie uns. Im \u00dcberschwang unserer Gef\u00fchle haben sie uns zurechtgewiesen und haben uns von einigen unserer k\u00fchnsten Vorstellungen und Visionen abgehalten.<\/p><p>Wir wurden gelegentlich sogar mit Strafe bedroht, Dinge zu unterlassen, die wir machen wollten. Ihre Liebe uns gegen\u00fcber wurde an Bedingungen gekn\u00fcpft, mit denen wir gen\u00f6tigt wurden, Dinge zu tun oder zu unterlassen, was wir nicht wollten.<\/p><p>In Bezug auf das Thema Sexualit\u00e4t habt ihr vielleicht erlebt, wie eure Eltern euch verbannten oder verdammten und Gewalt antaten. Wer kennt nicht den Schmerz, der dadurch in uns entstand? Alle diese Erfahrungen nahmen wir dann mit in unsere Liebesbeziehungen hinein, und das hatte Konsequenzen.<\/p><p>F\u00fcr das Selbstbewusstsein und unsere Selbstliebe war das Verhalten unser Eltern oftmals nicht gerade f\u00f6rderlich. In den Religionen teilt man uns mit, Gott ist ein liebender Gott, aber wenn wir seine Gebote \u00fcbertreten, m\u00fcssen wir mit Strafe rechnen, unter anderem mit Verdammnis und Verbannung. Schon in der Kindheit wurden wir damit in Angst und Schrecken versetzt. Diese auf Angst begr\u00fcndete Realit\u00e4t der Liebe beherrscht unsere Erfahrung von Liebe, und tats\u00e4chlich wird sie auch von ihr erschaffen.<\/p><p>Wir haben vergessen, wie es in den Reichen war, aus denen wir einst kamen (vor unserer Inkarnation), wo wir von Gott bedingungslos geliebt wurden. Hier auf Erden haben wir die \u201eElternrolle\u201c auf Gott projiziert und dadurch kamen wir zu unserem Gottesbild, das einen Gott beinhaltete, der richtet, bestraft oder belohnt, je nachdem wie gut er das findet, was wir gemacht haben bzw. wie gut wir seine Gebote befolgt haben. Ein Gottesbild, was sich auf menschliche Erfahrungen statt auf spirituelle Wahrheiten bezieht. Nicht einmal Gott wird an seiner Sch\u00f6pfung &#8211; dem menschlichen Wesen &#8211; etwas auszusetzen haben, denn seine Sch\u00f6pfung ist vollkommen.<\/p><p>Das Selbstbewusstsein und die Selbstliebe werden unter diesen Umst\u00e4nden nicht gerade gef\u00f6rdert.<\/p><p>Wenn wir uns f\u00fcr die Handlung entscheiden, welche uns die Liebe eingibt, werden wir mehr als nur \u00fcberleben, als nur gewinnen, als nur Erfolg haben. Dann werden wir die ganze Herrlichkeit erfahren, wer wir wirklich sind und wer wir sein k\u00f6nnen. Das tiefste Geheimnis dabei ist, dass das Leben nicht ein Entdeckungsprozess, sondern ein Sch\u00f6pfungsprozess ist. Trachte deshalb nicht danach herauszufinden, wer du bist, sondern trachte danach zu entscheiden, wer du sein m\u00f6chtest. Ein Sachverhalt, den wenige kennen, geschweige denn, ihn akzeptieren.<\/p><p><strong>Die Seele hat nur einen Wunsch, sie m\u00f6chte ihren gro\u00dfartigsten Begriff \u00fcber sich selbst in ihre gro\u00dfartigste Erfahrung verwandeln und das ist gleichzeitig Gottes Selbsterfahrung.<\/strong> Welch eine grandiose Aufgabe f\u00fcr uns Menschenkinder!<\/p><p>Gott gab jedem der zahllosen Teile seiner selbst (Geistfunken &#8211; zu denen auch Menschen geh\u00f6ren) eine Individualit\u00e4t, und damit ebenfalls ein ICH BIN, das kleine ICH BIN genannt. Es bekam die gleiche Macht zu erschaffen, die Gott als Ganzes besitzt (das gro\u00dfe ICH BIN). Gottes Ziel war dabei, sich \u00fcber seine spirituellen Nachkommen, den Menschenkindern, sich selbst als Gott kennenzulernen. Er kann dies auf keine andere Weise als durch uns tun. Das Ziel Gottes ist dabei, dass wir Menschen uns als Teil Gottes wiedererkennen. Neu ist diesmal jedoch, dass auch dieser Teil Gottes (Mensch), welcher den Inkarnationsprozess erfolgreich durchlaufen hat, nunmehr die Macht und Sch\u00f6pferkraft Gottes besitzt. Damit dieser Prozess allerdings erfolgreich durchlaufen werden konnte, bedurfte es einer Voraussetzung: Der Mensch durfte sich w\u00e4hrend des Inkarnationsprozesses zun\u00e4chst nicht als Gott erkennen. Diese Phase ist jedoch vorbei und deshalb auch die Legitimation von Religionen, wie wir sie heute noch kennen.<\/p><p><strong>Ich komme nun zum eigentlichen Thema, zum Kern des Aufsatzes, n\u00e4mlich der Wichtigkeit der Selbstliebe in unserer Zeit, dem \u00dcbergang, in ein anderes, h\u00f6heres Bewusstsein.<\/strong><\/p><p>Manche nennen es die 5. Dimension, Wassermannzeitalter, Christusbewusstsein etc. Es ist auf jeden Fall ein Zeitalter, in dem die Liebe herrscht. Eine Liebe, die von innen nach au\u00dfen flie\u00dft und nicht umgekehrt.<\/p><p>Das Hauptgebot im Christentum lautet: Liebe deinen N\u00e4chsten wie dich selbst und Gott \u00fcber alles. Hier wird die Wichtigkeit der Selbstliebe noch mal hervorgehoben. <strong>Die Selbstliebe ist die Voraussetzung, Gott zu lieben und seinen N\u00e4chsten.<\/strong><\/p><p><img decoding=\"async\" class=\" wp-image-1555 alignright\" src=\"https:\/\/pure-divine-light.com\/wp-content\/uploads\/2022\/08\/Design-ohne-Titel1-300x199.jpg\" alt=\"\" width=\"267\" height=\"177\" srcset=\"https:\/\/pure-divine-light.com\/wp-content\/uploads\/2022\/08\/Design-ohne-Titel1-300x199.jpg 300w, https:\/\/pure-divine-light.com\/wp-content\/uploads\/2022\/08\/Design-ohne-Titel1-18x12.jpg 18w, https:\/\/pure-divine-light.com\/wp-content\/uploads\/2022\/08\/Design-ohne-Titel1.jpg 456w\" sizes=\"(max-width: 267px) 100vw, 267px\" \/><\/p><p>Wenn ein Kranker Heilung sucht, dann bedeutet die nicht vorhandene Selbstliebe eine extreme Behinderung der Heilverfahren. Es entzieht einem Lebensenergie, weil man sein wahres Wesen (wie oben ausf\u00fchrlich dargelegt) leugnet.<strong> Warum ist die Selbstliebe weiterhin so bedeutsam in dieser Zeit? Sie hilft uns, die gesamte Schwingung des Planeten zu erh\u00f6hen.<\/strong> Durch die Erh\u00f6hung der Schwingungen unserer feinstofflichen K\u00f6rper, auch wenn es nur durch unseren Mentalk\u00f6rper passiert, ist dies schon von enormer Wirkung und ist eine permanente Liebesschwingung, die von uns ausgeht.<\/p><p><strong>Erst jetzt k\u00f6nnen wir Gott lieben, unseren N\u00e4chsten und unseren Partner, denn sie sind alle eins!<\/strong> Es ist auch die Voraussetzung f\u00fcr den Eintritt in die n\u00e4chste Dimension.<\/p><p><span style=\"color: #4e00a8;\"><em><strong>Zusammenfassend sind wir Menschen bedingungslose Liebe, genau wie Gott auch, weil wir selbst Teil Gottes sind. Das Sch\u00f6ne daran ist, wir brauchen nichts zu unternehmen, um bedingungslos lieben zu k\u00f6nnen, denn wir sind bedingungslose Liebe. Das einzige was wir machen m\u00fcssen ist, uns wieder daran zu erinnern!<\/strong> <\/em><\/span><\/p><p>Dann erh\u00e4lt Mutter Erde einen gewaltigen Liebesschub f\u00fcr das Unternehmen Aufstieg, wenn sich die zahlreichen noch nicht liebenden spirituellen Menschen, f\u00fcr die Selbstliebe entscheiden. Ich hoffe, dass ich viele von euch dabei inspirieren konnte, dieses zu tun.<\/p><p>Zur Unterst\u00fctzung hierbei folgende <span style=\"color: #4e00a8;\"><strong>Affirmation<\/strong><\/span>, wobei ihr euch auch vor einen Spiegel stellen k\u00f6nnt und euch dabei in die Augen schaut. Das Innere Kind freut sich!<\/p><p><span style=\"color: #4e00a8;\">Ich liebe mich.<\/span><br \/><span style=\"color: #4e00a8;\">Ich liebe mich so wie ich bin.<\/span><br \/><span style=\"color: #4e00a8;\">Ich liebe mich mit meinen sogenannten guten und schlechten Seiten.<\/span><br \/><span style=\"color: #4e00a8;\">Ich liebe mich mit meinen sogenannten dunklen und hellen Seiten.<\/span><\/p><p><span style=\"color: #4e00a8;\">Ich bin wunderbar.<\/span><\/p>\t\t\t\t\t\t\t\t<\/div>\n\t\t\t\t<\/div>\n\t\t\t\t\t<\/div>\n\t\t<\/div>\n\t\t\t\t\t<\/div>\n\t\t<\/section>\n\t\t\t\t<section class=\"elementor-section elementor-top-section elementor-element elementor-element-28ce5f8 elementor-section-boxed elementor-section-height-default elementor-section-height-default\" data-id=\"28ce5f8\" data-element_type=\"section\" data-e-type=\"section\">\n\t\t\t\t\t\t<div class=\"elementor-container elementor-column-gap-default\">\n\t\t\t\t\t<div class=\"elementor-column elementor-col-100 elementor-top-column elementor-element elementor-element-d0dc968\" data-id=\"d0dc968\" data-element_type=\"column\" data-e-type=\"column\">\n\t\t\t<div class=\"elementor-widget-wrap elementor-element-populated\">\n\t\t\t\t\t\t<div class=\"elementor-element elementor-element-62b509f elementor-widget elementor-widget-spacer\" data-id=\"62b509f\" data-element_type=\"widget\" data-e-type=\"widget\" data-widget_type=\"spacer.default\">\n\t\t\t\t<div class=\"elementor-widget-container\">\n\t\t\t\t\t\t\t<div class=\"elementor-spacer\">\n\t\t\t<div class=\"elementor-spacer-inner\"><\/div>\n\t\t<\/div>\n\t\t\t\t\t\t<\/div>\n\t\t\t\t<\/div>\n\t\t\t\t\t<\/div>\n\t\t<\/div>\n\t\t\t\t\t<\/div>\n\t\t<\/section>\n\t\t\t\t<\/div>\n\t\t","protected":false},"excerpt":{"rendered":"<p>Die bedin&shy;gungslose Selbst&shy;liebe und ihre besondere Bedeu&shy;tung in der heutigen und zuk\u00fcnfti&shy;gen Zeit Ein Essay von unserem lieben Freund und Seelenbruder Robert Alexander Ziel des menschlichen Lebens ist es, ein Leben nach eigener Wahl zu gestalten, d.h. selbstsch\u00f6pferisch t\u00e4tig zu werden. Wie funktioniert das in der Praxis? Wir k\u00f6nnen dies tun durch unsere Gedanken, Worte, [&hellip;]<\/p>\n","protected":false},"author":1,"featured_media":0,"parent":0,"menu_order":0,"comment_status":"closed","ping_status":"closed","template":"","meta":{"ocean_post_layout":"full-screen","ocean_both_sidebars_style":"","ocean_both_sidebars_content_width":0,"ocean_both_sidebars_sidebars_width":0,"ocean_sidebar":"0","ocean_second_sidebar":"0","ocean_disable_margins":"enable","ocean_add_body_class":"","ocean_shortcode_before_top_bar":"","ocean_shortcode_after_top_bar":"","ocean_shortcode_before_header":"","ocean_shortcode_after_header":"","ocean_has_shortcode":"","ocean_shortcode_after_title":"","ocean_shortcode_before_footer_widgets":"","ocean_shortcode_after_footer_widgets":"","ocean_shortcode_before_footer_bottom":"","ocean_shortcode_after_footer_bottom":"","ocean_display_top_bar":"off","ocean_display_header":"default","ocean_header_style":"","ocean_center_header_left_menu":"0","ocean_custom_header_template":"0","ocean_custom_logo":0,"ocean_custom_retina_logo":0,"ocean_custom_logo_max_width":0,"ocean_custom_logo_tablet_max_width":0,"ocean_custom_logo_mobile_max_width":0,"ocean_custom_logo_max_height":0,"ocean_custom_logo_tablet_max_height":0,"ocean_custom_logo_mobile_max_height":0,"ocean_header_custom_menu":"0","ocean_menu_typo_font_family":"0","ocean_menu_typo_font_subset":"","ocean_menu_typo_font_size":0,"ocean_menu_typo_font_size_tablet":0,"ocean_menu_typo_font_size_mobile":0,"ocean_menu_typo_font_size_unit":"px","ocean_menu_typo_font_weight":"","ocean_menu_typo_font_weight_tablet":"","ocean_menu_typo_font_weight_mobile":"","ocean_menu_typo_transform":"","ocean_menu_typo_transform_tablet":"","ocean_menu_typo_transform_mobile":"","ocean_menu_typo_line_height":0,"ocean_menu_typo_line_height_tablet":0,"ocean_menu_typo_line_height_mobile":0,"ocean_menu_typo_line_height_unit":"","ocean_menu_typo_spacing":0,"ocean_menu_typo_spacing_tablet":0,"ocean_menu_typo_spacing_mobile":0,"ocean_menu_typo_spacing_unit":"","ocean_menu_link_color":"","ocean_menu_link_color_hover":"","ocean_menu_link_color_active":"","ocean_menu_link_background":"","ocean_menu_link_hover_background":"","ocean_menu_link_active_background":"","ocean_menu_social_links_bg":"","ocean_menu_social_hover_links_bg":"","ocean_menu_social_links_color":"","ocean_menu_social_hover_links_color":"","ocean_disable_title":"on","ocean_disable_heading":"default","ocean_post_title":"","ocean_post_subheading":"","ocean_post_title_style":"","ocean_post_title_background_color":"","ocean_post_title_background":0,"ocean_post_title_bg_image_position":"","ocean_post_title_bg_image_attachment":"","ocean_post_title_bg_image_repeat":"","ocean_post_title_bg_image_size":"","ocean_post_title_height":0,"ocean_post_title_bg_overlay":0.5,"ocean_post_title_bg_overlay_color":"","ocean_disable_breadcrumbs":"default","ocean_breadcrumbs_color":"","ocean_breadcrumbs_separator_color":"","ocean_breadcrumbs_links_color":"","ocean_breadcrumbs_links_hover_color":"","ocean_display_footer_widgets":"off","ocean_display_footer_bottom":"on","ocean_custom_footer_template":"0","footnotes":""},"class_list":["post-239","page","type-page","status-publish","hentry","entry"],"_links":{"self":[{"href":"https:\/\/pure-divine-light.com\/de\/wp-json\/wp\/v2\/pages\/239","targetHints":{"allow":["GET"]}}],"collection":[{"href":"https:\/\/pure-divine-light.com\/de\/wp-json\/wp\/v2\/pages"}],"about":[{"href":"https:\/\/pure-divine-light.com\/de\/wp-json\/wp\/v2\/types\/page"}],"author":[{"embeddable":true,"href":"https:\/\/pure-divine-light.com\/de\/wp-json\/wp\/v2\/users\/1"}],"replies":[{"embeddable":true,"href":"https:\/\/pure-divine-light.com\/de\/wp-json\/wp\/v2\/comments?post=239"}],"version-history":[{"count":0,"href":"https:\/\/pure-divine-light.com\/de\/wp-json\/wp\/v2\/pages\/239\/revisions"}],"wp:attachment":[{"href":"https:\/\/pure-divine-light.com\/de\/wp-json\/wp\/v2\/media?parent=239"}],"curies":[{"name":"wp","href":"https:\/\/api.w.org\/{rel}","templated":true}]}}