{"id":3569,"date":"2022-09-17T11:33:53","date_gmt":"2022-09-17T11:33:53","guid":{"rendered":"https:\/\/pure-divine-light.com\/?page_id=3569"},"modified":"2022-09-22T14:11:50","modified_gmt":"2022-09-22T14:11:50","slug":"botschaft-von-saint-germain","status":"publish","type":"page","link":"https:\/\/pure-divine-light.com\/de\/botschaft-von-saint-germain\/","title":{"rendered":"Botschaft von Saint Germain"},"content":{"rendered":"\t\t<div data-elementor-type=\"wp-page\" data-elementor-id=\"3569\" class=\"elementor elementor-3569\">\n\t\t\t\t\t\t<section class=\"elementor-section elementor-top-section elementor-element elementor-element-71a8b235 elementor-section-height-min-height elementor-section-boxed elementor-section-height-default elementor-section-items-middle\" data-id=\"71a8b235\" data-element_type=\"section\" data-e-type=\"section\" data-settings=\"{&quot;background_background&quot;:&quot;classic&quot;}\">\n\t\t\t\t\t\t\t<div class=\"elementor-background-overlay\"><\/div>\n\t\t\t\t\t\t\t<div class=\"elementor-container elementor-column-gap-wider\">\n\t\t\t\t\t<div class=\"elementor-column elementor-col-100 elementor-top-column elementor-element elementor-element-2a7a2e8b\" data-id=\"2a7a2e8b\" data-element_type=\"column\" data-e-type=\"column\">\n\t\t\t<div class=\"elementor-widget-wrap elementor-element-populated\">\n\t\t\t\t\t\t<div class=\"elementor-element elementor-element-4c4bb851 elementor-widget elementor-widget-heading\" data-id=\"4c4bb851\" data-element_type=\"widget\" data-e-type=\"widget\" data-settings=\"{&quot;_animation&quot;:&quot;none&quot;}\" data-widget_type=\"heading.default\">\n\t\t\t\t<div class=\"elementor-widget-container\">\n\t\t\t\t\t<h1 class=\"elementor-heading-title elementor-size-default\">BOT&shy;SCHAFT VON SAINT GERMAIN zum Lichtdienst am 17.9.2022<\/h1>\t\t\t\t<\/div>\n\t\t\t\t<\/div>\n\t\t\t\t\t<\/div>\n\t\t<\/div>\n\t\t\t\t\t<\/div>\n\t\t<\/section>\n\t\t\t\t<section class=\"elementor-section elementor-top-section elementor-element elementor-element-f427412 elementor-section-boxed elementor-section-height-default elementor-section-height-default\" data-id=\"f427412\" data-element_type=\"section\" data-e-type=\"section\">\n\t\t\t\t\t\t<div class=\"elementor-container elementor-column-gap-default\">\n\t\t\t\t\t<div class=\"elementor-column elementor-col-100 elementor-top-column elementor-element elementor-element-5799d837\" data-id=\"5799d837\" data-element_type=\"column\" data-e-type=\"column\">\n\t\t\t<div class=\"elementor-widget-wrap elementor-element-populated\">\n\t\t\t\t\t\t<div class=\"elementor-element elementor-element-23ab37ce elementor-widget elementor-widget-spacer\" data-id=\"23ab37ce\" data-element_type=\"widget\" data-e-type=\"widget\" data-widget_type=\"spacer.default\">\n\t\t\t\t<div class=\"elementor-widget-container\">\n\t\t\t\t\t\t\t<div class=\"elementor-spacer\">\n\t\t\t<div class=\"elementor-spacer-inner\"><\/div>\n\t\t<\/div>\n\t\t\t\t\t\t<\/div>\n\t\t\t\t<\/div>\n\t\t\t\t\t<\/div>\n\t\t<\/div>\n\t\t\t\t\t<\/div>\n\t\t<\/section>\n\t\t\t\t<section class=\"elementor-section elementor-top-section elementor-element elementor-element-795c01e elementor-section-boxed elementor-section-height-default elementor-section-height-default\" data-id=\"795c01e\" data-element_type=\"section\" data-e-type=\"section\">\n\t\t\t\t\t\t<div class=\"elementor-container elementor-column-gap-default\">\n\t\t\t\t\t<div class=\"elementor-column elementor-col-33 elementor-top-column elementor-element elementor-element-06a7656\" data-id=\"06a7656\" data-element_type=\"column\" data-e-type=\"column\">\n\t\t\t<div class=\"elementor-widget-wrap\">\n\t\t\t\t\t\t\t<\/div>\n\t\t<\/div>\n\t\t\t\t<div class=\"elementor-column elementor-col-33 elementor-top-column elementor-element elementor-element-e6909a5\" data-id=\"e6909a5\" data-element_type=\"column\" data-e-type=\"column\">\n\t\t\t<div class=\"elementor-widget-wrap elementor-element-populated\">\n\t\t\t\t\t\t<div class=\"elementor-element elementor-element-1a34efc elementor-widget elementor-widget-text-editor\" data-id=\"1a34efc\" data-element_type=\"widget\" data-e-type=\"widget\" data-widget_type=\"text-editor.default\">\n\t\t\t\t<div class=\"elementor-widget-container\">\n\t\t\t\t\t\t\t\t\t<div class=\"lyte-wrapper\" style=\"width:420px;max-width:100%;margin:5px auto;\"><div class=\"lyMe hidef\" id=\"WYL_lcpU7m37_fc\"><div id=\"lyte_lcpU7m37_fc\" data-src=\"https:\/\/pure-divine-light.com\/wp-content\/plugins\/wp-youtube-lyte\/lyteCache.php?origThumbUrl=%2F%2Fi.ytimg.com%2Fvi%2FlcpU7m37_fc%2Fmaxresdefault.jpg\" class=\"pL\"><div class=\"tC\"><div class=\"tT\"><\/div><\/div><div class=\"play\"><\/div><div class=\"ctrl\"><div class=\"Lctrl\"><\/div><div class=\"Rctrl\"><\/div><\/div><\/div><noscript><a href=\"https:\/\/youtu.be\/lcpU7m37_fc\" rel=\"nofollow\"><img fetchpriority=\"high\" decoding=\"async\" src=\"https:\/\/pure-divine-light.com\/wp-content\/plugins\/wp-youtube-lyte\/lyteCache.php?origThumbUrl=https%3A%2F%2Fi.ytimg.com%2Fvi%2FlcpU7m37_fc%2F0.jpg\" alt=\"YouTube-Video-Vorschaubild\" width=\"420\" height=\"216\" \/><br \/>Dieses Video auf YouTube ansehen<\/a><\/noscript><\/div><\/div><div class=\"lL\" style=\"max-width:100%;width:420px;margin:5px auto;\"><\/div>\t\t\t\t\t\t\t\t<\/div>\n\t\t\t\t<\/div>\n\t\t\t\t<div class=\"elementor-element elementor-element-e4c1e5c elementor-widget elementor-widget-spacer\" data-id=\"e4c1e5c\" data-element_type=\"widget\" data-e-type=\"widget\" data-widget_type=\"spacer.default\">\n\t\t\t\t<div class=\"elementor-widget-container\">\n\t\t\t\t\t\t\t<div class=\"elementor-spacer\">\n\t\t\t<div class=\"elementor-spacer-inner\"><\/div>\n\t\t<\/div>\n\t\t\t\t\t\t<\/div>\n\t\t\t\t<\/div>\n\t\t\t\t\t<\/div>\n\t\t<\/div>\n\t\t\t\t<div class=\"elementor-column elementor-col-33 elementor-top-column elementor-element elementor-element-651c618\" data-id=\"651c618\" data-element_type=\"column\" data-e-type=\"column\">\n\t\t\t<div class=\"elementor-widget-wrap\">\n\t\t\t\t\t\t\t<\/div>\n\t\t<\/div>\n\t\t\t\t\t<\/div>\n\t\t<\/section>\n\t\t\t\t<section class=\"elementor-section elementor-top-section elementor-element elementor-element-8fee305 elementor-section-boxed elementor-section-height-default elementor-section-height-default\" data-id=\"8fee305\" data-element_type=\"section\" data-e-type=\"section\">\n\t\t\t\t\t\t<div class=\"elementor-container elementor-column-gap-default\">\n\t\t\t\t\t<div class=\"elementor-column elementor-col-100 elementor-top-column elementor-element elementor-element-d6a3bbc\" data-id=\"d6a3bbc\" data-element_type=\"column\" data-e-type=\"column\">\n\t\t\t<div class=\"elementor-widget-wrap elementor-element-populated\">\n\t\t\t\t\t\t<div class=\"elementor-element elementor-element-1ce9297 elementor-widget elementor-widget-text-editor\" data-id=\"1ce9297\" data-element_type=\"widget\" data-e-type=\"widget\" data-widget_type=\"text-editor.default\">\n\t\t\t\t<div class=\"elementor-widget-container\">\n\t\t\t\t\t\t\t\t\t<p style=\"text-align: center;\"><em>Die Botschaft in Textform<\/em><\/p>\t\t\t\t\t\t\t\t<\/div>\n\t\t\t\t<\/div>\n\t\t\t\t\t<\/div>\n\t\t<\/div>\n\t\t\t\t\t<\/div>\n\t\t<\/section>\n\t\t\t\t<section class=\"elementor-section elementor-top-section elementor-element elementor-element-e385033 elementor-section-boxed elementor-section-height-default elementor-section-height-default\" data-id=\"e385033\" data-element_type=\"section\" data-e-type=\"section\">\n\t\t\t\t\t\t<div class=\"elementor-container elementor-column-gap-default\">\n\t\t\t\t\t<div class=\"elementor-column elementor-col-100 elementor-top-column elementor-element elementor-element-3a5fdb0\" data-id=\"3a5fdb0\" data-element_type=\"column\" data-e-type=\"column\">\n\t\t\t<div class=\"elementor-widget-wrap elementor-element-populated\">\n\t\t\t\t\t\t<div class=\"elementor-element elementor-element-43659ef elementor-widget elementor-widget-text-editor\" data-id=\"43659ef\" data-element_type=\"widget\" data-e-type=\"widget\" data-widget_type=\"text-editor.default\">\n\t\t\t\t<div class=\"elementor-widget-container\">\n\t\t\t\t\t\t\t\t\t<p style=\"text-align: center;\">Atmet jetzt ganz tief und bewusst die allm\u00e4chtige Gegenwart Gottes, die ICH BIN, tief ein und aus!<\/p><p style=\"text-align: center;\">Wisst, dass ihr mit der Macht eurer Gedanken jeden Atemzug aufladen und bewusst qualifizieren k\u00f6nnt und wisst auch, dass ihr alle zur richtigen Zeit hier am richtigen Ort seid!<\/p><p style=\"text-align: center;\"><span style=\"color: #4e00a8;\"><strong>ICH BIN der, den ihr als den Aufgestiegenen Meister SAINT GERMAIN kennt.<\/strong><\/span> F\u00fcr viele spirituell aufgeschlossene Lichtarbeiter bin Ich der Regent des Goldenen Zeitalters und werde als vornehmer Herr und Graf bildlich dargestellt.<\/p><p style=\"text-align: center;\">Doch ICH BIN auch euer stets naher Freund und repr\u00e4sentiere wie damals als JOSEF, der Vater von Jesus, die G\u00fcte und Barmherzigkeit eurer himmlischen Seelenfamilie.<\/p><p style=\"text-align: center;\"><strong>Heute m\u00f6chte Ich euch aus tiefster Liebe im Geist der Einheit allen Lebens begegnen und zu euren Herzen sprechen.<\/strong><\/p><p style=\"text-align: center;\">Ohne Meine vielen treuen Freunde, die noch einmal auf der Erde verk\u00f6rpert sind, um eine Br\u00fccke zwischen Himmel und Erde zu bauen, w\u00e4re Meine Bestimmung und Aufgabe als geistiger Regent kaum zu erf\u00fcllen. Eure beharrliche M\u00fche, Liebe und Entschlossenheit, dem LICHT GOTTES Tag f\u00fcr Tag zu dienen, tr\u00e4gt dazu bei, den G\u00f6ttlichen Plan siegreich zu vollenden und diesen kostbaren Planeten in die F\u00fcnfte Dimension zu erheben.<\/p><p style=\"text-align: center;\">So ist es Mir eine Ehre, von euch eingeladen zu sein, um bei dieser Gelegenheit einige Worte \u00fcber die Bedeutung dieser Wendezeit mit euch teilen zu d\u00fcrfen ganz einfach von Herz zu Herz.<\/p><p style=\"text-align: center;\">GOTT ist das Band der Liebe und Freundschaft, durch welches alles Leben verbunden ist. In Seiner ALLGEGENWART ist wahrlich jede vor\u00fcbergehende Trennung aufgehoben, so wie jetzt in diesem Raum und in diesem Lichtdienst.<\/p><p style=\"text-align: center;\">Auch wenn es schon gesagt worden ist, sei es noch einmal wiederholt: <strong>In jedem eurer Lichtdienste begegnen sich Himmel und Erde, Engel und Menschen, Geist und K\u00f6rper. Auch viele eurer Ahnen sind mit Mir anl\u00e4sslich dieser Gelegenheit gekommen und jetzt mitten unter euch!<\/strong><\/p><p style=\"text-align: center;\"><img decoding=\"async\" class=\"aligncenter wp-image-3573\" src=\"https:\/\/pure-divine-light.com\/wp-content\/uploads\/2022\/09\/Violette-Strahlen.jpg\" alt=\"\" width=\"337\" height=\"205\" srcset=\"https:\/\/pure-divine-light.com\/wp-content\/uploads\/2022\/09\/Violette-Strahlen.jpg 859w, https:\/\/pure-divine-light.com\/wp-content\/uploads\/2022\/09\/Violette-Strahlen-150x91.jpg 150w, https:\/\/pure-divine-light.com\/wp-content\/uploads\/2022\/09\/Violette-Strahlen-768x468.jpg 768w, https:\/\/pure-divine-light.com\/wp-content\/uploads\/2022\/09\/Violette-Strahlen-18x12.jpg 18w\" sizes=\"(max-width: 337px) 100vw, 337px\" \/><\/p>\t\t\t\t\t\t\t\t<\/div>\n\t\t\t\t<\/div>\n\t\t\t\t\t<\/div>\n\t\t<\/div>\n\t\t\t\t\t<\/div>\n\t\t<\/section>\n\t\t\t\t<section class=\"elementor-section elementor-top-section elementor-element elementor-element-3a63414 elementor-section-boxed elementor-section-height-default elementor-section-height-default\" data-id=\"3a63414\" data-element_type=\"section\" data-e-type=\"section\">\n\t\t\t\t\t\t<div class=\"elementor-container elementor-column-gap-default\">\n\t\t\t\t\t<div class=\"elementor-column elementor-col-100 elementor-top-column elementor-element elementor-element-2bcbb32\" data-id=\"2bcbb32\" data-element_type=\"column\" data-e-type=\"column\">\n\t\t\t<div class=\"elementor-widget-wrap elementor-element-populated\">\n\t\t\t\t\t\t<div class=\"elementor-element elementor-element-10b89d1 elementor-widget elementor-widget-text-editor\" data-id=\"10b89d1\" data-element_type=\"widget\" data-e-type=\"widget\" data-widget_type=\"text-editor.default\">\n\t\t\t\t<div class=\"elementor-widget-container\">\n\t\t\t\t\t\t\t\t\t<p style=\"text-align: center;\">Als Aufgestiegener Meister bin Ich in der Lage, aus dem unbegrenzten zeitlosen Zustand des Himmelreiches zu jedem von euch individuell zu sprechen, w\u00e4hrend ihr noch ein irdisches Gewand aus Fleisch und Blut tragt.<\/p><p style=\"text-align: center;\">Jeder von euch, der auf Meine Worte h\u00f6rt oder irgendwo in Raum und Zeit diese Botschaft mit seiner Seele liest, hat die Gelegenheit, sich in der Stille des Herzens in die hohen geistigen Dimensionen zu begeben.<\/p><p style=\"text-align: center;\"><strong>Ihr seid hiermit berufen, noch w\u00e4hrend ihr einen physischen K\u00f6rper tragt, euch in das REICH DES CHRISTUS-BEWUSSTSEINS zu erheben!<\/strong> Das ist m\u00f6glich, wenn ihr euch dazu aus eigenem Willen entschlie\u00dft und entscheidet. Je eher ihr eure Entschlossenheit in die Tat umsetzt, umso klarer und deutlicher k\u00f6nnt ihr mit jedem aus der Geistigen Hierarchie von Geist zu Geist kommunizieren.<\/p><p style=\"text-align: center;\">Das Gesetz des Freien Willens ist und bleibt unantastbar. Es steht jedem frei, sich f\u00fcr weitere Erfahrungen in Raum und Zeit zu entscheiden. Das ist eine Frage des individuellen Glaubens und Vertrauens und bestimmt jede Seele f\u00fcr sich SELBST.<\/p><p style=\"text-align: center;\">In der letzten Lichtfeier hat Lord POSEIDON, der Herr des Meeres und des Wasserelementes, \u00fcber die Bedeutung des Wassers gesprochen. Alle V\u00f6lker der Erde haben in diesem Jahr 2022 erfahren, wie wichtig das Wasser f\u00fcr alles Leben auf der Erde ist.<\/p><p style=\"text-align: center;\">Ohne Wasser ist kein Leben m\u00f6glich. Darum begegnet jedem Wassertropfen mit Liebe, Achtung und Dankbarkeit. Denn dann wird gesundes Wasser von euch regelrecht magnetisiert und angezogen.<\/p><p style=\"text-align: center;\"><strong>An den Zeichen dieser Zeit k\u00f6nnt ihr deutlich sehen, dass diese alte Welt mit ihrem gottlosen System am Ende angekommen ist.<\/strong> Dies ist die kosmische Stunde, um eure g\u00f6ttliche Bestimmung, f\u00fcr die ihr noch einmal eine Verk\u00f6rperung von dem Karmischen Rat gew\u00e4hrt bekommen habt, siegreich zu erf\u00fcllen.<\/p><p style=\"text-align: center;\">Ihr habt Uns eure geistigen H\u00e4nde gereicht und sollt als Unsere himmlischen Botschafter auf der Erde allen Menschen, die euch vertrauen, den Weg zur Vollendung zeigen, den Weg zu ihrem wahren Ursprung und der Quelle allen Lebens.<\/p><p style=\"text-align: center;\"><strong>Es geht nun darum, die jahrtausendealte geistige Finsternis auf der Erde durch DAS LICHT DES CHRISTUS, das Licht der allm\u00e4chtigen Allgegenwart Gottes, zu ersetzen, und dadurch diese Sch\u00f6pfung zu einem Stern des Lichts zu kr\u00f6nen!<\/strong><\/p><p style=\"text-align: center;\">So wie auf die dunkelste Nacht ein neuer heller Tag folgt, so wird es auch jetzt sein! Das Licht des Neuen Tages ist das Licht Gottes, das niemals versagt und sich nicht mehr l\u00e4nger aufhalten l\u00e4sst.<\/p><p style=\"text-align: center;\">Noch sind die Augen der Menschheit durch den finsteren Schleier von T\u00e4uschungen, L\u00fcgen und geschaffenen k\u00fcnstlichen Illusionen bedeckt. Doch es liegt in eurer Hand, gemeinsam mit den M\u00e4chten der Geistigen Welt und dem Geist der Einheit der Gro\u00dfen Wei\u00dfen Bruderschaft diesen dichten Nebel nun mit der Macht der Violetten Flamme der Transformation zu beseitigen und durch das CHRISTUS-LICHT zu ersetzen, dem Licht der ewigen WAHRHEIT und G\u00f6ttlichen ORDNUNG.<\/p><p style=\"text-align: center;\"><span style=\"color: #4e00a8;\">Ruft sooft ihr daran denkt und noch Unvollkommenheiten in der Welt der Menschen erkennt, die siegreiche Violette Flamme und die Engel des Violetten Strahls an, um alle negativen Energien in positive Qualit\u00e4ten umzuwandeln.<\/span><\/p><p style=\"text-align: center;\">Eure Anrufungen und Verf\u00fcgungen im Namen der allm\u00e4chtigen ICH BIN GEGENWART sind so kostbar! Denn sie erm\u00f6glichen das direkte und unmittelbare Eingreifen der Kosmischen H\u00fcter und W\u00e4chter der Erde in die irdischen Angelegenheiten!<\/p><p style=\"text-align: center;\">Zum heutigen Abschluss noch eine dringende Mahnung f\u00fcr die letzten Monate dieses Jahres. Ihr sp\u00fcrt alle wie sehr sich die Konflikte und Ereignisse zuspitzen.<\/p><p style=\"text-align: center;\">Es wird noch eine Menge unerwarteter und zun\u00e4chst unerkl\u00e4rlicher Ereignisse geschehen. Doch solange ihr wachsam, vertrauensvoll und geduldig seid und mit dem Inneren Licht eures Herzens, aus dem Ich zu euch spreche, angebunden bleibt, kann euch nichts schaden!<\/p><p style=\"text-align: center;\"><strong>Die magische allm\u00e4chtige ICH BIN GEGENWART wird euer un\u00fcberwindlicher SCHUTZ und Schirm sein und euch gleichzeitig mit allem versorgen, was ihr zur Erf\u00fcllung eurer individuellen Bestimmung ben\u00f6tigt.<\/strong><\/p><p style=\"text-align: center;\"><img decoding=\"async\" class=\"aligncenter wp-image-3572\" src=\"https:\/\/pure-divine-light.com\/wp-content\/uploads\/2022\/09\/Feder.jpg\" alt=\"\" width=\"303\" height=\"205\" srcset=\"https:\/\/pure-divine-light.com\/wp-content\/uploads\/2022\/09\/Feder.jpg 773w, https:\/\/pure-divine-light.com\/wp-content\/uploads\/2022\/09\/Feder-150x101.jpg 150w, https:\/\/pure-divine-light.com\/wp-content\/uploads\/2022\/09\/Feder-768x520.jpg 768w, https:\/\/pure-divine-light.com\/wp-content\/uploads\/2022\/09\/Feder-18x12.jpg 18w\" sizes=\"(max-width: 303px) 100vw, 303px\" \/><\/p>\t\t\t\t\t\t\t\t<\/div>\n\t\t\t\t<\/div>\n\t\t\t\t\t<\/div>\n\t\t<\/div>\n\t\t\t\t\t<\/div>\n\t\t<\/section>\n\t\t\t\t<section class=\"elementor-section elementor-top-section elementor-element elementor-element-44c63f1 elementor-section-boxed elementor-section-height-default elementor-section-height-default\" data-id=\"44c63f1\" data-element_type=\"section\" data-e-type=\"section\">\n\t\t\t\t\t\t<div class=\"elementor-container elementor-column-gap-default\">\n\t\t\t\t\t<div class=\"elementor-column elementor-col-100 elementor-top-column elementor-element elementor-element-e4d65ba\" data-id=\"e4d65ba\" data-element_type=\"column\" data-e-type=\"column\">\n\t\t\t<div class=\"elementor-widget-wrap elementor-element-populated\">\n\t\t\t\t\t\t<div class=\"elementor-element elementor-element-b272d2b elementor-widget elementor-widget-text-editor\" data-id=\"b272d2b\" data-element_type=\"widget\" data-e-type=\"widget\" data-widget_type=\"text-editor.default\">\n\t\t\t\t<div class=\"elementor-widget-container\">\n\t\t\t\t\t\t\t\t\t<p style=\"text-align: center;\">Legionen von Engeln stehen an eurer Seite, um mit und durch euch den G\u00f6ttlichen PLAN DES LICHTS siegreich zu vollenden!<\/p><p style=\"text-align: center;\">Haltet Ihnen die T\u00fcr eures Herzens und eures Bewusstseins weit ge\u00f6ffnet, damit Sie im Namen des allm\u00e4chtigen EINEN ICH BIN alles zum Besten f\u00fcgen!<\/p><p style=\"text-align: center;\">In gro\u00dfer Dankbarkeit verabschiede Ich Mich nun mit diesen Worten aus dem Licht der Einheit von allem, was gut, wahr und sch\u00f6n ist und freue Mich darauf, euch individuell oder gemeinsam mit aufgeschlossenen Freunden wiederzusehen.<\/p><p style=\"text-align: center;\">Gerne hei\u00dfe Ich eure Seelen willkommen, wenn ihr in der Zeit des k\u00f6rperlichen Schlafens zu Mir kommen m\u00f6chtet.<\/p><p style=\"text-align: center;\">Von ERZENGEL MICHAEL habt ihr gelernt, dass WIR als individuelle Mitglieder der Geistigen Hierarchie niemals weiter von euch entfernt sind als einen einzigen Herzensruf voller Vertrauen und Liebe.<\/p><p style=\"text-align: center;\">In diesem Sinne BIN ICH stets euer guter Freund und Begleiter im LICHT GOTTES<\/p><p style=\"text-align: center;\"><span style=\"color: #4e00a8;\"><strong>Saint Germain<\/strong><\/span><\/p>\t\t\t\t\t\t\t\t<\/div>\n\t\t\t\t<\/div>\n\t\t\t\t\t<\/div>\n\t\t<\/div>\n\t\t\t\t\t<\/div>\n\t\t<\/section>\n\t\t\t\t<section class=\"elementor-section elementor-top-section elementor-element elementor-element-cb47ae6 elementor-section-boxed elementor-section-height-default elementor-section-height-default\" data-id=\"cb47ae6\" data-element_type=\"section\" data-e-type=\"section\">\n\t\t\t\t\t\t<div class=\"elementor-container elementor-column-gap-default\">\n\t\t\t\t\t<div class=\"elementor-column elementor-col-100 elementor-top-column elementor-element elementor-element-f110fe6\" data-id=\"f110fe6\" data-element_type=\"column\" data-e-type=\"column\">\n\t\t\t<div class=\"elementor-widget-wrap elementor-element-populated\">\n\t\t\t\t\t\t<div class=\"elementor-element elementor-element-9313176 elementor-widget elementor-widget-spacer\" data-id=\"9313176\" data-element_type=\"widget\" data-e-type=\"widget\" data-widget_type=\"spacer.default\">\n\t\t\t\t<div class=\"elementor-widget-container\">\n\t\t\t\t\t\t\t<div class=\"elementor-spacer\">\n\t\t\t<div class=\"elementor-spacer-inner\"><\/div>\n\t\t<\/div>\n\t\t\t\t\t\t<\/div>\n\t\t\t\t<\/div>\n\t\t\t\t\t<\/div>\n\t\t<\/div>\n\t\t\t\t\t<\/div>\n\t\t<\/section>\n\t\t\t\t<\/div>\n\t\t","protected":false},"excerpt":{"rendered":"<p>BOT&shy;SCHAFT VON SAINT GERMAIN zum Lichtdienst am 17.9.2022 Die Botschaft in Textform Atmet jetzt ganz tief und bewusst die allm\u00e4chtige Gegenwart Gottes, die ICH BIN, tief ein und aus! Wisst, dass ihr mit der Macht eurer Gedanken jeden Atemzug aufladen und bewusst qualifizieren k\u00f6nnt und wisst auch, dass ihr alle zur richtigen Zeit hier am [&hellip;]<\/p>\n","protected":false},"author":1,"featured_media":0,"parent":0,"menu_order":0,"comment_status":"closed","ping_status":"closed","template":"","meta":{"ocean_post_layout":"full-screen","ocean_both_sidebars_style":"","ocean_both_sidebars_content_width":0,"ocean_both_sidebars_sidebars_width":0,"ocean_sidebar":"0","ocean_second_sidebar":"0","ocean_disable_margins":"enable","ocean_add_body_class":"","ocean_shortcode_before_top_bar":"","ocean_shortcode_after_top_bar":"","ocean_shortcode_before_header":"","ocean_shortcode_after_header":"","ocean_has_shortcode":"","ocean_shortcode_after_title":"","ocean_shortcode_before_footer_widgets":"","ocean_shortcode_after_footer_widgets":"","ocean_shortcode_before_footer_bottom":"","ocean_shortcode_after_footer_bottom":"","ocean_display_top_bar":"off","ocean_display_header":"default","ocean_header_style":"","ocean_center_header_left_menu":"0","ocean_custom_header_template":"0","ocean_custom_logo":0,"ocean_custom_retina_logo":0,"ocean_custom_logo_max_width":0,"ocean_custom_logo_tablet_max_width":0,"ocean_custom_logo_mobile_max_width":0,"ocean_custom_logo_max_height":0,"ocean_custom_logo_tablet_max_height":0,"ocean_custom_logo_mobile_max_height":0,"ocean_header_custom_menu":"0","ocean_menu_typo_font_family":"0","ocean_menu_typo_font_subset":"","ocean_menu_typo_font_size":0,"ocean_menu_typo_font_size_tablet":0,"ocean_menu_typo_font_size_mobile":0,"ocean_menu_typo_font_size_unit":"px","ocean_menu_typo_font_weight":"","ocean_menu_typo_font_weight_tablet":"","ocean_menu_typo_font_weight_mobile":"","ocean_menu_typo_transform":"","ocean_menu_typo_transform_tablet":"","ocean_menu_typo_transform_mobile":"","ocean_menu_typo_line_height":0,"ocean_menu_typo_line_height_tablet":0,"ocean_menu_typo_line_height_mobile":0,"ocean_menu_typo_line_height_unit":"","ocean_menu_typo_spacing":0,"ocean_menu_typo_spacing_tablet":0,"ocean_menu_typo_spacing_mobile":0,"ocean_menu_typo_spacing_unit":"","ocean_menu_link_color":"","ocean_menu_link_color_hover":"","ocean_menu_link_color_active":"","ocean_menu_link_background":"","ocean_menu_link_hover_background":"","ocean_menu_link_active_background":"","ocean_menu_social_links_bg":"","ocean_menu_social_hover_links_bg":"","ocean_menu_social_links_color":"","ocean_menu_social_hover_links_color":"","ocean_disable_title":"on","ocean_disable_heading":"default","ocean_post_title":"","ocean_post_subheading":"","ocean_post_title_style":"","ocean_post_title_background_color":"","ocean_post_title_background":0,"ocean_post_title_bg_image_position":"","ocean_post_title_bg_image_attachment":"","ocean_post_title_bg_image_repeat":"","ocean_post_title_bg_image_size":"","ocean_post_title_height":0,"ocean_post_title_bg_overlay":0.5,"ocean_post_title_bg_overlay_color":"","ocean_disable_breadcrumbs":"default","ocean_breadcrumbs_color":"","ocean_breadcrumbs_separator_color":"","ocean_breadcrumbs_links_color":"","ocean_breadcrumbs_links_hover_color":"","ocean_display_footer_widgets":"off","ocean_display_footer_bottom":"on","ocean_custom_footer_template":"0","footnotes":""},"class_list":["post-3569","page","type-page","status-publish","hentry","entry"],"_links":{"self":[{"href":"https:\/\/pure-divine-light.com\/de\/wp-json\/wp\/v2\/pages\/3569","targetHints":{"allow":["GET"]}}],"collection":[{"href":"https:\/\/pure-divine-light.com\/de\/wp-json\/wp\/v2\/pages"}],"about":[{"href":"https:\/\/pure-divine-light.com\/de\/wp-json\/wp\/v2\/types\/page"}],"author":[{"embeddable":true,"href":"https:\/\/pure-divine-light.com\/de\/wp-json\/wp\/v2\/users\/1"}],"replies":[{"embeddable":true,"href":"https:\/\/pure-divine-light.com\/de\/wp-json\/wp\/v2\/comments?post=3569"}],"version-history":[{"count":0,"href":"https:\/\/pure-divine-light.com\/de\/wp-json\/wp\/v2\/pages\/3569\/revisions"}],"wp:attachment":[{"href":"https:\/\/pure-divine-light.com\/de\/wp-json\/wp\/v2\/media?parent=3569"}],"curies":[{"name":"wp","href":"https:\/\/api.w.org\/{rel}","templated":true}]}}