{"id":3641,"date":"2022-09-19T11:22:34","date_gmt":"2022-09-19T11:22:34","guid":{"rendered":"https:\/\/pure-divine-light.com\/?page_id=3641"},"modified":"2022-09-19T12:29:40","modified_gmt":"2022-09-19T12:29:40","slug":"unsere-gedanken-bestimmen-unser-schicksal","status":"publish","type":"page","link":"https:\/\/pure-divine-light.com\/de\/unsere-gedanken-bestimmen-unser-schicksal\/","title":{"rendered":"Unsere Gedanken bestimmen unser Schicksal"},"content":{"rendered":"\t\t<div data-elementor-type=\"wp-page\" data-elementor-id=\"3641\" class=\"elementor elementor-3641\">\n\t\t\t\t\t\t<section class=\"elementor-section elementor-top-section elementor-element elementor-element-3205a865 elementor-section-height-min-height elementor-section-boxed elementor-section-height-default elementor-section-items-middle\" data-id=\"3205a865\" data-element_type=\"section\" data-e-type=\"section\" data-settings=\"{&quot;background_background&quot;:&quot;classic&quot;}\">\n\t\t\t\t\t\t\t<div class=\"elementor-background-overlay\"><\/div>\n\t\t\t\t\t\t\t<div class=\"elementor-container elementor-column-gap-wider\">\n\t\t\t\t\t<div class=\"elementor-column elementor-col-100 elementor-top-column elementor-element elementor-element-7465fb52\" data-id=\"7465fb52\" data-element_type=\"column\" data-e-type=\"column\">\n\t\t\t<div class=\"elementor-widget-wrap elementor-element-populated\">\n\t\t\t\t\t\t<div class=\"elementor-element elementor-element-f8973e0 elementor-widget elementor-widget-heading\" data-id=\"f8973e0\" data-element_type=\"widget\" data-e-type=\"widget\" data-settings=\"{&quot;_animation&quot;:&quot;none&quot;}\" data-widget_type=\"heading.default\">\n\t\t\t\t<div class=\"elementor-widget-container\">\n\t\t\t\t\t<h1 class=\"elementor-heading-title elementor-size-default\">Unsere GEDAN&shy;KEN bestimmen unser Schicksal<\/h1>\t\t\t\t<\/div>\n\t\t\t\t<\/div>\n\t\t\t\t\t<\/div>\n\t\t<\/div>\n\t\t\t\t\t<\/div>\n\t\t<\/section>\n\t\t\t\t<section class=\"elementor-section elementor-top-section elementor-element elementor-element-15753af2 elementor-section-boxed elementor-section-height-default elementor-section-height-default\" data-id=\"15753af2\" data-element_type=\"section\" data-e-type=\"section\">\n\t\t\t\t\t\t<div class=\"elementor-container elementor-column-gap-default\">\n\t\t\t\t\t<div class=\"elementor-column elementor-col-100 elementor-top-column elementor-element elementor-element-58ab038e\" data-id=\"58ab038e\" data-element_type=\"column\" data-e-type=\"column\">\n\t\t\t<div class=\"elementor-widget-wrap elementor-element-populated\">\n\t\t\t\t\t\t<div class=\"elementor-element elementor-element-38017a2b elementor-widget elementor-widget-spacer\" data-id=\"38017a2b\" data-element_type=\"widget\" data-e-type=\"widget\" data-widget_type=\"spacer.default\">\n\t\t\t\t<div class=\"elementor-widget-container\">\n\t\t\t\t\t\t\t<div class=\"elementor-spacer\">\n\t\t\t<div class=\"elementor-spacer-inner\"><\/div>\n\t\t<\/div>\n\t\t\t\t\t\t<\/div>\n\t\t\t\t<\/div>\n\t\t\t\t\t<\/div>\n\t\t<\/div>\n\t\t\t\t\t<\/div>\n\t\t<\/section>\n\t\t\t\t<section class=\"elementor-section elementor-top-section elementor-element elementor-element-e3c339d elementor-section-boxed elementor-section-height-default elementor-section-height-default\" data-id=\"e3c339d\" data-element_type=\"section\" data-e-type=\"section\">\n\t\t\t\t\t\t<div class=\"elementor-container elementor-column-gap-default\">\n\t\t\t\t\t<div class=\"elementor-column elementor-col-100 elementor-top-column elementor-element elementor-element-4cc3cc0\" data-id=\"4cc3cc0\" data-element_type=\"column\" data-e-type=\"column\">\n\t\t\t<div class=\"elementor-widget-wrap elementor-element-populated\">\n\t\t\t\t\t\t<div class=\"elementor-element elementor-element-1171598 elementor-widget elementor-widget-text-editor\" data-id=\"1171598\" data-element_type=\"widget\" data-e-type=\"widget\" data-widget_type=\"text-editor.default\">\n\t\t\t\t<div class=\"elementor-widget-container\">\n\t\t\t\t\t\t\t\t\t<p>Und unsere Einstellung bestimmt die Erfahrungen, die wir machen. Wir selbst programmieren unser Lebensprogramm durch das, was wir t\u00e4glich denken, glauben und f\u00fchlen. Sobald uns das \u201eBEWUSST\u201c ist, befinden wir uns schon auf dem Weg in die geistige FREIHEIT!<\/p><p>Schritt f\u00fcr Schritt befreien wir uns auf diesem Weg von jeder Abh\u00e4ngigkeit und folgen nur noch dem, was unser Herz uns sagt. Wir folgen der m\u00e4chtigsten Kraft im Universum mit der h\u00f6chsten Frequenz, die wir Liebe, Gott oder G\u00f6ttin, Anfang, Ursprung, Mitte, Ziel, Spirit, Vater oder Christus nennen. Unsere ganze Aufmerksamkeit und Lebensenergie gilt auf diesem Weg nur noch dem einen Licht, das keine Schatten kennt.<\/p><p>Die Schatten, die uns unterwegs noch begegnen, sind die Spiegelungen unserer eigenen menschlichen Pers\u00f6nlichkeit. Doch auch diese erweisen sich im Licht der Wahrheit immer deutlicher als Facetten bunter Illusionen. Selbst unsere Falten, unsere Krankheiten, Alterserscheinungen und schlie\u00dflich auch der tausendfach erlebte Tod geh\u00f6ren zu den T\u00e4uschungen, die wir alleine zu verantworten haben und niemand anders. Indem wir unsere Einstellung ver\u00e4ndern, <strong>ver\u00e4ndern wir alles<\/strong>.<\/p><p>In diesen Tagen werden wir durch intensive Erfahrungen &#8211; im Innen und im Au\u00dfen &#8211; mit uns SELBST konfrontiert. Mag es unserem irdisch-pers\u00f6nlichen Bewusstsein auch so vorkommen, \u201eals ob\u201c andere f\u00fcr die Lage der Welt und unsere Situation verantwortlich w\u00e4ren, doch genau das ist die sogenannte Illusionsfalle, der wir alle \u201eals Menschen\u201c mehr oder weniger individuell unterliegen und t\u00e4glich \u201ezum Opfer\u201c fallen. Wir haben uns so sehr an den irdischen Alltag und unsere Vorstellungen gew\u00f6hnt, dass wir keine Notwendigkeit sehen oder erkennen, auch nur irgendetwas an unserer Einstellung zu ver\u00e4ndern.<\/p><p>Der Weg der Wahrheit f\u00fchrt nur durch uns Selbst in die Freiheit! Der Weg der Wahrheit ist der Heimweg zur Unsterblichkeit!<\/p><p>In der Mitte unseres Herzens liegt der Brennpunkt von allem, was <strong>wahr<\/strong> und <strong>richtig<\/strong> ist. \u201eRichtig\u201c kommt von Richtung. Das hat \u00fcberhaupt nichts mit falsch zu tun, sondern hat uns nur dahin gef\u00fchrt, wo sich JETZT jeder von uns befindet.<\/p><p>Das Ergebnis der Vergangenheit ist unser jetziger individueller Standpunkt. Genau hier und jetzt ist jede Menschenseele, die diese Worte liest und gefunden hat, an dem Schnittpunkt von Raum und Zeit angekommen, an der Wegegabel von g\u00f6ttlicher Wahrheit oder pers\u00f6nlicher Illusion! Nat\u00fcrlich darfst du auch weiterhin an \u201eZuf\u00e4lle\u201c glauben und dazu \u201emeinen\u201c, was deine Pers\u00f6nlichkeit m\u00f6chte.<\/p><p><img fetchpriority=\"high\" decoding=\"async\" class=\" wp-image-3644 alignright\" src=\"https:\/\/pure-divine-light.com\/wp-content\/uploads\/2022\/09\/Gedankenkraft.jpg\" alt=\"\" width=\"330\" height=\"186\" srcset=\"https:\/\/pure-divine-light.com\/wp-content\/uploads\/2022\/09\/Gedankenkraft.jpg 943w, https:\/\/pure-divine-light.com\/wp-content\/uploads\/2022\/09\/Gedankenkraft-150x84.jpg 150w, https:\/\/pure-divine-light.com\/wp-content\/uploads\/2022\/09\/Gedankenkraft-768x431.jpg 768w, https:\/\/pure-divine-light.com\/wp-content\/uploads\/2022\/09\/Gedankenkraft-18x10.jpg 18w, https:\/\/pure-divine-light.com\/wp-content\/uploads\/2022\/09\/Gedankenkraft-800x450.jpg 800w\" sizes=\"(max-width: 330px) 100vw, 330px\" \/><\/p><p>Noch einmal: Jeder Mensch hat die Freie Wahl, sich SELBST an diesem Schnittpunkt zu entscheiden, wie es weitergehen soll. Nat\u00fcrlich kann ich \u201ewie schon immer\u201c allen alten Lernmustern, Glaubenskonzepten, Vorstellungen, Dogmen, Illusionen, T\u00e4uschungen, Irrungen, Wirrungen und s\u00e4mtlichen Abh\u00e4ngigkeiten weiterhin folgen und mich ohnm\u00e4chtig der Sterblichkeit und Verg\u00e4nglichkeit hingeben. Ich kann aber auch selbst <strong>die Verantwortung f\u00fcr ALLES, was mir begegnet,<\/strong> \u00fcbernehmen und dann einen <strong>neuen Weg<\/strong> programmieren! Das ist der geistige Weg des Selbst, der\/ die ICH BIN, den JESUS uns als CHRISTUS &#8211; WEG geoffenbart und gewiesen hat. Das ist <strong>die Auferstehung des Geistes<\/strong> in einem K\u00f6rper aus Fleisch und Blut!<\/p><p>Die neue Erde und der neue Himmel erfordern eine vollkommene Erneuerung des Geistes.<\/p><p>\u201e SIEHE, ICH MACHE ALLES NEU! \u201c<\/p><p>Oder wie es im Buch der Offenbarung hei\u00dft: \u201eUnd ich sah einen Neuen Himmel und eine Neue Erde&#8230;\u201c Doch das Alte muss ich selbst zuerst umwandeln indem ich meinen Geist auf das G\u00f6ttliche einstelle. Solange ich das nicht tue, solange bleibe ich im Rad der menschlichen Wiedergeburten gefangen! Unbegrenzt gl\u00fcckselig und frei ist die Seele, die eins mit dem Geist Gottes geworden ist und auch sprechen und f\u00fchlen kann:<\/p><p>ICH BIN die ICH BIN von Ewigkeit zu Ewigkeit!<\/p><p>Das Geistige Reich stand schon immer jeder Seele offen, um \u201ehinein zu gehen\u201c. Doch nur Wenige sind dem Licht des Christus, der Gegenwart Gottes in jeder Menschenseele bisher gefolgt und haben das Tor durchschritten.<\/p><p>Wir sind in Wahrheit alle G\u00f6tter und G\u00f6ttinnen &#8211; wenn auch noch in einem embryonalen Zustand &#8211; und werden nun auf unsere Lichtgeburt vorbereitet. Freuen wir uns alle schon heute darauf!<\/p><p>M\u00f6ge der g\u00f6ttliche Funke nun die Schale unseres begrenzten menschlichen Bewusstseins sprengen. So sei es im Namen der allm\u00e4chtigen magischen ICH BIN Gegenwart!<\/p><p><strong><span style=\"color: #4e00a8;\">ICH BIN<\/span><\/strong><\/p>\t\t\t\t\t\t\t\t<\/div>\n\t\t\t\t<\/div>\n\t\t\t\t\t<\/div>\n\t\t<\/div>\n\t\t\t\t\t<\/div>\n\t\t<\/section>\n\t\t\t\t<section class=\"elementor-section elementor-top-section elementor-element elementor-element-f0e1e81 elementor-section-boxed elementor-section-height-default elementor-section-height-default\" data-id=\"f0e1e81\" data-element_type=\"section\" data-e-type=\"section\">\n\t\t\t\t\t\t<div class=\"elementor-container elementor-column-gap-default\">\n\t\t\t\t\t<div class=\"elementor-column elementor-col-100 elementor-top-column elementor-element elementor-element-4d75262\" data-id=\"4d75262\" data-element_type=\"column\" data-e-type=\"column\">\n\t\t\t<div class=\"elementor-widget-wrap\">\n\t\t\t\t\t\t\t<\/div>\n\t\t<\/div>\n\t\t\t\t\t<\/div>\n\t\t<\/section>\n\t\t\t\t<section class=\"elementor-section elementor-top-section elementor-element elementor-element-5563f9b elementor-section-boxed elementor-section-height-default elementor-section-height-default\" data-id=\"5563f9b\" data-element_type=\"section\" data-e-type=\"section\">\n\t\t\t\t\t\t<div class=\"elementor-container elementor-column-gap-default\">\n\t\t\t\t\t<div class=\"elementor-column elementor-col-100 elementor-top-column elementor-element elementor-element-7bf956e\" data-id=\"7bf956e\" data-element_type=\"column\" data-e-type=\"column\">\n\t\t\t<div class=\"elementor-widget-wrap elementor-element-populated\">\n\t\t\t\t\t\t<div class=\"elementor-element elementor-element-3b1f000 elementor-widget elementor-widget-spacer\" data-id=\"3b1f000\" data-element_type=\"widget\" data-e-type=\"widget\" data-widget_type=\"spacer.default\">\n\t\t\t\t<div class=\"elementor-widget-container\">\n\t\t\t\t\t\t\t<div class=\"elementor-spacer\">\n\t\t\t<div class=\"elementor-spacer-inner\"><\/div>\n\t\t<\/div>\n\t\t\t\t\t\t<\/div>\n\t\t\t\t<\/div>\n\t\t\t\t\t<\/div>\n\t\t<\/div>\n\t\t\t\t\t<\/div>\n\t\t<\/section>\n\t\t\t\t<\/div>\n\t\t","protected":false},"excerpt":{"rendered":"<p>Unsere GEDAN&shy;KEN bestimmen unser Schicksal Und unsere Einstellung bestimmt die Erfahrungen, die wir machen. Wir selbst programmieren unser Lebensprogramm durch das, was wir t\u00e4glich denken, glauben und f\u00fchlen. Sobald uns das \u201eBEWUSST\u201c ist, befinden wir uns schon auf dem Weg in die geistige FREIHEIT! Schritt f\u00fcr Schritt befreien wir uns auf diesem Weg von jeder [&hellip;]<\/p>\n","protected":false},"author":1,"featured_media":0,"parent":0,"menu_order":0,"comment_status":"closed","ping_status":"closed","template":"","meta":{"ocean_post_layout":"full-screen","ocean_both_sidebars_style":"","ocean_both_sidebars_content_width":0,"ocean_both_sidebars_sidebars_width":0,"ocean_sidebar":"0","ocean_second_sidebar":"0","ocean_disable_margins":"enable","ocean_add_body_class":"","ocean_shortcode_before_top_bar":"","ocean_shortcode_after_top_bar":"","ocean_shortcode_before_header":"","ocean_shortcode_after_header":"","ocean_has_shortcode":"","ocean_shortcode_after_title":"","ocean_shortcode_before_footer_widgets":"","ocean_shortcode_after_footer_widgets":"","ocean_shortcode_before_footer_bottom":"","ocean_shortcode_after_footer_bottom":"","ocean_display_top_bar":"off","ocean_display_header":"default","ocean_header_style":"","ocean_center_header_left_menu":"0","ocean_custom_header_template":"0","ocean_custom_logo":0,"ocean_custom_retina_logo":0,"ocean_custom_logo_max_width":0,"ocean_custom_logo_tablet_max_width":0,"ocean_custom_logo_mobile_max_width":0,"ocean_custom_logo_max_height":0,"ocean_custom_logo_tablet_max_height":0,"ocean_custom_logo_mobile_max_height":0,"ocean_header_custom_menu":"0","ocean_menu_typo_font_family":"0","ocean_menu_typo_font_subset":"","ocean_menu_typo_font_size":0,"ocean_menu_typo_font_size_tablet":0,"ocean_menu_typo_font_size_mobile":0,"ocean_menu_typo_font_size_unit":"px","ocean_menu_typo_font_weight":"","ocean_menu_typo_font_weight_tablet":"","ocean_menu_typo_font_weight_mobile":"","ocean_menu_typo_transform":"","ocean_menu_typo_transform_tablet":"","ocean_menu_typo_transform_mobile":"","ocean_menu_typo_line_height":0,"ocean_menu_typo_line_height_tablet":0,"ocean_menu_typo_line_height_mobile":0,"ocean_menu_typo_line_height_unit":"","ocean_menu_typo_spacing":0,"ocean_menu_typo_spacing_tablet":0,"ocean_menu_typo_spacing_mobile":0,"ocean_menu_typo_spacing_unit":"","ocean_menu_link_color":"","ocean_menu_link_color_hover":"","ocean_menu_link_color_active":"","ocean_menu_link_background":"","ocean_menu_link_hover_background":"","ocean_menu_link_active_background":"","ocean_menu_social_links_bg":"","ocean_menu_social_hover_links_bg":"","ocean_menu_social_links_color":"","ocean_menu_social_hover_links_color":"","ocean_disable_title":"on","ocean_disable_heading":"default","ocean_post_title":"","ocean_post_subheading":"","ocean_post_title_style":"","ocean_post_title_background_color":"","ocean_post_title_background":0,"ocean_post_title_bg_image_position":"","ocean_post_title_bg_image_attachment":"","ocean_post_title_bg_image_repeat":"","ocean_post_title_bg_image_size":"","ocean_post_title_height":0,"ocean_post_title_bg_overlay":0.5,"ocean_post_title_bg_overlay_color":"","ocean_disable_breadcrumbs":"default","ocean_breadcrumbs_color":"","ocean_breadcrumbs_separator_color":"","ocean_breadcrumbs_links_color":"","ocean_breadcrumbs_links_hover_color":"","ocean_display_footer_widgets":"off","ocean_display_footer_bottom":"on","ocean_custom_footer_template":"0","footnotes":""},"class_list":["post-3641","page","type-page","status-publish","hentry","entry"],"_links":{"self":[{"href":"https:\/\/pure-divine-light.com\/de\/wp-json\/wp\/v2\/pages\/3641","targetHints":{"allow":["GET"]}}],"collection":[{"href":"https:\/\/pure-divine-light.com\/de\/wp-json\/wp\/v2\/pages"}],"about":[{"href":"https:\/\/pure-divine-light.com\/de\/wp-json\/wp\/v2\/types\/page"}],"author":[{"embeddable":true,"href":"https:\/\/pure-divine-light.com\/de\/wp-json\/wp\/v2\/users\/1"}],"replies":[{"embeddable":true,"href":"https:\/\/pure-divine-light.com\/de\/wp-json\/wp\/v2\/comments?post=3641"}],"version-history":[{"count":0,"href":"https:\/\/pure-divine-light.com\/de\/wp-json\/wp\/v2\/pages\/3641\/revisions"}],"wp:attachment":[{"href":"https:\/\/pure-divine-light.com\/de\/wp-json\/wp\/v2\/media?parent=3641"}],"curies":[{"name":"wp","href":"https:\/\/api.w.org\/{rel}","templated":true}]}}