{"id":520,"date":"2022-08-12T11:31:42","date_gmt":"2022-08-12T11:31:42","guid":{"rendered":"https:\/\/pure-divine-light.com\/?page_id=520"},"modified":"2022-09-13T14:27:19","modified_gmt":"2022-09-13T14:27:19","slug":"der-wille-gottes","status":"publish","type":"page","link":"https:\/\/pure-divine-light.com\/de\/der-wille-gottes\/","title":{"rendered":"Der Wille Gottes"},"content":{"rendered":"\t\t<div data-elementor-type=\"wp-page\" data-elementor-id=\"520\" class=\"elementor elementor-520\">\n\t\t\t\t\t\t<section class=\"elementor-section elementor-top-section elementor-element elementor-element-72b1ee7 elementor-section-height-min-height elementor-section-boxed elementor-section-height-default elementor-section-items-middle\" data-id=\"72b1ee7\" data-element_type=\"section\" data-e-type=\"section\" data-settings=\"{&quot;background_background&quot;:&quot;classic&quot;}\">\n\t\t\t\t\t\t\t<div class=\"elementor-background-overlay\"><\/div>\n\t\t\t\t\t\t\t<div class=\"elementor-container elementor-column-gap-wider\">\n\t\t\t\t\t<div class=\"elementor-column elementor-col-100 elementor-top-column elementor-element elementor-element-7bd731e4\" data-id=\"7bd731e4\" data-element_type=\"column\" data-e-type=\"column\">\n\t\t\t<div class=\"elementor-widget-wrap elementor-element-populated\">\n\t\t\t\t\t\t<div class=\"elementor-element elementor-element-8cc14af elementor-widget elementor-widget-heading\" data-id=\"8cc14af\" data-element_type=\"widget\" data-e-type=\"widget\" data-settings=\"{&quot;_animation&quot;:&quot;none&quot;}\" data-widget_type=\"heading.default\">\n\t\t\t\t<div class=\"elementor-widget-container\">\n\t\t\t\t\t<h1 class=\"elementor-heading-title elementor-size-default\">Der Wille Gottes<\/h1>\t\t\t\t<\/div>\n\t\t\t\t<\/div>\n\t\t\t\t\t<\/div>\n\t\t<\/div>\n\t\t\t\t\t<\/div>\n\t\t<\/section>\n\t\t\t\t<section class=\"elementor-section elementor-top-section elementor-element elementor-element-b0eea86 elementor-section-boxed elementor-section-height-default elementor-section-height-default\" data-id=\"b0eea86\" data-element_type=\"section\" data-e-type=\"section\">\n\t\t\t\t\t\t<div class=\"elementor-container elementor-column-gap-default\">\n\t\t\t\t\t<div class=\"elementor-column elementor-col-100 elementor-top-column elementor-element elementor-element-d37b42b\" data-id=\"d37b42b\" data-element_type=\"column\" data-e-type=\"column\">\n\t\t\t<div class=\"elementor-widget-wrap elementor-element-populated\">\n\t\t\t\t\t\t<div class=\"elementor-element elementor-element-2d98c099 elementor-widget elementor-widget-spacer\" data-id=\"2d98c099\" data-element_type=\"widget\" data-e-type=\"widget\" data-widget_type=\"spacer.default\">\n\t\t\t\t<div class=\"elementor-widget-container\">\n\t\t\t\t\t\t\t<div class=\"elementor-spacer\">\n\t\t\t<div class=\"elementor-spacer-inner\"><\/div>\n\t\t<\/div>\n\t\t\t\t\t\t<\/div>\n\t\t\t\t<\/div>\n\t\t\t\t\t<\/div>\n\t\t<\/div>\n\t\t\t\t\t<\/div>\n\t\t<\/section>\n\t\t\t\t<section class=\"elementor-section elementor-top-section elementor-element elementor-element-676264d elementor-section-boxed elementor-section-height-default elementor-section-height-default\" data-id=\"676264d\" data-element_type=\"section\" data-e-type=\"section\">\n\t\t\t\t\t\t<div class=\"elementor-container elementor-column-gap-default\">\n\t\t\t\t\t<div class=\"elementor-column elementor-col-100 elementor-top-column elementor-element elementor-element-6cc4918\" data-id=\"6cc4918\" data-element_type=\"column\" data-e-type=\"column\">\n\t\t\t<div class=\"elementor-widget-wrap elementor-element-populated\">\n\t\t\t\t\t\t<div class=\"elementor-element elementor-element-0adc48f elementor-widget elementor-widget-text-editor\" data-id=\"0adc48f\" data-element_type=\"widget\" data-e-type=\"widget\" data-widget_type=\"text-editor.default\">\n\t\t\t\t<div class=\"elementor-widget-container\">\n\t\t\t\t\t\t\t\t\t<p><span style=\"font-family: Calibri, sans-serif;\"><span style=\"font-size: x-large;\">In dem von Jesus \u00fcberlieferten Gebet \u201eVaterunser\u201c hei\u00dft es w\u00f6rtlich: \u201eSo nun sollt ihr beten: Unser Vater im Himmel, geheiligt werde Dein Name, Dein Reich komme, Dein Wille geschehe wie im Himmel so auf Erden.\u201c (Mt 6, 9\/10)<\/span><\/span><\/p><p><span style=\"font-family: Calibri, sans-serif;\"><span style=\"font-size: x-large;\">Im R\u00f6merbrief schreibt der Apostel Paulus, der heute der Aufgestiegene Meister HILARION ist: \u201ePasst euch nicht dieser Welt an, sondern ver\u00e4ndert euch durch die Erneuerung eures Geistes und \u00fcberpr\u00fcft, welches der Wille Gottes, das Gute, das Wohlgef\u00e4llige und das Vollkommene ist. \u201c (R\u00f6m 12, 2)<\/span><\/span><\/p>\t\t\t\t\t\t\t\t<\/div>\n\t\t\t\t<\/div>\n\t\t\t\t\t<\/div>\n\t\t<\/div>\n\t\t\t\t\t<\/div>\n\t\t<\/section>\n\t\t\t\t<section class=\"elementor-section elementor-top-section elementor-element elementor-element-0d63920 elementor-section-boxed elementor-section-height-default elementor-section-height-default\" data-id=\"0d63920\" data-element_type=\"section\" data-e-type=\"section\">\n\t\t\t\t\t\t<div class=\"elementor-container elementor-column-gap-default\">\n\t\t\t\t\t<div class=\"elementor-column elementor-col-100 elementor-top-column elementor-element elementor-element-ed76ce7\" data-id=\"ed76ce7\" data-element_type=\"column\" data-e-type=\"column\">\n\t\t\t<div class=\"elementor-widget-wrap elementor-element-populated\">\n\t\t\t\t\t\t<div class=\"elementor-element elementor-element-392b0db elementor-widget elementor-widget-text-editor\" data-id=\"392b0db\" data-element_type=\"widget\" data-e-type=\"widget\" data-widget_type=\"text-editor.default\">\n\t\t\t\t<div class=\"elementor-widget-container\">\n\t\t\t\t\t\t\t\t\t<p>Als T\u00f6chter und S\u00f6hne Gottes haben wir nat\u00fcrlich den Wunsch, den Willen unseres \u201eVaters\u201c zu erkennen und zu tun und den egoistischen Willen unserer irdischen Pers\u00f6nlichkeit Seinem Willen unterzuordnen. Doch wie kann der gutwillige Mensch den Willen Gottes klar und deutlich erkennen und ihn sinnvoll und segensreich in die Tat umsetzen?<\/p><p>Es geht hier nicht darum, ob wir unseren geistigen Ursprung Vater oder Mutter nennen. <strong>Wesentlich ist, dass wir alle die gemeinsame Quelle unseres Geistes anerkennen und uns bewusst werden bzw. schon sind, dass wir alle eine INDIVIDUELLE BESTIMMUNG und gemeinsame Aufgabe haben, f\u00fcr welche wir in dieser Zeit eine menschliche Gestalt aus Fleisch und Blut auf diesem Planeten angenommen haben.<\/strong><\/p><p>Wir sollten dazu wissen, dass wir in erster Linie reines geistiges Bewusstsein sind, welches nach dem Ebenbild Gottes erschaffen ist. Darum tr\u00e4gt jeder Mensch den sogenannten G\u00f6ttlichen Funken in sich, der sozusagen wie ein Samen erst aufgehen und gedeihen muss.<\/p><p><img fetchpriority=\"high\" decoding=\"async\" class=\" wp-image-1164 alignright\" src=\"https:\/\/pure-divine-light.com\/wp-content\/uploads\/2022\/08\/licht-universum1-300x161.jpg\" alt=\"\" width=\"307\" height=\"165\" srcset=\"https:\/\/pure-divine-light.com\/wp-content\/uploads\/2022\/08\/licht-universum1-300x161.jpg 300w, https:\/\/pure-divine-light.com\/wp-content\/uploads\/2022\/08\/licht-universum1-768x412.jpg 768w, https:\/\/pure-divine-light.com\/wp-content\/uploads\/2022\/08\/licht-universum1-18x10.jpg 18w, https:\/\/pure-divine-light.com\/wp-content\/uploads\/2022\/08\/licht-universum1.jpg 863w\" sizes=\"(max-width: 307px) 100vw, 307px\" \/><\/p><p>In diesem g\u00f6ttlichen Samen ist die vollkommene G\u00f6ttlichkeit in einer Art Dreifaltiger Kosmischer Flamme angelegt und eingeboren. Darin sind die Macht, die Weisheit und die Liebe zu allem Leben integriert.<\/p><p>Sobald der Geist im Herzen des Menschen einmal erwacht ist, beginnt er je nach dessen Absicht, Beharrlichkeit und Entschlossenheit zu gedeihen und sich weiter auszudehnen.<\/p><p>Jetzt kommt \u201eder Freie Wille\u201c ins Spiel, der dar\u00fcber entscheidet, ob der Mensch weiterhin seiner sterblichen, unbewussten und beschr\u00e4nkten ego-ausgerichteten Pers\u00f6nlichkeit mit ihren Konditionierungen, Dogmen, Gewohnheiten, Instinkten und Illusionen folgt oder seiner geistigen urspr\u00fcnglichen Natur Nahrung durch Aufmerksamkeit gibt.<\/p><p><strong><span style=\"color: #345bf4;\">Durch Meditation, ICH BIN Affirmationen, Disziplin, Beharrlichkeit und Entschlossenheit kann die g\u00f6ttlich-geistige Flamme im Herzen manipuliert und bis ins Unendliche ausgedehnt werden!<\/span> <\/strong>Das G\u00f6ttliche kennt im Unterschied zum Menschlichen keine Grenzen!<\/p><p>Jesus Christus lehrt klar und deutlich, wenn auch bis heute noch nicht verstanden, dass jeder Menschensohn und jede Gottestochter auch seine Werke vollbringen k\u00f6nnte, weil alle denselben geistigen Ursprung \u201eals Vater\u201c haben. Durch seine geistige Ausrichtung ist jeder Mensch in der Lage, sowohl Raum wie auch Zeit zu \u00fcberwinden. Alles ist eine Frage des Bewusstseins! Durch sein Denken und seine Gedanken bestimmt der Mensch seine Grenzen und kann sie auch wieder \u00fcberwinden.<\/p><p>Der G\u00f6ttliche Wille ist zun\u00e4chst wie eine winzig kleine blaue Flamme in einer Herzkammer angelegt und wird in der Regel als \u201eGewissen\u201c wahrgenommen. Nat\u00fcrlich kann sich jeder \u00fcber diese unscheinbare \u201einnere Stimme\u201c hinwegsetzen und sie unterdr\u00fccken, indem er weiter seinen destruktiven Gewohnheiten folgt und so tut, als ob es \u00fcberhaupt keinen g\u00f6ttlichen Willen g\u00e4be. Was interessiert es die irdische Pers\u00f6nlichkeit, welche Folgen und Konsequenzen seine \u201eHandlungen und Gewohnheiten\u201c haben. Sie ern\u00e4hrt sich von der Illusion, dass sie nur zum Sterben geboren sei und dann nach ihrem Tod ihr ohnehin alles egal sei. Upps! Was f\u00fcr eine gigantische Selbst-T\u00e4uschung!<\/p><p>Hier gehe ich jetzt davon aus, dass jeder, der das hier liest, die Absicht hat, das inwendige unsterbliche Lebens-Fl\u00e4mmchen zu entfachen und immer weiter zu entfalten. Dazu muss man wissen, dass es wichtig ist, die Dreifaltige Blaue, Goldene und Rosafarbige Flamme harmonisch zu entfalten, weil es sonst geistige Probleme gibt!<\/p><p><strong>Die Blaue Flamme der Kraft, die goldene Flamme der Weisheit und Erkenntnis und die Rosa Flamme der bedingungslosen Liebe m\u00fcssen ausgewogen sein.<\/strong> Zuviel Macht f\u00fchrt zu \u00dcberheblichkeit und Unterdr\u00fcckung \u201eSchw\u00e4cherer\u201c, zu viel Weisheit ohne Liebe kann zu Gerissenheit und Arroganz f\u00fchren, und bedingungslose Liebe ohne Weisheit und Kraft w\u00fcrde schnell ausgenutzt. Also bitte immer sch\u00f6n in der Harmonie bleiben!<\/p><p>Wenn diese Harmonie hergestellt ist, kommt schon der n\u00e4chste und \u00fcbern\u00e4chste Schritt: Aus dem Funken wird eine Flamme und aus den entfachten Flammen entsteht ein Feuer oder eine zun\u00e4chst noch kleine Sonne! In jeder Dreif\u00e4ltigen Herzflamme ist die Anlage, um sp\u00e4ter einmal ein kosmisches Sonnenwesen wie Helios und Vesta zu werden&#8230; Davon k\u00f6nnen DIE ELOHIM bzw. \u201eWELTENSCH\u00d6PFER\u201c ein Lied singen! SIE haben auch einmal \u201eklein\u201c begonnen\u2026<\/p><p>Kommen wir bitte noch einmal auf die <strong><span style=\"color: #345bf4;\">Blaue Flamme<\/span><\/strong> zu sprechen. Erzengel Michael, der Aufgestiegene Meister El Morya und Eloah Herkules sind die maskulinen Repr\u00e4sentanten und H\u00fcter der Macht Gottes.<\/p><p><img decoding=\"async\" class=\" wp-image-1143 alignright\" src=\"https:\/\/pure-divine-light.com\/wp-content\/uploads\/2022\/08\/blau-Wille1-239x300.jpg\" alt=\"\" width=\"271\" height=\"340\" srcset=\"https:\/\/pure-divine-light.com\/wp-content\/uploads\/2022\/08\/blau-Wille1-239x300.jpg 239w, https:\/\/pure-divine-light.com\/wp-content\/uploads\/2022\/08\/blau-Wille1-816x1024.jpg 816w, https:\/\/pure-divine-light.com\/wp-content\/uploads\/2022\/08\/blau-Wille1-768x964.jpg 768w, https:\/\/pure-divine-light.com\/wp-content\/uploads\/2022\/08\/blau-Wille1-10x12.jpg 10w, https:\/\/pure-divine-light.com\/wp-content\/uploads\/2022\/08\/blau-Wille1.jpg 1010w\" sizes=\"(max-width: 271px) 100vw, 271px\" \/><\/p><p><strong>EL MORYA<\/strong> ist der Chohan des Blauen Strahls und damit in der Geistigen Hierarchie unseres Sonnensystems von Helios und Vesta der Repr\u00e4sentant des G\u00f6ttlichen Willens! Er tr\u00e4gt zurzeit dieses m\u00e4chtige Amt in seinen geistigen H\u00e4nden. Nach dem sogenannten Shift unserer Erde und dem Aufstieg unseres Planeten in die F\u00fcnfte Dimension werden die \u00c4mter in der Hierarchie auch eine Ver\u00e4nderung auf hoher Ebene erfahren. Seine Zwillingsflamme Lady Miriam wird wohl gem\u00e4\u00df dem vorliegenden G\u00f6ttlichen Plan dann sein Amt als die Kosmische Leiterin dieses Strahls \u00fcbernehmen.<\/p><p><strong>ERZENGEL MICHAEL<\/strong> ist wie schon lange \u00fcberliefert der Kosmische Lenker und Leiter der Engellegionen w\u00e4hrend dieser Transformationszeit. Jede Seele, die sich daf\u00fcr entscheidet, sich dem Willen Gottes hinzugeben und den Gesetzen der Liebe, Ordnung und Achtung vor allem Leben \u2013 einschlie\u00dflich dem Respekt vor allem tierischen und pflanzlichen Leben \u2013 wird von seiner g\u00f6ttlichen Gegenwart besch\u00fctzt und beh\u00fctet. Endzeit ist immer auch eine Zeit der Entscheidung!<\/p><p>Die meisten Seelen, die jetzt verk\u00f6rpert sind, haben ihre Entscheidung schon get\u00e4tigt oder befinden sich noch immer in einer Art geistigen Lethargie. Die schicksalhaften Ereignisse werden noch viele wecken und in der letzten kosmischen Stunde auf die Lichtseite von Erzengel Michael bringen.<\/p><p>Der Wille Gottes wird seit jeher der Menschheit immer und immer wieder dargelegt und von den Weltlehrern, Avataren und auch Propheten zum Ausdruck gebracht. In den letzten viertausend Jahren sind die meisten der Propheten und Lehrer des G\u00f6ttlichen Willens von den etablierten Institutionen brutal und mit r\u00fccksichtsloser Gewalt verfolgt, beseitigt und sogar get\u00f6tet worden.<\/p><p>Zwischen dem Auftreten des Propheten Jesaia und seiner Zwillingsflamme, die seit f\u00fcnfzig Jahren die Gesetze des Lebens und des G\u00f6ttlichen Willens lehrt, liegen diese viertausend Jahre. K\u00fcrzlich kam eine Sondersendung \u00fcber den weltweiten Kanal \u201eDie Neue Zeit\u201c oder \u201eDie Weisheit Gottes\u201c mit dem Titel: \u201eDer Vorhang f\u00e4llt\u201c.<\/p><p>Noch nie zuvor gab es in der Geschichte der Menschheit so viele deutliche Zeichen und Posaunen, die zur Umkehr des Verhaltens und der Gewohnheiten der Menschheit aufgerufen haben. F\u00fcr die Masse d\u00fcrfte es in diesen Tagen die letzte Gelegenheit sein, um wach zu werden und sich dem G\u00f6ttlichen Willen endlich bedingungslos hinzugeben und sich den Engellegionen von Erzengel Michael anzuschlie\u00dfen.<\/p><p>Dieses Jahr wird laut Kryon ein Jahr vieler Enth\u00fcllungen sein. Kryon war schon geistig gegenw\u00e4rtig, als Moses im \u201eBrennenden Dornbusch, der brannte, aber nicht verbrannte\u201c die Stimme und den Namen Gottes ICH BIN vernahm und sp\u00e4ter dem Volk der Israeliten die Zehn Gebote \u00fcberreichte. Das vielleicht wichtigste Gebot hei\u00dft \u201eDu sollst nicht t\u00f6ten!\u201c\u2026 O mein Gott, es sieht so aus, als ob sich genau an diesem Gebot die Geister bis heute noch scheiden. Wer h\u00f6ren kann, der h\u00f6re! Doch die Masse hat ihre Augen und Ohren verschlossen oder besser, sie wurden ihnen systematisch verschlossen!<\/p><p><strong>Eigentlich sind alle Menschen berufen, sich an die g\u00f6ttlichen Gebote und Gesetze des Lebens zu halten.<\/strong> Doch nur wenige \u00fcbernehmen die Verantwortung und halten sich an den Willen Gottes, der in jedem Menschen, jedem Tier, jedem Baum, jeder Pflanze, jedem Stein und in allen Elementen \u201egeschrieben\u201c steht.<\/p><p>Wir leben jetzt im Jahr 2022, das bedeutet, dass wir als Menschen rund 2000 Jahre Zeit hatten, um uns nicht nur an den Geist der Zehn Gebote aus der Zeit vor Jesus von Nazareth , sondern auch an die Bergpredigt mit den acht Seligpreisungen zu halten.<\/p><p>Wir sind jetzt am Ende einer langen Zeit angekommen, in der viel ges\u00e4t worden ist und jetzt von vielen als \u201eErntezeit\u201c erfahren wird.<\/p><p>Noch ist Gelegenheit, sich nach innen zu wenden, um sich seiner inwendigen G\u00f6ttlichkeit bewusst zu werden und seiner geistigen Bestimmung entschlossen zu folgen. Richtet eure Aufmerksamkeit auf den allgegenw\u00e4rtigen Geist der Liebe, der Gnade, der Vergebung, der Wahrheit und auch Gerechtigkeit. Gerechtigkeit kommt nicht von Strafe, sondern von Richtigkeit und geistiger urspr\u00fcnglicher Ordnung.<\/p><p>F\u00fchlt euch alle von dem Willen Gottes geliebt und hoch geachtet, denn ihr seid alle Kinder des einen Gottes<\/p><p><a name=\"Bookmark\"><\/a> <strong><span style=\"color: #345bf4;\">ICH BIN<\/span><\/strong><\/p>\t\t\t\t\t\t\t\t<\/div>\n\t\t\t\t<\/div>\n\t\t\t\t\t<\/div>\n\t\t<\/div>\n\t\t\t\t\t<\/div>\n\t\t<\/section>\n\t\t\t\t<section class=\"elementor-section elementor-top-section elementor-element elementor-element-ca3a4e5 elementor-section-boxed elementor-section-height-default elementor-section-height-default\" data-id=\"ca3a4e5\" data-element_type=\"section\" data-e-type=\"section\">\n\t\t\t\t\t\t<div class=\"elementor-container elementor-column-gap-default\">\n\t\t\t\t\t<div class=\"elementor-column elementor-col-100 elementor-top-column elementor-element elementor-element-5ad084e\" data-id=\"5ad084e\" data-element_type=\"column\" data-e-type=\"column\">\n\t\t\t<div class=\"elementor-widget-wrap elementor-element-populated\">\n\t\t\t\t\t\t<div class=\"elementor-element elementor-element-12558e2 elementor-widget elementor-widget-spacer\" data-id=\"12558e2\" data-element_type=\"widget\" data-e-type=\"widget\" data-widget_type=\"spacer.default\">\n\t\t\t\t<div class=\"elementor-widget-container\">\n\t\t\t\t\t\t\t<div class=\"elementor-spacer\">\n\t\t\t<div class=\"elementor-spacer-inner\"><\/div>\n\t\t<\/div>\n\t\t\t\t\t\t<\/div>\n\t\t\t\t<\/div>\n\t\t\t\t\t<\/div>\n\t\t<\/div>\n\t\t\t\t\t<\/div>\n\t\t<\/section>\n\t\t\t\t<\/div>\n\t\t","protected":false},"excerpt":{"rendered":"<p>Der Wille Gottes In dem von Jesus \u00fcberlieferten Gebet \u201eVaterunser\u201c hei\u00dft es w\u00f6rtlich: \u201eSo nun sollt ihr beten: Unser Vater im Himmel, geheiligt werde Dein Name, Dein Reich komme, Dein Wille geschehe wie im Himmel so auf Erden.\u201c (Mt 6, 9\/10) Im R\u00f6merbrief schreibt der Apostel Paulus, der heute der Aufgestiegene Meister HILARION ist: \u201ePasst [&hellip;]<\/p>\n","protected":false},"author":1,"featured_media":0,"parent":0,"menu_order":0,"comment_status":"closed","ping_status":"closed","template":"","meta":{"ocean_post_layout":"full-screen","ocean_both_sidebars_style":"","ocean_both_sidebars_content_width":0,"ocean_both_sidebars_sidebars_width":0,"ocean_sidebar":"0","ocean_second_sidebar":"0","ocean_disable_margins":"enable","ocean_add_body_class":"","ocean_shortcode_before_top_bar":"","ocean_shortcode_after_top_bar":"","ocean_shortcode_before_header":"","ocean_shortcode_after_header":"","ocean_has_shortcode":"","ocean_shortcode_after_title":"","ocean_shortcode_before_footer_widgets":"","ocean_shortcode_after_footer_widgets":"","ocean_shortcode_before_footer_bottom":"","ocean_shortcode_after_footer_bottom":"","ocean_display_top_bar":"off","ocean_display_header":"default","ocean_header_style":"","ocean_center_header_left_menu":"0","ocean_custom_header_template":"0","ocean_custom_logo":0,"ocean_custom_retina_logo":0,"ocean_custom_logo_max_width":0,"ocean_custom_logo_tablet_max_width":0,"ocean_custom_logo_mobile_max_width":0,"ocean_custom_logo_max_height":0,"ocean_custom_logo_tablet_max_height":0,"ocean_custom_logo_mobile_max_height":0,"ocean_header_custom_menu":"0","ocean_menu_typo_font_family":"0","ocean_menu_typo_font_subset":"","ocean_menu_typo_font_size":0,"ocean_menu_typo_font_size_tablet":0,"ocean_menu_typo_font_size_mobile":0,"ocean_menu_typo_font_size_unit":"px","ocean_menu_typo_font_weight":"","ocean_menu_typo_font_weight_tablet":"","ocean_menu_typo_font_weight_mobile":"","ocean_menu_typo_transform":"","ocean_menu_typo_transform_tablet":"","ocean_menu_typo_transform_mobile":"","ocean_menu_typo_line_height":0,"ocean_menu_typo_line_height_tablet":0,"ocean_menu_typo_line_height_mobile":0,"ocean_menu_typo_line_height_unit":"","ocean_menu_typo_spacing":0,"ocean_menu_typo_spacing_tablet":0,"ocean_menu_typo_spacing_mobile":0,"ocean_menu_typo_spacing_unit":"","ocean_menu_link_color":"","ocean_menu_link_color_hover":"","ocean_menu_link_color_active":"","ocean_menu_link_background":"","ocean_menu_link_hover_background":"","ocean_menu_link_active_background":"","ocean_menu_social_links_bg":"","ocean_menu_social_hover_links_bg":"","ocean_menu_social_links_color":"","ocean_menu_social_hover_links_color":"","ocean_disable_title":"on","ocean_disable_heading":"default","ocean_post_title":"","ocean_post_subheading":"","ocean_post_title_style":"","ocean_post_title_background_color":"","ocean_post_title_background":0,"ocean_post_title_bg_image_position":"","ocean_post_title_bg_image_attachment":"","ocean_post_title_bg_image_repeat":"","ocean_post_title_bg_image_size":"","ocean_post_title_height":0,"ocean_post_title_bg_overlay":0.5,"ocean_post_title_bg_overlay_color":"","ocean_disable_breadcrumbs":"default","ocean_breadcrumbs_color":"","ocean_breadcrumbs_separator_color":"","ocean_breadcrumbs_links_color":"","ocean_breadcrumbs_links_hover_color":"","ocean_display_footer_widgets":"off","ocean_display_footer_bottom":"on","ocean_custom_footer_template":"0","footnotes":""},"class_list":["post-520","page","type-page","status-publish","hentry","entry"],"_links":{"self":[{"href":"https:\/\/pure-divine-light.com\/de\/wp-json\/wp\/v2\/pages\/520","targetHints":{"allow":["GET"]}}],"collection":[{"href":"https:\/\/pure-divine-light.com\/de\/wp-json\/wp\/v2\/pages"}],"about":[{"href":"https:\/\/pure-divine-light.com\/de\/wp-json\/wp\/v2\/types\/page"}],"author":[{"embeddable":true,"href":"https:\/\/pure-divine-light.com\/de\/wp-json\/wp\/v2\/users\/1"}],"replies":[{"embeddable":true,"href":"https:\/\/pure-divine-light.com\/de\/wp-json\/wp\/v2\/comments?post=520"}],"version-history":[{"count":0,"href":"https:\/\/pure-divine-light.com\/de\/wp-json\/wp\/v2\/pages\/520\/revisions"}],"wp:attachment":[{"href":"https:\/\/pure-divine-light.com\/de\/wp-json\/wp\/v2\/media?parent=520"}],"curies":[{"name":"wp","href":"https:\/\/api.w.org\/{rel}","templated":true}]}}