{"id":1073,"date":"2022-08-16T09:41:22","date_gmt":"2022-08-16T09:41:22","guid":{"rendered":"https:\/\/pure-divine-light.com\/?page_id=1073"},"modified":"2022-09-11T12:31:13","modified_gmt":"2022-09-11T12:31:13","slug":"bedeutung-der-anrufungen","status":"publish","type":"page","link":"https:\/\/pure-divine-light.com\/en\/bedeutung-der-anrufungen\/","title":{"rendered":"Meaning of the invocations"},"content":{"rendered":"<div data-elementor-type=\"wp-page\" data-elementor-id=\"1073\" class=\"elementor elementor-1073\">\n\t\t\t\t\t\t<section class=\"elementor-section elementor-top-section elementor-element elementor-element-1fa9822f elementor-section-height-min-height elementor-section-boxed elementor-section-height-default elementor-section-items-middle\" data-id=\"1fa9822f\" data-element_type=\"section\" data-e-type=\"section\" data-settings=\"{&quot;background_background&quot;:&quot;classic&quot;}\">\n\t\t\t\t\t\t\t<div class=\"elementor-background-overlay\"><\/div>\n\t\t\t\t\t\t\t<div class=\"elementor-container elementor-column-gap-wider\">\n\t\t\t\t\t<div class=\"elementor-column elementor-col-100 elementor-top-column elementor-element elementor-element-59ef9dd7\" data-id=\"59ef9dd7\" data-element_type=\"column\" data-e-type=\"column\">\n\t\t\t<div class=\"elementor-widget-wrap elementor-element-populated\">\n\t\t\t\t\t\t<div class=\"elementor-element elementor-element-70ee8a4f elementor-widget elementor-widget-heading\" data-id=\"70ee8a4f\" data-element_type=\"widget\" data-e-type=\"widget\" data-settings=\"{&quot;_animation&quot;:&quot;none&quot;}\" data-widget_type=\"heading.default\">\n\t\t\t\t<div class=\"elementor-widget-container\">\n\t\t\t\t\t<h1 class=\"elementor-heading-title elementor-size-default\">Meaning of the invocati&shy;ons<\/h1>\t\t\t\t<\/div>\n\t\t\t\t<\/div>\n\t\t\t\t\t<\/div>\n\t\t<\/div>\n\t\t\t\t\t<\/div>\n\t\t<\/section>\n\t\t\t\t<section class=\"elementor-section elementor-top-section elementor-element elementor-element-5f1ab41 elementor-section-boxed elementor-section-height-default elementor-section-height-default\" data-id=\"5f1ab41\" data-element_type=\"section\" data-e-type=\"section\">\n\t\t\t\t\t\t<div class=\"elementor-container elementor-column-gap-default\">\n\t\t\t\t\t<div class=\"elementor-column elementor-col-100 elementor-top-column elementor-element elementor-element-4fad5f8a\" data-id=\"4fad5f8a\" data-element_type=\"column\" data-e-type=\"column\">\n\t\t\t<div class=\"elementor-widget-wrap elementor-element-populated\">\n\t\t\t\t\t\t<div class=\"elementor-element elementor-element-66266ccd elementor-widget elementor-widget-spacer\" data-id=\"66266ccd\" data-element_type=\"widget\" data-e-type=\"widget\" data-widget_type=\"spacer.default\">\n\t\t\t\t<div class=\"elementor-widget-container\">\n\t\t\t\t\t\t\t<div class=\"elementor-spacer\">\n\t\t\t<div class=\"elementor-spacer-inner\"><\/div>\n\t\t<\/div>\n\t\t\t\t\t\t<\/div>\n\t\t\t\t<\/div>\n\t\t\t\t\t<\/div>\n\t\t<\/div>\n\t\t\t\t\t<\/div>\n\t\t<\/section>\n\t\t\t\t<section class=\"elementor-section elementor-top-section elementor-element elementor-element-e44ba30 elementor-section-boxed elementor-section-height-default elementor-section-height-default\" data-id=\"e44ba30\" data-element_type=\"section\" data-e-type=\"section\">\n\t\t\t\t\t\t<div class=\"elementor-container elementor-column-gap-default\">\n\t\t\t\t\t<div class=\"elementor-column elementor-col-100 elementor-top-column elementor-element elementor-element-01571ae\" data-id=\"01571ae\" data-element_type=\"column\" data-e-type=\"column\">\n\t\t\t<div class=\"elementor-widget-wrap elementor-element-populated\">\n\t\t\t\t\t\t<div class=\"elementor-element elementor-element-0c71b39 elementor-widget elementor-widget-heading\" data-id=\"0c71b39\" data-element_type=\"widget\" data-e-type=\"widget\" data-widget_type=\"heading.default\">\n\t\t\t\t<div class=\"elementor-widget-container\">\n\t\t\t\t\t<h2 class=\"elementor-heading-title elementor-size-default\">Prayers, Affirmations, Invocations (Decrees) and Command&shy;ments<\/h2>\t\t\t\t<\/div>\n\t\t\t\t<\/div>\n\t\t\t\t<div class=\"elementor-element elementor-element-610801f elementor-widget elementor-widget-text-editor\" data-id=\"610801f\" data-element_type=\"widget\" data-e-type=\"widget\" data-widget_type=\"text-editor.default\">\n\t\t\t\t<div class=\"elementor-widget-container\">\n\t\t\t\t\t\t\t\t\t<p class=\"translation-block\"><strong>The use of prayers, affirmations, invocations and decrees effectively raises our vibration and accelerates our transformation.<\/strong> They are effective ways and methods to enrich the energies of love and light in our bodies and in every aspect of our being.<\/p><p class=\"translation-block\">We should make it a daily habit to constantly talk to God and invoke the light of his omnipresence, because through this we are permanently connected with the spiritual world and with our spiritual <strong>light source<\/strong> and <strong>light family<\/strong>.<\/p><p class=\"translation-block\">Our consciousness is normally not aligned to the union with the Divine, because we are conditioned in general only to the mind and sense world. However, Jesus of Nazareth and many other teachers of humanity have taught us that <strong>the essential<\/strong> is not to be found on the outside, but within the human soul. The Kingdom of Heaven or Kingdom of God is to be found <strong>in every human heart only within<\/strong>. It is the \"treasure in the field of the soul,\" as Jesus called it in his parables.<\/p><p>The goal of the spiritual way is to reach from the unconsciousness to the CHRIST CONSCIOUSNESS; from the darkness into the radiating LIGHT OF GOD, which is immortal, inextinguishable and eternal.<\/p><p>With the help of these spiritual \"tools\" and the persistent trustful application of the prayers and invocations we can expand our consciousness step by step into ever \"higher spiritual dimensions\".<\/p><p><strong>It is important that we do not only pronounce word for word with the mouth, but above all and primarily feel with the heart and firmly trust in the effect! Because this is the name of the Cosmic Law:<\/strong><\/p><p><span style=\"color: #4e00a8;\">To each one happens according to his faith and trust!<\/span><\/p><p>The spiritual teachers of mankind emphasize again and again how important such invocations and decrees are, which everyone can formulate himself with his spirit! They have an immediate effect on one's own consciousness and also on the whole world!<\/p><p class=\"translation-block\">The Planet Earth is a planet of the Free Will. <strong>According to this law of the free will it is allowed to intervene in our affairs from spiritual side only if the will of the human being asks it or even orders it!<\/strong><\/p><p>Prayers are requests. Decrees are spiritual orders with the strength of the I AM consciousness and work significantly more powerfully!<\/p><p>God and his heavenly servants always work directly from an omnipresence incomprehensible and direct for the human mind. They are not bound to time or space!<\/p><p>Archangel MICHAEL says that he is never further than a heart call away from us. CHRIST speaks: \"I AM with you all days.\"<\/p><p>The same is true for all light beings we call upon! They are directly connected to us through the light of divine unity in our hearts!<\/p><p>The more sincerely and seriously we call them from our limited 3-D dimension and speak with them, the more clearly and distinctly we can sense and deeply feel them!<\/p><p>The reward for our faith and trust are<\/p><p><strong><span style=\"color: #4e00a8;\">insight and enlightenment.<\/span><\/strong><\/p>\t\t\t\t\t\t\t\t<\/div>\n\t\t\t\t<\/div>\n\t\t\t\t\t<\/div>\n\t\t<\/div>\n\t\t\t\t\t<\/div>\n\t\t<\/section>\n\t\t\t\t<section class=\"elementor-section elementor-top-section elementor-element elementor-element-480ecba elementor-section-boxed elementor-section-height-default elementor-section-height-default\" data-id=\"480ecba\" data-element_type=\"section\" data-e-type=\"section\">\n\t\t\t\t\t\t<div class=\"elementor-container elementor-column-gap-default\">\n\t\t\t\t\t<div class=\"elementor-column elementor-col-100 elementor-top-column elementor-element elementor-element-9b4b48f\" data-id=\"9b4b48f\" data-element_type=\"column\" data-e-type=\"column\">\n\t\t\t<div class=\"elementor-widget-wrap elementor-element-populated\">\n\t\t\t\t\t\t<div class=\"elementor-element elementor-element-62542a8 elementor-widget elementor-widget-spacer\" data-id=\"62542a8\" data-element_type=\"widget\" data-e-type=\"widget\" data-widget_type=\"spacer.default\">\n\t\t\t\t<div class=\"elementor-widget-container\">\n\t\t\t\t\t\t\t<div class=\"elementor-spacer\">\n\t\t\t<div class=\"elementor-spacer-inner\"><\/div>\n\t\t<\/div>\n\t\t\t\t\t\t<\/div>\n\t\t\t\t<\/div>\n\t\t\t\t\t<\/div>\n\t\t<\/div>\n\t\t\t\t\t<\/div>\n\t\t<\/section>\n\t\t\t\t<\/div>","protected":false},"excerpt":{"rendered":"<p>Bedeu&shy;tung der Anrufun&shy;gen Gebete, Affirmationen, Anrufungen (Dekrete) und Verf\u00fcgungen Die Verwendung von Gebeten, Affirmationen, Anrufungen und Verf\u00fcgungen erh\u00f6ht unsere Schwingung wirkungsvoll und beschleunigt unsere Transformation. Es sind effektive Wege und Methoden, um die Energien der Liebe und des Lichtes in unseren K\u00f6rpern und in jedem Aspekt unseres Wesens anzureichern. Wir sollten es zur t\u00e4glichen Gewohnheit [&hellip;]<\/p>\n","protected":false},"author":1,"featured_media":0,"parent":0,"menu_order":0,"comment_status":"closed","ping_status":"closed","template":"","meta":{"ocean_post_layout":"full-screen","ocean_both_sidebars_style":"","ocean_both_sidebars_content_width":0,"ocean_both_sidebars_sidebars_width":0,"ocean_sidebar":"0","ocean_second_sidebar":"0","ocean_disable_margins":"enable","ocean_add_body_class":"","ocean_shortcode_before_top_bar":"","ocean_shortcode_after_top_bar":"","ocean_shortcode_before_header":"","ocean_shortcode_after_header":"","ocean_has_shortcode":"","ocean_shortcode_after_title":"","ocean_shortcode_before_footer_widgets":"","ocean_shortcode_after_footer_widgets":"","ocean_shortcode_before_footer_bottom":"","ocean_shortcode_after_footer_bottom":"","ocean_display_top_bar":"off","ocean_display_header":"default","ocean_header_style":"","ocean_center_header_left_menu":"0","ocean_custom_header_template":"0","ocean_custom_logo":0,"ocean_custom_retina_logo":0,"ocean_custom_logo_max_width":0,"ocean_custom_logo_tablet_max_width":0,"ocean_custom_logo_mobile_max_width":0,"ocean_custom_logo_max_height":0,"ocean_custom_logo_tablet_max_height":0,"ocean_custom_logo_mobile_max_height":0,"ocean_header_custom_menu":"0","ocean_menu_typo_font_family":"0","ocean_menu_typo_font_subset":"","ocean_menu_typo_font_size":0,"ocean_menu_typo_font_size_tablet":0,"ocean_menu_typo_font_size_mobile":0,"ocean_menu_typo_font_size_unit":"px","ocean_menu_typo_font_weight":"","ocean_menu_typo_font_weight_tablet":"","ocean_menu_typo_font_weight_mobile":"","ocean_menu_typo_transform":"","ocean_menu_typo_transform_tablet":"","ocean_menu_typo_transform_mobile":"","ocean_menu_typo_line_height":0,"ocean_menu_typo_line_height_tablet":0,"ocean_menu_typo_line_height_mobile":0,"ocean_menu_typo_line_height_unit":"","ocean_menu_typo_spacing":0,"ocean_menu_typo_spacing_tablet":0,"ocean_menu_typo_spacing_mobile":0,"ocean_menu_typo_spacing_unit":"","ocean_menu_link_color":"","ocean_menu_link_color_hover":"","ocean_menu_link_color_active":"","ocean_menu_link_background":"","ocean_menu_link_hover_background":"","ocean_menu_link_active_background":"","ocean_menu_social_links_bg":"","ocean_menu_social_hover_links_bg":"","ocean_menu_social_links_color":"","ocean_menu_social_hover_links_color":"","ocean_disable_title":"on","ocean_disable_heading":"default","ocean_post_title":"","ocean_post_subheading":"","ocean_post_title_style":"","ocean_post_title_background_color":"","ocean_post_title_background":0,"ocean_post_title_bg_image_position":"","ocean_post_title_bg_image_attachment":"","ocean_post_title_bg_image_repeat":"","ocean_post_title_bg_image_size":"","ocean_post_title_height":0,"ocean_post_title_bg_overlay":0.5,"ocean_post_title_bg_overlay_color":"","ocean_disable_breadcrumbs":"default","ocean_breadcrumbs_color":"","ocean_breadcrumbs_separator_color":"","ocean_breadcrumbs_links_color":"","ocean_breadcrumbs_links_hover_color":"","ocean_display_footer_widgets":"off","ocean_display_footer_bottom":"on","ocean_custom_footer_template":"0","footnotes":""},"class_list":["post-1073","page","type-page","status-publish","hentry","entry"],"_links":{"self":[{"href":"https:\/\/pure-divine-light.com\/en\/wp-json\/wp\/v2\/pages\/1073","targetHints":{"allow":["GET"]}}],"collection":[{"href":"https:\/\/pure-divine-light.com\/en\/wp-json\/wp\/v2\/pages"}],"about":[{"href":"https:\/\/pure-divine-light.com\/en\/wp-json\/wp\/v2\/types\/page"}],"author":[{"embeddable":true,"href":"https:\/\/pure-divine-light.com\/en\/wp-json\/wp\/v2\/users\/1"}],"replies":[{"embeddable":true,"href":"https:\/\/pure-divine-light.com\/en\/wp-json\/wp\/v2\/comments?post=1073"}],"version-history":[{"count":0,"href":"https:\/\/pure-divine-light.com\/en\/wp-json\/wp\/v2\/pages\/1073\/revisions"}],"wp:attachment":[{"href":"https:\/\/pure-divine-light.com\/en\/wp-json\/wp\/v2\/media?parent=1073"}],"curies":[{"name":"wp","href":"https:\/\/api.w.org\/{rel}","templated":true}]}}