{"id":1127,"date":"2022-08-16T13:02:15","date_gmt":"2022-08-16T13:02:15","guid":{"rendered":"https:\/\/pure-divine-light.com\/?page_id=1127"},"modified":"2022-09-11T12:46:46","modified_gmt":"2022-09-11T12:46:46","slug":"grosse-weisse-bruderschaft","status":"publish","type":"page","link":"https:\/\/pure-divine-light.com\/en\/grosse-weisse-bruderschaft\/","title":{"rendered":"Great White Brotherhood"},"content":{"rendered":"<div data-elementor-type=\"wp-page\" data-elementor-id=\"1127\" class=\"elementor elementor-1127\">\n\t\t\t\t\t\t<section class=\"elementor-section elementor-top-section elementor-element elementor-element-3f78c4b6 elementor-section-height-min-height elementor-section-boxed elementor-section-height-default elementor-section-items-middle\" data-id=\"3f78c4b6\" data-element_type=\"section\" data-e-type=\"section\" data-settings=\"{&quot;background_background&quot;:&quot;classic&quot;}\">\n\t\t\t\t\t\t\t<div class=\"elementor-background-overlay\"><\/div>\n\t\t\t\t\t\t\t<div class=\"elementor-container elementor-column-gap-wider\">\n\t\t\t\t\t<div class=\"elementor-column elementor-col-100 elementor-top-column elementor-element elementor-element-7f98afb6\" data-id=\"7f98afb6\" data-element_type=\"column\" data-e-type=\"column\">\n\t\t\t<div class=\"elementor-widget-wrap elementor-element-populated\">\n\t\t\t\t\t\t<div class=\"elementor-element elementor-element-6b5b6471 elementor-widget elementor-widget-heading\" data-id=\"6b5b6471\" data-element_type=\"widget\" data-e-type=\"widget\" data-settings=\"{&quot;_animation&quot;:&quot;none&quot;}\" data-widget_type=\"heading.default\">\n\t\t\t\t<div class=\"elementor-widget-container\">\n\t\t\t\t\t<h1 class=\"elementor-heading-title elementor-size-default\">Great White Brother&shy;hood<\/h1>\t\t\t\t<\/div>\n\t\t\t\t<\/div>\n\t\t\t\t\t<\/div>\n\t\t<\/div>\n\t\t\t\t\t<\/div>\n\t\t<\/section>\n\t\t\t\t<section class=\"elementor-section elementor-top-section elementor-element elementor-element-7b246cd5 elementor-section-boxed elementor-section-height-default elementor-section-height-default\" data-id=\"7b246cd5\" data-element_type=\"section\" data-e-type=\"section\">\n\t\t\t\t\t\t<div class=\"elementor-container elementor-column-gap-default\">\n\t\t\t\t\t<div class=\"elementor-column elementor-col-100 elementor-top-column elementor-element elementor-element-60665b6e\" data-id=\"60665b6e\" data-element_type=\"column\" data-e-type=\"column\">\n\t\t\t<div class=\"elementor-widget-wrap elementor-element-populated\">\n\t\t\t\t\t\t<div class=\"elementor-element elementor-element-296b35b8 elementor-widget elementor-widget-spacer\" data-id=\"296b35b8\" data-element_type=\"widget\" data-e-type=\"widget\" data-widget_type=\"spacer.default\">\n\t\t\t\t<div class=\"elementor-widget-container\">\n\t\t\t\t\t\t\t<div class=\"elementor-spacer\">\n\t\t\t<div class=\"elementor-spacer-inner\"><\/div>\n\t\t<\/div>\n\t\t\t\t\t\t<\/div>\n\t\t\t\t<\/div>\n\t\t\t\t\t<\/div>\n\t\t<\/div>\n\t\t\t\t\t<\/div>\n\t\t<\/section>\n\t\t\t\t<section class=\"elementor-section elementor-top-section elementor-element elementor-element-d645323 elementor-section-boxed elementor-section-height-default elementor-section-height-default\" data-id=\"d645323\" data-element_type=\"section\" data-e-type=\"section\">\n\t\t\t\t\t\t<div class=\"elementor-container elementor-column-gap-default\">\n\t\t\t\t\t<div class=\"elementor-column elementor-col-100 elementor-top-column elementor-element elementor-element-6ccbc80\" data-id=\"6ccbc80\" data-element_type=\"column\" data-e-type=\"column\">\n\t\t\t<div class=\"elementor-widget-wrap elementor-element-populated\">\n\t\t\t\t\t\t<div class=\"elementor-element elementor-element-d05e308 elementor-widget elementor-widget-text-editor\" data-id=\"d05e308\" data-element_type=\"widget\" data-e-type=\"widget\" data-widget_type=\"text-editor.default\">\n\t\t\t\t<div class=\"elementor-widget-container\">\n\t\t\t\t\t\t\t\t\t<p><strong>The Spirit of Unity of the GWB (Great White Brotherhood) is that part of Heaven or the Spiritual Hierarchy which has achieved the so-called Ascension<\/strong> via the incarnation and is now endeavoring beyond the veil of our earthly-human consciousness in distinctly loving service to the spiritual development of the people on Earth.<\/p><p class=\"translation-block\">This brotherhood includes <strong>all Ascended Masters<\/strong>, also sometimes referred to as the \"Sisterhood of the Rose.\"<\/p><p>It is, so to speak, <strong>the community of ascended saints, that is, those who have left the wheel of rebirths forever and completed their spiritual development via being human.<\/strong><\/p><p>So, like ourselves, they have all gone through one or more earth lives and have shown and proven that it is possible for every human being to master and control the energies that we face every day.<\/p><p>What one person ever did, all can do!<\/p><p>Who doesn't know the famous quote from Jesus, \"Everyone who believes in me will be able to do what I have done and even greater things.\"<\/p><p>Jesus is probably the most famous, but just not the only person who showed and proved what a true spiritual master is. His destiny as Jesus of Nazareth was to show people in an exemplary way, in his unique individual way, the way of the Christ, which every embodied soul can walk and even has to walk himself once sooner or later, in order to reunite with the origin or our spiritual source, which he called \"Father in Heaven\".<\/p><p>Those who have learned to master and masterfully apply the Cosmic Laws are also called the Masters of Wisdom and Perfection. They are the world teachers, avatars and \"elder sister and brothers of mankind\".<\/p><p>At the end of their human path, they have all succeeded in returning home to their and our original state of divinity. They have ascended to the state of oneness with God and can help us on our way from their own experience.<\/p><p>Unlike us, they have achieved Christ Consciousness and know that they are God or the Goddess!<\/p><p>Most of us have probably met these present Ascended Masters in previous incarnations, and now is our cosmic hour, so to speak, which offers us the opportunities to follow them and also to step out of the wheel of mortality.<\/p><p>Who could have more understanding of our human behavior than one of them?<\/p><p>Their unlimited divine unconditional love for us, their earthly brothers and sisters and friends, has moved them to help us in this critical stage of development in a massive way in accordance with the Great Divine Plan and a Cosmic Dispensation and to reach out their hands to us!<\/p><p class=\"translation-block\">It is up to <strong>each one of us<\/strong> whether we accept this invaluable assistance from the Spiritual Hierarchy.<\/p><p class=\"translation-block\">The more human souls are now <strong>ready<\/strong> to put themselves at the service of the Divine Will according to their example, the sooner the COSMIC PLAN OF LIGHT can be fulfilled and the earth transformed into a star of light and of mutual respect and love.<\/p><p><span style=\"color: #4e00a8;\"><strong>Some Ascended Masters<\/strong><\/span><\/p><p class=\"translation-block\">As already mentioned, <strong>Jesus of Nazareth<\/strong> is the Ascended Master best known to us in the West. <strong>Mary<\/strong>, his mother at that time, also holds an essential office in the Spiritual Hierarchy today. His then father <strong>Joseph<\/strong> is today the Ascended Master Saint Germain and is considered the spiritual regent of the Aquarian Age! Also <strong>Mary Magdalene<\/strong>, who was an embodiment of Lady Nada, carries today a high Cosmic Office and is endeavoring with <strong>Lady Quan Yin<\/strong>, who is worshipped in the East as the Goddess of Mercy, to renew the original meaning of women.<\/p><p class=\"translation-block\">Many apostles have also ascended. <strong>Paul of Tarsus<\/strong> is now the Ascended Master Hilarion and serves as the Chohan (spiritual guide) of the Green Ray.<\/p><p class=\"translation-block\">The so-called \"Three Magi\" were embodiments of <strong>EL Morya (Melchior), Kuthumi (Balthasar, later Francis of Assisi) and Djwhal Khul (Kaspar).<\/strong><\/p><p class=\"translation-block\"><strong>Siddharta Gautama<\/strong> is the \"Lord of the World\" in Shamballah today and served as the \"Buddha\" until around 1957. His successor in the office of Buddha is <strong>Lord Divino (Maitreya)<\/strong>, the spiritual teacher of Jesus at that time. In the tradition Lord Maitreya (\"the friendly one\") is considered as the last Buddha before the beginning of the New Golden Age on the planet Earth!<\/p><p class=\"translation-block\">Joan of Arc and Saint Bernadette of Lourdes were embodiments of <strong>Lady Rowena<\/strong>, the guide of the Pink Ray of Love.<\/p><p class=\"translation-block\"><strong>Moses<\/strong> is now the Ascended Master Ling and works closely with Gautama in Shamballah.<\/p><p class=\"translation-block\"><strong>Ramtha<\/strong> ascended already 35000 years ago in the Lemuria of that time as a master into the highest dimensions and promised exactly like Jesus and some others his return at the \"end of the time\", which we are allowed to experience now as \"TURNING TIME\" from the darkness into the light!<\/p><p>This is only a small selection! These great entities were partly very often incarnated to influence the evolution positively. But unfortunately they have very soon withered away in the consciousness of mankind to idols and holy figures. Human institutions have made the gap between God and man deeper and deeper. But Ramtha says that man will not get out of the cycle of rebirths until he has rediscovered his intrinsic divinity!<\/p><p class=\"translation-block\">There are no substitute saviors. No Savior or Messiah will come again to go our way or to take away the responsibility for our actions. For what else would GOD have given us <strong>the life himself<\/strong>?<\/p><p class=\"translation-block\"><a name=\"Bookmark\" target=\"_self\"><\/a>There is no other <strong>way to GOD<\/strong>, than that of the <strong>self-mastery<\/strong>! I AM the way, the truth and the life. No one comes to the Father except through himself...<\/p>\t\t\t\t\t\t\t\t<\/div>\n\t\t\t\t<\/div>\n\t\t\t\t\t<\/div>\n\t\t<\/div>\n\t\t\t\t\t<\/div>\n\t\t<\/section>\n\t\t\t\t<section class=\"elementor-section elementor-top-section elementor-element elementor-element-b6b3de5 elementor-section-boxed elementor-section-height-default elementor-section-height-default\" data-id=\"b6b3de5\" data-element_type=\"section\" data-e-type=\"section\">\n\t\t\t\t\t\t<div class=\"elementor-container elementor-column-gap-default\">\n\t\t\t\t\t<div class=\"elementor-column elementor-col-100 elementor-top-column elementor-element elementor-element-5b4027d\" data-id=\"5b4027d\" data-element_type=\"column\" data-e-type=\"column\">\n\t\t\t<div class=\"elementor-widget-wrap elementor-element-populated\">\n\t\t\t\t\t\t<div class=\"elementor-element elementor-element-880d85f elementor-widget elementor-widget-spacer\" data-id=\"880d85f\" data-element_type=\"widget\" data-e-type=\"widget\" data-widget_type=\"spacer.default\">\n\t\t\t\t<div class=\"elementor-widget-container\">\n\t\t\t\t\t\t\t<div class=\"elementor-spacer\">\n\t\t\t<div class=\"elementor-spacer-inner\"><\/div>\n\t\t<\/div>\n\t\t\t\t\t\t<\/div>\n\t\t\t\t<\/div>\n\t\t\t\t\t<\/div>\n\t\t<\/div>\n\t\t\t\t\t<\/div>\n\t\t<\/section>\n\t\t\t\t<\/div>","protected":false},"excerpt":{"rendered":"<p>Gro\u00dfe Wei\u00dfe Bruder&shy;schaft Der Geist der Einheit der GWB (Gro\u00dfe Wei\u00dfe Bruderschaft) ist jener Teil des Himmels bzw. der Geistigen Hierarchie, der \u00fcber die Menschwerdung den sogenannten Aufstieg geschafft hat und sich nun jenseits des Schleiers unseres irdisch-menschlichen Bewusstseins in ausgesprochen liebendem Dienst um die geistige Entwicklung der Menschen auf der Erde bem\u00fcht. Zu dieser [&hellip;]<\/p>\n","protected":false},"author":1,"featured_media":0,"parent":0,"menu_order":0,"comment_status":"closed","ping_status":"closed","template":"","meta":{"ocean_post_layout":"full-screen","ocean_both_sidebars_style":"","ocean_both_sidebars_content_width":0,"ocean_both_sidebars_sidebars_width":0,"ocean_sidebar":"0","ocean_second_sidebar":"0","ocean_disable_margins":"enable","ocean_add_body_class":"","ocean_shortcode_before_top_bar":"","ocean_shortcode_after_top_bar":"","ocean_shortcode_before_header":"","ocean_shortcode_after_header":"","ocean_has_shortcode":"","ocean_shortcode_after_title":"","ocean_shortcode_before_footer_widgets":"","ocean_shortcode_after_footer_widgets":"","ocean_shortcode_before_footer_bottom":"","ocean_shortcode_after_footer_bottom":"","ocean_display_top_bar":"off","ocean_display_header":"default","ocean_header_style":"","ocean_center_header_left_menu":"0","ocean_custom_header_template":"0","ocean_custom_logo":0,"ocean_custom_retina_logo":0,"ocean_custom_logo_max_width":0,"ocean_custom_logo_tablet_max_width":0,"ocean_custom_logo_mobile_max_width":0,"ocean_custom_logo_max_height":0,"ocean_custom_logo_tablet_max_height":0,"ocean_custom_logo_mobile_max_height":0,"ocean_header_custom_menu":"0","ocean_menu_typo_font_family":"0","ocean_menu_typo_font_subset":"","ocean_menu_typo_font_size":0,"ocean_menu_typo_font_size_tablet":0,"ocean_menu_typo_font_size_mobile":0,"ocean_menu_typo_font_size_unit":"px","ocean_menu_typo_font_weight":"","ocean_menu_typo_font_weight_tablet":"","ocean_menu_typo_font_weight_mobile":"","ocean_menu_typo_transform":"","ocean_menu_typo_transform_tablet":"","ocean_menu_typo_transform_mobile":"","ocean_menu_typo_line_height":0,"ocean_menu_typo_line_height_tablet":0,"ocean_menu_typo_line_height_mobile":0,"ocean_menu_typo_line_height_unit":"","ocean_menu_typo_spacing":0,"ocean_menu_typo_spacing_tablet":0,"ocean_menu_typo_spacing_mobile":0,"ocean_menu_typo_spacing_unit":"","ocean_menu_link_color":"","ocean_menu_link_color_hover":"","ocean_menu_link_color_active":"","ocean_menu_link_background":"","ocean_menu_link_hover_background":"","ocean_menu_link_active_background":"","ocean_menu_social_links_bg":"","ocean_menu_social_hover_links_bg":"","ocean_menu_social_links_color":"","ocean_menu_social_hover_links_color":"","ocean_disable_title":"on","ocean_disable_heading":"default","ocean_post_title":"","ocean_post_subheading":"","ocean_post_title_style":"","ocean_post_title_background_color":"","ocean_post_title_background":0,"ocean_post_title_bg_image_position":"","ocean_post_title_bg_image_attachment":"","ocean_post_title_bg_image_repeat":"","ocean_post_title_bg_image_size":"","ocean_post_title_height":0,"ocean_post_title_bg_overlay":0.5,"ocean_post_title_bg_overlay_color":"","ocean_disable_breadcrumbs":"default","ocean_breadcrumbs_color":"","ocean_breadcrumbs_separator_color":"","ocean_breadcrumbs_links_color":"","ocean_breadcrumbs_links_hover_color":"","ocean_display_footer_widgets":"off","ocean_display_footer_bottom":"on","ocean_custom_footer_template":"0","footnotes":""},"class_list":["post-1127","page","type-page","status-publish","hentry","entry"],"_links":{"self":[{"href":"https:\/\/pure-divine-light.com\/en\/wp-json\/wp\/v2\/pages\/1127","targetHints":{"allow":["GET"]}}],"collection":[{"href":"https:\/\/pure-divine-light.com\/en\/wp-json\/wp\/v2\/pages"}],"about":[{"href":"https:\/\/pure-divine-light.com\/en\/wp-json\/wp\/v2\/types\/page"}],"author":[{"embeddable":true,"href":"https:\/\/pure-divine-light.com\/en\/wp-json\/wp\/v2\/users\/1"}],"replies":[{"embeddable":true,"href":"https:\/\/pure-divine-light.com\/en\/wp-json\/wp\/v2\/comments?post=1127"}],"version-history":[{"count":0,"href":"https:\/\/pure-divine-light.com\/en\/wp-json\/wp\/v2\/pages\/1127\/revisions"}],"wp:attachment":[{"href":"https:\/\/pure-divine-light.com\/en\/wp-json\/wp\/v2\/media?parent=1127"}],"curies":[{"name":"wp","href":"https:\/\/api.w.org\/{rel}","templated":true}]}}