{"id":1228,"date":"2022-08-17T14:27:35","date_gmt":"2022-08-17T14:27:35","guid":{"rendered":"https:\/\/pure-divine-light.com\/?page_id=1228"},"modified":"2022-09-11T12:56:34","modified_gmt":"2022-09-11T12:56:34","slug":"woher-kommen-die-botschaften","status":"publish","type":"page","link":"https:\/\/pure-divine-light.com\/en\/woher-kommen-die-botschaften\/","title":{"rendered":"Where do the messages come from? (Michael)"},"content":{"rendered":"<div data-elementor-type=\"wp-page\" data-elementor-id=\"1228\" class=\"elementor elementor-1228\">\n\t\t\t\t\t\t<section class=\"elementor-section elementor-top-section elementor-element elementor-element-2d575983 elementor-section-height-min-height elementor-section-boxed elementor-section-height-default elementor-section-items-middle\" data-id=\"2d575983\" data-element_type=\"section\" data-e-type=\"section\" data-settings=\"{&quot;background_background&quot;:&quot;classic&quot;}\">\n\t\t\t\t\t\t\t<div class=\"elementor-background-overlay\"><\/div>\n\t\t\t\t\t\t\t<div class=\"elementor-container elementor-column-gap-wider\">\n\t\t\t\t\t<div class=\"elementor-column elementor-col-100 elementor-top-column elementor-element elementor-element-2c0f8eea\" data-id=\"2c0f8eea\" data-element_type=\"column\" data-e-type=\"column\">\n\t\t\t<div class=\"elementor-widget-wrap elementor-element-populated\">\n\t\t\t\t\t\t<div class=\"elementor-element elementor-element-70b31e8c elementor-widget elementor-widget-heading\" data-id=\"70b31e8c\" data-element_type=\"widget\" data-e-type=\"widget\" data-settings=\"{&quot;_animation&quot;:&quot;none&quot;}\" data-widget_type=\"heading.default\">\n\t\t\t\t<div class=\"elementor-widget-container\">\n\t\t\t\t\t<h1 class=\"elementor-heading-title elementor-size-default\">Where do the messages come from?<\/h1>\t\t\t\t<\/div>\n\t\t\t\t<\/div>\n\t\t\t\t\t<\/div>\n\t\t<\/div>\n\t\t\t\t\t<\/div>\n\t\t<\/section>\n\t\t\t\t<section class=\"elementor-section elementor-top-section elementor-element elementor-element-7685b81e elementor-section-boxed elementor-section-height-default elementor-section-height-default\" data-id=\"7685b81e\" data-element_type=\"section\" data-e-type=\"section\">\n\t\t\t\t\t\t<div class=\"elementor-container elementor-column-gap-default\">\n\t\t\t\t\t<div class=\"elementor-column elementor-col-100 elementor-top-column elementor-element elementor-element-26b3ef86\" data-id=\"26b3ef86\" data-element_type=\"column\" data-e-type=\"column\">\n\t\t\t<div class=\"elementor-widget-wrap elementor-element-populated\">\n\t\t\t\t\t\t<div class=\"elementor-element elementor-element-55564b88 elementor-widget elementor-widget-spacer\" data-id=\"55564b88\" data-element_type=\"widget\" data-e-type=\"widget\" data-widget_type=\"spacer.default\">\n\t\t\t\t<div class=\"elementor-widget-container\">\n\t\t\t\t\t\t\t<div class=\"elementor-spacer\">\n\t\t\t<div class=\"elementor-spacer-inner\"><\/div>\n\t\t<\/div>\n\t\t\t\t\t\t<\/div>\n\t\t\t\t<\/div>\n\t\t\t\t\t<\/div>\n\t\t<\/div>\n\t\t\t\t\t<\/div>\n\t\t<\/section>\n\t\t\t\t<section class=\"elementor-section elementor-top-section elementor-element elementor-element-473292c elementor-section-boxed elementor-section-height-default elementor-section-height-default\" data-id=\"473292c\" data-element_type=\"section\" data-e-type=\"section\">\n\t\t\t\t\t\t<div class=\"elementor-container elementor-column-gap-default\">\n\t\t\t\t\t<div class=\"elementor-column elementor-col-100 elementor-top-column elementor-element elementor-element-d8bff18\" data-id=\"d8bff18\" data-element_type=\"column\" data-e-type=\"column\">\n\t\t\t<div class=\"elementor-widget-wrap elementor-element-populated\">\n\t\t\t\t\t\t<div class=\"elementor-element elementor-element-598ccf4 elementor-widget elementor-widget-text-editor\" data-id=\"598ccf4\" data-element_type=\"widget\" data-e-type=\"widget\" data-widget_type=\"text-editor.default\">\n\t\t\t\t<div class=\"elementor-widget-container\">\n\t\t\t\t\t\t\t\t\t<p><span style=\"font-size: large;\">It began in March of the year 2003.<\/span><\/p><p class=\"translation-block\"><span style=\"font-size: large\">One morning I had an ordinary telephone conversation. The moment I hung up the phone, there was a very strange indescribable energy in the hallway. <strong>Something had suddenly and unexpectedly touched me so much and so deeply that tears of emotion instantly flowed.<\/strong><\/span><\/p><p class=\"translation-block\"><span style=\"font-size: large\">Today I can still remember exactly that I then thought quietly: <\/span><strong><span style=\"font-size: large\">\"Who <\/span><span style=\"font-size: large\">benefits from my many tears? Please turn this energy into WORDS, which I can then write down for my friends.\"<\/span><\/strong><\/p><p><span style=\"font-size: large;\">I took a piece of paper and wrote down the thoughts that came to me. I then read these out at a group meeting. I didn't expect the reaction at all: \"Do you know what this is? This is a message from Lady Nada!\" <\/span><\/p><p><span style=\"font-size: large;\">I had heard a lot about the existence of such messages from the spiritual world, but I had never thought that something like this could or would happen to me! <\/span><\/p><p><span style=\"font-size: large;\">In silence at home I then thanked Lady Nada very sincerely, and in response to my heartfelt thank you I received a message from God for my spiritual friends on Easter Monday, April 21, 2003 - at noon - on the occasion of a garden party. <\/span><\/p><p><span style=\"font-size: large;\">From then on, my heart was wide open for further messages from the Kingdom of Heaven, which can be found within every soul! <\/span><\/p><p class=\"translation-block\"><a name=\"Bookmark\" target=\"_self\"><\/a><span style=\"font-size: large\">The next message was given to us by Mother Mary at a Light Service on August 24, 2003. <strong>Until today we meet about four times a year on a Saturday afternoon, where we can celebrate and experience THE UNITY OF ALL BEING together with the Ascended Masters and other representatives of the Spiritual World.<\/strong> <\/span><\/p><p><span style=\"font-size: large; color: #345bf4;\">In deep gratitude and joy we would like to dedicate this homepage to all friends, who are just like us on the way of CHRIST - the INNER LIGHT OF THE ALL PRESENCE OF GOD.<\/span><\/p><p><span style=\"font-size: large;\">My thanks go especially of course to Jesus, the Christ, and his divine twin flame Lady Nada, who among other aspects was also embodied as Mary Magdalene with him as a human being, and opened my heart channel. <\/span><\/p><p><span style=\"font-size: large;\">From the beginning we were also guided, protected, inspired and protected by Pallas Athena, Archangel Michael and our divine mother and sister Mary. <\/span><\/p><p><span style=\"font-size: large;\">As before, our eternal friend and father Joseph of that time, today's spiritual sovereign of the Aquarian Age: Saint Germain also puts his (Violet) mantle of goodness and mercy around our shoulders and always stands by our side. I hope, as Michael Joseph, also to be a good servant and faithful friend to his magical I AM Presence. <\/span><\/p>\t\t\t\t\t\t\t\t<\/div>\n\t\t\t\t<\/div>\n\t\t\t\t\t<\/div>\n\t\t<\/div>\n\t\t\t\t\t<\/div>\n\t\t<\/section>\n\t\t\t\t<section class=\"elementor-section elementor-top-section elementor-element elementor-element-639f73d elementor-section-boxed elementor-section-height-default elementor-section-height-default\" data-id=\"639f73d\" data-element_type=\"section\" data-e-type=\"section\">\n\t\t\t\t\t\t<div class=\"elementor-container elementor-column-gap-default\">\n\t\t\t\t\t<div class=\"elementor-column elementor-col-100 elementor-top-column elementor-element elementor-element-6920040\" data-id=\"6920040\" data-element_type=\"column\" data-e-type=\"column\">\n\t\t\t<div class=\"elementor-widget-wrap elementor-element-populated\">\n\t\t\t\t\t\t<div class=\"elementor-element elementor-element-7d0e242 elementor-widget elementor-widget-spacer\" data-id=\"7d0e242\" data-element_type=\"widget\" data-e-type=\"widget\" data-widget_type=\"spacer.default\">\n\t\t\t\t<div class=\"elementor-widget-container\">\n\t\t\t\t\t\t\t<div class=\"elementor-spacer\">\n\t\t\t<div class=\"elementor-spacer-inner\"><\/div>\n\t\t<\/div>\n\t\t\t\t\t\t<\/div>\n\t\t\t\t<\/div>\n\t\t\t\t\t<\/div>\n\t\t<\/div>\n\t\t\t\t\t<\/div>\n\t\t<\/section>\n\t\t\t\t<\/div>","protected":false},"excerpt":{"rendered":"<p>Woher kommen die Botschaf&shy;ten? Es begann im M\u00e4rz des Jahres 2003. Eines Morgens hatte ich ein ganz normales Telefongespr\u00e4ch. In dem Augenblick, als ich den H\u00f6rer auflegte, stand eine ganz seltsame unbeschreibliche Energie im Flur. Irgendetwas hatte mich pl\u00f6tzlich und unerwartet so sehr und so tief ber\u00fchrt, dass mir augenblicklich Tr\u00e4nen der Ergriffenheit flossen. Ich [&hellip;]<\/p>\n","protected":false},"author":1,"featured_media":0,"parent":0,"menu_order":0,"comment_status":"closed","ping_status":"closed","template":"","meta":{"ocean_post_layout":"full-screen","ocean_both_sidebars_style":"","ocean_both_sidebars_content_width":0,"ocean_both_sidebars_sidebars_width":0,"ocean_sidebar":"0","ocean_second_sidebar":"0","ocean_disable_margins":"enable","ocean_add_body_class":"","ocean_shortcode_before_top_bar":"","ocean_shortcode_after_top_bar":"","ocean_shortcode_before_header":"","ocean_shortcode_after_header":"","ocean_has_shortcode":"","ocean_shortcode_after_title":"","ocean_shortcode_before_footer_widgets":"","ocean_shortcode_after_footer_widgets":"","ocean_shortcode_before_footer_bottom":"","ocean_shortcode_after_footer_bottom":"","ocean_display_top_bar":"off","ocean_display_header":"default","ocean_header_style":"","ocean_center_header_left_menu":"0","ocean_custom_header_template":"0","ocean_custom_logo":0,"ocean_custom_retina_logo":0,"ocean_custom_logo_max_width":0,"ocean_custom_logo_tablet_max_width":0,"ocean_custom_logo_mobile_max_width":0,"ocean_custom_logo_max_height":0,"ocean_custom_logo_tablet_max_height":0,"ocean_custom_logo_mobile_max_height":0,"ocean_header_custom_menu":"0","ocean_menu_typo_font_family":"0","ocean_menu_typo_font_subset":"","ocean_menu_typo_font_size":0,"ocean_menu_typo_font_size_tablet":0,"ocean_menu_typo_font_size_mobile":0,"ocean_menu_typo_font_size_unit":"px","ocean_menu_typo_font_weight":"","ocean_menu_typo_font_weight_tablet":"","ocean_menu_typo_font_weight_mobile":"","ocean_menu_typo_transform":"","ocean_menu_typo_transform_tablet":"","ocean_menu_typo_transform_mobile":"","ocean_menu_typo_line_height":0,"ocean_menu_typo_line_height_tablet":0,"ocean_menu_typo_line_height_mobile":0,"ocean_menu_typo_line_height_unit":"","ocean_menu_typo_spacing":0,"ocean_menu_typo_spacing_tablet":0,"ocean_menu_typo_spacing_mobile":0,"ocean_menu_typo_spacing_unit":"","ocean_menu_link_color":"","ocean_menu_link_color_hover":"","ocean_menu_link_color_active":"","ocean_menu_link_background":"","ocean_menu_link_hover_background":"","ocean_menu_link_active_background":"","ocean_menu_social_links_bg":"","ocean_menu_social_hover_links_bg":"","ocean_menu_social_links_color":"","ocean_menu_social_hover_links_color":"","ocean_disable_title":"on","ocean_disable_heading":"default","ocean_post_title":"","ocean_post_subheading":"","ocean_post_title_style":"","ocean_post_title_background_color":"","ocean_post_title_background":0,"ocean_post_title_bg_image_position":"","ocean_post_title_bg_image_attachment":"","ocean_post_title_bg_image_repeat":"","ocean_post_title_bg_image_size":"","ocean_post_title_height":0,"ocean_post_title_bg_overlay":0.5,"ocean_post_title_bg_overlay_color":"","ocean_disable_breadcrumbs":"default","ocean_breadcrumbs_color":"","ocean_breadcrumbs_separator_color":"","ocean_breadcrumbs_links_color":"","ocean_breadcrumbs_links_hover_color":"","ocean_display_footer_widgets":"off","ocean_display_footer_bottom":"on","ocean_custom_footer_template":"0","footnotes":""},"class_list":["post-1228","page","type-page","status-publish","hentry","entry"],"_links":{"self":[{"href":"https:\/\/pure-divine-light.com\/en\/wp-json\/wp\/v2\/pages\/1228","targetHints":{"allow":["GET"]}}],"collection":[{"href":"https:\/\/pure-divine-light.com\/en\/wp-json\/wp\/v2\/pages"}],"about":[{"href":"https:\/\/pure-divine-light.com\/en\/wp-json\/wp\/v2\/types\/page"}],"author":[{"embeddable":true,"href":"https:\/\/pure-divine-light.com\/en\/wp-json\/wp\/v2\/users\/1"}],"replies":[{"embeddable":true,"href":"https:\/\/pure-divine-light.com\/en\/wp-json\/wp\/v2\/comments?post=1228"}],"version-history":[{"count":0,"href":"https:\/\/pure-divine-light.com\/en\/wp-json\/wp\/v2\/pages\/1228\/revisions"}],"wp:attachment":[{"href":"https:\/\/pure-divine-light.com\/en\/wp-json\/wp\/v2\/media?parent=1228"}],"curies":[{"name":"wp","href":"https:\/\/api.w.org\/{rel}","templated":true}]}}