{"id":1470,"date":"2022-08-19T11:29:49","date_gmt":"2022-08-19T11:29:49","guid":{"rendered":"https:\/\/pure-divine-light.com\/?page_id=1470"},"modified":"2022-09-11T12:32:47","modified_gmt":"2022-09-11T12:32:47","slug":"botschaft-von-erzengel-gabriel","status":"publish","type":"page","link":"https:\/\/pure-divine-light.com\/en\/botschaft-von-erzengel-gabriel\/","title":{"rendered":"Message from Archangel Gabriel"},"content":{"rendered":"<div data-elementor-type=\"wp-page\" data-elementor-id=\"1470\" class=\"elementor elementor-1470\">\n\t\t\t\t\t\t<section class=\"elementor-section elementor-top-section elementor-element elementor-element-3179454c elementor-section-height-min-height elementor-section-boxed elementor-section-height-default elementor-section-items-middle\" data-id=\"3179454c\" data-element_type=\"section\" data-e-type=\"section\" data-settings=\"{&quot;background_background&quot;:&quot;classic&quot;}\">\n\t\t\t\t\t\t\t<div class=\"elementor-background-overlay\"><\/div>\n\t\t\t\t\t\t\t<div class=\"elementor-container elementor-column-gap-wider\">\n\t\t\t\t\t<div class=\"elementor-column elementor-col-100 elementor-top-column elementor-element elementor-element-4529c13b\" data-id=\"4529c13b\" data-element_type=\"column\" data-e-type=\"column\">\n\t\t\t<div class=\"elementor-widget-wrap elementor-element-populated\">\n\t\t\t\t\t\t<div class=\"elementor-element elementor-element-284ec2df elementor-widget elementor-widget-heading\" data-id=\"284ec2df\" data-element_type=\"widget\" data-e-type=\"widget\" data-settings=\"{&quot;_animation&quot;:&quot;none&quot;}\" data-widget_type=\"heading.default\">\n\t\t\t\t<div class=\"elementor-widget-container\">\n\t\t\t\t\t<h1 class=\"elementor-heading-title elementor-size-default\">Message from Archan&shy;gel Gabriel<\/h1>\t\t\t\t<\/div>\n\t\t\t\t<\/div>\n\t\t\t\t\t<\/div>\n\t\t<\/div>\n\t\t\t\t\t<\/div>\n\t\t<\/section>\n\t\t\t\t<section class=\"elementor-section elementor-top-section elementor-element elementor-element-36e52488 elementor-section-boxed elementor-section-height-default elementor-section-height-default\" data-id=\"36e52488\" data-element_type=\"section\" data-e-type=\"section\">\n\t\t\t\t\t\t<div class=\"elementor-container elementor-column-gap-default\">\n\t\t\t\t\t<div class=\"elementor-column elementor-col-100 elementor-top-column elementor-element elementor-element-762a4e66\" data-id=\"762a4e66\" data-element_type=\"column\" data-e-type=\"column\">\n\t\t\t<div class=\"elementor-widget-wrap elementor-element-populated\">\n\t\t\t\t\t\t<div class=\"elementor-element elementor-element-4048e3ea elementor-widget elementor-widget-spacer\" data-id=\"4048e3ea\" data-element_type=\"widget\" data-e-type=\"widget\" data-widget_type=\"spacer.default\">\n\t\t\t\t<div class=\"elementor-widget-container\">\n\t\t\t\t\t\t\t<div class=\"elementor-spacer\">\n\t\t\t<div class=\"elementor-spacer-inner\"><\/div>\n\t\t<\/div>\n\t\t\t\t\t\t<\/div>\n\t\t\t\t<\/div>\n\t\t\t\t\t<\/div>\n\t\t<\/div>\n\t\t\t\t\t<\/div>\n\t\t<\/section>\n\t\t\t\t<section class=\"elementor-section elementor-top-section elementor-element elementor-element-8f9fd8f elementor-section-boxed elementor-section-height-default elementor-section-height-default\" data-id=\"8f9fd8f\" data-element_type=\"section\" data-e-type=\"section\">\n\t\t\t\t\t\t<div class=\"elementor-container elementor-column-gap-default\">\n\t\t\t\t\t<div class=\"elementor-column elementor-col-100 elementor-top-column elementor-element elementor-element-e32b395\" data-id=\"e32b395\" data-element_type=\"column\" data-e-type=\"column\">\n\t\t\t<div class=\"elementor-widget-wrap elementor-element-populated\">\n\t\t\t\t\t\t<div class=\"elementor-element elementor-element-bbb66dd elementor-widget elementor-widget-text-editor\" data-id=\"bbb66dd\" data-element_type=\"widget\" data-e-type=\"widget\" data-widget_type=\"text-editor.default\">\n\t\t\t\t<div class=\"elementor-widget-container\">\n\t\t\t\t\t\t\t\t\t<p class=\"translation-block\"><span style=\"font-size: medium\"><strong>Everything<\/strong><b> happens at the right time<\/b><\/span><span style=\"font-size: medium\">! <\/span><b> <\/b><\/p><p><span style=\"font-size: medium;\">Greetings from the Kingdom of God's Light, which never fails and calls all awakened human souls now to their original spiritual home! <\/span><\/p><p class=\"translation-block\"><span style=\"font-size: medium\"><strong>I AM GABRIEL, the Archangel of the Crystalline White Ray<\/strong>, and together with the Ascended Master SERAPIS BEY I serve humanity in its resurrection and ascension into the 5th dimension. This means that I will hold you by My Divine hand for a while longer, if you want it.<\/span><\/p><p><span style=\"font-size: medium;\">In truth, you are all daughters and sons of the Almighty God I AM! You were born to express in purity the will of God and the unconditional love as CHRIST IN ACTIVITY on earth as the image of your Cosmic Parents, just as your brother JESUS of Nazareth did in his human embodiment as an example for all people.<\/span><\/p><p><span style=\"font-size: medium;\"><strong>Again I come to you to call you to express the inner splendor for the glory of God and for the blessing of your fellow men with all your strength and determination!<\/strong> Yes, it is high time to complete your individual destiny, for which you have been born once again \"as a human being\".<\/span><\/p><p><span style=\"font-size: medium;\">All the powers of Heaven are spreading their arms wide in these days to motivate you to the mastery of the spirit and with your assistance to raise humanity to the level of the Divine Light without shadows.<\/span><\/p><p><span style=\"font-size: medium;\">Today I want to speak to you about the HARMONY OF THE SPIRIT, because harmony is the vibrational activity of Heaven! <strong>When you are in harmony with life, you are also in the STATE OF GRACE!<\/strong><\/span><\/p><p><span style=\"font-size: medium;\">In this state you are truly impersonal, i.e. untouched by the entity of earthly personality! <\/span><\/p><p><span style=\"font-size: medium;\"><strong>Ask daily to have your limited conditioned personality replaced by this Cosmic Consciousness Vibration.<\/strong> Even though many do not want to hear it, it is the entity of the personal ego that has separated you for so long from your inner God Presence and your innate immortal CHRIST SELF and thus kept you from fulfilling and finally completing your Divine Plan.<\/span><\/p><p><span style=\"font-size: medium;\">Never again be impressed or influenced by the outer discord of the earth, but radiate only the sovereign light of our common divine light! The time of crises in the outer world is the time of birth pangs for the resurrection of your divinity. <\/span><\/p><p class=\"translation-block\"><span style=\"font-size: medium\">Be <\/span><span style=\"font-size: medium\"><b>aware<\/b><\/span><span style=\"font-size: medium\"> daily and hourly that only in the <\/span><span style=\"font-size: medium\"><b>state of harmony<\/b><\/span><span style=\"font-size: medium\"> you can be and remain permanently ONE with the PRESENCE OF GOD and the entire Kingdom of Heaven.<\/span><\/p><p><span style=\"font-size: medium;\">So be and remain in the constant state of vigilance, harmony, tolerance and attention to be connected with your heavenly sisters and brothers and all members of the Spiritual Hierarchy. In this way, nothing can separate us from each other! <\/span><\/p><p><span style=\"font-size: medium;\">Know that you are an essential part of the solar divine plan! It is only a matter of accepting your divine spark, in which all the power and glory of the Universe and your Cosmic Parents is invested.<\/span><\/p><p class=\"translation-block\"><span style=\"font-size: medium\">I now decree with the energy contained in these <\/span><span style=\"font-size: medium\"><b>WORDS<\/b><\/span><span style=\"font-size: medium\"> and in this <\/span><span style=\"font-size: medium\"><b>MESSAGE<\/b><\/span><span style=\"font-size: medium\"> that you are <\/span><span style=\"font-size: medium\"><b>NOW FREE<\/b><\/span><span style=\"font-size: medium\"> from all that has seemingly separated us from each other for so long, and I will do and provide everything for you if you choose Me as your friend and spiritual protector.<\/span><\/p><p class=\"translation-block\"><span style=\"font-size: medium\">The more you detach yourselves from the streams of your sensual attachment to the outer appearances in your human world and align yourselves with your <\/span><span style=\"font-size: medium\"><b>inner divine being<\/b><\/span><span style=\"font-size: medium\">, the faster you will <\/span><span style=\"font-size: medium\"><b>be free<\/b><\/span><span style=\"font-size: medium\"> from the deceptions, entanglements and illusions of the human personality.<\/span><\/p><p><span style=\"font-size: medium;\">I want to convince you that in truth, through the Inner Light, you are Gods and Goddesses to whom the whole universe is open!<\/span><\/p><p><img fetchpriority=\"high\" decoding=\"async\" class=\"size-medium wp-image-1479 alignright\" src=\"https:\/\/pure-divine-light.com\/wp-content\/uploads\/2022\/08\/Engel-198x300.jpg\" alt=\"\" width=\"198\" height=\"300\" srcset=\"https:\/\/pure-divine-light.com\/wp-content\/uploads\/2022\/08\/Engel-198x300.jpg 198w, https:\/\/pure-divine-light.com\/wp-content\/uploads\/2022\/08\/Engel-8x12.jpg 8w, https:\/\/pure-divine-light.com\/wp-content\/uploads\/2022\/08\/Engel.jpg 375w\" sizes=\"(max-width: 198px) 100vw, 198px\" \/><\/p><p class=\"translation-block\"><span style=\"font-size: medium\">As <\/span><span style=\"font-size: medium\"><b>\"THE ANGEL OF RESURRECTION\"<\/b><\/span><span style=\"font-size: medium\"> I am able to lead also your body from mortality into the immortality of a master or a mistress! Ask and you will receive!<\/span><\/p><p><span style=\"font-size: medium;\">I come to people to free them from the chains of the human matrix and to lead them into the freedom of their innate divinity.<\/span><\/p><p class=\"translation-block\"><span style=\"font-size: medium\"><b>Summon the flame of resurrection<\/b><\/span><span style=\"font-size: medium\"> and let the omnipotence of the Eternal I AM in your heart lift you into the glory of God.<\/span><\/p><p><span style=\"font-size: medium;\">Know that this your serious inner intention, this will within you, determines the existence you will lead at our side after you have gloriously overcome the wheel of rebirths! <\/span><\/p><p class=\"translation-block\"><span style=\"font-size: medium\">I AM GABRIEL, and I stand before the THRONE OF GOD IN YOUR HEART, just like the Archangel MICHAEL, to prepare the way home for your <\/span><span style=\"font-size: medium\"><b>spiritual self<\/b><\/span><span style=\"font-size: medium\">, to be eternally one again with your heavenly Father, the Origin, and your cosmic Mother, the Source, and to take your place as CHRIST IN HEAVEN.<\/span><\/p><p><span style=\"font-size: medium;\">Whitsun is the feast of the Holy Spirit. Today I have spoken to your heart as the Spirit of Archangel GABRIEL and enlighten your consciousness for the rest of the days that you are still inhabiting the surface of the earth in a physical form for the blessing of your fellow human beings, and like your brother JESUS, are now to be SELF the CHRIST in a physical body. <\/span><\/p><p><span style=\"font-size: medium;\">So go on resolutely, unconquerably and persistently, carrying the eternal light of your inward divinity into the world of men who are so entangled and lost in the darkness of unbelief and the nets of deception and illusion.<\/span><\/p><p class=\"translation-block\"><span style=\"font-size: medium\"><b>NOW YOU ARE THE LIGHT OF THE WORLD<\/b><\/span><span style=\"font-size: medium\"> and the true immortal messengers of God as His daughters and sons in human form.<\/span><\/p><p><span style=\"font-size: medium;\">So be it hereby decreed by the Light of Grace and the Power of the Flame of Ascension, which blazes and blazes and blazes as never before in the history of this planet!<\/span><\/p><p><span style=\"font-size: medium;\">Blessed are those who trust in My presence and love in this message of Whitsun! Blessed, who believe with the POWER OF ARCHANGEL MICHAEL and like your heavenly sister and divine Mother MARY, give birth to the New Earth spiritually now. <\/span><\/p><p><span style=\"font-size: medium;\">I AM Archangel GABRIEL and pour out My Spirit again in these days over all people who have opened their heart doors wide and full of confidence, as it is handed down in the holy scriptures!<\/span><\/p><p class=\"translation-block\"><span style=\"font-size: medium\"><b>BE READY<\/b><\/span><span style=\"font-size: medium\"> to complete your spiritual individual destiny and the Divine plan for this age that is coming to an end! <\/span><span style=\"font-size: medium\"><b>Fear not<\/b><\/span><span style=\"font-size: medium\">, for you are all safely protected and sheltered by My angelic legions and the angelic legions of Archangel MICHAEL, who stands here with Me in your heart!<\/span><\/p><p><span style=\"font-size: medium;\">The peace of God and the boundless grace of Heaven are poured into your hearts and consciousness until we meet again face to face!<\/span><\/p><p><span style=\"font-size: medium;\">I AM GABRIEL and charge the chalice of your consciousness according to your trust with the eternal fire of My spiritual friendship and love.<\/span><\/p><p><span style=\"font-size: medium;\">Thank you for your devotion and concentration on the LIGHT OF GOD, which I AM<\/span><\/p><p align=\"CENTER\"><span style=\"font-size: medium;\">GABRIEL<\/span><\/p>\t\t\t\t\t\t\t\t<\/div>\n\t\t\t\t<\/div>\n\t\t\t\t\t<\/div>\n\t\t<\/div>\n\t\t\t\t\t<\/div>\n\t\t<\/section>\n\t\t\t\t<section class=\"elementor-section elementor-top-section elementor-element elementor-element-b2134e2 elementor-section-boxed elementor-section-height-default elementor-section-height-default\" data-id=\"b2134e2\" data-element_type=\"section\" data-e-type=\"section\">\n\t\t\t\t\t\t<div class=\"elementor-container elementor-column-gap-default\">\n\t\t\t\t\t<div class=\"elementor-column elementor-col-100 elementor-top-column elementor-element elementor-element-cf8b11f\" data-id=\"cf8b11f\" data-element_type=\"column\" data-e-type=\"column\">\n\t\t\t<div class=\"elementor-widget-wrap elementor-element-populated\">\n\t\t\t\t\t\t<div class=\"elementor-element elementor-element-6969c87 elementor-widget elementor-widget-spacer\" data-id=\"6969c87\" data-element_type=\"widget\" data-e-type=\"widget\" data-widget_type=\"spacer.default\">\n\t\t\t\t<div class=\"elementor-widget-container\">\n\t\t\t\t\t\t\t<div class=\"elementor-spacer\">\n\t\t\t<div class=\"elementor-spacer-inner\"><\/div>\n\t\t<\/div>\n\t\t\t\t\t\t<\/div>\n\t\t\t\t<\/div>\n\t\t\t\t\t<\/div>\n\t\t<\/div>\n\t\t\t\t\t<\/div>\n\t\t<\/section>\n\t\t\t\t<\/div>","protected":false},"excerpt":{"rendered":"<p>Botschaft von ERZ&shy;ENGEL GABRIEL Alles geschieht zur richtigen Zeit! Seid gegr\u00fc\u00dft aus dem Reich des Lichtes Gottes, das niemals versagt und alle erwachten Menschenseelen jetzt in ihre urspr\u00fcngliche geistige Heimat ruft! ICH BIN GABRIEL, der Erzengel des Kristallin-Wei\u00dfen Strahls, und diene mit dem Aufgestiegenen Meister SERAPIS BEY der Menschheit bei ihrer Auferstehung und ihrem Aufstieg [&hellip;]<\/p>\n","protected":false},"author":1,"featured_media":0,"parent":0,"menu_order":0,"comment_status":"closed","ping_status":"closed","template":"","meta":{"ocean_post_layout":"full-screen","ocean_both_sidebars_style":"","ocean_both_sidebars_content_width":0,"ocean_both_sidebars_sidebars_width":0,"ocean_sidebar":"0","ocean_second_sidebar":"0","ocean_disable_margins":"enable","ocean_add_body_class":"","ocean_shortcode_before_top_bar":"","ocean_shortcode_after_top_bar":"","ocean_shortcode_before_header":"","ocean_shortcode_after_header":"","ocean_has_shortcode":"","ocean_shortcode_after_title":"","ocean_shortcode_before_footer_widgets":"","ocean_shortcode_after_footer_widgets":"","ocean_shortcode_before_footer_bottom":"","ocean_shortcode_after_footer_bottom":"","ocean_display_top_bar":"off","ocean_display_header":"default","ocean_header_style":"","ocean_center_header_left_menu":"0","ocean_custom_header_template":"0","ocean_custom_logo":0,"ocean_custom_retina_logo":0,"ocean_custom_logo_max_width":0,"ocean_custom_logo_tablet_max_width":0,"ocean_custom_logo_mobile_max_width":0,"ocean_custom_logo_max_height":0,"ocean_custom_logo_tablet_max_height":0,"ocean_custom_logo_mobile_max_height":0,"ocean_header_custom_menu":"0","ocean_menu_typo_font_family":"0","ocean_menu_typo_font_subset":"","ocean_menu_typo_font_size":0,"ocean_menu_typo_font_size_tablet":0,"ocean_menu_typo_font_size_mobile":0,"ocean_menu_typo_font_size_unit":"px","ocean_menu_typo_font_weight":"","ocean_menu_typo_font_weight_tablet":"","ocean_menu_typo_font_weight_mobile":"","ocean_menu_typo_transform":"","ocean_menu_typo_transform_tablet":"","ocean_menu_typo_transform_mobile":"","ocean_menu_typo_line_height":0,"ocean_menu_typo_line_height_tablet":0,"ocean_menu_typo_line_height_mobile":0,"ocean_menu_typo_line_height_unit":"","ocean_menu_typo_spacing":0,"ocean_menu_typo_spacing_tablet":0,"ocean_menu_typo_spacing_mobile":0,"ocean_menu_typo_spacing_unit":"","ocean_menu_link_color":"","ocean_menu_link_color_hover":"","ocean_menu_link_color_active":"","ocean_menu_link_background":"","ocean_menu_link_hover_background":"","ocean_menu_link_active_background":"","ocean_menu_social_links_bg":"","ocean_menu_social_hover_links_bg":"","ocean_menu_social_links_color":"","ocean_menu_social_hover_links_color":"","ocean_disable_title":"on","ocean_disable_heading":"default","ocean_post_title":"","ocean_post_subheading":"","ocean_post_title_style":"","ocean_post_title_background_color":"","ocean_post_title_background":0,"ocean_post_title_bg_image_position":"","ocean_post_title_bg_image_attachment":"","ocean_post_title_bg_image_repeat":"","ocean_post_title_bg_image_size":"","ocean_post_title_height":0,"ocean_post_title_bg_overlay":0.5,"ocean_post_title_bg_overlay_color":"","ocean_disable_breadcrumbs":"default","ocean_breadcrumbs_color":"","ocean_breadcrumbs_separator_color":"","ocean_breadcrumbs_links_color":"","ocean_breadcrumbs_links_hover_color":"","ocean_display_footer_widgets":"off","ocean_display_footer_bottom":"on","ocean_custom_footer_template":"0","footnotes":""},"class_list":["post-1470","page","type-page","status-publish","hentry","entry"],"_links":{"self":[{"href":"https:\/\/pure-divine-light.com\/en\/wp-json\/wp\/v2\/pages\/1470","targetHints":{"allow":["GET"]}}],"collection":[{"href":"https:\/\/pure-divine-light.com\/en\/wp-json\/wp\/v2\/pages"}],"about":[{"href":"https:\/\/pure-divine-light.com\/en\/wp-json\/wp\/v2\/types\/page"}],"author":[{"embeddable":true,"href":"https:\/\/pure-divine-light.com\/en\/wp-json\/wp\/v2\/users\/1"}],"replies":[{"embeddable":true,"href":"https:\/\/pure-divine-light.com\/en\/wp-json\/wp\/v2\/comments?post=1470"}],"version-history":[{"count":0,"href":"https:\/\/pure-divine-light.com\/en\/wp-json\/wp\/v2\/pages\/1470\/revisions"}],"wp:attachment":[{"href":"https:\/\/pure-divine-light.com\/en\/wp-json\/wp\/v2\/media?parent=1470"}],"curies":[{"name":"wp","href":"https:\/\/api.w.org\/{rel}","templated":true}]}}