{"id":1498,"date":"2022-08-19T11:43:32","date_gmt":"2022-08-19T11:43:32","guid":{"rendered":"https:\/\/pure-divine-light.com\/?page_id=1498"},"modified":"2022-09-11T12:35:20","modified_gmt":"2022-09-11T12:35:20","slug":"botschaft-von-lady-nada","status":"publish","type":"page","link":"https:\/\/pure-divine-light.com\/en\/botschaft-von-lady-nada\/","title":{"rendered":"Message from Lady Nada"},"content":{"rendered":"<div data-elementor-type=\"wp-page\" data-elementor-id=\"1498\" class=\"elementor elementor-1498\">\n\t\t\t\t\t\t<section class=\"elementor-section elementor-top-section elementor-element elementor-element-15cb5874 elementor-section-height-min-height elementor-section-boxed elementor-section-height-default elementor-section-items-middle\" data-id=\"15cb5874\" data-element_type=\"section\" data-e-type=\"section\" data-settings=\"{&quot;background_background&quot;:&quot;classic&quot;}\">\n\t\t\t\t\t\t\t<div class=\"elementor-background-overlay\"><\/div>\n\t\t\t\t\t\t\t<div class=\"elementor-container elementor-column-gap-wider\">\n\t\t\t\t\t<div class=\"elementor-column elementor-col-100 elementor-top-column elementor-element elementor-element-37588f96\" data-id=\"37588f96\" data-element_type=\"column\" data-e-type=\"column\">\n\t\t\t<div class=\"elementor-widget-wrap elementor-element-populated\">\n\t\t\t\t\t\t<div class=\"elementor-element elementor-element-706f3d35 elementor-widget elementor-widget-heading\" data-id=\"706f3d35\" data-element_type=\"widget\" data-e-type=\"widget\" data-settings=\"{&quot;_animation&quot;:&quot;none&quot;}\" data-widget_type=\"heading.default\">\n\t\t\t\t<div class=\"elementor-widget-container\">\n\t\t\t\t\t<h1 class=\"elementor-heading-title elementor-size-default\">LADY NADA speaks to our light service<\/h1>\t\t\t\t<\/div>\n\t\t\t\t<\/div>\n\t\t\t\t\t<\/div>\n\t\t<\/div>\n\t\t\t\t\t<\/div>\n\t\t<\/section>\n\t\t\t\t<section class=\"elementor-section elementor-top-section elementor-element elementor-element-4e4043be elementor-section-boxed elementor-section-height-default elementor-section-height-default\" data-id=\"4e4043be\" data-element_type=\"section\" data-e-type=\"section\">\n\t\t\t\t\t\t<div class=\"elementor-container elementor-column-gap-default\">\n\t\t\t\t\t<div class=\"elementor-column elementor-col-100 elementor-top-column elementor-element elementor-element-79c0c6c\" data-id=\"79c0c6c\" data-element_type=\"column\" data-e-type=\"column\">\n\t\t\t<div class=\"elementor-widget-wrap elementor-element-populated\">\n\t\t\t\t\t\t<div class=\"elementor-element elementor-element-49420e51 elementor-widget elementor-widget-spacer\" data-id=\"49420e51\" data-element_type=\"widget\" data-e-type=\"widget\" data-widget_type=\"spacer.default\">\n\t\t\t\t<div class=\"elementor-widget-container\">\n\t\t\t\t\t\t\t<div class=\"elementor-spacer\">\n\t\t\t<div class=\"elementor-spacer-inner\"><\/div>\n\t\t<\/div>\n\t\t\t\t\t\t<\/div>\n\t\t\t\t<\/div>\n\t\t\t\t\t<\/div>\n\t\t<\/div>\n\t\t\t\t\t<\/div>\n\t\t<\/section>\n\t\t\t\t<section class=\"elementor-section elementor-top-section elementor-element elementor-element-f7a26d3 elementor-section-boxed elementor-section-height-default elementor-section-height-default\" data-id=\"f7a26d3\" data-element_type=\"section\" data-e-type=\"section\">\n\t\t\t\t\t\t<div class=\"elementor-container elementor-column-gap-default\">\n\t\t\t\t\t<div class=\"elementor-column elementor-col-100 elementor-top-column elementor-element elementor-element-320b481\" data-id=\"320b481\" data-element_type=\"column\" data-e-type=\"column\">\n\t\t\t<div class=\"elementor-widget-wrap elementor-element-populated\">\n\t\t\t\t\t\t<div class=\"elementor-element elementor-element-74c3e02 elementor-widget elementor-widget-text-editor\" data-id=\"74c3e02\" data-element_type=\"widget\" data-e-type=\"widget\" data-widget_type=\"text-editor.default\">\n\t\t\t\t<div class=\"elementor-widget-container\">\n\t\t\t\t\t\t\t\t\t<p align=\"CENTER\"><strong><span style=\"font-size: medium;\">The divine, which I AM greets THE PRESENCE OF GOD, which you are!<\/span><\/strong><\/p><p align=\"CENTER\"><span style=\"font-size: medium;\">Yes, it is I AM who may speak to your consciousness here and now on this occasion, because your and My brother Michael has opened the door to your world for Me. I am your sister NADA and I want you to listen to Me well today, because as you have already heard from PALLAS ATHENA, you are now like the entire humanity in the decisive phase of the ascension.<\/span><\/p><p align=\"CENTER\" class=\"translation-block\"><span style=\"font-size: medium\"><strong>I AM, so to speak, come to you as the female soul half of JESUS and My words are also His words!<\/strong> In His mission as JESUS, the CHRIST, grown up in Nazareth - as the son of MARY and JOSEF - I have accompanied Him in the form of MARY MAGDALENE.<\/span><\/p><p align=\"CENTER\"><span style=\"font-size: medium;\">Today I want to accompany you until your final ascension and therefore I am immediately at your side on every heart call. Your spirit should now be so far advanced that you can perceive and comprehend many things of which the world is not aware.<\/span><\/p><p align=\"CENTER\"><span style=\"font-size: medium;\">The Kingdom of Heaven is truly within yourselves! Therefore, WE from the Kingdom of Heaven can also immediately and directly communicate with your heart through your consciousness, if you keep your heart doors open to us with your trust!<\/span><\/p><p align=\"CENTER\"><span style=\"font-size: medium;\"><strong>Over and over again, people have been taught that it is faith and trust that pave the way for them and determine their experiences.<\/strong> <\/span><\/p><p align=\"CENTER\"><span style=\"font-size: medium;\">According to the faith and trust of people, it will happen to them. This is a Cosmic Law that is still not heeded by the masses, but mostly ignored. <\/span><\/p><p align=\"CENTER\" class=\"translation-block\"><span style=\"font-size: medium\">Some of you can still properly grasp or comprehend how <\/span><span style=\"font-size: medium\"><b>close<\/b><\/span><span style=\"font-size: medium\"> We from the Spiritual Hierarchy can come to the people who have placed their spiritual hands in ours! If your friends knew what these <\/span><span style=\"font-size: medium\"><b>LIGHT SERVICES<\/b><\/span><span style=\"font-size: medium\"> really mean, they would not want to miss such an opportunity. But about this LADY PORTIA, the spokeswoman of the KARMIC COUNCIL as \"the Goddess of Opportunity and Justice\" has already communicated to you clear and distinct words!<\/span><\/p><p align=\"CENTER\"><span style=\"font-size: medium;\">You are now part of the Cosmic FAMILY of Light! As such, according to your intention, determination and perseverance, you are being supplied daily with the LIGHT and ENERGY of Almighty God I AM.<\/span><\/p><p align=\"CENTER\" class=\"translation-block\"><span style=\"font-size: medium\"><strong>Things are now moving upwards very quickly! LADY GAIA is prepared for the Ascension<\/strong> and LORD KRONOS, the Controller of the Elements and \"FATHER NATURE\" has the authority to cleanse this planet of all that would hinder Earth's Ascension.<\/span><\/p><p align=\"CENTER\" class=\"translation-block\"><span style=\"font-size: medium\">I would like to remind you once again on this occasion that you should <\/span><span style=\"font-size: medium\"><b>go out into Nature<\/b><\/span><span style=\"font-size: medium\"> as often as possible to recharge yourselves with the natural purity and blessings of the Nature Spirits.<\/span><\/p><p align=\"CENTER\" class=\"translation-block\"><span style=\"font-size: medium\">Be careful when you turn your attention to the worldly deceptions and untruths of the controlled media. For <\/span><span style=\"font-size: medium\"><b>your attention determines your consciousness!<\/b><\/span><span style=\"font-size: medium\"> There is a very tense confrontation of fear and trust at this time. Look carefully at the fruits that are showing themselves to you. You need <\/span><span style=\"font-size: medium\"><b>wisdom<\/b><\/span><span style=\"font-size: medium\"> to discern them. Ask for much more wisdom and you will receive it!<\/span><\/p><p align=\"CENTER\"><img fetchpriority=\"high\" decoding=\"async\" class=\"size-medium wp-image-1478 aligncenter\" src=\"https:\/\/pure-divine-light.com\/wp-content\/uploads\/2022\/08\/Rose-300x225.jpg\" alt=\"\" width=\"300\" height=\"225\" srcset=\"https:\/\/pure-divine-light.com\/wp-content\/uploads\/2022\/08\/Rose-300x225.jpg 300w, https:\/\/pure-divine-light.com\/wp-content\/uploads\/2022\/08\/Rose-16x12.jpg 16w, https:\/\/pure-divine-light.com\/wp-content\/uploads\/2022\/08\/Rose.jpg 482w\" sizes=\"(max-width: 300px) 100vw, 300px\" \/><\/p><p align=\"CENTER\"><span style=\"font-size: medium;\">I started these light ministries with My male half of the soul, which you know as JESUS CHRIST. Since then much has happened. Souls have left and new souls have joined. Your circle of light is much larger than your human consciousness perceives!<\/span><\/p><p align=\"CENTER\" class=\"translation-block\"><span style=\"font-size: medium\">For us, the veil of illusions that also separates this world from the beyond no longer exists. From the divine point of view, <\/span><span style=\"font-size: medium\"><b>all is one<\/b><\/span><span style=\"font-size: medium\"> and all your companions on the earthly soul journey are all there from our point of view. We know where every soul is and know its AKASHA chronicle. Yours too!<\/span><\/p><p align=\"CENTER\"><span style=\"font-size: medium;\">I AM a member of the so-called Karmic Council, as are PALLAS ATHENA, MOTHER MARY, LADY RODINA, LADY QUAN YIN, LADY PORTIA and others. <\/span><\/p><p align=\"CENTER\"><span style=\"font-size: medium;\">Soon WE will deliberate on the situation of humanity on this planet and determine and set the PLAN OF DIVINE LIGHT for the coming six months.<\/span><\/p><p align=\"CENTER\"><span style=\"font-size: medium;\">Everyone present here today, or on any other occasion, who picks up (reads) My Words, will be granted the deserved grace that We, as Gods and Goddesses in the Hierarchy of HELIOS AND VESTA, have at Our disposal. You shall be our ambassadors and as blessed friends of the Light, transmit our love and wisdom to the people you touch, if they are open to it.<\/span><\/p><p align=\"CENTER\" class=\"translation-block\"><span style=\"font-size: medium\"><b>We<\/b><\/span><span style=\"font-size: medium\"> will walk through you and let the blessings from the Kingdom of God <\/span><span style=\"font-size: medium\"><b>work<\/b><\/span><span style=\"font-size: medium\"> through you! GOD HIMSELF, who is the spiritual fire in Our hearts, is also the <\/span><span style=\"font-size: medium\"><b>eternal spiritual bond that binds us all together<\/b><\/span><span style=\"font-size: medium\">.<\/span><\/p><p align=\"CENTER\"><strong><span style=\"font-size: medium;\">Now you have arrived at the time when all human beings must decide whether they want to follow the old familiar path of their limited earthly personality or the path of the innate divinity - the path of the Christ.<\/span><\/strong><\/p><p align=\"CENTER\"><a name=\"Bookmark\"><\/a><span style=\"font-size: medium;\">I am only one of many sisters who wear their Divine Christ garment forever and wrap you in My love and goodness wherever you are.<\/span><\/p><p align=\"CENTER\" class=\"translation-block\"><span style=\"font-size: medium\">Take care of your consciousness and if possible, let your spirit and soul also radiate and shine the blazing light of God <\/span><span style=\"font-size: medium\"><b>\"as CHRIST in human form\"<\/b><\/span><span style=\"font-size: medium\"> in space and time.<\/span><\/p><p align=\"CENTER\"><span style=\"font-size: medium;\">If you knew how loved you all are, you would make every day a day of joy for the rest of your earthly existence! <\/span><\/p><p align=\"CENTER\"><span style=\"font-size: medium;\">So be it for every heart that opens its doors to Me!<\/span><\/p><p align=\"CENTER\"><strong><span style=\"font-size: medium;\">With love your sister and friend Nada<\/span><\/strong><\/p>\t\t\t\t\t\t\t\t<\/div>\n\t\t\t\t<\/div>\n\t\t\t\t\t<\/div>\n\t\t<\/div>\n\t\t\t\t\t<\/div>\n\t\t<\/section>\n\t\t\t\t<section class=\"elementor-section elementor-top-section elementor-element elementor-element-583b42e elementor-section-boxed elementor-section-height-default elementor-section-height-default\" data-id=\"583b42e\" data-element_type=\"section\" data-e-type=\"section\">\n\t\t\t\t\t\t<div class=\"elementor-container elementor-column-gap-default\">\n\t\t\t\t\t<div class=\"elementor-column elementor-col-100 elementor-top-column elementor-element elementor-element-b7b54ea\" data-id=\"b7b54ea\" data-element_type=\"column\" data-e-type=\"column\">\n\t\t\t<div class=\"elementor-widget-wrap elementor-element-populated\">\n\t\t\t\t\t\t<div class=\"elementor-element elementor-element-74423d0 elementor-widget elementor-widget-spacer\" data-id=\"74423d0\" data-element_type=\"widget\" data-e-type=\"widget\" data-widget_type=\"spacer.default\">\n\t\t\t\t<div class=\"elementor-widget-container\">\n\t\t\t\t\t\t\t<div class=\"elementor-spacer\">\n\t\t\t<div class=\"elementor-spacer-inner\"><\/div>\n\t\t<\/div>\n\t\t\t\t\t\t<\/div>\n\t\t\t\t<\/div>\n\t\t\t\t\t<\/div>\n\t\t<\/div>\n\t\t\t\t\t<\/div>\n\t\t<\/section>\n\t\t\t\t<\/div>","protected":false},"excerpt":{"rendered":"<p>LADY NADA spricht zu unserem Licht&shy;dienst Das G\u00f6ttliche, das ICH BIN gr\u00fc\u00dft DIE GEGENWART GOTTES, die ihr seid! Ja ICH BIN es, die hier und jetzt bei dieser Gelegenheit zu eurem Bewusstsein sprechen darf, weil euer und Mein Bruder Michael Mir die T\u00fcr in eure Welt ge\u00f6ffnet hat. Ich bin eure Schwester NADA und m\u00f6chte, [&hellip;]<\/p>\n","protected":false},"author":1,"featured_media":0,"parent":0,"menu_order":0,"comment_status":"closed","ping_status":"closed","template":"","meta":{"ocean_post_layout":"full-screen","ocean_both_sidebars_style":"","ocean_both_sidebars_content_width":0,"ocean_both_sidebars_sidebars_width":0,"ocean_sidebar":"0","ocean_second_sidebar":"0","ocean_disable_margins":"enable","ocean_add_body_class":"","ocean_shortcode_before_top_bar":"","ocean_shortcode_after_top_bar":"","ocean_shortcode_before_header":"","ocean_shortcode_after_header":"","ocean_has_shortcode":"","ocean_shortcode_after_title":"","ocean_shortcode_before_footer_widgets":"","ocean_shortcode_after_footer_widgets":"","ocean_shortcode_before_footer_bottom":"","ocean_shortcode_after_footer_bottom":"","ocean_display_top_bar":"off","ocean_display_header":"default","ocean_header_style":"","ocean_center_header_left_menu":"0","ocean_custom_header_template":"0","ocean_custom_logo":0,"ocean_custom_retina_logo":0,"ocean_custom_logo_max_width":0,"ocean_custom_logo_tablet_max_width":0,"ocean_custom_logo_mobile_max_width":0,"ocean_custom_logo_max_height":0,"ocean_custom_logo_tablet_max_height":0,"ocean_custom_logo_mobile_max_height":0,"ocean_header_custom_menu":"0","ocean_menu_typo_font_family":"0","ocean_menu_typo_font_subset":"","ocean_menu_typo_font_size":0,"ocean_menu_typo_font_size_tablet":0,"ocean_menu_typo_font_size_mobile":0,"ocean_menu_typo_font_size_unit":"px","ocean_menu_typo_font_weight":"","ocean_menu_typo_font_weight_tablet":"","ocean_menu_typo_font_weight_mobile":"","ocean_menu_typo_transform":"","ocean_menu_typo_transform_tablet":"","ocean_menu_typo_transform_mobile":"","ocean_menu_typo_line_height":0,"ocean_menu_typo_line_height_tablet":0,"ocean_menu_typo_line_height_mobile":0,"ocean_menu_typo_line_height_unit":"","ocean_menu_typo_spacing":0,"ocean_menu_typo_spacing_tablet":0,"ocean_menu_typo_spacing_mobile":0,"ocean_menu_typo_spacing_unit":"","ocean_menu_link_color":"","ocean_menu_link_color_hover":"","ocean_menu_link_color_active":"","ocean_menu_link_background":"","ocean_menu_link_hover_background":"","ocean_menu_link_active_background":"","ocean_menu_social_links_bg":"","ocean_menu_social_hover_links_bg":"","ocean_menu_social_links_color":"","ocean_menu_social_hover_links_color":"","ocean_disable_title":"on","ocean_disable_heading":"default","ocean_post_title":"","ocean_post_subheading":"","ocean_post_title_style":"","ocean_post_title_background_color":"","ocean_post_title_background":0,"ocean_post_title_bg_image_position":"","ocean_post_title_bg_image_attachment":"","ocean_post_title_bg_image_repeat":"","ocean_post_title_bg_image_size":"","ocean_post_title_height":0,"ocean_post_title_bg_overlay":0.5,"ocean_post_title_bg_overlay_color":"","ocean_disable_breadcrumbs":"default","ocean_breadcrumbs_color":"","ocean_breadcrumbs_separator_color":"","ocean_breadcrumbs_links_color":"","ocean_breadcrumbs_links_hover_color":"","ocean_display_footer_widgets":"off","ocean_display_footer_bottom":"on","ocean_custom_footer_template":"0","footnotes":""},"class_list":["post-1498","page","type-page","status-publish","hentry","entry"],"_links":{"self":[{"href":"https:\/\/pure-divine-light.com\/en\/wp-json\/wp\/v2\/pages\/1498","targetHints":{"allow":["GET"]}}],"collection":[{"href":"https:\/\/pure-divine-light.com\/en\/wp-json\/wp\/v2\/pages"}],"about":[{"href":"https:\/\/pure-divine-light.com\/en\/wp-json\/wp\/v2\/types\/page"}],"author":[{"embeddable":true,"href":"https:\/\/pure-divine-light.com\/en\/wp-json\/wp\/v2\/users\/1"}],"replies":[{"embeddable":true,"href":"https:\/\/pure-divine-light.com\/en\/wp-json\/wp\/v2\/comments?post=1498"}],"version-history":[{"count":0,"href":"https:\/\/pure-divine-light.com\/en\/wp-json\/wp\/v2\/pages\/1498\/revisions"}],"wp:attachment":[{"href":"https:\/\/pure-divine-light.com\/en\/wp-json\/wp\/v2\/media?parent=1498"}],"curies":[{"name":"wp","href":"https:\/\/api.w.org\/{rel}","templated":true}]}}