{"id":1533,"date":"2022-08-19T12:36:31","date_gmt":"2022-08-19T12:36:31","guid":{"rendered":"https:\/\/pure-divine-light.com\/?page_id=1533"},"modified":"2022-09-11T12:37:58","modified_gmt":"2022-09-11T12:37:58","slug":"botschaft-von-sanat-kumara","status":"publish","type":"page","link":"https:\/\/pure-divine-light.com\/en\/botschaft-von-sanat-kumara\/","title":{"rendered":"Message from Sanat Kumara"},"content":{"rendered":"<div data-elementor-type=\"wp-page\" data-elementor-id=\"1533\" class=\"elementor elementor-1533\">\n\t\t\t\t\t\t<section class=\"elementor-section elementor-top-section elementor-element elementor-element-48912501 elementor-section-height-min-height elementor-section-boxed elementor-section-height-default elementor-section-items-middle\" data-id=\"48912501\" data-element_type=\"section\" data-e-type=\"section\" data-settings=\"{&quot;background_background&quot;:&quot;classic&quot;}\">\n\t\t\t\t\t\t\t<div class=\"elementor-background-overlay\"><\/div>\n\t\t\t\t\t\t\t<div class=\"elementor-container elementor-column-gap-wider\">\n\t\t\t\t\t<div class=\"elementor-column elementor-col-100 elementor-top-column elementor-element elementor-element-2af537f9\" data-id=\"2af537f9\" data-element_type=\"column\" data-e-type=\"column\">\n\t\t\t<div class=\"elementor-widget-wrap elementor-element-populated\">\n\t\t\t\t\t\t<div class=\"elementor-element elementor-element-cf4191b elementor-widget elementor-widget-heading\" data-id=\"cf4191b\" data-element_type=\"widget\" data-e-type=\"widget\" data-settings=\"{&quot;_animation&quot;:&quot;none&quot;}\" data-widget_type=\"heading.default\">\n\t\t\t\t<div class=\"elementor-widget-container\">\n\t\t\t\t\t<h1 class=\"elementor-heading-title elementor-size-default\">A Message from SANAT KUMARA for our light service<\/h1>\t\t\t\t<\/div>\n\t\t\t\t<\/div>\n\t\t\t\t\t<\/div>\n\t\t<\/div>\n\t\t\t\t\t<\/div>\n\t\t<\/section>\n\t\t\t\t<section class=\"elementor-section elementor-top-section elementor-element elementor-element-53bc9f99 elementor-section-boxed elementor-section-height-default elementor-section-height-default\" data-id=\"53bc9f99\" data-element_type=\"section\" data-e-type=\"section\">\n\t\t\t\t\t\t<div class=\"elementor-container elementor-column-gap-default\">\n\t\t\t\t\t<div class=\"elementor-column elementor-col-100 elementor-top-column elementor-element elementor-element-493ff4c6\" data-id=\"493ff4c6\" data-element_type=\"column\" data-e-type=\"column\">\n\t\t\t<div class=\"elementor-widget-wrap elementor-element-populated\">\n\t\t\t\t\t\t<div class=\"elementor-element elementor-element-6a4d7a2e elementor-widget elementor-widget-spacer\" data-id=\"6a4d7a2e\" data-element_type=\"widget\" data-e-type=\"widget\" data-widget_type=\"spacer.default\">\n\t\t\t\t<div class=\"elementor-widget-container\">\n\t\t\t\t\t\t\t<div class=\"elementor-spacer\">\n\t\t\t<div class=\"elementor-spacer-inner\"><\/div>\n\t\t<\/div>\n\t\t\t\t\t\t<\/div>\n\t\t\t\t<\/div>\n\t\t\t\t\t<\/div>\n\t\t<\/div>\n\t\t\t\t\t<\/div>\n\t\t<\/section>\n\t\t\t\t<section class=\"elementor-section elementor-top-section elementor-element elementor-element-77d602c elementor-section-boxed elementor-section-height-default elementor-section-height-default\" data-id=\"77d602c\" data-element_type=\"section\" data-e-type=\"section\">\n\t\t\t\t\t\t<div class=\"elementor-container elementor-column-gap-default\">\n\t\t\t\t\t<div class=\"elementor-column elementor-col-100 elementor-top-column elementor-element elementor-element-e0511b9\" data-id=\"e0511b9\" data-element_type=\"column\" data-e-type=\"column\">\n\t\t\t<div class=\"elementor-widget-wrap elementor-element-populated\">\n\t\t\t\t\t\t<div class=\"elementor-element elementor-element-2d9bf89 elementor-widget elementor-widget-text-editor\" data-id=\"2d9bf89\" data-element_type=\"widget\" data-e-type=\"widget\" data-widget_type=\"text-editor.default\">\n\t\t\t\t<div class=\"elementor-widget-container\">\n\t\t\t\t\t\t\t\t\t<p align=\"CENTER\" class=\"translation-block\"><span style=\"font-size: large\">Healing and blessings <\/span><span style=\"font-size: large\"><b>from Venus<\/b><\/span><span style=\"font-size: large\"> are poured out upon you through these words my beloved sisters and brothers in the light of the Almighty I AM.<\/span><\/p><p align=\"CENTER\"><span style=\"font-size: large;\">I come through these words to you and all who wish to receive this message deeply with the Golden Chalice of their heart and merge the spiritual nectar of love of my Presence with their consciousness. <\/span><\/p><p align=\"CENTER\" class=\"translation-block\"><span style=\"font-size: large\"><b>I AM SANAT KUMARA <\/b><\/span><span style=\"font-size: large\">and always look forward to when someone from Earth calls out to me!<\/span><\/p><p align=\"CENTER\"><span style=\"font-size: large;\">It is your faith and trust that transcends all limitations of the earthly-human mind and in this way can enter into loving contact with every conscious being of light - also from other planets and stars - according to their pure and clear heart intention.<\/span><\/p><p align=\"CENTER\"><span style=\"font-size: large;\">That is why I say \"in loving contact\", because love is GOD. <\/span><\/p><p align=\"CENTER\" class=\"translation-block\"><span style=\"font-size: large\">It is the FREE WILL that GOD has given to every human soul to unfold freely. Once again I emphasize the law: <\/span><span style=\"font-size: large\"><b>Your intention and your will also determine your spiritual goal!<\/b><\/span><\/p><p align=\"CENTER\"><span style=\"font-size: large;\">Thus, according to your will and the intention of our two messengers, I AM now come into the centre of your heart to touch you spiritually in space and time.<\/span><\/p><p align=\"CENTER\"><span style=\"font-size: large;\">I am already on the subject of \"space and time\".<\/span><\/p><p align=\"CENTER\"><span style=\"font-size: large;\">Can you imagine that you yourselves have come to this earth more or less voluntarily in order to show people who have lost their divine consciousness the way back to their soul home?!<\/span><\/p><p align=\"CENTER\" class=\"translation-block\"><span style=\"font-size: large\">These days, figuratively speaking, \"many dark clouds of still unredeemed energy\" have gathered for humanity. It has been handed down for a long time that there will be a <\/span><span style=\"font-size: large\"><b>turning point<\/b><\/span><span style=\"font-size: large\"> and also a <\/span><span style=\"font-size: large\"><b>cleansing<\/b><\/span><span style=\"font-size: large\"> before the NEW TIME finally becomes visible and can be experienced by all who long for it so much. But hardly anyone was really prepared for this intensity of transformation and purification.<\/span><\/p><p align=\"CENTER\"><span style=\"font-size: large;\">Beloved Light Hearts, you who are going through this mighty intense transformation process these days and who are coming one step closer to Divine Order and Truth with each passing day, know that great help and assistance will also be given to you by your star brothers and sisters according to your faith and trust.<\/span><\/p><p align=\"CENTER\" class=\"translation-block\"><span style=\"font-size: large\"><b>You have arrived<\/b><\/span><span style=\"font-size: large\"> at the time for which you have been prepared incarnation after incarnation on Earth and also on Venus or other planets and stars. Especially behind the veil of your numerous embodiments you have been taught directly in the light of your inner teachers, friends and soul brothers and sisters.<\/span><\/p><p align=\"CENTER\" class=\"translation-block\"><span style=\"font-size: large\">As soon as you descended with the bond of oblivion back into the limited Third Dimension of space and time to serve as our <\/span><span style=\"font-size: large\"><b>messengers and pathfinders<\/b><\/span><span style=\"font-size: large\"> for your fellow humans, you were protected and accompanied by the Spirit World.<\/span><\/p><p align=\"CENTER\" class=\"translation-block\"><span style=\"font-size: large\">Through the considerable cosmic increase in vibration, through which the veil that still seemingly separates us from each other is daily more illuminated, We can better touch your <\/span><span style=\"font-size: large\"><b>consciousness<\/b><\/span><span style=\"font-size: large\"> and charge the so widely opened chalice of your heart with the <\/span><span style=\"font-size: large\"><b>remembrance<\/b><\/span><span style=\"font-size: large\"> of your intrinsic divinity.<\/span><\/p><p align=\"CENTER\"><img fetchpriority=\"high\" decoding=\"async\" class=\"alignnone wp-image-1540\" src=\"https:\/\/pure-divine-light.com\/wp-content\/uploads\/2022\/08\/Sanat-Kumara-300x171.jpg\" alt=\"\" width=\"332\" height=\"190\" srcset=\"https:\/\/pure-divine-light.com\/wp-content\/uploads\/2022\/08\/Sanat-Kumara-300x171.jpg 300w, https:\/\/pure-divine-light.com\/wp-content\/uploads\/2022\/08\/Sanat-Kumara-18x10.jpg 18w, https:\/\/pure-divine-light.com\/wp-content\/uploads\/2022\/08\/Sanat-Kumara.jpg 574w\" sizes=\"(max-width: 332px) 100vw, 332px\" \/><\/p><p align=\"CENTER\" class=\"translation-block\"><span style=\"font-size: large\">Without your faith and trust I could hardly touch you mentally as I do in the here and now. Through your <\/span><span style=\"font-size: large\"><b>attention<\/b><\/span><span style=\"font-size: large\">, your souls are a precious invaluable channel of light to the spirit world!<\/span><\/p><p align=\"CENTER\"><span style=\"font-size: large;\">The COSMIC LAWS and commandments of life have always been transmitted to human beings through their prophets, seers and teachers. These include, for example, the fundamental law: <\/span><\/p><p align=\"CENTER\" class=\"translation-block\"><span style=\"font-size: large\"><b>\"According to your faith and trust it shall be done unto you!\"<\/b><\/span><span style=\"font-size: large\"> and the commandment: \"Thou shalt not kill!\".<\/span><\/p><p align=\"CENTER\"><span style=\"font-size: large;\">However, relatively few in humanity adhere to these. That is why your experiences on Earth are still so far removed from the higher vibrational levels and spiritual dimensions. Doubts and fears still dominate what is happening on the surface of your planet. This will now change rapidly. By turning more and more to nature and creation EARTH in love and mindfulness, human beings will also realise that eating the flesh of animals does not correspond to the will of the Creator. <\/span><\/p><p align=\"CENTER\"><span style=\"font-size: large;\"><b>The animals are entrusted to your love and responsibility. They are not there to be eaten.<\/b><\/span><\/p><p align=\"CENTER\" class=\"translation-block\"><span style=\"font-size: large\">A powerful force field of trust is anchored in this house through your light services and invocations. Thus, this \"altar room\" is literally a <\/span><span style=\"font-size: large\"><b>focus of Archangel MICHAEL<\/b><\/span><span style=\"font-size: large\"> and His Blue Angel Legions with the armour and flaming swords of Divine Will and Protection.<\/span><\/p><p align=\"CENTER\" class=\"translation-block\"><span style=\"font-size: large\">On this occasion I would also once again recommend and advise you not to go \"outside\" these days without the invincible armour of the Blue Ray. It is enough if you are conscious of this <\/span><span style=\"font-size: large\"><b>armour of light<\/b><\/span><span style=\"font-size: large\">.<\/span><\/p><p align=\"CENTER\" class=\"translation-block\"><span style=\"font-size: large\">This is not the first time that you have had contact with the energy of the peoples of Venus in this room. But hopefully it is the first time that each of you is finally responding to this contact with your whole heart and soul. This means that you are, to the best of your ability and determination, expanding the vibrations of your soul consciousness further and further beyond the narrow limitations of your previous rigid conditioned opinions and concepts, and giving expression to your inner  <\/span><span style=\"font-size: large\"><b>light of CHRIST CONSCIOUSNESS<\/b><\/span><span style=\"font-size: large\">.<\/span><\/p><p align=\"CENTER\" class=\"translation-block\"><span style=\"font-size: large\">I AM also coming to you to remind everyone that <\/span><span style=\"font-size: large\"><b>GOD and the <\/b><\/span> <span style=\"font-size: large\"><b>Spiritual Hierarchy of His Light<\/b><\/span><span style=\"font-size: large\"> urgently need lighthouses and embodied focal points on Earth! It may sound strange to your human ears, but GOD needs bodies to rebuild His \"tent\" on Earth and reveal His Omnipresence \"in the midst of men\" as it has been handed down in the writings of the Prophets.<\/span><\/p><p align=\"CENTER\" class=\"translation-block\"><span style=\"font-size: large\">Know that in this turbulent time of change you are constantly accompanied and protected by your invisible friends from the angelic kingdom and the spirit of unity of all powers of light. We are always by your side watching every step you take into an <\/span><span style=\"font-size: large\"><b>indescribably beautiful new time<\/b><\/span><span style=\"font-size: large\">! Be assured that all events and happenings are on their way to a divine conclusion.<\/span><\/p><p align=\"CENTER\"><span style=\"font-size: large;\">Given the many delays and disappointments since 2012, the sudden radical changes may also bring deep-seated fears and concerns to the surface of your being.<\/span><\/p><p align=\"CENTER\" class=\"translation-block\"><span style=\"font-size: large\">Therefore, as often as you think of it, use <\/span><span style=\"font-size: large\"><b>the Violet Flame of Transformation<\/b><\/span><span style=\"font-size: large\"> to clear the way and transform all fears and worries into confidence and trust.<\/span><\/p><p align=\"CENTER\" class=\"translation-block\"><span style=\"font-size: large\">Just trust in your <\/span><span style=\"font-size: large\"><b>Higher Spiritual Self<\/b><\/span><span style=\"font-size: large\">, the Divine Light, which is eternally firmly anchored in every ground of the soul and <\/span><span style=\"font-size: large\"><b>always provides you with the Source of all Being<\/b><\/span><span style=\"font-size: large\">.<\/span><\/p><p align=\"CENTER\"><span style=\"font-size: large;\">Ask and you will receive all that you need for your further journey as Christ in activity!<\/span><\/p><p align=\"CENTER\"><span style=\"font-size: large;\">My love is always with you and when you think of Me or My beloved VENUS... we are instantly united heart to heart, allowing the blessings of the ALMIGHTY GOD I AM to flow through your presence into life on earth.<\/span><\/p><p align=\"CENTER\"><span style=\"font-size: large;\">I AM SANAT KUMARA and on behalf of the Light of Love and Beauty of Creation, thank you for your trust, for your determination and for your attention.<\/span><\/p><p align=\"CENTER\"><span style=\"font-size: large;\">NAMASTE!<\/span><\/p>\t\t\t\t\t\t\t\t<\/div>\n\t\t\t\t<\/div>\n\t\t\t\t\t<\/div>\n\t\t<\/div>\n\t\t\t\t\t<\/div>\n\t\t<\/section>\n\t\t\t\t<section class=\"elementor-section elementor-top-section elementor-element elementor-element-8612208 elementor-section-boxed elementor-section-height-default elementor-section-height-default\" data-id=\"8612208\" data-element_type=\"section\" data-e-type=\"section\">\n\t\t\t\t\t\t<div class=\"elementor-container elementor-column-gap-default\">\n\t\t\t\t\t<div class=\"elementor-column elementor-col-100 elementor-top-column elementor-element elementor-element-b5d4ab6\" data-id=\"b5d4ab6\" data-element_type=\"column\" data-e-type=\"column\">\n\t\t\t<div class=\"elementor-widget-wrap elementor-element-populated\">\n\t\t\t\t\t\t<div class=\"elementor-element elementor-element-e4ed2d5 elementor-widget elementor-widget-spacer\" data-id=\"e4ed2d5\" data-element_type=\"widget\" data-e-type=\"widget\" data-widget_type=\"spacer.default\">\n\t\t\t\t<div class=\"elementor-widget-container\">\n\t\t\t\t\t\t\t<div class=\"elementor-spacer\">\n\t\t\t<div class=\"elementor-spacer-inner\"><\/div>\n\t\t<\/div>\n\t\t\t\t\t\t<\/div>\n\t\t\t\t<\/div>\n\t\t\t\t\t<\/div>\n\t\t<\/div>\n\t\t\t\t\t<\/div>\n\t\t<\/section>\n\t\t\t\t<\/div>","protected":false},"excerpt":{"rendered":"<p>Eine Botschaft von SANAT KUMARA f\u00fcr den Licht&shy;dienst Heilung und Segen von der Venus sind \u00fcber euch ausgegossen durch diese Worte meine geliebten Schwestern und Br\u00fcder im Licht des Allm\u00e4chtigen ICH BIN. ICH komme durch diese Worte zu euch und allen, die diese Botschaft mit dem Goldenen Kelch ihres Herzens tief aufnehmen und den geistigen [&hellip;]<\/p>\n","protected":false},"author":1,"featured_media":0,"parent":0,"menu_order":0,"comment_status":"closed","ping_status":"closed","template":"","meta":{"ocean_post_layout":"full-screen","ocean_both_sidebars_style":"","ocean_both_sidebars_content_width":0,"ocean_both_sidebars_sidebars_width":0,"ocean_sidebar":"0","ocean_second_sidebar":"0","ocean_disable_margins":"enable","ocean_add_body_class":"","ocean_shortcode_before_top_bar":"","ocean_shortcode_after_top_bar":"","ocean_shortcode_before_header":"","ocean_shortcode_after_header":"","ocean_has_shortcode":"","ocean_shortcode_after_title":"","ocean_shortcode_before_footer_widgets":"","ocean_shortcode_after_footer_widgets":"","ocean_shortcode_before_footer_bottom":"","ocean_shortcode_after_footer_bottom":"","ocean_display_top_bar":"off","ocean_display_header":"default","ocean_header_style":"","ocean_center_header_left_menu":"0","ocean_custom_header_template":"0","ocean_custom_logo":0,"ocean_custom_retina_logo":0,"ocean_custom_logo_max_width":0,"ocean_custom_logo_tablet_max_width":0,"ocean_custom_logo_mobile_max_width":0,"ocean_custom_logo_max_height":0,"ocean_custom_logo_tablet_max_height":0,"ocean_custom_logo_mobile_max_height":0,"ocean_header_custom_menu":"0","ocean_menu_typo_font_family":"0","ocean_menu_typo_font_subset":"","ocean_menu_typo_font_size":0,"ocean_menu_typo_font_size_tablet":0,"ocean_menu_typo_font_size_mobile":0,"ocean_menu_typo_font_size_unit":"px","ocean_menu_typo_font_weight":"","ocean_menu_typo_font_weight_tablet":"","ocean_menu_typo_font_weight_mobile":"","ocean_menu_typo_transform":"","ocean_menu_typo_transform_tablet":"","ocean_menu_typo_transform_mobile":"","ocean_menu_typo_line_height":0,"ocean_menu_typo_line_height_tablet":0,"ocean_menu_typo_line_height_mobile":0,"ocean_menu_typo_line_height_unit":"","ocean_menu_typo_spacing":0,"ocean_menu_typo_spacing_tablet":0,"ocean_menu_typo_spacing_mobile":0,"ocean_menu_typo_spacing_unit":"","ocean_menu_link_color":"","ocean_menu_link_color_hover":"","ocean_menu_link_color_active":"","ocean_menu_link_background":"","ocean_menu_link_hover_background":"","ocean_menu_link_active_background":"","ocean_menu_social_links_bg":"","ocean_menu_social_hover_links_bg":"","ocean_menu_social_links_color":"","ocean_menu_social_hover_links_color":"","ocean_disable_title":"on","ocean_disable_heading":"default","ocean_post_title":"","ocean_post_subheading":"","ocean_post_title_style":"","ocean_post_title_background_color":"","ocean_post_title_background":0,"ocean_post_title_bg_image_position":"","ocean_post_title_bg_image_attachment":"","ocean_post_title_bg_image_repeat":"","ocean_post_title_bg_image_size":"","ocean_post_title_height":0,"ocean_post_title_bg_overlay":0.5,"ocean_post_title_bg_overlay_color":"","ocean_disable_breadcrumbs":"default","ocean_breadcrumbs_color":"","ocean_breadcrumbs_separator_color":"","ocean_breadcrumbs_links_color":"","ocean_breadcrumbs_links_hover_color":"","ocean_display_footer_widgets":"off","ocean_display_footer_bottom":"on","ocean_custom_footer_template":"0","footnotes":""},"class_list":["post-1533","page","type-page","status-publish","hentry","entry"],"_links":{"self":[{"href":"https:\/\/pure-divine-light.com\/en\/wp-json\/wp\/v2\/pages\/1533","targetHints":{"allow":["GET"]}}],"collection":[{"href":"https:\/\/pure-divine-light.com\/en\/wp-json\/wp\/v2\/pages"}],"about":[{"href":"https:\/\/pure-divine-light.com\/en\/wp-json\/wp\/v2\/types\/page"}],"author":[{"embeddable":true,"href":"https:\/\/pure-divine-light.com\/en\/wp-json\/wp\/v2\/users\/1"}],"replies":[{"embeddable":true,"href":"https:\/\/pure-divine-light.com\/en\/wp-json\/wp\/v2\/comments?post=1533"}],"version-history":[{"count":0,"href":"https:\/\/pure-divine-light.com\/en\/wp-json\/wp\/v2\/pages\/1533\/revisions"}],"wp:attachment":[{"href":"https:\/\/pure-divine-light.com\/en\/wp-json\/wp\/v2\/media?parent=1533"}],"curies":[{"name":"wp","href":"https:\/\/api.w.org\/{rel}","templated":true}]}}