{"id":233,"date":"2022-08-10T11:34:09","date_gmt":"2022-08-10T11:34:09","guid":{"rendered":"https:\/\/pure-divine-light.com\/?page_id=233"},"modified":"2022-09-11T12:45:52","modified_gmt":"2022-09-11T12:45:52","slug":"geistige-hierarchie","status":"publish","type":"page","link":"https:\/\/pure-divine-light.com\/en\/geistige-hierarchie\/","title":{"rendered":"Spiritual Hierarchy"},"content":{"rendered":"<div data-elementor-type=\"wp-page\" data-elementor-id=\"233\" class=\"elementor elementor-233\">\n\t\t\t\t\t\t<section class=\"elementor-section elementor-top-section elementor-element elementor-element-3c643a35 elementor-section-height-min-height elementor-section-boxed elementor-section-height-default elementor-section-items-middle\" data-id=\"3c643a35\" data-element_type=\"section\" data-e-type=\"section\" data-settings=\"{&quot;background_background&quot;:&quot;classic&quot;}\">\n\t\t\t\t\t\t\t<div class=\"elementor-background-overlay\"><\/div>\n\t\t\t\t\t\t\t<div class=\"elementor-container elementor-column-gap-wider\">\n\t\t\t\t\t<div class=\"elementor-column elementor-col-100 elementor-top-column elementor-element elementor-element-279a528e\" data-id=\"279a528e\" data-element_type=\"column\" data-e-type=\"column\">\n\t\t\t<div class=\"elementor-widget-wrap elementor-element-populated\">\n\t\t\t\t\t\t<div class=\"elementor-element elementor-element-41c6b179 elementor-widget elementor-widget-heading\" data-id=\"41c6b179\" data-element_type=\"widget\" data-e-type=\"widget\" data-settings=\"{&quot;_animation&quot;:&quot;none&quot;}\" data-widget_type=\"heading.default\">\n\t\t\t\t<div class=\"elementor-widget-container\">\n\t\t\t\t\t<h1 class=\"elementor-heading-title elementor-size-default\">The Spiritual Hierarchy<\/h1>\t\t\t\t<\/div>\n\t\t\t\t<\/div>\n\t\t\t\t\t<\/div>\n\t\t<\/div>\n\t\t\t\t\t<\/div>\n\t\t<\/section>\n\t\t\t\t<section class=\"elementor-section elementor-top-section elementor-element elementor-element-24cfaf98 elementor-section-boxed elementor-section-height-default elementor-section-height-default\" data-id=\"24cfaf98\" data-element_type=\"section\" data-e-type=\"section\">\n\t\t\t\t\t\t<div class=\"elementor-container elementor-column-gap-default\">\n\t\t\t\t\t<div class=\"elementor-column elementor-col-100 elementor-top-column elementor-element elementor-element-11134147\" data-id=\"11134147\" data-element_type=\"column\" data-e-type=\"column\">\n\t\t\t<div class=\"elementor-widget-wrap elementor-element-populated\">\n\t\t\t\t\t\t<div class=\"elementor-element elementor-element-2b6bcdea elementor-widget elementor-widget-spacer\" data-id=\"2b6bcdea\" data-element_type=\"widget\" data-e-type=\"widget\" data-widget_type=\"spacer.default\">\n\t\t\t\t<div class=\"elementor-widget-container\">\n\t\t\t\t\t\t\t<div class=\"elementor-spacer\">\n\t\t\t<div class=\"elementor-spacer-inner\"><\/div>\n\t\t<\/div>\n\t\t\t\t\t\t<\/div>\n\t\t\t\t<\/div>\n\t\t\t\t\t<\/div>\n\t\t<\/div>\n\t\t\t\t\t<\/div>\n\t\t<\/section>\n\t\t\t\t<section class=\"elementor-section elementor-top-section elementor-element elementor-element-459715e elementor-section-boxed elementor-section-height-default elementor-section-height-default\" data-id=\"459715e\" data-element_type=\"section\" data-e-type=\"section\">\n\t\t\t\t\t\t<div class=\"elementor-container elementor-column-gap-default\">\n\t\t\t\t\t<div class=\"elementor-column elementor-col-100 elementor-top-column elementor-element elementor-element-1ea51a9\" data-id=\"1ea51a9\" data-element_type=\"column\" data-e-type=\"column\">\n\t\t\t<div class=\"elementor-widget-wrap elementor-element-populated\">\n\t\t\t\t\t\t<div class=\"elementor-element elementor-element-0d073ba elementor-widget elementor-widget-text-editor\" data-id=\"0d073ba\" data-element_type=\"widget\" data-e-type=\"widget\" data-widget_type=\"text-editor.default\">\n\t\t\t\t<div class=\"elementor-widget-container\">\n\t\t\t\t\t\t\t\t\t<p><span style=\"font-family: Arial, serif;\"><span style=\"font-size: large;\">The thought and the knowledge of a spiritual government of our planet earth has been more or less familiar to all peoples and partly handed down since the beginning of mankind.<\/span><\/span><\/p><p><span style=\"font-family: Arial, serif;\"><span style=\"font-size: large;\">The Asian people knew for a long time that there is something like a \"Lord of the World\" and that this one comes from the legendary <\/span><\/span><span style=\"font-family: Arial, serif;\"><span style=\"font-size: large;\"><b>Shamballah,<\/b><\/span><\/span><span style=\"font-family: Arial, serif;\"><span style=\"font-size: large;\"> the seat of the Hierarchy, with a spiritual council to guide the destinies of humanity according to the Divine Plan. <\/span><\/span><\/p><p><span style=\"font-family: Arial, serif;\"><span style=\"font-size: large;\">The spiritual knowledge always revealed itself in the course of the history of mankind according to the laws of time. There were very high cultures ruled by great cosmic masters, which were later followed by rather dark epochs of decadence, ignorance and moral-moral decay...<\/span><\/span><\/p><p><span style=\"font-family: Arial, serif;\"><span style=\"font-size: large;\">Especially India, Egypt, Atlantis and Greece were once flourishing advanced civilizations. Due to malicious destruction and extraterrestrial invaders, the once high consciousness of the original inhabitants of the earth fell deeper and deeper and almost all memories were put into a real spiritual deep sleep. <\/span><\/span><\/p><p class=\"translation-block\"><span style=\"font-family: Arial, serif\"><span style=\"font-size: large\">But never the memory could be completely extinguished! Because again and again so-called <\/span><\/span><span style=\"font-family: Arial, serif\"><span style=\"font-size: large\"><b>Avatars<\/b><\/span><\/span><span style=\"font-family: Arial, serif\"><span style=\"font-size: large\"> were sent to mankind to remind the people of their Divine spark or their intrinsic Divinity. The most famous teachers of humanity are KRISHNA, RAMTHA, HERMES TRISMEGISTOS, PTAHOTEP, SIDDHARTA GAUTAMA, MOSES, JESUS and BABAJI, to name only a few. But there are many others of whom we know little. Because in a dark age that is now coming to an end, their teachings are undesirable!<\/span><\/span><\/p><p><span style=\"font-family: Arial, serif;\"><span style=\"font-size: large;\">Only <\/span><\/span><span style=\"font-family: Arial, serif;\"><span style=\"font-size: large;\"><b>the light of truth<\/b><\/span><\/span><span style=\"font-family: Arial, serif;\"><span style=\"font-size: large;\"> will free mankind and planet Earth from the millennia of darkness and bring back the memory <\/span><\/span><span style=\"font-family: Arial, serif;\"><span style=\"font-size: large;\">of man's true<\/span><\/span><span style=\"font-family: Arial, serif;\"><span style=\"font-size: large;\"> destiny!<\/span><\/span><\/p><p><span style=\"color: #345bf4;\"><b><span style=\"font-family: Arial, serif;\"><span style=\"font-size: large;\">THIS IS THE DIVINE PLAN OF LIGHT!<\/span><\/span><\/b><\/span><\/p><p><span style=\"font-family: Arial, serif;\"><span style=\"font-size: large;\">We are now living at the transition of times, that means the time of darkness is giving way to a <\/span><\/span><span style=\"font-family: Arial, serif;\"><span style=\"font-size: large;\"><b>Golden Age of wisdom and knowledge!<\/b><\/span><\/span><span style=\"font-family: Arial, serif;\"><span style=\"font-size: large;\"> The old night of ignorance is replaced by a new day of Christ Consciousness. This means that the Spiritual Hierarchy of our Planet Earth will receive help and assistance from the Light of the Great Central Sun and the Cosmic Government of our entire Galaxy. This is called the Plan of Light, which can no longer be stopped! <\/span><\/span><\/p><p><span style=\"font-family: Arial, serif;\"><span style=\"font-size: large;\">Because <\/span><\/span><span style=\"font-family: Arial, serif;\"><span style=\"font-size: large;\"><b>everything is subject to cosmic laws<\/b><\/span><\/span><span style=\"font-family: Arial, serif;\"><span style=\"font-size: large;\">,<\/span><\/span><span style=\"font-family: Arial, serif;\"><span style=\"font-size: large;\"> in the small as in the big! <\/span><\/span><\/p><p><span style=\"font-family: Arial, serif;\"><span style=\"font-size: large;\">It is now revealed and unveiled what has been strictly guarded and prevented until now by powers that did not want to know anything about God and his cosmic laws and commandments!<\/span><\/span><\/p><p><span style=\"font-family: Arial, serif;\"><span style=\"font-size: large;\">So <\/span><\/span><span style=\"font-family: Arial, serif;\"><span style=\"font-size: large;\"><b>the light of truth<\/b><\/span><\/span><span style=\"font-family: Arial, serif;\"><span style=\"font-size: large;\"> will shine brightly again and renew the spirit of the people!<\/span><\/span> <span style=\"font-family: Arial, serif;\"><span style=\"font-size: large;\">Of course, it seems to be quite new to the masses, as if it is happening for the first time.<\/span><\/span> <span style=\"font-family: Arial, serif;\"><span style=\"font-size: large;\">But according to the wisdom teachings, the knowledge has existed from the beginning of mankind,<\/span><\/span> <span style=\"font-family: Arial, serif;\"><span style=\"font-size: large;\">and the great teachers who impart it are called the Spiritual Hierarchy of Light. <\/span><\/span><\/p><p><a name=\"Bookmark\"><\/a><span style=\"font-family: Arial, serif;\"><span style=\"font-size: large;\">JESUS of Nazareth has already proclaimed this time 2000 years ago and has now also returned to the consciousness of many human souls as one of the representatives of this Hierarchy \"on the clouds of heaven\"... as well as KRISHNA, RAMTHA, BABAJI, MARY, ROWENA, MARIA MAGDALENE and quite a lot of other people, who have meanwhile completed their incarnation cycle on Earth a long time ago and now form a powerful arm of the Hierarchy as <\/span><\/span><span style=\"font-family: Arial, serif;\"><span style=\"font-size: large;\"><b>Ascended Masters.<\/b><\/span><\/span><span style=\"font-family: Arial, serif;\"><span style=\"font-size: large;\"> The Ascended Master SAINT GERMAIN is the \"Souvereign of the Golden Age and the Chohan of the Violet Ray of Freedom and Transformation (See: \"Ascended Masters\").<\/span><\/span><\/p><p><span style=\"font-family: Arial, serif;\"><span style=\"font-size: large;\">To the <strong>Spiritual Planetary Hierarchy<\/strong> belong, besides the Ascended Masters, THE ARCHANGELS, THE ELOHIM (\"World Creator\"), SANAT KUMARA (\"The Cosmic Christ\" \/\"Savior of the Earth\") and his twin flame LADY VENUS; the members of the Karmic Council: PALLAS ATHENE (\"The Goddess of Truth\"), MOTHER MARY, LADY NADA (Mary Magdalene), LADY PORTIA (\"Goddess of Justice\"), LADY QUAN YIN (\"Goddess of Mercy\") , LADY RODINA (\"Goddess of Freedom\"), LORD SAITHRU (\"The Divine Director\"), ELOAH VISTA (\"The All-Seeing Eye of God\") and JESUS (\"The Christ\").<\/span><\/span><\/p><p><span style=\"font-family: Arial, serif;\"><span style=\"font-size: large;\"><b>At the top of our solar system,<\/b><\/span><\/span><span style=\"font-family: Arial, serif;\"><span style=\"font-size: large;\"> our \"solar parents\" LADY VESTA and LORD HELIOS (RA) rule, receiving THE LIGHT OF ENERGY from ALPHA AND OMEGA (\"Great Central Sun\") and transmitting it to our sibling planets.<\/span><\/span><\/p><p><span style=\"font-family: Arial, serif;\"><span style=\"font-size: large;\">Of course also MOTHER EARTH (Lady Terra), FATHER NATURE or LORD KRONOS (\"Lord of the Elements\") and all \"Silent Watchers\" of the Earth belong to it as well as the guardians of the elements FIRE (PELE), AIR (ARIES), WATER (POSEIDON\/ MARE) and EARTH (GAIA).<\/span><\/span><\/p><p><span style=\"font-family: Arial, serif;\"><span style=\"font-size: large;\">Who opens his heart wide, can also get contact with still further \"light beings\"! \"Heaven and the spirit of the unity of all life\" is waiting for us to turn again to the original home light of our soul.<\/span><\/span><\/p><p class=\"translation-block\"><span style=\"font-family: Arial, serif\"><span style=\"font-size: large\"><b>God is the eternal bond of love<\/b><\/span><\/span><span style=\"font-family: Arial, serif\"><span style=\"font-size: large\"> that unites all our hearts! May we find and meet again in His Light I AM after we have all contributed in our individual way to the victorious success of the great plan for this Earth. Trust that every sincere \"student of light\" is destined for the <\/span><\/span><span style=\"font-family: Arial, serif\"><span style=\"font-size: large\"><b>victory of the light.<\/b><\/span><\/span><span style=\"font-family: Arial, serif\"><span style=\"font-size: large\"><\/p><p><span style=\"font-family: Arial, serif;\"><span style=\"font-size: large;\">So be it in the most holy name of God <\/span><\/span><\/p><p><span style=\"color: #345bf4;\"><strong><span style=\"font-family: Arial, serif;\"><span style=\"font-size: large;\">I AM<\/span><\/span><\/strong><\/span><\/p>\t\t\t\t\t\t\t\t<\/div>\n\t\t\t\t<\/div>\n\t\t\t\t\t<\/div>\n\t\t<\/div>\n\t\t\t\t\t<\/div>\n\t\t<\/section>\n\t\t\t\t<section class=\"elementor-section elementor-top-section elementor-element elementor-element-cbc73af elementor-section-boxed elementor-section-height-default elementor-section-height-default\" data-id=\"cbc73af\" data-element_type=\"section\" data-e-type=\"section\">\n\t\t\t\t\t\t<div class=\"elementor-container elementor-column-gap-default\">\n\t\t\t\t\t<div class=\"elementor-column elementor-col-100 elementor-top-column elementor-element elementor-element-6ba3702\" data-id=\"6ba3702\" data-element_type=\"column\" data-e-type=\"column\">\n\t\t\t<div class=\"elementor-widget-wrap elementor-element-populated\">\n\t\t\t\t\t\t<div class=\"elementor-element elementor-element-d9ee4a3 elementor-widget elementor-widget-spacer\" data-id=\"d9ee4a3\" data-element_type=\"widget\" data-e-type=\"widget\" data-widget_type=\"spacer.default\">\n\t\t\t\t<div class=\"elementor-widget-container\">\n\t\t\t\t\t\t\t<div class=\"elementor-spacer\">\n\t\t\t<div class=\"elementor-spacer-inner\"><\/div>\n\t\t<\/div>\n\t\t\t\t\t\t<\/div>\n\t\t\t\t<\/div>\n\t\t\t\t\t<\/div>\n\t\t<\/div>\n\t\t\t\t\t<\/div>\n\t\t<\/section>\n\t\t\t\t<\/div>","protected":false},"excerpt":{"rendered":"<p>Die Geistige Hierarchie Der Gedanke und das Wissen von einer geistigen Regierung unseres Planeten Erde ist seit Beginn der Menschheit allen V\u00f6lkern mehr oder weniger vertraut und teilweise \u00fcberliefert. Die asiatischen V\u00f6lker wussten schon lange, dass es so etwas wie einen \u201eHerr der Welt\u201c gibt und dieser vom sagenhaften Shamballah aus, dem Sitz der Hierarchie, [&hellip;]<\/p>\n","protected":false},"author":1,"featured_media":0,"parent":0,"menu_order":0,"comment_status":"closed","ping_status":"closed","template":"","meta":{"ocean_post_layout":"full-screen","ocean_both_sidebars_style":"","ocean_both_sidebars_content_width":0,"ocean_both_sidebars_sidebars_width":0,"ocean_sidebar":"0","ocean_second_sidebar":"0","ocean_disable_margins":"enable","ocean_add_body_class":"","ocean_shortcode_before_top_bar":"","ocean_shortcode_after_top_bar":"","ocean_shortcode_before_header":"","ocean_shortcode_after_header":"","ocean_has_shortcode":"","ocean_shortcode_after_title":"","ocean_shortcode_before_footer_widgets":"","ocean_shortcode_after_footer_widgets":"","ocean_shortcode_before_footer_bottom":"","ocean_shortcode_after_footer_bottom":"","ocean_display_top_bar":"off","ocean_display_header":"default","ocean_header_style":"","ocean_center_header_left_menu":"0","ocean_custom_header_template":"0","ocean_custom_logo":0,"ocean_custom_retina_logo":0,"ocean_custom_logo_max_width":0,"ocean_custom_logo_tablet_max_width":0,"ocean_custom_logo_mobile_max_width":0,"ocean_custom_logo_max_height":0,"ocean_custom_logo_tablet_max_height":0,"ocean_custom_logo_mobile_max_height":0,"ocean_header_custom_menu":"0","ocean_menu_typo_font_family":"0","ocean_menu_typo_font_subset":"","ocean_menu_typo_font_size":0,"ocean_menu_typo_font_size_tablet":0,"ocean_menu_typo_font_size_mobile":0,"ocean_menu_typo_font_size_unit":"px","ocean_menu_typo_font_weight":"","ocean_menu_typo_font_weight_tablet":"","ocean_menu_typo_font_weight_mobile":"","ocean_menu_typo_transform":"","ocean_menu_typo_transform_tablet":"","ocean_menu_typo_transform_mobile":"","ocean_menu_typo_line_height":0,"ocean_menu_typo_line_height_tablet":0,"ocean_menu_typo_line_height_mobile":0,"ocean_menu_typo_line_height_unit":"","ocean_menu_typo_spacing":0,"ocean_menu_typo_spacing_tablet":0,"ocean_menu_typo_spacing_mobile":0,"ocean_menu_typo_spacing_unit":"","ocean_menu_link_color":"","ocean_menu_link_color_hover":"","ocean_menu_link_color_active":"","ocean_menu_link_background":"","ocean_menu_link_hover_background":"","ocean_menu_link_active_background":"","ocean_menu_social_links_bg":"","ocean_menu_social_hover_links_bg":"","ocean_menu_social_links_color":"","ocean_menu_social_hover_links_color":"","ocean_disable_title":"on","ocean_disable_heading":"default","ocean_post_title":"","ocean_post_subheading":"","ocean_post_title_style":"","ocean_post_title_background_color":"","ocean_post_title_background":0,"ocean_post_title_bg_image_position":"","ocean_post_title_bg_image_attachment":"","ocean_post_title_bg_image_repeat":"","ocean_post_title_bg_image_size":"","ocean_post_title_height":0,"ocean_post_title_bg_overlay":0.5,"ocean_post_title_bg_overlay_color":"","ocean_disable_breadcrumbs":"default","ocean_breadcrumbs_color":"","ocean_breadcrumbs_separator_color":"","ocean_breadcrumbs_links_color":"","ocean_breadcrumbs_links_hover_color":"","ocean_display_footer_widgets":"off","ocean_display_footer_bottom":"on","ocean_custom_footer_template":"0","footnotes":""},"class_list":["post-233","page","type-page","status-publish","hentry","entry"],"_links":{"self":[{"href":"https:\/\/pure-divine-light.com\/en\/wp-json\/wp\/v2\/pages\/233","targetHints":{"allow":["GET"]}}],"collection":[{"href":"https:\/\/pure-divine-light.com\/en\/wp-json\/wp\/v2\/pages"}],"about":[{"href":"https:\/\/pure-divine-light.com\/en\/wp-json\/wp\/v2\/types\/page"}],"author":[{"embeddable":true,"href":"https:\/\/pure-divine-light.com\/en\/wp-json\/wp\/v2\/users\/1"}],"replies":[{"embeddable":true,"href":"https:\/\/pure-divine-light.com\/en\/wp-json\/wp\/v2\/comments?post=233"}],"version-history":[{"count":0,"href":"https:\/\/pure-divine-light.com\/en\/wp-json\/wp\/v2\/pages\/233\/revisions"}],"wp:attachment":[{"href":"https:\/\/pure-divine-light.com\/en\/wp-json\/wp\/v2\/media?parent=233"}],"curies":[{"name":"wp","href":"https:\/\/api.w.org\/{rel}","templated":true}]}}